{"id":7239,"date":"2019-09-11T09:20:37","date_gmt":"2019-09-11T09:20:37","guid":{"rendered":"https:\/\/pewetools.de\/gewaehrleistung-und-reparaturen\/"},"modified":"2021-01-01T17:07:53","modified_gmt":"2021-01-01T16:07:53","slug":"gewaehrleistung-und-reparaturen","status":"publish","type":"page","link":"https:\/\/pewetools.de\/en\/gewaehrleistung-und-reparaturen\/","title":{"rendered":"Gew\u00e4hrleistung und Reparaturen"},"content":{"rendered":"\n<h2 class=\"wp-block-heading\">Hier k\u00f6nnen Sie sich gerne \u00fcber unsere Gew\u00e4hrleistungs- und Reparaturanspr\u00fcche informieren.<br>\n<\/h2>\n\n\n\n<p>Sie haben die M\u00f6glichkeit uns Ihr Anliegen zu schildern und gegebenenfalls Bilder oder andere Dokumente zu zusenden. Alle Anfragen oder Beanstandungen werden schnellstm\u00f6glichst bearbeitet und beantwortet. <br><\/p>\n\n\n\n<div class=\"wpcf7 no-js\" id=\"wpcf7-f9094-o1\" lang=\"en-US\" dir=\"ltr\" data-wpcf7-id=\"9094\">\n<div class=\"screen-reader-response\"><p role=\"status\" aria-live=\"polite\" aria-atomic=\"true\"><\/p> <ul><\/ul><\/div>\n<form action=\"\/en\/wp-json\/wp\/v2\/pages\/7239#wpcf7-f9094-o1\" method=\"post\" class=\"wpcf7-form init\" aria-label=\"Contact form\" enctype=\"multipart\/form-data\" novalidate=\"novalidate\" data-status=\"init\">\n<fieldset class=\"hidden-fields-container\"><input type=\"hidden\" name=\"_wpcf7\" value=\"9094\" \/><input type=\"hidden\" name=\"_wpcf7_version\" value=\"6.1.5\" \/><input type=\"hidden\" name=\"_wpcf7_locale\" value=\"en_US\" \/><input type=\"hidden\" name=\"_wpcf7_unit_tag\" value=\"wpcf7-f9094-o1\" \/><input type=\"hidden\" name=\"_wpcf7_container_post\" value=\"0\" \/><input type=\"hidden\" name=\"_wpcf7_posted_data_hash\" value=\"\" \/>\n<\/fieldset>\n<p><span class=\"wpcf7-form-control-wrap\" data-name=\"Geschlecht\"><span class=\"wpcf7-form-control wpcf7-radio\"><span class=\"wpcf7-list-item first\"><input type=\"radio\" name=\"Geschlecht\" value=\"Mrs.\" \/><span class=\"wpcf7-list-item-label\">Mrs.<\/span><\/span><span class=\"wpcf7-list-item last\"><input type=\"radio\" name=\"Geschlecht\" value=\"Mr.\" \/><span class=\"wpcf7-list-item-label\">Mr.<\/span><\/span><\/span><\/span><br \/>\n<label> Your first name<br \/>\n<span class=\"wpcf7-form-control-wrap\" data-name=\"your-vorname\"><input size=\"40\" maxlength=\"400\" class=\"wpcf7-form-control wpcf7-text\" aria-invalid=\"false\" value=\"\" type=\"text\" name=\"your-vorname\" \/><\/span> <\/label>\n<\/p>\n<p><label> Your last name<br \/>\n<span class=\"wpcf7-form-control-wrap\" data-name=\"your-nachname\"><input size=\"40\" maxlength=\"400\" class=\"wpcf7-form-control wpcf7-text\" aria-invalid=\"false\" value=\"\" type=\"text\" name=\"your-nachname\" \/><\/span> <\/label>\n<\/p>\n<p><label> Your email address<br \/>\n<span class=\"wpcf7-form-control-wrap\" data-name=\"your-email\"><input size=\"40\" maxlength=\"400\" class=\"wpcf7-form-control wpcf7-email wpcf7-text wpcf7-validates-as-email\" aria-invalid=\"false\" value=\"\" type=\"email\" name=\"your-email\" \/><\/span> <\/label>\n<\/p>\n<p>You have questions about the following topics:<br \/>\n<span class=\"wpcf7-form-control-wrap\" data-name=\"Themen\"><span class=\"wpcf7-form-control wpcf7-radio\"><span class=\"wpcf7-list-item first\"><label><input type=\"radio\" name=\"Themen\" value=\"warranty\" checked=\"checked\" \/><span class=\"wpcf7-list-item-label\">warranty<\/span><\/label><\/span><span class=\"wpcf7-list-item\"><label><input type=\"radio\" name=\"Themen\" value=\"repair\" \/><span class=\"wpcf7-list-item-label\">repair<\/span><\/label><\/span><span class=\"wpcf7-list-item\"><label><input type=\"radio\" name=\"Themen\" value=\"spare Parts\" \/><span class=\"wpcf7-list-item-label\">spare Parts<\/span><\/label><\/span><span class=\"wpcf7-list-item last\"><label><input type=\"radio\" name=\"Themen\" value=\"complaint\" \/><span class=\"wpcf7-list-item-label\">complaint<\/span><\/label><\/span><\/span><\/span>\n<\/p>\n<p><label> Your message<br \/>\n<span class=\"wpcf7-form-control-wrap\" data-name=\"your-message\"><textarea cols=\"40\" rows=\"10\" maxlength=\"2000\" class=\"wpcf7-form-control wpcf7-textarea\" aria-invalid=\"false\" name=\"your-message\"><\/textarea><\/span> <\/label>\n<\/p>\n<p><span class=\"wpcf7-form-control-wrap\" data-name=\"acceptance-208\"><span class=\"wpcf7-form-control wpcf7-acceptance\"><span class=\"wpcf7-list-item\"><label><input type=\"checkbox\" name=\"acceptance-208\" value=\"1\" aria-invalid=\"false\" \/><span class=\"wpcf7-list-item-label\">I have read the privacy policy and hereby agree to the use of my personal data by PeWeTools Peter Wendlandt.<\/span><\/label><\/span><\/span><\/span>\n<\/p>\n<p>Here you have the possibility to send us a file. (Max 6 MB, nur PDF, JPG, GIF)<span class=\"wpcf7-form-control-wrap\" data-name=\"file-340\"><input size=\"40\" class=\"wpcf7-form-control wpcf7-file\" accept=\".pdf,.jpg,.gif\" aria-invalid=\"false\" type=\"file\" name=\"file-340\" \/><\/span>\n<\/p>\n<p><input class=\"wpcf7-form-control wpcf7-submit has-spinner\" type=\"submit\" value=\"send\" \/>\n<\/p><div class=\"wpcf7-response-output\" aria-hidden=\"true\"><\/div>\n<\/form>\n<\/div>\n\n","protected":false},"excerpt":{"rendered":"<p>Hier k\u00f6nnen Sie sich gerne \u00fcber unsere Gew\u00e4hrleistungs- und Reparaturanspr\u00fcche informieren. Sie haben die M\u00f6glichkeit uns Ihr Anliegen zu schildern und gegebenenfalls Bilder oder andere Dokumente zu zusenden. Alle Anfragen oder Beanstandungen werden schnellstm\u00f6glichst bearbeitet und beantwortet.<\/p>\n","protected":false},"author":1,"featured_media":0,"parent":0,"menu_order":0,"comment_status":"closed","ping_status":"closed","template":"","meta":{"footnotes":""},"class_list":["post-7239","page","type-page","status-publish","hentry"],"yoast_head":"<!-- This site is optimized with the Yoast SEO plugin v27.4 - https:\/\/yoast.com\/product\/yoast-seo-wordpress\/ -->\n<title>Gew\u00e4hrleistung und Reparaturen<\/title>\n<meta name=\"description\" content=\"Zum unseren Service z\u00e4hlen nicht nur hochwertige Produkte sondern auch ein kompetenter Kundenservice sowie ein Aftersaleservice\" \/>\n<meta name=\"robots\" content=\"index, follow, max-snippet:-1, max-image-preview:large, max-video-preview:-1\" \/>\n<link rel=\"canonical\" href=\"https:\/\/pewetools.de\/en\/gewaehrleistung-und-reparaturen\/\" \/>\n<meta property=\"og:locale\" content=\"en_US\" \/>\n<meta property=\"og:type\" content=\"article\" \/>\n<meta property=\"og:title\" content=\"Gew\u00e4hrleistung und Reparaturen\" \/>\n<meta property=\"og:description\" content=\"Zum unseren Service z\u00e4hlen nicht nur hochwertige Produkte sondern auch ein kompetenter Kundenservice sowie ein Aftersaleservice\" \/>\n<meta property=\"og:url\" content=\"https:\/\/pewetools.de\/en\/gewaehrleistung-und-reparaturen\/\" \/>\n<meta property=\"og:site_name\" content=\"PeWeTools Schnellwechselhalter nach System Multifix\" \/>\n<meta property=\"article:modified_time\" content=\"2021-01-01T16:07:53+00:00\" \/>\n<meta name=\"twitter:card\" content=\"summary_large_image\" \/>\n<script type=\"application\/ld+json\" class=\"yoast-schema-graph\">{\"@context\":\"https:\\\/\\\/schema.org\",\"@graph\":[{\"@type\":\"WebPage\",\"@id\":\"https:\\\/\\\/pewetools.de\\\/en\\\/gewaehrleistung-und-reparaturen\\\/\",\"url\":\"https:\\\/\\\/pewetools.de\\\/en\\\/gewaehrleistung-und-reparaturen\\\/\",\"name\":\"Gew\u00e4hrleistung und Reparaturen\",\"isPartOf\":{\"@id\":\"https:\\\/\\\/pewetools.de\\\/#website\"},\"datePublished\":\"2019-09-11T09:20:37+00:00\",\"dateModified\":\"2021-01-01T16:07:53+00:00\",\"description\":\"Zum unseren Service z\u00e4hlen nicht nur hochwertige Produkte sondern auch ein kompetenter Kundenservice sowie ein Aftersaleservice\",\"breadcrumb\":{\"@id\":\"https:\\\/\\\/pewetools.de\\\/en\\\/gewaehrleistung-und-reparaturen\\\/#breadcrumb\"},\"inLanguage\":\"en-US\",\"potentialAction\":[{\"@type\":\"ReadAction\",\"target\":[\"https:\\\/\\\/pewetools.de\\\/en\\\/gewaehrleistung-und-reparaturen\\\/\"]}]},{\"@type\":\"BreadcrumbList\",\"@id\":\"https:\\\/\\\/pewetools.de\\\/en\\\/gewaehrleistung-und-reparaturen\\\/#breadcrumb\",\"itemListElement\":[{\"@type\":\"ListItem\",\"position\":1,\"name\":\"start page\",\"item\":\"https:\\\/\\\/pewetools.de\\\/en\\\/\"},{\"@type\":\"ListItem\",\"position\":2,\"name\":\"Gew\u00e4hrleistung und Reparaturen\"}]},{\"@type\":\"WebSite\",\"@id\":\"https:\\\/\\\/pewetools.de\\\/#website\",\"url\":\"https:\\\/\\\/pewetools.de\\\/\",\"name\":\"PeWeTools Schnellwechselhalter nach System Multifix\",\"description\":\"\",\"potentialAction\":[{\"@type\":\"SearchAction\",\"target\":{\"@type\":\"EntryPoint\",\"urlTemplate\":\"https:\\\/\\\/pewetools.de\\\/?s={search_term_string}\"},\"query-input\":{\"@type\":\"PropertyValueSpecification\",\"valueRequired\":true,\"valueName\":\"search_term_string\"}}],\"inLanguage\":\"en-US\"}]}<\/script>\n<!-- \/ Yoast SEO plugin. -->","yoast_head_json":{"title":"Gew\u00e4hrleistung und Reparaturen","description":"Zum unseren Service z\u00e4hlen nicht nur hochwertige Produkte sondern auch ein kompetenter Kundenservice sowie ein Aftersaleservice","robots":{"index":"index","follow":"follow","max-snippet":"max-snippet:-1","max-image-preview":"max-image-preview:large","max-video-preview":"max-video-preview:-1"},"canonical":"https:\/\/pewetools.de\/en\/gewaehrleistung-und-reparaturen\/","og_locale":"en_US","og_type":"article","og_title":"Gew\u00e4hrleistung und Reparaturen","og_description":"Zum unseren Service z\u00e4hlen nicht nur hochwertige Produkte sondern auch ein kompetenter Kundenservice sowie ein Aftersaleservice","og_url":"https:\/\/pewetools.de\/en\/gewaehrleistung-und-reparaturen\/","og_site_name":"PeWeTools Schnellwechselhalter nach System Multifix","article_modified_time":"2021-01-01T16:07:53+00:00","twitter_card":"summary_large_image","schema":{"@context":"https:\/\/schema.org","@graph":[{"@type":"WebPage","@id":"https:\/\/pewetools.de\/en\/gewaehrleistung-und-reparaturen\/","url":"https:\/\/pewetools.de\/en\/gewaehrleistung-und-reparaturen\/","name":"Gew\u00e4hrleistung und Reparaturen","isPartOf":{"@id":"https:\/\/pewetools.de\/#website"},"datePublished":"2019-09-11T09:20:37+00:00","dateModified":"2021-01-01T16:07:53+00:00","description":"Zum unseren Service z\u00e4hlen nicht nur hochwertige Produkte sondern auch ein kompetenter Kundenservice sowie ein Aftersaleservice","breadcrumb":{"@id":"https:\/\/pewetools.de\/en\/gewaehrleistung-und-reparaturen\/#breadcrumb"},"inLanguage":"en-US","potentialAction":[{"@type":"ReadAction","target":["https:\/\/pewetools.de\/en\/gewaehrleistung-und-reparaturen\/"]}]},{"@type":"BreadcrumbList","@id":"https:\/\/pewetools.de\/en\/gewaehrleistung-und-reparaturen\/#breadcrumb","itemListElement":[{"@type":"ListItem","position":1,"name":"start page","item":"https:\/\/pewetools.de\/en\/"},{"@type":"ListItem","position":2,"name":"Gew\u00e4hrleistung und Reparaturen"}]},{"@type":"WebSite","@id":"https:\/\/pewetools.de\/#website","url":"https:\/\/pewetools.de\/","name":"PeWeTools Schnellwechselhalter nach System Multifix","description":"","potentialAction":[{"@type":"SearchAction","target":{"@type":"EntryPoint","urlTemplate":"https:\/\/pewetools.de\/?s={search_term_string}"},"query-input":{"@type":"PropertyValueSpecification","valueRequired":true,"valueName":"search_term_string"}}],"inLanguage":"en-US"}]}},"_links":{"self":[{"href":"https:\/\/pewetools.de\/en\/wp-json\/wp\/v2\/pages\/7239","targetHints":{"allow":["GET"]}}],"collection":[{"href":"https:\/\/pewetools.de\/en\/wp-json\/wp\/v2\/pages"}],"about":[{"href":"https:\/\/pewetools.de\/en\/wp-json\/wp\/v2\/types\/page"}],"author":[{"embeddable":true,"href":"https:\/\/pewetools.de\/en\/wp-json\/wp\/v2\/users\/1"}],"replies":[{"embeddable":true,"href":"https:\/\/pewetools.de\/en\/wp-json\/wp\/v2\/comments?post=7239"}],"version-history":[{"count":2,"href":"https:\/\/pewetools.de\/en\/wp-json\/wp\/v2\/pages\/7239\/revisions"}],"predecessor-version":[{"id":9099,"href":"https:\/\/pewetools.de\/en\/wp-json\/wp\/v2\/pages\/7239\/revisions\/9099"}],"wp:attachment":[{"href":"https:\/\/pewetools.de\/en\/wp-json\/wp\/v2\/media?parent=7239"}],"curies":[{"name":"wp","href":"https:\/\/api.w.org\/{rel}","templated":true}]}}