{"id":7332,"date":"2019-09-12T07:48:03","date_gmt":"2019-09-12T07:48:03","guid":{"rendered":"https:\/\/pewetools.de\/terms-and-conditions\/"},"modified":"2019-09-12T07:48:07","modified_gmt":"2019-09-12T07:48:07","slug":"terms-and-conditions","status":"publish","type":"page","link":"https:\/\/pewetools.de\/en\/terms-and-conditions\/","title":{"rendered":"Terms and conditions"},"content":{"rendered":"\n<p><strong>terms and conditions<\/strong><\/p>\n\n<p>(1) Supplier and contract partner for the displayed goods is: pewetools limited (hereinafter referred to as &#8220;provider&#8221;).<\/p>\n\n<p>(2) These terms and conditions are part of each\r\ncontractual agreement between the provider and the respective\r\nCustomer. Any conflicting terms and conditions of the customer will be contradicted.<\/p>\n\n<p>\u00a7 2 &#8211; product range and conclusion of contract<\/p>\n\n<p>(1) The provider offers the ones shown in his online shop\r\nTo other users for purchase. The color representation of\r\nArticles on the website may vary depending on the Internet browser used and monitor settings of the orderer vary slightly; these\r\nDeviations are technically never completely avoidable.<\/p>\n\n<p>(2) Selection of goods, conclusion of contract and contract execution are in German language.<\/p>\n\n<p>(3) The customer selects the desired goods by placing them in the\r\n&#8220;Shopping cart&#8221; sets. The order can be finalized via the button &#8220;To be paid&#8221; to be transmitted to the provider. The Orderer has until the dispatch of his order at any time the Possibility to view the data provided in the order and to change or cancel the order altogether.<\/p>\n\n<p>(4) For the goods shown in the shop of the provider, the Provider a binding purchase offer. With the dispatch of the Order request via the button &#8220;order to pay&#8221; takes the Orderer the purchase offer. The provider confirms the conclusion of the contract by e-mail (contract confirmation).<\/p>\n\n<p>(5) The content of contracts entered into the user account of the\r\nOrderer stored and can be viewed by the customer at any time\r\nvia the menu &#8220;My Account&#8221;.<\/p>\n\n<p>(6) In the event of delivery or other circumstances caused by the\r\nContracting would be contrary to informs the provider\r\nOrderer by e-mail. A partial delivery is only after approval\r\nby the customer.<\/p>\n\n<p>\u00a7 3 &#8211; Prices and Payment<\/p>\n\n<p>(1) All product prices are final prices including the currently valid value added tax plus shipping costs.<\/p>\n\n<p>(2) The shipping costs are listed in the section &#8220;Shipping Methods&#8221;.<\/p>\n\n<p>(3) The provider delivers at the option of the purchaser against payment in advance, in advance by bank transfer or against advance payment via PayPal payment.<\/p>\n\n<p>a) F\u00fcr die Zahlung mittels Gutschein kann der Besteller im Warenkorb \r\neinen oder mehrere Gutscheincodes eingeben. Der Gutscheinwert wird dem \r\nAnbieter gutgeschrieben und der Rechnungsbetrag auf diese Weise \r\nbeglichen. Ist ein Gutscheinwert h\u00f6her als der Rechnungsbetrag, bleibt \r\nder Gutschein in H\u00f6he des \u00fcbersteigenden Betrags g\u00fcltig.<\/p>\n\n<p>a) For the payment by voucher, the customer can in the shopping cart\r\nenter one or more coupon codes. The voucher value is the\r\nVendor credited and the invoice amount in this way settled. If a voucher value is higher than the invoice amount, it remains the voucher is valid in the amount of the excess amount.<\/p>\n\n<p>c) If the customer has chosen &#8220;PayPal&#8221; as the payment method, then arrives he clicks on the button &#8220;Click here to pay with PayPal&#8221;\r\nOnline service from PayPal and can initiate the payment there.<\/p>\n\n<p>(4) For advance payment orders, a payment period of one week applies from receipt of the contract confirmation. The provider puts the desired Goods for the duration of the payment period for the customer back. It is the customer&#8217;s responsibility to effect payment in good time it is received by the provider within the deadline. The provider reserves the right to withdraw from the purchase contract and the goods otherwise\r\nto sell if the payment has not been received by the deadline is. A payment received after resignation of the orderer becomes the Orderer refunded.<\/p>\n\n<p>\u00a7 4 &#8211; Shipping, delivery times<\/p>\n\n<p>(1) The provider delivers the goods to be delivered within three\r\nWorking days from full receipt of payment to the shipping company, it unless it is in the product description or in a Shopweitem\r\nNote on other delivery times.<\/p>\n\n<p>(2) If the delivery to the buyer fails because of Orderer has indicated the delivery address incorrectly or incompletely, a new delivery attempt is made only if the customer costs for reshipment. The renewed shipping costs correspond to the agreed upon conclusion of the contract shipping. The Provider becomes the orderer the necessary costs of a\r\nredelivery by e-mail. A new shipment takes place only after receipt of payment of these costs.<\/p>\n\n<p>\u00a7 5 &#8211; Return of goods as consumers<\/p>\n\n<p>(1) Purchasers who buy as consumers (\u00a7 13 BGB), is available Right of revocation according to the legal requirements to (\u00a7\u00a7 312d, 355 BGB). Details can be found in the revocation instruction\r\nbecome.\r\n<\/p>\n\n<p>(2) If the customer is a consumer, agree Contracting parties in the event of exercise of the right of withdrawal that the orderer bears the regular costs of the return, if the delivered goods correspond to the ordered and if the price of the returnable item does not exceed 40 euros or if the buyer at a higher price of the thing at the time of cancellation not yet the consideration or a contractually agreed Partial payment has made.\r\n<\/p>\n\n<p>(3) As far as the customer has to bear the return costs, can the amount of money to be reimbursed by the provider and that of the customer\r\nrefunding return costs are offset against each other. <\/p>\n\n<p>\u00a7 6 &#8211; Warranty<\/p>\n\n<p>The warranty rights of the customer are governed by the statutory provisions.<\/p>\n\n<p>\u00a7 7 &#8211; Final provisions<\/p>\n\n<p>(1) The provider collects and processes the goods ordered by the customer data entered for his purchase for the purposes of contract processing and fulfillment. As far as the customer for the payment of his purchase used the service of PayPal, apply to the payment process the PayPal Privacy Policy. PayPal is doing as a vicarious agent\r\nthe purchaser, not the provider.<\/p>\n\n<p>(2) Should individual provisions of this general Terms and conditions as ineffective or unenforceable, so This does not affect the effectiveness of the remaining provisions. We are Private seller and have no social association.<\/p>\n\n<h3 class=\"wp-block-heading\">Alternative dispute resolution pursuant to Art. 14 para. 1 ODR-VO and \u00a7 36 VSBG:<\/h3>\n\n<p>Die Europ\u00e4ische Kommission stellt eine Plattform zur Online-Streitbeilegung (OS) bereit, die du unter <a href=\"https:\/\/ec.europa.eu\/consumers\/odr\" target=\"_blank\" rel=\"noreferrer noopener\">https:\/\/ec.europa.eu\/consumers\/odr<\/a>\r\n findest. Zur Teilnahme an einem Streitbeilegungsverfahren vor einer \r\nVerbraucherschlichtungsstelle sind wir nicht verpflichtet und nicht \r\nbereit.<\/p>\n\n<h3 class=\"wp-block-heading\">Alternative dispute resolution pursuant to Art. 14 para. 1 ODR-VO and \u00a7 36 VSBG:<\/h3>\n\n<p>Die Europ\u00e4ische Kommission stellt eine Plattform zur Online-Streitbeilegung (OS) bereit, die du unter <a href=\"https:\/\/ec.europa.eu\/consumers\/odr\" target=\"_blank\" rel=\"noreferrer noopener\">https:\/\/ec.europa.eu\/consumers\/odr<\/a>\r\n findest. Zur Teilnahme an einem Streitbeilegungsverfahren vor einer \r\nVerbraucherschlichtungsstelle sind wir nicht verpflichtet und nicht \r\nbereit.<\/p>\n<div class=\"woocommerce woocommerce-gzd woocommerce-gzd-complaints-shortcode\">\n\t\t\t<h3>Alternative Dispute Resolution in accordance with Art. 14 (1) ODR-VO and \u00a7 36 VSBG:<\/h3>\n\t\nZur Teilnahme an einem Streitbeilegungsverfahren vor einer Verbraucherschlichtungsstelle sind wir nicht verpflichtet und nicht bereit.<\/div>\n","protected":false},"excerpt":{"rendered":"<p>terms and conditions (1) Supplier and contract partner for the displayed goods is: pewetools limited (hereinafter referred to as &#8220;provider&#8221;). (2) These terms and conditions are part of each contractual agreement between the provider and the respective Customer. Any conflicting terms and conditions of the customer will be contradicted. \u00a7 2 &#8211; product range and [&hellip;]<\/p>\n","protected":false},"author":1,"featured_media":0,"parent":0,"menu_order":0,"comment_status":"closed","ping_status":"closed","template":"","meta":{"footnotes":""},"class_list":["post-7332","page","type-page","status-publish","hentry"],"yoast_head":"<!-- This site is optimized with the Yoast SEO plugin v27.5 - https:\/\/yoast.com\/product\/yoast-seo-wordpress\/ -->\n<title>Terms and conditions<\/title>\n<meta name=\"description\" content=\"Hier erhalten Sie Einsicht in die AGBs\" \/>\n<meta name=\"robots\" content=\"index, follow, max-snippet:-1, max-image-preview:large, max-video-preview:-1\" \/>\n<link rel=\"canonical\" href=\"https:\/\/pewetools.de\/en\/terms-and-conditions\/\" \/>\n<meta property=\"og:locale\" content=\"en_US\" \/>\n<meta property=\"og:type\" content=\"article\" \/>\n<meta property=\"og:title\" content=\"Terms and conditions\" \/>\n<meta property=\"og:description\" content=\"Hier erhalten Sie Einsicht in die AGBs\" \/>\n<meta property=\"og:url\" content=\"https:\/\/pewetools.de\/en\/terms-and-conditions\/\" \/>\n<meta property=\"og:site_name\" content=\"PeWeTools Schnellwechselhalter nach System Multifix\" \/>\n<meta property=\"article:modified_time\" content=\"2019-09-12T07:48:07+00:00\" \/>\n<meta name=\"twitter:card\" content=\"summary_large_image\" \/>\n<meta name=\"twitter:label1\" content=\"Est. reading time\" \/>\n\t<meta name=\"twitter:data1\" content=\"5 minutes\" \/>\n<script type=\"application\/ld+json\" class=\"yoast-schema-graph\">{\"@context\":\"https:\\\/\\\/schema.org\",\"@graph\":[{\"@type\":\"WebPage\",\"@id\":\"https:\\\/\\\/pewetools.de\\\/en\\\/terms-and-conditions\\\/\",\"url\":\"https:\\\/\\\/pewetools.de\\\/en\\\/terms-and-conditions\\\/\",\"name\":\"Terms and conditions\",\"isPartOf\":{\"@id\":\"https:\\\/\\\/pewetools.de\\\/#website\"},\"datePublished\":\"2019-09-12T07:48:03+00:00\",\"dateModified\":\"2019-09-12T07:48:07+00:00\",\"description\":\"Hier erhalten Sie Einsicht in die AGBs\",\"breadcrumb\":{\"@id\":\"https:\\\/\\\/pewetools.de\\\/en\\\/terms-and-conditions\\\/#breadcrumb\"},\"inLanguage\":\"en-US\",\"potentialAction\":[{\"@type\":\"ReadAction\",\"target\":[\"https:\\\/\\\/pewetools.de\\\/en\\\/terms-and-conditions\\\/\"]}]},{\"@type\":\"BreadcrumbList\",\"@id\":\"https:\\\/\\\/pewetools.de\\\/en\\\/terms-and-conditions\\\/#breadcrumb\",\"itemListElement\":[{\"@type\":\"ListItem\",\"position\":1,\"name\":\"start page\",\"item\":\"https:\\\/\\\/pewetools.de\\\/en\\\/\"},{\"@type\":\"ListItem\",\"position\":2,\"name\":\"Terms and conditions\"}]},{\"@type\":\"WebSite\",\"@id\":\"https:\\\/\\\/pewetools.de\\\/#website\",\"url\":\"https:\\\/\\\/pewetools.de\\\/\",\"name\":\"PeWeTools Schnellwechselhalter nach System Multifix\",\"description\":\"\",\"potentialAction\":[{\"@type\":\"SearchAction\",\"target\":{\"@type\":\"EntryPoint\",\"urlTemplate\":\"https:\\\/\\\/pewetools.de\\\/?s={search_term_string}\"},\"query-input\":{\"@type\":\"PropertyValueSpecification\",\"valueRequired\":true,\"valueName\":\"search_term_string\"}}],\"inLanguage\":\"en-US\"}]}<\/script>\n<!-- \/ Yoast SEO plugin. -->","yoast_head_json":{"title":"Terms and conditions","description":"Hier erhalten Sie Einsicht in die AGBs","robots":{"index":"index","follow":"follow","max-snippet":"max-snippet:-1","max-image-preview":"max-image-preview:large","max-video-preview":"max-video-preview:-1"},"canonical":"https:\/\/pewetools.de\/en\/terms-and-conditions\/","og_locale":"en_US","og_type":"article","og_title":"Terms and conditions","og_description":"Hier erhalten Sie Einsicht in die AGBs","og_url":"https:\/\/pewetools.de\/en\/terms-and-conditions\/","og_site_name":"PeWeTools Schnellwechselhalter nach System Multifix","article_modified_time":"2019-09-12T07:48:07+00:00","twitter_card":"summary_large_image","twitter_misc":{"Est. reading time":"5 minutes"},"schema":{"@context":"https:\/\/schema.org","@graph":[{"@type":"WebPage","@id":"https:\/\/pewetools.de\/en\/terms-and-conditions\/","url":"https:\/\/pewetools.de\/en\/terms-and-conditions\/","name":"Terms and conditions","isPartOf":{"@id":"https:\/\/pewetools.de\/#website"},"datePublished":"2019-09-12T07:48:03+00:00","dateModified":"2019-09-12T07:48:07+00:00","description":"Hier erhalten Sie Einsicht in die AGBs","breadcrumb":{"@id":"https:\/\/pewetools.de\/en\/terms-and-conditions\/#breadcrumb"},"inLanguage":"en-US","potentialAction":[{"@type":"ReadAction","target":["https:\/\/pewetools.de\/en\/terms-and-conditions\/"]}]},{"@type":"BreadcrumbList","@id":"https:\/\/pewetools.de\/en\/terms-and-conditions\/#breadcrumb","itemListElement":[{"@type":"ListItem","position":1,"name":"start page","item":"https:\/\/pewetools.de\/en\/"},{"@type":"ListItem","position":2,"name":"Terms and conditions"}]},{"@type":"WebSite","@id":"https:\/\/pewetools.de\/#website","url":"https:\/\/pewetools.de\/","name":"PeWeTools Schnellwechselhalter nach System Multifix","description":"","potentialAction":[{"@type":"SearchAction","target":{"@type":"EntryPoint","urlTemplate":"https:\/\/pewetools.de\/?s={search_term_string}"},"query-input":{"@type":"PropertyValueSpecification","valueRequired":true,"valueName":"search_term_string"}}],"inLanguage":"en-US"}]}},"_links":{"self":[{"href":"https:\/\/pewetools.de\/en\/wp-json\/wp\/v2\/pages\/7332","targetHints":{"allow":["GET"]}}],"collection":[{"href":"https:\/\/pewetools.de\/en\/wp-json\/wp\/v2\/pages"}],"about":[{"href":"https:\/\/pewetools.de\/en\/wp-json\/wp\/v2\/types\/page"}],"author":[{"embeddable":true,"href":"https:\/\/pewetools.de\/en\/wp-json\/wp\/v2\/users\/1"}],"replies":[{"embeddable":true,"href":"https:\/\/pewetools.de\/en\/wp-json\/wp\/v2\/comments?post=7332"}],"version-history":[{"count":1,"href":"https:\/\/pewetools.de\/en\/wp-json\/wp\/v2\/pages\/7332\/revisions"}],"predecessor-version":[{"id":7333,"href":"https:\/\/pewetools.de\/en\/wp-json\/wp\/v2\/pages\/7332\/revisions\/7333"}],"wp:attachment":[{"href":"https:\/\/pewetools.de\/en\/wp-json\/wp\/v2\/media?parent=7332"}],"curies":[{"name":"wp","href":"https:\/\/api.w.org\/{rel}","templated":true}]}}