{"id":13129,"date":"2023-06-09T11:18:38","date_gmt":"2023-06-09T09:18:39","guid":{"rendered":"https:\/\/pewetools.de\/?post_type=product&#038;p=13129"},"modified":"2024-08-21T08:37:24","modified_gmt":"2024-08-21T06:37:24","slug":"hss-blade-12-70-3mm-for-size-aa","status":"publish","type":"product","link":"https:\/\/pewetools.de\/en\/shop\/product-category\/hss-blade-12-70-3mm-for-size-aa\/","title":{"rendered":"HSS-Blade 12-70-3mm for size Aa"},"content":{"rendered":"<h4>HSS-Blade Aa<\/h4>\n<h4>ca. 12x70x3mm<\/h4>\n<h4>for size AaT1250<\/h4>\n<p>&nbsp;<\/p>\n","protected":false},"excerpt":{"rendered":"<p><span class=\"tlid-translation translation\"><span class=\"\" title=\"\">The respective cutting geometry and height must be adjusted (granded) according to the necessary requirements.<\/span><\/span><\/p>\n","protected":false},"featured_media":6116,"template":"","meta":{"footnotes":""},"product_brand":[],"product_cat":[453,487],"product_tag":[],"class_list":{"0":"post-13129","1":"product","2":"type-product","3":"status-publish","4":"has-post-thumbnail","6":"product_cat-parting-blades-and-switchers","7":"product_cat-aa","9":"first","10":"instock","11":"taxable","12":"shipping-taxable","13":"purchasable","14":"product-type-simple"},"yoast_head":"<!-- This site is optimized with the Yoast SEO plugin v27.4 - https:\/\/yoast.com\/product\/yoast-seo-wordpress\/ -->\n<title>HSS-Blade 12-70-3mm for size Aa &#8212; PeWeTools Schnellwechselhalter nach System Multifix<\/title>\n<meta name=\"description\" content=\"Die jeweilige Schneidegeometrie und -h\u00f6he muss je nach den notwendigen Anforderungen angepasst werden (schleifen). Finden Sie jetzt Ihre passende Gr\u00f6\u00dfe!\" \/>\n<meta name=\"robots\" content=\"index, follow, max-snippet:-1, max-image-preview:large, max-video-preview:-1\" \/>\n<link rel=\"canonical\" href=\"https:\/\/pewetools.de\/en\/shop\/product-category\/hss-blade-12-70-3mm-for-size-aa\/\" \/>\n<meta property=\"og:locale\" content=\"en_US\" \/>\n<meta property=\"og:type\" content=\"article\" \/>\n<meta property=\"og:title\" content=\"HSS-Blade 12-70-3mm for size Aa &#8212; PeWeTools Schnellwechselhalter nach System Multifix\" \/>\n<meta property=\"og:description\" content=\"Die jeweilige Schneidegeometrie und -h\u00f6he muss je nach den notwendigen Anforderungen angepasst werden (schleifen). Finden Sie jetzt Ihre passende Gr\u00f6\u00dfe!\" \/>\n<meta property=\"og:url\" content=\"https:\/\/pewetools.de\/en\/shop\/product-category\/hss-blade-12-70-3mm-for-size-aa\/\" \/>\n<meta property=\"og:site_name\" content=\"PeWeTools Schnellwechselhalter nach System Multifix\" \/>\n<meta property=\"article:modified_time\" content=\"2024-08-21T06:37:24+00:00\" \/>\n<meta property=\"og:image\" content=\"https:\/\/pewetools.de\/wp-content\/uploads\/2018\/12\/HSS-Hauptbild.jpg\" \/>\n\t<meta property=\"og:image:width\" content=\"1000\" \/>\n\t<meta property=\"og:image:height\" content=\"1000\" \/>\n\t<meta property=\"og:image:type\" content=\"image\/jpeg\" \/>\n<meta name=\"twitter:card\" content=\"summary_large_image\" \/>\n<meta name=\"twitter:label1\" content=\"Est. reading time\" \/>\n\t<meta name=\"twitter:data1\" content=\"1 minute\" \/>\n<script type=\"application\/ld+json\" class=\"yoast-schema-graph\">{\"@context\":\"https:\\\/\\\/schema.org\",\"@graph\":[{\"@type\":\"WebPage\",\"@id\":\"https:\\\/\\\/pewetools.de\\\/en\\\/shop\\\/product-category\\\/hss-blade-12-70-3mm-for-size-aa\\\/\",\"url\":\"https:\\\/\\\/pewetools.de\\\/en\\\/shop\\\/product-category\\\/hss-blade-12-70-3mm-for-size-aa\\\/\",\"name\":\"HSS-Blade 12-70-3mm for size Aa &#8212; PeWeTools Schnellwechselhalter nach System Multifix\",\"isPartOf\":{\"@id\":\"https:\\\/\\\/pewetools.de\\\/#website\"},\"primaryImageOfPage\":{\"@id\":\"https:\\\/\\\/pewetools.de\\\/en\\\/shop\\\/product-category\\\/hss-blade-12-70-3mm-for-size-aa\\\/#primaryimage\"},\"image\":{\"@id\":\"https:\\\/\\\/pewetools.de\\\/en\\\/shop\\\/product-category\\\/hss-blade-12-70-3mm-for-size-aa\\\/#primaryimage\"},\"thumbnailUrl\":\"https:\\\/\\\/pewetools.de\\\/wp-content\\\/uploads\\\/2018\\\/12\\\/HSS-Hauptbild.jpg\",\"datePublished\":\"2023-06-09T09:18:39+00:00\",\"dateModified\":\"2024-08-21T06:37:24+00:00\",\"description\":\"Die jeweilige Schneidegeometrie und -h\u00f6he muss je nach den notwendigen Anforderungen angepasst werden (schleifen). Finden Sie jetzt Ihre passende Gr\u00f6\u00dfe!\",\"breadcrumb\":{\"@id\":\"https:\\\/\\\/pewetools.de\\\/en\\\/shop\\\/product-category\\\/hss-blade-12-70-3mm-for-size-aa\\\/#breadcrumb\"},\"inLanguage\":\"en-US\",\"potentialAction\":[{\"@type\":\"ReadAction\",\"target\":[\"https:\\\/\\\/pewetools.de\\\/en\\\/shop\\\/product-category\\\/hss-blade-12-70-3mm-for-size-aa\\\/\"]}]},{\"@type\":\"ImageObject\",\"inLanguage\":\"en-US\",\"@id\":\"https:\\\/\\\/pewetools.de\\\/en\\\/shop\\\/product-category\\\/hss-blade-12-70-3mm-for-size-aa\\\/#primaryimage\",\"url\":\"https:\\\/\\\/pewetools.de\\\/wp-content\\\/uploads\\\/2018\\\/12\\\/HSS-Hauptbild.jpg\",\"contentUrl\":\"https:\\\/\\\/pewetools.de\\\/wp-content\\\/uploads\\\/2018\\\/12\\\/HSS-Hauptbild.jpg\",\"width\":1000,\"height\":1000},{\"@type\":\"BreadcrumbList\",\"@id\":\"https:\\\/\\\/pewetools.de\\\/en\\\/shop\\\/product-category\\\/hss-blade-12-70-3mm-for-size-aa\\\/#breadcrumb\",\"itemListElement\":[{\"@type\":\"ListItem\",\"position\":1,\"name\":\"start page\",\"item\":\"https:\\\/\\\/pewetools.de\\\/en\\\/\"},{\"@type\":\"ListItem\",\"position\":2,\"name\":\"Shop\",\"item\":\"https:\\\/\\\/pewetools.de\\\/en\\\/shop\\\/\"},{\"@type\":\"ListItem\",\"position\":3,\"name\":\"HSS-Blade 12-70-3mm for size Aa\"}]},{\"@type\":\"WebSite\",\"@id\":\"https:\\\/\\\/pewetools.de\\\/#website\",\"url\":\"https:\\\/\\\/pewetools.de\\\/\",\"name\":\"PeWeTools Schnellwechselhalter nach System Multifix\",\"description\":\"\",\"potentialAction\":[{\"@type\":\"SearchAction\",\"target\":{\"@type\":\"EntryPoint\",\"urlTemplate\":\"https:\\\/\\\/pewetools.de\\\/?s={search_term_string}\"},\"query-input\":{\"@type\":\"PropertyValueSpecification\",\"valueRequired\":true,\"valueName\":\"search_term_string\"}}],\"inLanguage\":\"en-US\"}]}<\/script>\n<!-- \/ Yoast SEO plugin. -->","yoast_head_json":{"title":"HSS-Blade 12-70-3mm for size Aa &#8212; PeWeTools Schnellwechselhalter nach System Multifix","description":"Die jeweilige Schneidegeometrie und -h\u00f6he muss je nach den notwendigen Anforderungen angepasst werden (schleifen). Finden Sie jetzt Ihre passende Gr\u00f6\u00dfe!","robots":{"index":"index","follow":"follow","max-snippet":"max-snippet:-1","max-image-preview":"max-image-preview:large","max-video-preview":"max-video-preview:-1"},"canonical":"https:\/\/pewetools.de\/en\/shop\/product-category\/hss-blade-12-70-3mm-for-size-aa\/","og_locale":"en_US","og_type":"article","og_title":"HSS-Blade 12-70-3mm for size Aa &#8212; PeWeTools Schnellwechselhalter nach System Multifix","og_description":"Die jeweilige Schneidegeometrie und -h\u00f6he muss je nach den notwendigen Anforderungen angepasst werden (schleifen). Finden Sie jetzt Ihre passende Gr\u00f6\u00dfe!","og_url":"https:\/\/pewetools.de\/en\/shop\/product-category\/hss-blade-12-70-3mm-for-size-aa\/","og_site_name":"PeWeTools Schnellwechselhalter nach System Multifix","article_modified_time":"2024-08-21T06:37:24+00:00","og_image":[{"width":1000,"height":1000,"url":"https:\/\/pewetools.de\/wp-content\/uploads\/2018\/12\/HSS-Hauptbild.jpg","type":"image\/jpeg"}],"twitter_card":"summary_large_image","twitter_misc":{"Est. reading time":"1 minute"},"schema":{"@context":"https:\/\/schema.org","@graph":[{"@type":"WebPage","@id":"https:\/\/pewetools.de\/en\/shop\/product-category\/hss-blade-12-70-3mm-for-size-aa\/","url":"https:\/\/pewetools.de\/en\/shop\/product-category\/hss-blade-12-70-3mm-for-size-aa\/","name":"HSS-Blade 12-70-3mm for size Aa &#8212; PeWeTools Schnellwechselhalter nach System Multifix","isPartOf":{"@id":"https:\/\/pewetools.de\/#website"},"primaryImageOfPage":{"@id":"https:\/\/pewetools.de\/en\/shop\/product-category\/hss-blade-12-70-3mm-for-size-aa\/#primaryimage"},"image":{"@id":"https:\/\/pewetools.de\/en\/shop\/product-category\/hss-blade-12-70-3mm-for-size-aa\/#primaryimage"},"thumbnailUrl":"https:\/\/pewetools.de\/wp-content\/uploads\/2018\/12\/HSS-Hauptbild.jpg","datePublished":"2023-06-09T09:18:39+00:00","dateModified":"2024-08-21T06:37:24+00:00","description":"Die jeweilige Schneidegeometrie und -h\u00f6he muss je nach den notwendigen Anforderungen angepasst werden (schleifen). Finden Sie jetzt Ihre passende Gr\u00f6\u00dfe!","breadcrumb":{"@id":"https:\/\/pewetools.de\/en\/shop\/product-category\/hss-blade-12-70-3mm-for-size-aa\/#breadcrumb"},"inLanguage":"en-US","potentialAction":[{"@type":"ReadAction","target":["https:\/\/pewetools.de\/en\/shop\/product-category\/hss-blade-12-70-3mm-for-size-aa\/"]}]},{"@type":"ImageObject","inLanguage":"en-US","@id":"https:\/\/pewetools.de\/en\/shop\/product-category\/hss-blade-12-70-3mm-for-size-aa\/#primaryimage","url":"https:\/\/pewetools.de\/wp-content\/uploads\/2018\/12\/HSS-Hauptbild.jpg","contentUrl":"https:\/\/pewetools.de\/wp-content\/uploads\/2018\/12\/HSS-Hauptbild.jpg","width":1000,"height":1000},{"@type":"BreadcrumbList","@id":"https:\/\/pewetools.de\/en\/shop\/product-category\/hss-blade-12-70-3mm-for-size-aa\/#breadcrumb","itemListElement":[{"@type":"ListItem","position":1,"name":"start page","item":"https:\/\/pewetools.de\/en\/"},{"@type":"ListItem","position":2,"name":"Shop","item":"https:\/\/pewetools.de\/en\/shop\/"},{"@type":"ListItem","position":3,"name":"HSS-Blade 12-70-3mm for size Aa"}]},{"@type":"WebSite","@id":"https:\/\/pewetools.de\/#website","url":"https:\/\/pewetools.de\/","name":"PeWeTools Schnellwechselhalter nach System Multifix","description":"","potentialAction":[{"@type":"SearchAction","target":{"@type":"EntryPoint","urlTemplate":"https:\/\/pewetools.de\/?s={search_term_string}"},"query-input":{"@type":"PropertyValueSpecification","valueRequired":true,"valueName":"search_term_string"}}],"inLanguage":"en-US"}]}},"_links":{"self":[{"href":"https:\/\/pewetools.de\/en\/wp-json\/wp\/v2\/product\/13129","targetHints":{"allow":["GET"]}}],"collection":[{"href":"https:\/\/pewetools.de\/en\/wp-json\/wp\/v2\/product"}],"about":[{"href":"https:\/\/pewetools.de\/en\/wp-json\/wp\/v2\/types\/product"}],"version-history":[{"count":1,"href":"https:\/\/pewetools.de\/en\/wp-json\/wp\/v2\/product\/13129\/revisions"}],"predecessor-version":[{"id":13261,"href":"https:\/\/pewetools.de\/en\/wp-json\/wp\/v2\/product\/13129\/revisions\/13261"}],"wp:featuredmedia":[{"embeddable":true,"href":"https:\/\/pewetools.de\/en\/wp-json\/wp\/v2\/media\/6116"}],"wp:attachment":[{"href":"https:\/\/pewetools.de\/en\/wp-json\/wp\/v2\/media?parent=13129"}],"wp:term":[{"taxonomy":"product_brand","embeddable":true,"href":"https:\/\/pewetools.de\/en\/wp-json\/wp\/v2\/product_brand?post=13129"},{"taxonomy":"product_cat","embeddable":true,"href":"https:\/\/pewetools.de\/en\/wp-json\/wp\/v2\/product_cat?post=13129"},{"taxonomy":"product_tag","embeddable":true,"href":"https:\/\/pewetools.de\/en\/wp-json\/wp\/v2\/product_tag?post=13129"}],"curies":[{"name":"wp","href":"https:\/\/api.w.org\/{rel}","templated":true}]}}