{"id":16956,"date":"2025-07-06T15:55:43","date_gmt":"2025-07-06T13:55:43","guid":{"rendered":"https:\/\/pewetools.de\/?post_type=product&#038;p=16956"},"modified":"2026-01-08T14:56:52","modified_gmt":"2026-01-08T13:56:52","slug":"tool-holder-for-rods-aj3080h","status":"publish","type":"product","link":"https:\/\/pewetools.de\/en\/shop\/product-category\/tool-holder-for-rods-aj3080h\/","title":{"rendered":"tool holder for rods AJ3080H"},"content":{"rendered":"<p>Drill rod holder AJ3080H with a 30 mm hole for mounting:<br \/>\n&#8211; MK sleeves MK1, MK2 or MK3<br \/>\n&#8211; ER32 collet holder<br \/>\n&#8211; other tools with a shank diameter of 30<br \/>\nSometimes the distance from the top slide to the turning centre is quite large and the height cannot be reached with a normal AJ3080. You would have to set it much too high and would then lose the optimum hold of the teeth. Our AJ3080H holder is the solution. It is exactly the same as the AJ3080, with the difference that it is 10 mm higher and therefore the bore is also 10 mm higher.<\/p>\n","protected":false},"excerpt":{"rendered":"<p>Drill rod holder AJ3080H with a 30 mm hole for mounting: &#8211; MK sleeves MK1, MK2 or MK3 &#8211; ER32 collet holder &#8211; other tools with a shank diameter of 30 Sometimes the distance from the top slide to the turning centre is quite large and the height cannot be reached with a normal AJ3080. [&hellip;]<\/p>\n","protected":false},"featured_media":17008,"template":"","meta":{"footnotes":""},"product_brand":[],"product_cat":[480],"product_tag":[614],"class_list":{"0":"post-16956","1":"product","2":"type-product","3":"status-publish","4":"has-post-thumbnail","6":"product_cat-a","7":"product_tag-quick-change-holder","8":"product_shipping_class-paket-en","10":"first","11":"instock","12":"taxable","13":"shipping-taxable","14":"purchasable","15":"product-type-simple"},"yoast_head":"<!-- This site is optimized with the Yoast SEO plugin v27.4 - https:\/\/yoast.com\/product\/yoast-seo-wordpress\/ -->\n<title>Bohrstangen-Stahlhalter nach Multifix System - pewetools limited<\/title>\n<meta name=\"description\" content=\"Jeder f\u00fcr uns produzierte Halter wird am Original Grundk\u00f6rper des Erfinders J.F.Minder getestet.Dadurch 100% garantierte Qualit\u00e4tspr\u00fcfung + Kompatibilit\u00e4t.\" \/>\n<meta name=\"robots\" content=\"index, follow, max-snippet:-1, max-image-preview:large, max-video-preview:-1\" \/>\n<link rel=\"canonical\" href=\"https:\/\/pewetools.de\/en\/shop\/product-category\/tool-holder-for-rods-aj3080h\/\" \/>\n<meta property=\"og:locale\" content=\"en_US\" \/>\n<meta property=\"og:type\" content=\"article\" \/>\n<meta property=\"og:title\" content=\"Bohrstangen-Stahlhalter nach Multifix System - pewetools limited\" \/>\n<meta property=\"og:description\" content=\"Jeder f\u00fcr uns produzierte Halter wird am Original Grundk\u00f6rper des Erfinders J.F.Minder getestet.Dadurch 100% garantierte Qualit\u00e4tspr\u00fcfung + Kompatibilit\u00e4t.\" \/>\n<meta property=\"og:url\" content=\"https:\/\/pewetools.de\/en\/shop\/product-category\/tool-holder-for-rods-aj3080h\/\" \/>\n<meta property=\"og:site_name\" content=\"PeWeTools Schnellwechselhalter nach System Multifix\" \/>\n<meta property=\"article:modified_time\" content=\"2026-01-08T13:56:52+00:00\" \/>\n<meta property=\"og:image\" content=\"https:\/\/pewetools.de\/wp-content\/uploads\/2025\/07\/AJ3080H-neu.jpg\" \/>\n\t<meta property=\"og:image:width\" content=\"1386\" \/>\n\t<meta property=\"og:image:height\" content=\"1843\" \/>\n\t<meta property=\"og:image:type\" content=\"image\/jpeg\" \/>\n<meta name=\"twitter:card\" content=\"summary_large_image\" \/>\n<meta name=\"twitter:label1\" content=\"Est. reading time\" \/>\n\t<meta name=\"twitter:data1\" content=\"1 minute\" \/>\n<script type=\"application\/ld+json\" class=\"yoast-schema-graph\">{\"@context\":\"https:\\\/\\\/schema.org\",\"@graph\":[{\"@type\":\"WebPage\",\"@id\":\"https:\\\/\\\/pewetools.de\\\/en\\\/shop\\\/product-category\\\/tool-holder-for-rods-aj3080h\\\/\",\"url\":\"https:\\\/\\\/pewetools.de\\\/en\\\/shop\\\/product-category\\\/tool-holder-for-rods-aj3080h\\\/\",\"name\":\"Bohrstangen-Stahlhalter nach Multifix System - pewetools limited\",\"isPartOf\":{\"@id\":\"https:\\\/\\\/pewetools.de\\\/#website\"},\"primaryImageOfPage\":{\"@id\":\"https:\\\/\\\/pewetools.de\\\/en\\\/shop\\\/product-category\\\/tool-holder-for-rods-aj3080h\\\/#primaryimage\"},\"image\":{\"@id\":\"https:\\\/\\\/pewetools.de\\\/en\\\/shop\\\/product-category\\\/tool-holder-for-rods-aj3080h\\\/#primaryimage\"},\"thumbnailUrl\":\"https:\\\/\\\/pewetools.de\\\/wp-content\\\/uploads\\\/2025\\\/07\\\/AJ3080H-neu.jpg\",\"datePublished\":\"2025-07-06T13:55:43+00:00\",\"dateModified\":\"2026-01-08T13:56:52+00:00\",\"description\":\"Jeder f\u00fcr uns produzierte Halter wird am Original Grundk\u00f6rper des Erfinders J.F.Minder getestet.Dadurch 100% garantierte Qualit\u00e4tspr\u00fcfung + Kompatibilit\u00e4t.\",\"breadcrumb\":{\"@id\":\"https:\\\/\\\/pewetools.de\\\/en\\\/shop\\\/product-category\\\/tool-holder-for-rods-aj3080h\\\/#breadcrumb\"},\"inLanguage\":\"en-US\",\"potentialAction\":[{\"@type\":\"ReadAction\",\"target\":[\"https:\\\/\\\/pewetools.de\\\/en\\\/shop\\\/product-category\\\/tool-holder-for-rods-aj3080h\\\/\"]}]},{\"@type\":\"ImageObject\",\"inLanguage\":\"en-US\",\"@id\":\"https:\\\/\\\/pewetools.de\\\/en\\\/shop\\\/product-category\\\/tool-holder-for-rods-aj3080h\\\/#primaryimage\",\"url\":\"https:\\\/\\\/pewetools.de\\\/wp-content\\\/uploads\\\/2025\\\/07\\\/AJ3080H-neu.jpg\",\"contentUrl\":\"https:\\\/\\\/pewetools.de\\\/wp-content\\\/uploads\\\/2025\\\/07\\\/AJ3080H-neu.jpg\",\"width\":1386,\"height\":1843},{\"@type\":\"BreadcrumbList\",\"@id\":\"https:\\\/\\\/pewetools.de\\\/en\\\/shop\\\/product-category\\\/tool-holder-for-rods-aj3080h\\\/#breadcrumb\",\"itemListElement\":[{\"@type\":\"ListItem\",\"position\":1,\"name\":\"start page\",\"item\":\"https:\\\/\\\/pewetools.de\\\/en\\\/\"},{\"@type\":\"ListItem\",\"position\":2,\"name\":\"Shop\",\"item\":\"https:\\\/\\\/pewetools.de\\\/en\\\/shop\\\/\"},{\"@type\":\"ListItem\",\"position\":3,\"name\":\"tool holder for rods AJ3080H\"}]},{\"@type\":\"WebSite\",\"@id\":\"https:\\\/\\\/pewetools.de\\\/#website\",\"url\":\"https:\\\/\\\/pewetools.de\\\/\",\"name\":\"PeWeTools Schnellwechselhalter nach System Multifix\",\"description\":\"\",\"potentialAction\":[{\"@type\":\"SearchAction\",\"target\":{\"@type\":\"EntryPoint\",\"urlTemplate\":\"https:\\\/\\\/pewetools.de\\\/?s={search_term_string}\"},\"query-input\":{\"@type\":\"PropertyValueSpecification\",\"valueRequired\":true,\"valueName\":\"search_term_string\"}}],\"inLanguage\":\"en-US\"}]}<\/script>\n<!-- \/ Yoast SEO plugin. -->","yoast_head_json":{"title":"Bohrstangen-Stahlhalter nach Multifix System - pewetools limited","description":"Jeder f\u00fcr uns produzierte Halter wird am Original Grundk\u00f6rper des Erfinders J.F.Minder getestet.Dadurch 100% garantierte Qualit\u00e4tspr\u00fcfung + Kompatibilit\u00e4t.","robots":{"index":"index","follow":"follow","max-snippet":"max-snippet:-1","max-image-preview":"max-image-preview:large","max-video-preview":"max-video-preview:-1"},"canonical":"https:\/\/pewetools.de\/en\/shop\/product-category\/tool-holder-for-rods-aj3080h\/","og_locale":"en_US","og_type":"article","og_title":"Bohrstangen-Stahlhalter nach Multifix System - pewetools limited","og_description":"Jeder f\u00fcr uns produzierte Halter wird am Original Grundk\u00f6rper des Erfinders J.F.Minder getestet.Dadurch 100% garantierte Qualit\u00e4tspr\u00fcfung + Kompatibilit\u00e4t.","og_url":"https:\/\/pewetools.de\/en\/shop\/product-category\/tool-holder-for-rods-aj3080h\/","og_site_name":"PeWeTools Schnellwechselhalter nach System Multifix","article_modified_time":"2026-01-08T13:56:52+00:00","og_image":[{"width":1386,"height":1843,"url":"https:\/\/pewetools.de\/wp-content\/uploads\/2025\/07\/AJ3080H-neu.jpg","type":"image\/jpeg"}],"twitter_card":"summary_large_image","twitter_misc":{"Est. reading time":"1 minute"},"schema":{"@context":"https:\/\/schema.org","@graph":[{"@type":"WebPage","@id":"https:\/\/pewetools.de\/en\/shop\/product-category\/tool-holder-for-rods-aj3080h\/","url":"https:\/\/pewetools.de\/en\/shop\/product-category\/tool-holder-for-rods-aj3080h\/","name":"Bohrstangen-Stahlhalter nach Multifix System - pewetools limited","isPartOf":{"@id":"https:\/\/pewetools.de\/#website"},"primaryImageOfPage":{"@id":"https:\/\/pewetools.de\/en\/shop\/product-category\/tool-holder-for-rods-aj3080h\/#primaryimage"},"image":{"@id":"https:\/\/pewetools.de\/en\/shop\/product-category\/tool-holder-for-rods-aj3080h\/#primaryimage"},"thumbnailUrl":"https:\/\/pewetools.de\/wp-content\/uploads\/2025\/07\/AJ3080H-neu.jpg","datePublished":"2025-07-06T13:55:43+00:00","dateModified":"2026-01-08T13:56:52+00:00","description":"Jeder f\u00fcr uns produzierte Halter wird am Original Grundk\u00f6rper des Erfinders J.F.Minder getestet.Dadurch 100% garantierte Qualit\u00e4tspr\u00fcfung + Kompatibilit\u00e4t.","breadcrumb":{"@id":"https:\/\/pewetools.de\/en\/shop\/product-category\/tool-holder-for-rods-aj3080h\/#breadcrumb"},"inLanguage":"en-US","potentialAction":[{"@type":"ReadAction","target":["https:\/\/pewetools.de\/en\/shop\/product-category\/tool-holder-for-rods-aj3080h\/"]}]},{"@type":"ImageObject","inLanguage":"en-US","@id":"https:\/\/pewetools.de\/en\/shop\/product-category\/tool-holder-for-rods-aj3080h\/#primaryimage","url":"https:\/\/pewetools.de\/wp-content\/uploads\/2025\/07\/AJ3080H-neu.jpg","contentUrl":"https:\/\/pewetools.de\/wp-content\/uploads\/2025\/07\/AJ3080H-neu.jpg","width":1386,"height":1843},{"@type":"BreadcrumbList","@id":"https:\/\/pewetools.de\/en\/shop\/product-category\/tool-holder-for-rods-aj3080h\/#breadcrumb","itemListElement":[{"@type":"ListItem","position":1,"name":"start page","item":"https:\/\/pewetools.de\/en\/"},{"@type":"ListItem","position":2,"name":"Shop","item":"https:\/\/pewetools.de\/en\/shop\/"},{"@type":"ListItem","position":3,"name":"tool holder for rods AJ3080H"}]},{"@type":"WebSite","@id":"https:\/\/pewetools.de\/#website","url":"https:\/\/pewetools.de\/","name":"PeWeTools Schnellwechselhalter nach System Multifix","description":"","potentialAction":[{"@type":"SearchAction","target":{"@type":"EntryPoint","urlTemplate":"https:\/\/pewetools.de\/?s={search_term_string}"},"query-input":{"@type":"PropertyValueSpecification","valueRequired":true,"valueName":"search_term_string"}}],"inLanguage":"en-US"}]}},"_links":{"self":[{"href":"https:\/\/pewetools.de\/en\/wp-json\/wp\/v2\/product\/16956","targetHints":{"allow":["GET"]}}],"collection":[{"href":"https:\/\/pewetools.de\/en\/wp-json\/wp\/v2\/product"}],"about":[{"href":"https:\/\/pewetools.de\/en\/wp-json\/wp\/v2\/types\/product"}],"version-history":[{"count":4,"href":"https:\/\/pewetools.de\/en\/wp-json\/wp\/v2\/product\/16956\/revisions"}],"predecessor-version":[{"id":17023,"href":"https:\/\/pewetools.de\/en\/wp-json\/wp\/v2\/product\/16956\/revisions\/17023"}],"wp:featuredmedia":[{"embeddable":true,"href":"https:\/\/pewetools.de\/en\/wp-json\/wp\/v2\/media\/17008"}],"wp:attachment":[{"href":"https:\/\/pewetools.de\/en\/wp-json\/wp\/v2\/media?parent=16956"}],"wp:term":[{"taxonomy":"product_brand","embeddable":true,"href":"https:\/\/pewetools.de\/en\/wp-json\/wp\/v2\/product_brand?post=16956"},{"taxonomy":"product_cat","embeddable":true,"href":"https:\/\/pewetools.de\/en\/wp-json\/wp\/v2\/product_cat?post=16956"},{"taxonomy":"product_tag","embeddable":true,"href":"https:\/\/pewetools.de\/en\/wp-json\/wp\/v2\/product_tag?post=16956"}],"curies":[{"name":"wp","href":"https:\/\/api.w.org\/{rel}","templated":true}]}}