{"id":2195,"date":"2018-10-24T15:44:12","date_gmt":"2018-10-24T15:44:12","guid":{"rendered":"https:\/\/pewetools.de\/shop\/produkt-kategorie\/tool-holder-for-rods-ch40160\/"},"modified":"2024-08-21T08:44:18","modified_gmt":"2024-08-21T06:44:18","slug":"tool-holder-for-rods-ch40160","status":"publish","type":"product","link":"https:\/\/pewetools.de\/en\/shop\/product-category\/tool-holder-for-rods-ch40160\/","title":{"rendered":"tool holder for rods CH40160"},"content":{"rendered":"","protected":false},"excerpt":{"rendered":"","protected":false},"featured_media":6619,"template":"","meta":{"footnotes":""},"product_brand":[],"product_cat":[506],"product_tag":[614],"class_list":{"0":"post-2195","1":"product","2":"type-product","3":"status-publish","4":"has-post-thumbnail","6":"product_cat-c","7":"product_tag-quick-change-holder","8":"product_shipping_class-paket-en","10":"first","11":"instock","12":"taxable","13":"shipping-taxable","14":"purchasable","15":"product-type-simple"},"yoast_head":"<!-- This site is optimized with the Yoast SEO plugin v27.1.1 - https:\/\/yoast.com\/product\/yoast-seo-wordpress\/ -->\n<title>tool holder for rods - pewetools limited<\/title>\n<meta name=\"description\" content=\"Jeder f\u00fcr uns produzierte Halter wird am Original Grundk\u00f6rper des Erfinders J.F.Minder getestet.Dadurch 100% garantierte Qualit\u00e4tspr\u00fcfung + Kompatibilit\u00e4t.\" \/>\n<meta name=\"robots\" content=\"index, follow, max-snippet:-1, max-image-preview:large, max-video-preview:-1\" \/>\n<link rel=\"canonical\" href=\"https:\/\/pewetools.de\/en\/shop\/product-category\/tool-holder-for-rods-ch40160\/\" \/>\n<meta property=\"og:locale\" content=\"en_US\" \/>\n<meta property=\"og:type\" content=\"article\" \/>\n<meta property=\"og:title\" content=\"tool holder for rods - pewetools limited\" \/>\n<meta property=\"og:description\" content=\"Jeder f\u00fcr uns produzierte Halter wird am Original Grundk\u00f6rper des Erfinders J.F.Minder getestet.Dadurch 100% garantierte Qualit\u00e4tspr\u00fcfung + Kompatibilit\u00e4t.\" \/>\n<meta property=\"og:url\" content=\"https:\/\/pewetools.de\/en\/shop\/product-category\/tool-holder-for-rods-ch40160\/\" \/>\n<meta property=\"og:site_name\" content=\"PeWeTools Schnellwechselhalter nach System Multifix\" \/>\n<meta property=\"article:modified_time\" content=\"2024-08-21T06:44:18+00:00\" \/>\n<meta property=\"og:image\" content=\"https:\/\/pewetools.de\/wp-content\/uploads\/2018\/10\/CH40160-Hauptbild.jpg\" \/>\n\t<meta property=\"og:image:width\" content=\"1000\" \/>\n\t<meta property=\"og:image:height\" content=\"1000\" \/>\n\t<meta property=\"og:image:type\" content=\"image\/jpeg\" \/>\n<meta name=\"twitter:card\" content=\"summary_large_image\" \/>\n<script type=\"application\/ld+json\" class=\"yoast-schema-graph\">{\"@context\":\"https:\/\/schema.org\",\"@graph\":[{\"@type\":\"WebPage\",\"@id\":\"https:\/\/pewetools.de\/en\/shop\/product-category\/tool-holder-for-rods-ch40160\/\",\"url\":\"https:\/\/pewetools.de\/en\/shop\/product-category\/tool-holder-for-rods-ch40160\/\",\"name\":\"tool holder for rods - pewetools limited\",\"isPartOf\":{\"@id\":\"https:\/\/pewetools.de\/#website\"},\"primaryImageOfPage\":{\"@id\":\"https:\/\/pewetools.de\/en\/shop\/product-category\/tool-holder-for-rods-ch40160\/#primaryimage\"},\"image\":{\"@id\":\"https:\/\/pewetools.de\/en\/shop\/product-category\/tool-holder-for-rods-ch40160\/#primaryimage\"},\"thumbnailUrl\":\"https:\/\/pewetools.de\/wp-content\/uploads\/2018\/10\/CH40160-Hauptbild.jpg\",\"datePublished\":\"2018-10-24T15:44:12+00:00\",\"dateModified\":\"2024-08-21T06:44:18+00:00\",\"description\":\"Jeder f\u00fcr uns produzierte Halter wird am Original Grundk\u00f6rper des Erfinders J.F.Minder getestet.Dadurch 100% garantierte Qualit\u00e4tspr\u00fcfung + Kompatibilit\u00e4t.\",\"breadcrumb\":{\"@id\":\"https:\/\/pewetools.de\/en\/shop\/product-category\/tool-holder-for-rods-ch40160\/#breadcrumb\"},\"inLanguage\":\"en-US\",\"potentialAction\":[{\"@type\":\"ReadAction\",\"target\":[\"https:\/\/pewetools.de\/en\/shop\/product-category\/tool-holder-for-rods-ch40160\/\"]}]},{\"@type\":\"ImageObject\",\"inLanguage\":\"en-US\",\"@id\":\"https:\/\/pewetools.de\/en\/shop\/product-category\/tool-holder-for-rods-ch40160\/#primaryimage\",\"url\":\"https:\/\/pewetools.de\/wp-content\/uploads\/2018\/10\/CH40160-Hauptbild.jpg\",\"contentUrl\":\"https:\/\/pewetools.de\/wp-content\/uploads\/2018\/10\/CH40160-Hauptbild.jpg\",\"width\":1000,\"height\":1000},{\"@type\":\"BreadcrumbList\",\"@id\":\"https:\/\/pewetools.de\/en\/shop\/product-category\/tool-holder-for-rods-ch40160\/#breadcrumb\",\"itemListElement\":[{\"@type\":\"ListItem\",\"position\":1,\"name\":\"start page\",\"item\":\"https:\/\/pewetools.de\/en\/\"},{\"@type\":\"ListItem\",\"position\":2,\"name\":\"Shop\",\"item\":\"https:\/\/pewetools.de\/en\/shop\/\"},{\"@type\":\"ListItem\",\"position\":3,\"name\":\"tool holder for rods CH40160\"}]},{\"@type\":\"WebSite\",\"@id\":\"https:\/\/pewetools.de\/#website\",\"url\":\"https:\/\/pewetools.de\/\",\"name\":\"PeWeTools Schnellwechselhalter nach System Multifix\",\"description\":\"\",\"potentialAction\":[{\"@type\":\"SearchAction\",\"target\":{\"@type\":\"EntryPoint\",\"urlTemplate\":\"https:\/\/pewetools.de\/?s={search_term_string}\"},\"query-input\":{\"@type\":\"PropertyValueSpecification\",\"valueRequired\":true,\"valueName\":\"search_term_string\"}}],\"inLanguage\":\"en-US\"}]}<\/script>\n<!-- \/ Yoast SEO plugin. -->","yoast_head_json":{"title":"tool holder for rods - pewetools limited","description":"Jeder f\u00fcr uns produzierte Halter wird am Original Grundk\u00f6rper des Erfinders J.F.Minder getestet.Dadurch 100% garantierte Qualit\u00e4tspr\u00fcfung + Kompatibilit\u00e4t.","robots":{"index":"index","follow":"follow","max-snippet":"max-snippet:-1","max-image-preview":"max-image-preview:large","max-video-preview":"max-video-preview:-1"},"canonical":"https:\/\/pewetools.de\/en\/shop\/product-category\/tool-holder-for-rods-ch40160\/","og_locale":"en_US","og_type":"article","og_title":"tool holder for rods - pewetools limited","og_description":"Jeder f\u00fcr uns produzierte Halter wird am Original Grundk\u00f6rper des Erfinders J.F.Minder getestet.Dadurch 100% garantierte Qualit\u00e4tspr\u00fcfung + Kompatibilit\u00e4t.","og_url":"https:\/\/pewetools.de\/en\/shop\/product-category\/tool-holder-for-rods-ch40160\/","og_site_name":"PeWeTools Schnellwechselhalter nach System Multifix","article_modified_time":"2024-08-21T06:44:18+00:00","og_image":[{"width":1000,"height":1000,"url":"https:\/\/pewetools.de\/wp-content\/uploads\/2018\/10\/CH40160-Hauptbild.jpg","type":"image\/jpeg"}],"twitter_card":"summary_large_image","schema":{"@context":"https:\/\/schema.org","@graph":[{"@type":"WebPage","@id":"https:\/\/pewetools.de\/en\/shop\/product-category\/tool-holder-for-rods-ch40160\/","url":"https:\/\/pewetools.de\/en\/shop\/product-category\/tool-holder-for-rods-ch40160\/","name":"tool holder for rods - pewetools limited","isPartOf":{"@id":"https:\/\/pewetools.de\/#website"},"primaryImageOfPage":{"@id":"https:\/\/pewetools.de\/en\/shop\/product-category\/tool-holder-for-rods-ch40160\/#primaryimage"},"image":{"@id":"https:\/\/pewetools.de\/en\/shop\/product-category\/tool-holder-for-rods-ch40160\/#primaryimage"},"thumbnailUrl":"https:\/\/pewetools.de\/wp-content\/uploads\/2018\/10\/CH40160-Hauptbild.jpg","datePublished":"2018-10-24T15:44:12+00:00","dateModified":"2024-08-21T06:44:18+00:00","description":"Jeder f\u00fcr uns produzierte Halter wird am Original Grundk\u00f6rper des Erfinders J.F.Minder getestet.Dadurch 100% garantierte Qualit\u00e4tspr\u00fcfung + Kompatibilit\u00e4t.","breadcrumb":{"@id":"https:\/\/pewetools.de\/en\/shop\/product-category\/tool-holder-for-rods-ch40160\/#breadcrumb"},"inLanguage":"en-US","potentialAction":[{"@type":"ReadAction","target":["https:\/\/pewetools.de\/en\/shop\/product-category\/tool-holder-for-rods-ch40160\/"]}]},{"@type":"ImageObject","inLanguage":"en-US","@id":"https:\/\/pewetools.de\/en\/shop\/product-category\/tool-holder-for-rods-ch40160\/#primaryimage","url":"https:\/\/pewetools.de\/wp-content\/uploads\/2018\/10\/CH40160-Hauptbild.jpg","contentUrl":"https:\/\/pewetools.de\/wp-content\/uploads\/2018\/10\/CH40160-Hauptbild.jpg","width":1000,"height":1000},{"@type":"BreadcrumbList","@id":"https:\/\/pewetools.de\/en\/shop\/product-category\/tool-holder-for-rods-ch40160\/#breadcrumb","itemListElement":[{"@type":"ListItem","position":1,"name":"start page","item":"https:\/\/pewetools.de\/en\/"},{"@type":"ListItem","position":2,"name":"Shop","item":"https:\/\/pewetools.de\/en\/shop\/"},{"@type":"ListItem","position":3,"name":"tool holder for rods CH40160"}]},{"@type":"WebSite","@id":"https:\/\/pewetools.de\/#website","url":"https:\/\/pewetools.de\/","name":"PeWeTools Schnellwechselhalter nach System Multifix","description":"","potentialAction":[{"@type":"SearchAction","target":{"@type":"EntryPoint","urlTemplate":"https:\/\/pewetools.de\/?s={search_term_string}"},"query-input":{"@type":"PropertyValueSpecification","valueRequired":true,"valueName":"search_term_string"}}],"inLanguage":"en-US"}]}},"_links":{"self":[{"href":"https:\/\/pewetools.de\/en\/wp-json\/wp\/v2\/product\/2195","targetHints":{"allow":["GET"]}}],"collection":[{"href":"https:\/\/pewetools.de\/en\/wp-json\/wp\/v2\/product"}],"about":[{"href":"https:\/\/pewetools.de\/en\/wp-json\/wp\/v2\/types\/product"}],"version-history":[{"count":0,"href":"https:\/\/pewetools.de\/en\/wp-json\/wp\/v2\/product\/2195\/revisions"}],"wp:featuredmedia":[{"embeddable":true,"href":"https:\/\/pewetools.de\/en\/wp-json\/wp\/v2\/media\/6619"}],"wp:attachment":[{"href":"https:\/\/pewetools.de\/en\/wp-json\/wp\/v2\/media?parent=2195"}],"wp:term":[{"taxonomy":"product_brand","embeddable":true,"href":"https:\/\/pewetools.de\/en\/wp-json\/wp\/v2\/product_brand?post=2195"},{"taxonomy":"product_cat","embeddable":true,"href":"https:\/\/pewetools.de\/en\/wp-json\/wp\/v2\/product_cat?post=2195"},{"taxonomy":"product_tag","embeddable":true,"href":"https:\/\/pewetools.de\/en\/wp-json\/wp\/v2\/product_tag?post=2195"}],"curies":[{"name":"wp","href":"https:\/\/api.w.org\/{rel}","templated":true}]}}