{"id":2324,"date":"2018-10-19T14:01:11","date_gmt":"2018-10-19T12:01:11","guid":{"rendered":"https:\/\/pewetools.de\/shop\/produkt-kategorie\/quick-change-holder-set-as1660-type-multifix-system\/"},"modified":"2026-03-16T13:37:19","modified_gmt":"2026-03-16T12:37:19","slug":"quick-change-holder-set-as1660-type-multifix-system","status":"publish","type":"product","link":"https:\/\/pewetools.de\/en\/shop\/product-category\/quick-change-holder-set-as1660-type-multifix-system\/","title":{"rendered":"Quick change holder set AS1660 Type Multifix System"},"content":{"rendered":"<p>Included:<\/p>\n<p>1 Quick Change Tool post size AS (approved for machines with a drive power of max. 1.5kW)<br \/>\n1 clamping lever<br \/>\n1 matching pin<br \/>\n3 holders ASD1660 for holding turning steels with rectangular shank<br \/>\n1 Holder for holding round turning steels ASH1665<br \/>\n1 small insertion prism for clamping very thin, round tools<br \/>\n1 square socket wrench<br \/>\n1 collar bolt to DIN 6921 M10x60 grade 10.9<br \/>\n(in case you want to screw directly into the upper slide)<br \/>\n1 hardness test report prepared by us on the hardness of the tool post<br \/>\n1 hardness test report prepared by us on the hardness of one holder<\/p>\n","protected":false},"excerpt":{"rendered":"<p>Included: 1 Quick Change Tool post size AS (approved for machines with a drive power of max. 1.5kW) 1 clamping lever 1 matching pin 3 holders ASD1660 for holding turning steels with rectangular shank 1 Holder for holding round turning steels ASH1665 1 small insertion prism for clamping very thin, round tools 1 square socket [&hellip;]<\/p>\n","protected":false},"featured_media":12806,"template":"","meta":{"footnotes":""},"product_brand":[],"product_cat":[471,483],"product_tag":[],"class_list":{"0":"post-2324","1":"product","2":"type-product","3":"status-publish","4":"has-post-thumbnail","6":"product_cat-tool-holders","7":"product_cat-as","8":"product_shipping_class-paket-en","10":"first","11":"instock","12":"taxable","13":"shipping-taxable","14":"purchasable","15":"product-type-simple"},"yoast_head":"<!-- This site is optimized with the Yoast SEO plugin v27.1.1 - https:\/\/yoast.com\/product\/yoast-seo-wordpress\/ -->\n<title>Quick change holder set - pewetools ltd<\/title>\n<meta name=\"description\" content=\"Jeder f\u00fcr uns produzierte Halter wird am Original Grundk\u00f6rper des Erfinders J.F.Minder getestet.Dadurch 100% garantierte Qualit\u00e4tspr\u00fcfung + Kompatibilit\u00e4t.\" \/>\n<meta name=\"robots\" content=\"index, follow, max-snippet:-1, max-image-preview:large, max-video-preview:-1\" \/>\n<link rel=\"canonical\" href=\"https:\/\/pewetools.de\/shop\/product-category\/schnellwechselhalter-set-as1660-nach-multifix-system\/\" \/>\n<meta property=\"og:locale\" content=\"en_US\" \/>\n<meta property=\"og:type\" content=\"article\" \/>\n<meta property=\"og:title\" content=\"Quick change holder set - pewetools ltd\" \/>\n<meta property=\"og:description\" content=\"Jeder f\u00fcr uns produzierte Halter wird am Original Grundk\u00f6rper des Erfinders J.F.Minder getestet.Dadurch 100% garantierte Qualit\u00e4tspr\u00fcfung + Kompatibilit\u00e4t.\" \/>\n<meta property=\"og:url\" content=\"https:\/\/pewetools.de\/shop\/product-category\/schnellwechselhalter-set-as1660-nach-multifix-system\/\" \/>\n<meta property=\"og:site_name\" content=\"PeWeTools Schnellwechselhalter nach System Multifix\" \/>\n<meta property=\"article:modified_time\" content=\"2026-03-16T12:37:19+00:00\" \/>\n<meta property=\"og:image\" content=\"https:\/\/pewetools.de\/wp-content\/uploads\/2022\/08\/Set-AS-Hauptbild-alles-1-ohne-Schrauben-2.jpg\" \/>\n\t<meta property=\"og:image:width\" content=\"1181\" \/>\n\t<meta property=\"og:image:height\" content=\"969\" \/>\n\t<meta property=\"og:image:type\" content=\"image\/jpeg\" \/>\n<meta name=\"twitter:card\" content=\"summary_large_image\" \/>\n<meta name=\"twitter:label1\" content=\"Est. reading time\" \/>\n\t<meta name=\"twitter:data1\" content=\"1 minute\" \/>\n<script type=\"application\/ld+json\" class=\"yoast-schema-graph\">{\"@context\":\"https:\/\/schema.org\",\"@graph\":[{\"@type\":\"WebPage\",\"@id\":\"https:\/\/pewetools.de\/shop\/product-category\/schnellwechselhalter-set-as1660-nach-multifix-system\/\",\"url\":\"https:\/\/pewetools.de\/shop\/product-category\/schnellwechselhalter-set-as1660-nach-multifix-system\/\",\"name\":\"Quick change holder set - pewetools ltd\",\"isPartOf\":{\"@id\":\"https:\/\/pewetools.de\/#website\"},\"primaryImageOfPage\":{\"@id\":\"https:\/\/pewetools.de\/shop\/product-category\/schnellwechselhalter-set-as1660-nach-multifix-system\/#primaryimage\"},\"image\":{\"@id\":\"https:\/\/pewetools.de\/shop\/product-category\/schnellwechselhalter-set-as1660-nach-multifix-system\/#primaryimage\"},\"thumbnailUrl\":\"https:\/\/pewetools.de\/wp-content\/uploads\/2022\/08\/Set-AS-Hauptbild-alles-1-ohne-Schrauben-2.jpg\",\"datePublished\":\"2018-10-19T12:01:11+00:00\",\"dateModified\":\"2026-03-16T12:37:19+00:00\",\"description\":\"Jeder f\u00fcr uns produzierte Halter wird am Original Grundk\u00f6rper des Erfinders J.F.Minder getestet.Dadurch 100% garantierte Qualit\u00e4tspr\u00fcfung + Kompatibilit\u00e4t.\",\"breadcrumb\":{\"@id\":\"https:\/\/pewetools.de\/shop\/product-category\/schnellwechselhalter-set-as1660-nach-multifix-system\/#breadcrumb\"},\"inLanguage\":\"en-US\",\"potentialAction\":[{\"@type\":\"ReadAction\",\"target\":[\"https:\/\/pewetools.de\/shop\/product-category\/schnellwechselhalter-set-as1660-nach-multifix-system\/\"]}]},{\"@type\":\"ImageObject\",\"inLanguage\":\"en-US\",\"@id\":\"https:\/\/pewetools.de\/shop\/product-category\/schnellwechselhalter-set-as1660-nach-multifix-system\/#primaryimage\",\"url\":\"https:\/\/pewetools.de\/wp-content\/uploads\/2022\/08\/Set-AS-Hauptbild-alles-1-ohne-Schrauben-2.jpg\",\"contentUrl\":\"https:\/\/pewetools.de\/wp-content\/uploads\/2022\/08\/Set-AS-Hauptbild-alles-1-ohne-Schrauben-2.jpg\",\"width\":1181,\"height\":969},{\"@type\":\"BreadcrumbList\",\"@id\":\"https:\/\/pewetools.de\/shop\/product-category\/schnellwechselhalter-set-as1660-nach-multifix-system\/#breadcrumb\",\"itemListElement\":[{\"@type\":\"ListItem\",\"position\":1,\"name\":\"start page\",\"item\":\"https:\/\/pewetools.de\/en\/\"},{\"@type\":\"ListItem\",\"position\":2,\"name\":\"Shop\",\"item\":\"https:\/\/pewetools.de\/en\/shop\/\"},{\"@type\":\"ListItem\",\"position\":3,\"name\":\"Quick change holder set AS1660 Type Multifix System\"}]},{\"@type\":\"WebSite\",\"@id\":\"https:\/\/pewetools.de\/#website\",\"url\":\"https:\/\/pewetools.de\/\",\"name\":\"PeWeTools Schnellwechselhalter nach System Multifix\",\"description\":\"\",\"potentialAction\":[{\"@type\":\"SearchAction\",\"target\":{\"@type\":\"EntryPoint\",\"urlTemplate\":\"https:\/\/pewetools.de\/?s={search_term_string}\"},\"query-input\":{\"@type\":\"PropertyValueSpecification\",\"valueRequired\":true,\"valueName\":\"search_term_string\"}}],\"inLanguage\":\"en-US\"}]}<\/script>\n<!-- \/ Yoast SEO plugin. -->","yoast_head_json":{"title":"Quick change holder set - pewetools ltd","description":"Jeder f\u00fcr uns produzierte Halter wird am Original Grundk\u00f6rper des Erfinders J.F.Minder getestet.Dadurch 100% garantierte Qualit\u00e4tspr\u00fcfung + Kompatibilit\u00e4t.","robots":{"index":"index","follow":"follow","max-snippet":"max-snippet:-1","max-image-preview":"max-image-preview:large","max-video-preview":"max-video-preview:-1"},"canonical":"https:\/\/pewetools.de\/shop\/product-category\/schnellwechselhalter-set-as1660-nach-multifix-system\/","og_locale":"en_US","og_type":"article","og_title":"Quick change holder set - pewetools ltd","og_description":"Jeder f\u00fcr uns produzierte Halter wird am Original Grundk\u00f6rper des Erfinders J.F.Minder getestet.Dadurch 100% garantierte Qualit\u00e4tspr\u00fcfung + Kompatibilit\u00e4t.","og_url":"https:\/\/pewetools.de\/shop\/product-category\/schnellwechselhalter-set-as1660-nach-multifix-system\/","og_site_name":"PeWeTools Schnellwechselhalter nach System Multifix","article_modified_time":"2026-03-16T12:37:19+00:00","og_image":[{"width":1181,"height":969,"url":"https:\/\/pewetools.de\/wp-content\/uploads\/2022\/08\/Set-AS-Hauptbild-alles-1-ohne-Schrauben-2.jpg","type":"image\/jpeg"}],"twitter_card":"summary_large_image","twitter_misc":{"Est. reading time":"1 minute"},"schema":{"@context":"https:\/\/schema.org","@graph":[{"@type":"WebPage","@id":"https:\/\/pewetools.de\/shop\/product-category\/schnellwechselhalter-set-as1660-nach-multifix-system\/","url":"https:\/\/pewetools.de\/shop\/product-category\/schnellwechselhalter-set-as1660-nach-multifix-system\/","name":"Quick change holder set - pewetools ltd","isPartOf":{"@id":"https:\/\/pewetools.de\/#website"},"primaryImageOfPage":{"@id":"https:\/\/pewetools.de\/shop\/product-category\/schnellwechselhalter-set-as1660-nach-multifix-system\/#primaryimage"},"image":{"@id":"https:\/\/pewetools.de\/shop\/product-category\/schnellwechselhalter-set-as1660-nach-multifix-system\/#primaryimage"},"thumbnailUrl":"https:\/\/pewetools.de\/wp-content\/uploads\/2022\/08\/Set-AS-Hauptbild-alles-1-ohne-Schrauben-2.jpg","datePublished":"2018-10-19T12:01:11+00:00","dateModified":"2026-03-16T12:37:19+00:00","description":"Jeder f\u00fcr uns produzierte Halter wird am Original Grundk\u00f6rper des Erfinders J.F.Minder getestet.Dadurch 100% garantierte Qualit\u00e4tspr\u00fcfung + Kompatibilit\u00e4t.","breadcrumb":{"@id":"https:\/\/pewetools.de\/shop\/product-category\/schnellwechselhalter-set-as1660-nach-multifix-system\/#breadcrumb"},"inLanguage":"en-US","potentialAction":[{"@type":"ReadAction","target":["https:\/\/pewetools.de\/shop\/product-category\/schnellwechselhalter-set-as1660-nach-multifix-system\/"]}]},{"@type":"ImageObject","inLanguage":"en-US","@id":"https:\/\/pewetools.de\/shop\/product-category\/schnellwechselhalter-set-as1660-nach-multifix-system\/#primaryimage","url":"https:\/\/pewetools.de\/wp-content\/uploads\/2022\/08\/Set-AS-Hauptbild-alles-1-ohne-Schrauben-2.jpg","contentUrl":"https:\/\/pewetools.de\/wp-content\/uploads\/2022\/08\/Set-AS-Hauptbild-alles-1-ohne-Schrauben-2.jpg","width":1181,"height":969},{"@type":"BreadcrumbList","@id":"https:\/\/pewetools.de\/shop\/product-category\/schnellwechselhalter-set-as1660-nach-multifix-system\/#breadcrumb","itemListElement":[{"@type":"ListItem","position":1,"name":"start page","item":"https:\/\/pewetools.de\/en\/"},{"@type":"ListItem","position":2,"name":"Shop","item":"https:\/\/pewetools.de\/en\/shop\/"},{"@type":"ListItem","position":3,"name":"Quick change holder set AS1660 Type Multifix System"}]},{"@type":"WebSite","@id":"https:\/\/pewetools.de\/#website","url":"https:\/\/pewetools.de\/","name":"PeWeTools Schnellwechselhalter nach System Multifix","description":"","potentialAction":[{"@type":"SearchAction","target":{"@type":"EntryPoint","urlTemplate":"https:\/\/pewetools.de\/?s={search_term_string}"},"query-input":{"@type":"PropertyValueSpecification","valueRequired":true,"valueName":"search_term_string"}}],"inLanguage":"en-US"}]}},"_links":{"self":[{"href":"https:\/\/pewetools.de\/en\/wp-json\/wp\/v2\/product\/2324","targetHints":{"allow":["GET"]}}],"collection":[{"href":"https:\/\/pewetools.de\/en\/wp-json\/wp\/v2\/product"}],"about":[{"href":"https:\/\/pewetools.de\/en\/wp-json\/wp\/v2\/types\/product"}],"version-history":[{"count":1,"href":"https:\/\/pewetools.de\/en\/wp-json\/wp\/v2\/product\/2324\/revisions"}],"predecessor-version":[{"id":15338,"href":"https:\/\/pewetools.de\/en\/wp-json\/wp\/v2\/product\/2324\/revisions\/15338"}],"wp:featuredmedia":[{"embeddable":true,"href":"https:\/\/pewetools.de\/en\/wp-json\/wp\/v2\/media\/12806"}],"wp:attachment":[{"href":"https:\/\/pewetools.de\/en\/wp-json\/wp\/v2\/media?parent=2324"}],"wp:term":[{"taxonomy":"product_brand","embeddable":true,"href":"https:\/\/pewetools.de\/en\/wp-json\/wp\/v2\/product_brand?post=2324"},{"taxonomy":"product_cat","embeddable":true,"href":"https:\/\/pewetools.de\/en\/wp-json\/wp\/v2\/product_cat?post=2324"},{"taxonomy":"product_tag","embeddable":true,"href":"https:\/\/pewetools.de\/en\/wp-json\/wp\/v2\/product_tag?post=2324"}],"curies":[{"name":"wp","href":"https:\/\/api.w.org\/{rel}","templated":true}]}}