{"id":7233,"date":"2019-09-11T09:05:29","date_gmt":"2019-09-11T09:05:29","guid":{"rendered":"https:\/\/pewetools.de\/pewetools-limited-schnellwechselhalter-nach-dem-system-multifix\/"},"modified":"2025-07-14T16:43:56","modified_gmt":"2025-07-14T14:43:56","slug":"pewetools-limited-schnellwechselhalter-nach-dem-system-multifix","status":"publish","type":"page","link":"https:\/\/pewetools.de\/fr\/","title":{"rendered":"PeWeTools                                                                                                                   Support de changement rapide selon le syst\u00e8me Multifix"},"content":{"rendered":"\n<h2 class=\"wp-block-heading\"><\/h2>\n\n\n\n<p><\/p>\n\n\n\n<div style=\"height:50px\" aria-hidden=\"true\" class=\"wp-block-spacer\"><\/div>\n\n\n\n<hr class=\"wp-block-separator has-css-opacity\"\/>\n\n\n\n<p class=\"has-text-align-center has-very-dark-gray-color has-text-color\" style=\"font-size:18px\">           Bienvenue !<\/p>\n\n\n\n<p> Quel est le dicton ? Petit mais sympa ! Nous sommes hautement sp\u00e9cialis\u00e9s dans les syst\u00e8mes de mesure pour machines-outils (tours, fraiseuses et perceuses) ainsi que dans les syst\u00e8mes de fixation \u00e0 changement rapide (selon le syst\u00e8me Multifix). Nous servons nos clients dans le monde entier et ils sont actifs dans presque toutes les industries. Par exemple, nous comptons parmi nos clients des entreprises am\u00e9ricaines qui produisent pour la NASA et l&#8217;arm\u00e9e de l&#8217;air, ainsi que des personnes occupant des postes extraordinaires comme le directeur du Centre technologique universitaire pour la m\u00e9canique des solides D\u00e9partement des sciences de l&#8217;ing\u00e9nierie Universit\u00e9 d&#8217;Oxford Grande-Bretagne . . . mais bien s\u00fbr aussi des personnes priv\u00e9es &#8220;comme vous et moi&#8221;<\/p>\n\n\n\n<div class=\"wp-block-columns is-layout-flex wp-container-core-columns-is-layout-28f84493 wp-block-columns-is-layout-flex\">\n<div class=\"wp-block-column is-layout-flow wp-block-column-is-layout-flow\" style=\"flex-basis:65%\">\n<figure class=\"wp-block-pullquote alignfull has-border-color has-text-color\" style=\"border-color:#008080;color:#008080\"><blockquote><p>Les caract\u00e9ristiques de conception et les particularit\u00e9s de nos syst\u00e8mes de changement rapide qui distinguent nos produits du reste du march\u00e9.<\/p><cite><a href=\"\/fr\/?page_id=7327\"><strong>&gt; Hier erfahren Sie mehr! &lt;<\/strong><\/a><\/cite><\/blockquote><\/figure>\n<\/div>\n\n\n\n<div class=\"wp-block-column is-layout-flow wp-block-column-is-layout-flow\">\n<h3 class=\"wp-block-heading has-text-color\" style=\"color:#008080\"><strong>DETERMINE SUITABLE HOLDER SIZE<\/strong><\/h3>\n\n\n\n<div class=\"wp-block-buttons is-layout-flex wp-block-buttons-is-layout-flex\">\n<div class=\"wp-block-button\"><a class=\"wp-block-button__link has-cyan-bluish-gray-background-color has-background has-small-font-size has-custom-font-size wp-element-button\" href=\"https:\/\/pewetools.de\/wp-content\/uploads\/2025\/02\/Schnellwechselhaltergrundkoerper-EN-Jan2025.pdf\" style=\"border-radius:45px\" target=\"_blank\" rel=\"noreferrer noopener\">Determine the appropriate size <br>(PDF)<br><\/a><\/div>\n\n\n\n<div class=\"wp-block-button\"><a class=\"wp-block-button__link has-background has-small-font-size has-custom-font-size wp-element-button\" href=\"https:\/\/youtu.be\/UO2s1RI14WM\" style=\"border-radius:45px;background-color:#008080\">Determine the appropriate size&nbsp;<br>(Video)<\/a><\/div>\n<\/div>\n<\/div>\n<\/div>\n\n\n\n<div class=\"wp-block-columns has-3-columns is-layout-flex wp-container-core-columns-is-layout-28f84493 wp-block-columns-is-layout-flex\">\n<div class=\"wp-block-column is-layout-flow wp-block-column-is-layout-flow\"><div class=\"wp-block-image\">\n<figure class=\"aligncenter is-resized\"><img loading=\"lazy\" decoding=\"async\" width=\"150\" height=\"150\" src=\"https:\/\/pewetools.de\/wp-content\/uploads\/2019\/07\/10-150x150.jpg\" alt=\"\" class=\"wp-image-6289\" style=\"width:150px;height:150px\" srcset=\"https:\/\/pewetools.de\/wp-content\/uploads\/2019\/07\/10-150x150.jpg 150w, https:\/\/pewetools.de\/wp-content\/uploads\/2019\/07\/10-100x100.jpg 100w, https:\/\/pewetools.de\/wp-content\/uploads\/2019\/07\/10.jpg 250w\" sizes=\"auto, (max-width: 150px) 100vw, 150px\" \/><\/figure><\/div>\n\n\n<h3 class=\"wp-block-heading has-text-align-center\"><strong>Taille des syst\u00e8mes<\/strong><\/h3>\n\n\n\n<p class=\"has-text-align-center\" style=\"font-size:15px\"><span class=\"tlid-translation translation\"><span class=\"\" title=\"\">De Aaa, le plus petit syst\u00e8me de support en acier \u00e0 changement rapide du monde, aux syst\u00e8mes Aa, AS, A, B, C et D1 \/ D2, nous pouvons couvrir toutes les tailles<\/span><\/span><\/p>\n<\/div>\n\n\n\n<div class=\"wp-block-column is-layout-flow wp-block-column-is-layout-flow\"><div class=\"wp-block-image\">\n<figure class=\"aligncenter size-full is-resized\"><a href=\"https:\/\/pewetools.de\/wp-content\/uploads\/2025\/07\/DOT164-1.jpg\"><img loading=\"lazy\" decoding=\"async\" width=\"250\" height=\"250\" src=\"https:\/\/pewetools.de\/wp-content\/uploads\/2025\/07\/DOT164-1.jpg\" alt=\"\" class=\"wp-image-17087\" style=\"width:150px;height:150px\" srcset=\"https:\/\/pewetools.de\/wp-content\/uploads\/2025\/07\/DOT164-1.jpg 250w, https:\/\/pewetools.de\/wp-content\/uploads\/2025\/07\/DOT164-1-150x150.jpg 150w, https:\/\/pewetools.de\/wp-content\/uploads\/2025\/07\/DOT164-1-100x100.jpg 100w\" sizes=\"auto, (max-width: 250px) 100vw, 250px\" \/><\/a><\/figure><\/div>\n\n\n<h3 class=\"wp-block-heading has-text-align-center\"><strong>Variations des titulaires <\/strong><\/h3>\n\n\n\n<p class=\"has-text-align-center\">C&#8217;est deux fois plus que tous les autres fournisseurs mondiaux r\u00e9unis<\/p>\n\n\n\n<p class=\"has-text-align-center\" style=\"font-size:15px\"><span class=\"tlid-translation translation\"><span class=\"\" title=\"\">Que ce soit le porte-outil, le porte-outil rotatif, le porte-barre d&#8217;al\u00e9sage, etc., nous offrons le support en acier \u00e0 changement rapide qui convient, pour presque toutes les applications.<\/span><\/span><\/p>\n<\/div>\n\n\n\n<div class=\"wp-block-column is-layout-flow wp-block-column-is-layout-flow\"><div class=\"wp-block-image\">\n<figure class=\"aligncenter is-resized\"><img loading=\"lazy\" decoding=\"async\" width=\"150\" height=\"150\" src=\"https:\/\/pewetools.de\/wp-content\/uploads\/2020\/04\/haertegarantie_42-46-150x150.jpg\" alt=\"\" class=\"wp-image-8096\" style=\"width:150px;height:150px\" srcset=\"https:\/\/pewetools.de\/wp-content\/uploads\/2020\/04\/haertegarantie_42-46-150x150.jpg 150w, https:\/\/pewetools.de\/wp-content\/uploads\/2020\/04\/haertegarantie_42-46-100x100.jpg 100w, https:\/\/pewetools.de\/wp-content\/uploads\/2020\/04\/haertegarantie_42-46.jpg 250w\" sizes=\"auto, (max-width: 150px) 100vw, 150px\" \/><\/figure><\/div>\n\n\n<h3 class=\"wp-block-heading has-text-align-center\"><strong><span class=\"tlid-translation translation\"><span title=\"\">duret\u00e9<\/span> <span class=\"\" title=\"\">garantie<\/span><\/span><\/strong><\/h3>\n\n\n\n<p class=\"has-text-align-center\" style=\"font-size:15px\"><span class=\"tlid-translation translation\"><span class=\"\" title=\"\">Pour chaque ensemble AS \u00e0 D2 achet\u00e9 chez nous, vous recevrez un protocole de mesure de la duret\u00e9 pour le corps principal et pour le titulaire.<\/span><\/span><\/p>\n<\/div>\n<\/div>\n\n\n\n<hr class=\"wp-block-separator has-css-opacity\"\/>\n\n\n\n<p><\/p>\n","protected":false},"excerpt":{"rendered":"<p>Bienvenue ! Quel est le dicton ? Petit mais sympa ! Nous sommes hautement sp\u00e9cialis\u00e9s dans les syst\u00e8mes de mesure pour machines-outils (tours, fraiseuses et perceuses) ainsi que dans les syst\u00e8mes de fixation \u00e0 changement rapide (selon le syst\u00e8me Multifix). Nous servons nos clients dans le monde entier et ils sont actifs dans presque toutes [&hellip;]<\/p>\n","protected":false},"author":1,"featured_media":0,"parent":0,"menu_order":0,"comment_status":"closed","ping_status":"closed","template":"template-homepage.php","meta":{"footnotes":""},"class_list":["post-7233","page","type-page","status-publish","hentry"],"yoast_head":"<!-- This site is optimized with the Yoast SEO plugin v27.1.1 - https:\/\/yoast.com\/product\/yoast-seo-wordpress\/ -->\n<title>Schnellwechselhalter nach Multifix System<\/title>\n<meta name=\"description\" content=\"Wir haben uns hochgradig auf Messsysteme f\u00fcr Dreh-, Fr\u00e4s- Bohrmaschinen sowie auf Schnellwechselhaltersysteme (nach System Multifix) spezialisiert.\" \/>\n<meta name=\"robots\" content=\"index, follow, max-snippet:-1, max-image-preview:large, max-video-preview:-1\" \/>\n<link rel=\"canonical\" href=\"https:\/\/pewetools.de\/fr\/\" \/>\n<meta property=\"og:locale\" content=\"fr_FR\" \/>\n<meta property=\"og:type\" content=\"article\" \/>\n<meta property=\"og:title\" content=\"Schnellwechselhalter nach Multifix System\" \/>\n<meta property=\"og:description\" content=\"Wir haben uns hochgradig auf Messsysteme f\u00fcr Dreh-, Fr\u00e4s- Bohrmaschinen sowie auf Schnellwechselhaltersysteme (nach System Multifix) spezialisiert.\" \/>\n<meta property=\"og:url\" content=\"https:\/\/pewetools.de\/fr\/\" \/>\n<meta property=\"og:site_name\" content=\"PeWeTools Schnellwechselhalter nach System Multifix\" \/>\n<meta property=\"article:modified_time\" content=\"2025-07-14T14:43:56+00:00\" \/>\n<meta property=\"og:image\" content=\"https:\/\/pewetools.de\/wp-content\/uploads\/2019\/07\/10.jpg\" \/>\n\t<meta property=\"og:image:width\" content=\"250\" \/>\n\t<meta property=\"og:image:height\" content=\"250\" \/>\n\t<meta property=\"og:image:type\" content=\"image\/jpeg\" \/>\n<meta name=\"twitter:card\" content=\"summary_large_image\" \/>\n<meta name=\"twitter:label1\" content=\"Dur\u00e9e de lecture estim\u00e9e\" \/>\n\t<meta name=\"twitter:data1\" content=\"2 minutes\" \/>\n<script type=\"application\/ld+json\" class=\"yoast-schema-graph\">{\"@context\":\"https:\/\/schema.org\",\"@graph\":[{\"@type\":\"WebPage\",\"@id\":\"https:\/\/pewetools.de\/fr\/\",\"url\":\"https:\/\/pewetools.de\/fr\/\",\"name\":\"Schnellwechselhalter nach Multifix System\",\"isPartOf\":{\"@id\":\"https:\/\/pewetools.de\/#website\"},\"primaryImageOfPage\":{\"@id\":\"https:\/\/pewetools.de\/fr\/#primaryimage\"},\"image\":{\"@id\":\"https:\/\/pewetools.de\/fr\/#primaryimage\"},\"thumbnailUrl\":\"https:\/\/pewetools.de\/wp-content\/uploads\/2019\/07\/10-150x150.jpg\",\"datePublished\":\"2019-09-11T09:05:29+00:00\",\"dateModified\":\"2025-07-14T14:43:56+00:00\",\"description\":\"Wir haben uns hochgradig auf Messsysteme f\u00fcr Dreh-, Fr\u00e4s- Bohrmaschinen sowie auf Schnellwechselhaltersysteme (nach System Multifix) spezialisiert.\",\"breadcrumb\":{\"@id\":\"https:\/\/pewetools.de\/fr\/#breadcrumb\"},\"inLanguage\":\"fr-FR\",\"potentialAction\":[{\"@type\":\"ReadAction\",\"target\":[\"https:\/\/pewetools.de\/fr\/\"]}]},{\"@type\":\"ImageObject\",\"inLanguage\":\"fr-FR\",\"@id\":\"https:\/\/pewetools.de\/fr\/#primaryimage\",\"url\":\"https:\/\/pewetools.de\/wp-content\/uploads\/2019\/07\/10-150x150.jpg\",\"contentUrl\":\"https:\/\/pewetools.de\/wp-content\/uploads\/2019\/07\/10-150x150.jpg\"},{\"@type\":\"BreadcrumbList\",\"@id\":\"https:\/\/pewetools.de\/fr\/#breadcrumb\",\"itemListElement\":[{\"@type\":\"ListItem\",\"position\":1,\"name\":\"maison\",\"item\":\"https:\/\/pewetools.de\/fr\/\"},{\"@type\":\"ListItem\",\"position\":2,\"name\":\"PeWeTools Support de changement rapide selon le syst\u00e8me Multifix\"}]},{\"@type\":\"WebSite\",\"@id\":\"https:\/\/pewetools.de\/#website\",\"url\":\"https:\/\/pewetools.de\/\",\"name\":\"PeWeTools Schnellwechselhalter nach System Multifix\",\"description\":\"\",\"potentialAction\":[{\"@type\":\"SearchAction\",\"target\":{\"@type\":\"EntryPoint\",\"urlTemplate\":\"https:\/\/pewetools.de\/?s={search_term_string}\"},\"query-input\":{\"@type\":\"PropertyValueSpecification\",\"valueRequired\":true,\"valueName\":\"search_term_string\"}}],\"inLanguage\":\"fr-FR\"}]}<\/script>\n<!-- \/ Yoast SEO plugin. -->","yoast_head_json":{"title":"Schnellwechselhalter nach Multifix System","description":"Wir haben uns hochgradig auf Messsysteme f\u00fcr Dreh-, Fr\u00e4s- Bohrmaschinen sowie auf Schnellwechselhaltersysteme (nach System Multifix) spezialisiert.","robots":{"index":"index","follow":"follow","max-snippet":"max-snippet:-1","max-image-preview":"max-image-preview:large","max-video-preview":"max-video-preview:-1"},"canonical":"https:\/\/pewetools.de\/fr\/","og_locale":"fr_FR","og_type":"article","og_title":"Schnellwechselhalter nach Multifix System","og_description":"Wir haben uns hochgradig auf Messsysteme f\u00fcr Dreh-, Fr\u00e4s- Bohrmaschinen sowie auf Schnellwechselhaltersysteme (nach System Multifix) spezialisiert.","og_url":"https:\/\/pewetools.de\/fr\/","og_site_name":"PeWeTools Schnellwechselhalter nach System Multifix","article_modified_time":"2025-07-14T14:43:56+00:00","og_image":[{"width":250,"height":250,"url":"https:\/\/pewetools.de\/wp-content\/uploads\/2019\/07\/10.jpg","type":"image\/jpeg"}],"twitter_card":"summary_large_image","twitter_misc":{"Dur\u00e9e de lecture estim\u00e9e":"2 minutes"},"schema":{"@context":"https:\/\/schema.org","@graph":[{"@type":"WebPage","@id":"https:\/\/pewetools.de\/fr\/","url":"https:\/\/pewetools.de\/fr\/","name":"Schnellwechselhalter nach Multifix System","isPartOf":{"@id":"https:\/\/pewetools.de\/#website"},"primaryImageOfPage":{"@id":"https:\/\/pewetools.de\/fr\/#primaryimage"},"image":{"@id":"https:\/\/pewetools.de\/fr\/#primaryimage"},"thumbnailUrl":"https:\/\/pewetools.de\/wp-content\/uploads\/2019\/07\/10-150x150.jpg","datePublished":"2019-09-11T09:05:29+00:00","dateModified":"2025-07-14T14:43:56+00:00","description":"Wir haben uns hochgradig auf Messsysteme f\u00fcr Dreh-, Fr\u00e4s- Bohrmaschinen sowie auf Schnellwechselhaltersysteme (nach System Multifix) spezialisiert.","breadcrumb":{"@id":"https:\/\/pewetools.de\/fr\/#breadcrumb"},"inLanguage":"fr-FR","potentialAction":[{"@type":"ReadAction","target":["https:\/\/pewetools.de\/fr\/"]}]},{"@type":"ImageObject","inLanguage":"fr-FR","@id":"https:\/\/pewetools.de\/fr\/#primaryimage","url":"https:\/\/pewetools.de\/wp-content\/uploads\/2019\/07\/10-150x150.jpg","contentUrl":"https:\/\/pewetools.de\/wp-content\/uploads\/2019\/07\/10-150x150.jpg"},{"@type":"BreadcrumbList","@id":"https:\/\/pewetools.de\/fr\/#breadcrumb","itemListElement":[{"@type":"ListItem","position":1,"name":"maison","item":"https:\/\/pewetools.de\/fr\/"},{"@type":"ListItem","position":2,"name":"PeWeTools Support de changement rapide selon le syst\u00e8me Multifix"}]},{"@type":"WebSite","@id":"https:\/\/pewetools.de\/#website","url":"https:\/\/pewetools.de\/","name":"PeWeTools Schnellwechselhalter nach System Multifix","description":"","potentialAction":[{"@type":"SearchAction","target":{"@type":"EntryPoint","urlTemplate":"https:\/\/pewetools.de\/?s={search_term_string}"},"query-input":{"@type":"PropertyValueSpecification","valueRequired":true,"valueName":"search_term_string"}}],"inLanguage":"fr-FR"}]}},"_links":{"self":[{"href":"https:\/\/pewetools.de\/fr\/wp-json\/wp\/v2\/pages\/7233","targetHints":{"allow":["GET"]}}],"collection":[{"href":"https:\/\/pewetools.de\/fr\/wp-json\/wp\/v2\/pages"}],"about":[{"href":"https:\/\/pewetools.de\/fr\/wp-json\/wp\/v2\/types\/page"}],"author":[{"embeddable":true,"href":"https:\/\/pewetools.de\/fr\/wp-json\/wp\/v2\/users\/1"}],"replies":[{"embeddable":true,"href":"https:\/\/pewetools.de\/fr\/wp-json\/wp\/v2\/comments?post=7233"}],"version-history":[{"count":28,"href":"https:\/\/pewetools.de\/fr\/wp-json\/wp\/v2\/pages\/7233\/revisions"}],"predecessor-version":[{"id":17094,"href":"https:\/\/pewetools.de\/fr\/wp-json\/wp\/v2\/pages\/7233\/revisions\/17094"}],"wp:attachment":[{"href":"https:\/\/pewetools.de\/fr\/wp-json\/wp\/v2\/media?parent=7233"}],"curies":[{"name":"wp","href":"https:\/\/api.w.org\/{rel}","templated":true}]}}