{"id":7241,"date":"2019-09-11T09:21:59","date_gmt":"2019-09-11T09:21:59","guid":{"rendered":"https:\/\/pewetools.de\/gewaehrleistung-und-reparaturen\/"},"modified":"2021-01-01T17:08:16","modified_gmt":"2021-01-01T16:08:16","slug":"gewaehrleistung-und-reparaturen","status":"publish","type":"page","link":"https:\/\/pewetools.de\/fr\/gewaehrleistung-und-reparaturen\/","title":{"rendered":"Gew\u00e4hrleistung und Reparaturen"},"content":{"rendered":"\n<h2 class=\"wp-block-heading\"><span class=\"tlid-translation translation\"><span class=\"\" title=\"\">Ici, vous pouvez vous informer sur nos demandes de garantie et de r\u00e9paration.<\/span><\/span><\/h2>\n\n\n\n<p>Vous avez la possibilit\u00e9 de nous faire part de votre demande et d\u2019envoyer des images ou d\u2019autres documents. Toutes les demandes ou plaintes seront trait\u00e9es le plus rapidement possible et recevront une r\u00e9ponse.<\/p>\n\n\n\n<div class=\"wpcf7 no-js\" id=\"wpcf7-f9095-o1\" lang=\"fr-FR\" dir=\"ltr\" data-wpcf7-id=\"9095\">\n<div class=\"screen-reader-response\"><p role=\"status\" aria-live=\"polite\" aria-atomic=\"true\"><\/p> <ul><\/ul><\/div>\n<form action=\"\/fr\/wp-json\/wp\/v2\/pages\/7241#wpcf7-f9095-o1\" method=\"post\" class=\"wpcf7-form init\" aria-label=\"Formulaire de contact\" enctype=\"multipart\/form-data\" novalidate=\"novalidate\" data-status=\"init\">\n<fieldset class=\"hidden-fields-container\"><input type=\"hidden\" name=\"_wpcf7\" value=\"9095\" \/><input type=\"hidden\" name=\"_wpcf7_version\" value=\"6.1.5\" \/><input type=\"hidden\" name=\"_wpcf7_locale\" value=\"fr_FR\" \/><input type=\"hidden\" name=\"_wpcf7_unit_tag\" value=\"wpcf7-f9095-o1\" \/><input type=\"hidden\" name=\"_wpcf7_container_post\" value=\"0\" \/><input type=\"hidden\" name=\"_wpcf7_posted_data_hash\" value=\"\" \/>\n<\/fieldset>\n<p><span class=\"wpcf7-form-control-wrap\" data-name=\"Geschlecht\"><span class=\"wpcf7-form-control wpcf7-radio\"><span class=\"wpcf7-list-item first\"><input type=\"radio\" name=\"Geschlecht\" value=\"Mme\" \/><span class=\"wpcf7-list-item-label\">Mme<\/span><\/span><span class=\"wpcf7-list-item last\"><input type=\"radio\" name=\"Geschlecht\" value=\"M.\" \/><span class=\"wpcf7-list-item-label\">M.<\/span><\/span><\/span><\/span><br \/>\n<label> Votre pr\u00e9nom<br \/>\n<span class=\"wpcf7-form-control-wrap\" data-name=\"your-vorname\"><input size=\"40\" maxlength=\"400\" class=\"wpcf7-form-control wpcf7-text\" aria-invalid=\"false\" value=\"\" type=\"text\" name=\"your-vorname\" \/><\/span> <\/label>\n<\/p>\n<p><label> Votre nom de famille<br \/>\n<span class=\"wpcf7-form-control-wrap\" data-name=\"your-nachname\"><input size=\"40\" maxlength=\"400\" class=\"wpcf7-form-control wpcf7-text\" aria-invalid=\"false\" value=\"\" type=\"text\" name=\"your-nachname\" \/><\/span> <\/label>\n<\/p>\n<p><label> Votre adresse e-mail<br \/>\n<span class=\"wpcf7-form-control-wrap\" data-name=\"your-email\"><input size=\"40\" maxlength=\"400\" class=\"wpcf7-form-control wpcf7-email wpcf7-text wpcf7-validates-as-email\" aria-invalid=\"false\" value=\"\" type=\"email\" name=\"your-email\" \/><\/span> <\/label>\n<\/p>\n<p>Vous avez des questions sur les sujets suivants:<br \/>\n<span class=\"wpcf7-form-control-wrap\" data-name=\"Themen\"><span class=\"wpcf7-form-control wpcf7-radio\"><span class=\"wpcf7-list-item first\"><label><input type=\"radio\" name=\"Themen\" value=\"Garantie\" checked=\"checked\" \/><span class=\"wpcf7-list-item-label\">Garantie<\/span><\/label><\/span><span class=\"wpcf7-list-item\"><label><input type=\"radio\" name=\"Themen\" value=\"R\u00e9paration\" \/><span class=\"wpcf7-list-item-label\">R\u00e9paration<\/span><\/label><\/span><span class=\"wpcf7-list-item\"><label><input type=\"radio\" name=\"Themen\" value=\"Pi\u00e8ces de rechange\" \/><span class=\"wpcf7-list-item-label\">Pi\u00e8ces de rechange<\/span><\/label><\/span><span class=\"wpcf7-list-item last\"><label><input type=\"radio\" name=\"Themen\" value=\"Plainte\" \/><span class=\"wpcf7-list-item-label\">Plainte<\/span><\/label><\/span><\/span><\/span>\n<\/p>\n<p><label> Votre message<br \/>\n<span class=\"wpcf7-form-control-wrap\" data-name=\"your-message\"><textarea cols=\"40\" rows=\"10\" maxlength=\"2000\" class=\"wpcf7-form-control wpcf7-textarea\" aria-invalid=\"false\" name=\"your-message\"><\/textarea><\/span> <\/label>\n<\/p>\n<p><span class=\"wpcf7-form-control-wrap\" data-name=\"acceptance-208\"><span class=\"wpcf7-form-control wpcf7-acceptance\"><span class=\"wpcf7-list-item\"><label><input type=\"checkbox\" name=\"acceptance-208\" value=\"1\" aria-invalid=\"false\" \/><span class=\"wpcf7-list-item-label\">J'ai lu la politique de confidentialit\u00e9 et je consens par la pr\u00e9sente \u00e0 l'utilisation de mes informations personnelles par PeWeTools Peter Wendlandt.<\/span><\/label><\/span><\/span><\/span>\n<\/p>\n<p>Ici vous avez la possibilit\u00e9 de nous envoyer un fichier. (Max 6 MB, seulement PDF, JPG, GIF)<span class=\"wpcf7-form-control-wrap\" data-name=\"file-340\"><input size=\"40\" class=\"wpcf7-form-control wpcf7-file\" accept=\".pdf,.jpg,.gif\" aria-invalid=\"false\" type=\"file\" name=\"file-340\" \/><\/span>\n<\/p>\n<p><input class=\"wpcf7-form-control wpcf7-submit has-spinner\" type=\"submit\" value=\"envoyer\" \/>\n<\/p><div class=\"wpcf7-response-output\" aria-hidden=\"true\"><\/div>\n<\/form>\n<\/div>\n\n","protected":false},"excerpt":{"rendered":"<p>Ici, vous pouvez vous informer sur nos demandes de garantie et de r\u00e9paration. Vous avez la possibilit\u00e9 de nous faire part de votre demande et d\u2019envoyer des images ou d\u2019autres documents. Toutes les demandes ou plaintes seront trait\u00e9es le plus rapidement possible et recevront une r\u00e9ponse.<\/p>\n","protected":false},"author":1,"featured_media":0,"parent":0,"menu_order":0,"comment_status":"closed","ping_status":"closed","template":"","meta":{"footnotes":""},"class_list":["post-7241","page","type-page","status-publish","hentry"],"yoast_head":"<!-- This site is optimized with the Yoast SEO plugin v27.4 - https:\/\/yoast.com\/product\/yoast-seo-wordpress\/ -->\n<title>Gew\u00e4hrleistung und Reparaturen<\/title>\n<meta name=\"description\" content=\"Zum unseren Service z\u00e4hlen nicht nur hochwertige Produkte sondern auch ein kompetenter Kundenservice sowie ein Aftersaleservice\" \/>\n<meta name=\"robots\" content=\"index, follow, max-snippet:-1, max-image-preview:large, max-video-preview:-1\" \/>\n<link rel=\"canonical\" href=\"https:\/\/pewetools.de\/fr\/gewaehrleistung-und-reparaturen\/\" \/>\n<meta property=\"og:locale\" content=\"fr_FR\" \/>\n<meta property=\"og:type\" content=\"article\" \/>\n<meta property=\"og:title\" content=\"Gew\u00e4hrleistung und Reparaturen\" \/>\n<meta property=\"og:description\" content=\"Zum unseren Service z\u00e4hlen nicht nur hochwertige Produkte sondern auch ein kompetenter Kundenservice sowie ein Aftersaleservice\" \/>\n<meta property=\"og:url\" content=\"https:\/\/pewetools.de\/fr\/gewaehrleistung-und-reparaturen\/\" \/>\n<meta property=\"og:site_name\" content=\"PeWeTools Schnellwechselhalter nach System Multifix\" \/>\n<meta property=\"article:modified_time\" content=\"2021-01-01T16:08:16+00:00\" \/>\n<meta name=\"twitter:card\" content=\"summary_large_image\" \/>\n<script type=\"application\/ld+json\" class=\"yoast-schema-graph\">{\"@context\":\"https:\\\/\\\/schema.org\",\"@graph\":[{\"@type\":\"WebPage\",\"@id\":\"https:\\\/\\\/pewetools.de\\\/fr\\\/gewaehrleistung-und-reparaturen\\\/\",\"url\":\"https:\\\/\\\/pewetools.de\\\/fr\\\/gewaehrleistung-und-reparaturen\\\/\",\"name\":\"Gew\u00e4hrleistung und Reparaturen\",\"isPartOf\":{\"@id\":\"https:\\\/\\\/pewetools.de\\\/#website\"},\"datePublished\":\"2019-09-11T09:21:59+00:00\",\"dateModified\":\"2021-01-01T16:08:16+00:00\",\"description\":\"Zum unseren Service z\u00e4hlen nicht nur hochwertige Produkte sondern auch ein kompetenter Kundenservice sowie ein Aftersaleservice\",\"breadcrumb\":{\"@id\":\"https:\\\/\\\/pewetools.de\\\/fr\\\/gewaehrleistung-und-reparaturen\\\/#breadcrumb\"},\"inLanguage\":\"fr-FR\",\"potentialAction\":[{\"@type\":\"ReadAction\",\"target\":[\"https:\\\/\\\/pewetools.de\\\/fr\\\/gewaehrleistung-und-reparaturen\\\/\"]}]},{\"@type\":\"BreadcrumbList\",\"@id\":\"https:\\\/\\\/pewetools.de\\\/fr\\\/gewaehrleistung-und-reparaturen\\\/#breadcrumb\",\"itemListElement\":[{\"@type\":\"ListItem\",\"position\":1,\"name\":\"maison\",\"item\":\"https:\\\/\\\/pewetools.de\\\/fr\\\/\"},{\"@type\":\"ListItem\",\"position\":2,\"name\":\"Gew\u00e4hrleistung und Reparaturen\"}]},{\"@type\":\"WebSite\",\"@id\":\"https:\\\/\\\/pewetools.de\\\/#website\",\"url\":\"https:\\\/\\\/pewetools.de\\\/\",\"name\":\"PeWeTools Schnellwechselhalter nach System Multifix\",\"description\":\"\",\"potentialAction\":[{\"@type\":\"SearchAction\",\"target\":{\"@type\":\"EntryPoint\",\"urlTemplate\":\"https:\\\/\\\/pewetools.de\\\/?s={search_term_string}\"},\"query-input\":{\"@type\":\"PropertyValueSpecification\",\"valueRequired\":true,\"valueName\":\"search_term_string\"}}],\"inLanguage\":\"fr-FR\"}]}<\/script>\n<!-- \/ Yoast SEO plugin. -->","yoast_head_json":{"title":"Gew\u00e4hrleistung und Reparaturen","description":"Zum unseren Service z\u00e4hlen nicht nur hochwertige Produkte sondern auch ein kompetenter Kundenservice sowie ein Aftersaleservice","robots":{"index":"index","follow":"follow","max-snippet":"max-snippet:-1","max-image-preview":"max-image-preview:large","max-video-preview":"max-video-preview:-1"},"canonical":"https:\/\/pewetools.de\/fr\/gewaehrleistung-und-reparaturen\/","og_locale":"fr_FR","og_type":"article","og_title":"Gew\u00e4hrleistung und Reparaturen","og_description":"Zum unseren Service z\u00e4hlen nicht nur hochwertige Produkte sondern auch ein kompetenter Kundenservice sowie ein Aftersaleservice","og_url":"https:\/\/pewetools.de\/fr\/gewaehrleistung-und-reparaturen\/","og_site_name":"PeWeTools Schnellwechselhalter nach System Multifix","article_modified_time":"2021-01-01T16:08:16+00:00","twitter_card":"summary_large_image","schema":{"@context":"https:\/\/schema.org","@graph":[{"@type":"WebPage","@id":"https:\/\/pewetools.de\/fr\/gewaehrleistung-und-reparaturen\/","url":"https:\/\/pewetools.de\/fr\/gewaehrleistung-und-reparaturen\/","name":"Gew\u00e4hrleistung und Reparaturen","isPartOf":{"@id":"https:\/\/pewetools.de\/#website"},"datePublished":"2019-09-11T09:21:59+00:00","dateModified":"2021-01-01T16:08:16+00:00","description":"Zum unseren Service z\u00e4hlen nicht nur hochwertige Produkte sondern auch ein kompetenter Kundenservice sowie ein Aftersaleservice","breadcrumb":{"@id":"https:\/\/pewetools.de\/fr\/gewaehrleistung-und-reparaturen\/#breadcrumb"},"inLanguage":"fr-FR","potentialAction":[{"@type":"ReadAction","target":["https:\/\/pewetools.de\/fr\/gewaehrleistung-und-reparaturen\/"]}]},{"@type":"BreadcrumbList","@id":"https:\/\/pewetools.de\/fr\/gewaehrleistung-und-reparaturen\/#breadcrumb","itemListElement":[{"@type":"ListItem","position":1,"name":"maison","item":"https:\/\/pewetools.de\/fr\/"},{"@type":"ListItem","position":2,"name":"Gew\u00e4hrleistung und Reparaturen"}]},{"@type":"WebSite","@id":"https:\/\/pewetools.de\/#website","url":"https:\/\/pewetools.de\/","name":"PeWeTools Schnellwechselhalter nach System Multifix","description":"","potentialAction":[{"@type":"SearchAction","target":{"@type":"EntryPoint","urlTemplate":"https:\/\/pewetools.de\/?s={search_term_string}"},"query-input":{"@type":"PropertyValueSpecification","valueRequired":true,"valueName":"search_term_string"}}],"inLanguage":"fr-FR"}]}},"_links":{"self":[{"href":"https:\/\/pewetools.de\/fr\/wp-json\/wp\/v2\/pages\/7241","targetHints":{"allow":["GET"]}}],"collection":[{"href":"https:\/\/pewetools.de\/fr\/wp-json\/wp\/v2\/pages"}],"about":[{"href":"https:\/\/pewetools.de\/fr\/wp-json\/wp\/v2\/types\/page"}],"author":[{"embeddable":true,"href":"https:\/\/pewetools.de\/fr\/wp-json\/wp\/v2\/users\/1"}],"replies":[{"embeddable":true,"href":"https:\/\/pewetools.de\/fr\/wp-json\/wp\/v2\/comments?post=7241"}],"version-history":[{"count":2,"href":"https:\/\/pewetools.de\/fr\/wp-json\/wp\/v2\/pages\/7241\/revisions"}],"predecessor-version":[{"id":9100,"href":"https:\/\/pewetools.de\/fr\/wp-json\/wp\/v2\/pages\/7241\/revisions\/9100"}],"wp:attachment":[{"href":"https:\/\/pewetools.de\/fr\/wp-json\/wp\/v2\/media?parent=7241"}],"curies":[{"name":"wp","href":"https:\/\/api.w.org\/{rel}","templated":true}]}}