{"id":7296,"date":"2019-09-11T10:54:07","date_gmt":"2019-09-11T10:54:07","guid":{"rendered":"https:\/\/pewetools.de\/payment_methods\/"},"modified":"2024-01-22T12:09:17","modified_gmt":"2024-01-22T11:09:17","slug":"payment_methods","status":"publish","type":"page","link":"https:\/\/pewetools.de\/fr\/payment_methods\/","title":{"rendered":"Payment_methods"},"content":{"rendered":"<ul class=\"payment_methods methods\">\n<li class=\"payment_method_bacs\">Paiement anticip\u00e9\n<div class=\"payment_box payment_method_bacs\">\n<p>Virement directement sur notre compte bancaire. Veuillez indiquer le num\u00e9ro de commande comme motif de paiement. Votre commande sera envoy\u00e9e d\u00e8s que l&#8217;argent aura \u00e9t\u00e9 cr\u00e9dit\u00e9 sur notre compte.<\/p>\n<p>Donn\u00e9es bancaires :<br \/>\n(titulaire du compte) Peter Wendlandt<br \/>\n(banque) Landesbank Baden-W\u00fcrttemberg<br \/>\n(IBAN) DE7160 0501 0100 0269 8094<br \/>\n(BIC\/SWIFT) SOLADEST600<\/p>\n<\/div>\n<\/li>\n<li class=\"payment_method_paypal\"><label>PayPal<img decoding=\"async\" src=\"https:\/\/pewetools.de\/wp-content\/plugins\/woocommerce\/includes\/gateways\/paypal\/assets\/images\/paypal.png\" alt=\"PayPal acceptance mark\" \/><a class=\"about_paypal\" href=\"https:\/\/www.paypal.com\/de\/webapps\/mpp\/paypal-popup\">What is PayPal?<\/a><\/label>\n<div class=\"payment_box payment_method_paypal\">\n<p>Paiement par Paypal. Des frais de 2,49% du montant total sont pr\u00e9lev\u00e9s. Ces frais sont affich\u00e9s dans le panier\/la caisse et sont inclus dans le montant du paiement. Si vous n&#8217;avez pas de compte PayPal, vous pouvez \u00e9galement payer par carte de cr\u00e9dit.<\/p>\n<\/div>\n<\/li>\n<\/ul>\n","protected":false},"excerpt":{"rendered":"<p>Paiement anticip\u00e9 Virement directement sur notre compte bancaire. Veuillez indiquer le num\u00e9ro de commande comme motif de paiement. Votre commande sera envoy\u00e9e d\u00e8s que l&#8217;argent aura \u00e9t\u00e9 cr\u00e9dit\u00e9 sur notre compte. Donn\u00e9es bancaires : (titulaire du compte) Peter Wendlandt (banque) Landesbank Baden-W\u00fcrttemberg (IBAN) DE7160 0501 0100 0269 8094 (BIC\/SWIFT) SOLADEST600 PayPalWhat is PayPal? Paiement par [&hellip;]<\/p>\n","protected":false},"author":1,"featured_media":0,"parent":0,"menu_order":0,"comment_status":"closed","ping_status":"closed","template":"","meta":{"footnotes":""},"class_list":["post-7296","page","type-page","status-publish","hentry"],"yoast_head":"<!-- This site is optimized with the Yoast SEO plugin v27.4 - https:\/\/yoast.com\/product\/yoast-seo-wordpress\/ -->\n<title>Payment_methods<\/title>\n<meta name=\"robots\" content=\"index, follow, max-snippet:-1, max-image-preview:large, max-video-preview:-1\" \/>\n<link rel=\"canonical\" href=\"https:\/\/pewetools.de\/fr\/payment_methods\/\" \/>\n<meta property=\"og:locale\" content=\"fr_FR\" \/>\n<meta property=\"og:type\" content=\"article\" \/>\n<meta property=\"og:title\" content=\"Payment_methods\" \/>\n<meta property=\"og:description\" content=\"Paiement anticip\u00e9 Virement directement sur notre compte bancaire. Veuillez indiquer le num\u00e9ro de commande comme motif de paiement. Votre commande sera envoy\u00e9e d\u00e8s que l&#8217;argent aura \u00e9t\u00e9 cr\u00e9dit\u00e9 sur notre compte. Donn\u00e9es bancaires : (titulaire du compte) Peter Wendlandt (banque) Landesbank Baden-W\u00fcrttemberg (IBAN) DE7160 0501 0100 0269 8094 (BIC\/SWIFT) SOLADEST600 PayPalWhat is PayPal? Paiement par [&hellip;]\" \/>\n<meta property=\"og:url\" content=\"https:\/\/pewetools.de\/fr\/payment_methods\/\" \/>\n<meta property=\"og:site_name\" content=\"PeWeTools Schnellwechselhalter nach System Multifix\" \/>\n<meta property=\"article:modified_time\" content=\"2024-01-22T11:09:17+00:00\" \/>\n<meta property=\"og:image\" content=\"https:\/\/pewetools.de\/wp-content\/plugins\/woocommerce\/includes\/gateways\/paypal\/assets\/images\/paypal.png\" \/>\n<meta name=\"twitter:card\" content=\"summary_large_image\" \/>\n<meta name=\"twitter:label1\" content=\"Dur\u00e9e de lecture estim\u00e9e\" \/>\n\t<meta name=\"twitter:data1\" content=\"1 minute\" \/>\n<script type=\"application\/ld+json\" class=\"yoast-schema-graph\">{\"@context\":\"https:\\\/\\\/schema.org\",\"@graph\":[{\"@type\":\"WebPage\",\"@id\":\"https:\\\/\\\/pewetools.de\\\/fr\\\/payment_methods\\\/\",\"url\":\"https:\\\/\\\/pewetools.de\\\/fr\\\/payment_methods\\\/\",\"name\":\"Payment_methods\",\"isPartOf\":{\"@id\":\"https:\\\/\\\/pewetools.de\\\/#website\"},\"primaryImageOfPage\":{\"@id\":\"https:\\\/\\\/pewetools.de\\\/fr\\\/payment_methods\\\/#primaryimage\"},\"image\":{\"@id\":\"https:\\\/\\\/pewetools.de\\\/fr\\\/payment_methods\\\/#primaryimage\"},\"thumbnailUrl\":\"https:\\\/\\\/pewetools.de\\\/wp-content\\\/plugins\\\/woocommerce\\\/includes\\\/gateways\\\/paypal\\\/assets\\\/images\\\/paypal.png\",\"datePublished\":\"2019-09-11T10:54:07+00:00\",\"dateModified\":\"2024-01-22T11:09:17+00:00\",\"breadcrumb\":{\"@id\":\"https:\\\/\\\/pewetools.de\\\/fr\\\/payment_methods\\\/#breadcrumb\"},\"inLanguage\":\"fr-FR\",\"potentialAction\":[{\"@type\":\"ReadAction\",\"target\":[\"https:\\\/\\\/pewetools.de\\\/fr\\\/payment_methods\\\/\"]}]},{\"@type\":\"ImageObject\",\"inLanguage\":\"fr-FR\",\"@id\":\"https:\\\/\\\/pewetools.de\\\/fr\\\/payment_methods\\\/#primaryimage\",\"url\":\"https:\\\/\\\/pewetools.de\\\/wp-content\\\/plugins\\\/woocommerce\\\/includes\\\/gateways\\\/paypal\\\/assets\\\/images\\\/paypal.png\",\"contentUrl\":\"https:\\\/\\\/pewetools.de\\\/wp-content\\\/plugins\\\/woocommerce\\\/includes\\\/gateways\\\/paypal\\\/assets\\\/images\\\/paypal.png\"},{\"@type\":\"BreadcrumbList\",\"@id\":\"https:\\\/\\\/pewetools.de\\\/fr\\\/payment_methods\\\/#breadcrumb\",\"itemListElement\":[{\"@type\":\"ListItem\",\"position\":1,\"name\":\"maison\",\"item\":\"https:\\\/\\\/pewetools.de\\\/fr\\\/\"},{\"@type\":\"ListItem\",\"position\":2,\"name\":\"Payment_methods\"}]},{\"@type\":\"WebSite\",\"@id\":\"https:\\\/\\\/pewetools.de\\\/#website\",\"url\":\"https:\\\/\\\/pewetools.de\\\/\",\"name\":\"PeWeTools Schnellwechselhalter nach System Multifix\",\"description\":\"\",\"potentialAction\":[{\"@type\":\"SearchAction\",\"target\":{\"@type\":\"EntryPoint\",\"urlTemplate\":\"https:\\\/\\\/pewetools.de\\\/?s={search_term_string}\"},\"query-input\":{\"@type\":\"PropertyValueSpecification\",\"valueRequired\":true,\"valueName\":\"search_term_string\"}}],\"inLanguage\":\"fr-FR\"}]}<\/script>\n<!-- \/ Yoast SEO plugin. -->","yoast_head_json":{"title":"Payment_methods","robots":{"index":"index","follow":"follow","max-snippet":"max-snippet:-1","max-image-preview":"max-image-preview:large","max-video-preview":"max-video-preview:-1"},"canonical":"https:\/\/pewetools.de\/fr\/payment_methods\/","og_locale":"fr_FR","og_type":"article","og_title":"Payment_methods","og_description":"Paiement anticip\u00e9 Virement directement sur notre compte bancaire. Veuillez indiquer le num\u00e9ro de commande comme motif de paiement. Votre commande sera envoy\u00e9e d\u00e8s que l&#8217;argent aura \u00e9t\u00e9 cr\u00e9dit\u00e9 sur notre compte. Donn\u00e9es bancaires : (titulaire du compte) Peter Wendlandt (banque) Landesbank Baden-W\u00fcrttemberg (IBAN) DE7160 0501 0100 0269 8094 (BIC\/SWIFT) SOLADEST600 PayPalWhat is PayPal? Paiement par [&hellip;]","og_url":"https:\/\/pewetools.de\/fr\/payment_methods\/","og_site_name":"PeWeTools Schnellwechselhalter nach System Multifix","article_modified_time":"2024-01-22T11:09:17+00:00","og_image":[{"url":"https:\/\/pewetools.de\/wp-content\/plugins\/woocommerce\/includes\/gateways\/paypal\/assets\/images\/paypal.png","type":"","width":"","height":""}],"twitter_card":"summary_large_image","twitter_misc":{"Dur\u00e9e de lecture estim\u00e9e":"1 minute"},"schema":{"@context":"https:\/\/schema.org","@graph":[{"@type":"WebPage","@id":"https:\/\/pewetools.de\/fr\/payment_methods\/","url":"https:\/\/pewetools.de\/fr\/payment_methods\/","name":"Payment_methods","isPartOf":{"@id":"https:\/\/pewetools.de\/#website"},"primaryImageOfPage":{"@id":"https:\/\/pewetools.de\/fr\/payment_methods\/#primaryimage"},"image":{"@id":"https:\/\/pewetools.de\/fr\/payment_methods\/#primaryimage"},"thumbnailUrl":"https:\/\/pewetools.de\/wp-content\/plugins\/woocommerce\/includes\/gateways\/paypal\/assets\/images\/paypal.png","datePublished":"2019-09-11T10:54:07+00:00","dateModified":"2024-01-22T11:09:17+00:00","breadcrumb":{"@id":"https:\/\/pewetools.de\/fr\/payment_methods\/#breadcrumb"},"inLanguage":"fr-FR","potentialAction":[{"@type":"ReadAction","target":["https:\/\/pewetools.de\/fr\/payment_methods\/"]}]},{"@type":"ImageObject","inLanguage":"fr-FR","@id":"https:\/\/pewetools.de\/fr\/payment_methods\/#primaryimage","url":"https:\/\/pewetools.de\/wp-content\/plugins\/woocommerce\/includes\/gateways\/paypal\/assets\/images\/paypal.png","contentUrl":"https:\/\/pewetools.de\/wp-content\/plugins\/woocommerce\/includes\/gateways\/paypal\/assets\/images\/paypal.png"},{"@type":"BreadcrumbList","@id":"https:\/\/pewetools.de\/fr\/payment_methods\/#breadcrumb","itemListElement":[{"@type":"ListItem","position":1,"name":"maison","item":"https:\/\/pewetools.de\/fr\/"},{"@type":"ListItem","position":2,"name":"Payment_methods"}]},{"@type":"WebSite","@id":"https:\/\/pewetools.de\/#website","url":"https:\/\/pewetools.de\/","name":"PeWeTools Schnellwechselhalter nach System Multifix","description":"","potentialAction":[{"@type":"SearchAction","target":{"@type":"EntryPoint","urlTemplate":"https:\/\/pewetools.de\/?s={search_term_string}"},"query-input":{"@type":"PropertyValueSpecification","valueRequired":true,"valueName":"search_term_string"}}],"inLanguage":"fr-FR"}]}},"_links":{"self":[{"href":"https:\/\/pewetools.de\/fr\/wp-json\/wp\/v2\/pages\/7296","targetHints":{"allow":["GET"]}}],"collection":[{"href":"https:\/\/pewetools.de\/fr\/wp-json\/wp\/v2\/pages"}],"about":[{"href":"https:\/\/pewetools.de\/fr\/wp-json\/wp\/v2\/types\/page"}],"author":[{"embeddable":true,"href":"https:\/\/pewetools.de\/fr\/wp-json\/wp\/v2\/users\/1"}],"replies":[{"embeddable":true,"href":"https:\/\/pewetools.de\/fr\/wp-json\/wp\/v2\/comments?post=7296"}],"version-history":[{"count":2,"href":"https:\/\/pewetools.de\/fr\/wp-json\/wp\/v2\/pages\/7296\/revisions"}],"predecessor-version":[{"id":13821,"href":"https:\/\/pewetools.de\/fr\/wp-json\/wp\/v2\/pages\/7296\/revisions\/13821"}],"wp:attachment":[{"href":"https:\/\/pewetools.de\/fr\/wp-json\/wp\/v2\/media?parent=7296"}],"curies":[{"name":"wp","href":"https:\/\/api.w.org\/{rel}","templated":true}]}}