{"id":7334,"date":"2019-09-12T07:48:38","date_gmt":"2019-09-12T07:48:38","guid":{"rendered":"https:\/\/pewetools.de\/termes-et-conditions\/"},"modified":"2019-09-12T07:48:42","modified_gmt":"2019-09-12T07:48:42","slug":"termes-et-conditions","status":"publish","type":"page","link":"https:\/\/pewetools.de\/fr\/termes-et-conditions\/","title":{"rendered":"Termes et conditions"},"content":{"rendered":"\n<p><span class=\"tlid-translation translation\"><span class=\"\" title=\"\">Termes et conditions<\/span><\/span><\/p>\n\n<p>(1) Le fournisseur et le partenaire contractuel pour les produits pr\u00e9sent\u00e9s sont: pewetools limited (ci-apr\u00e8s d\u00e9nomm\u00e9 &#8220;fournisseur&#8221;).<\/p>\n\n<p>(2) Ces termes et conditions font partie de chaque accord contractuel entre le prestataire et les autorit\u00e9s respectives Client. Les termes et conditions contraires de l&#8217;acheteur sont contredits.<\/p>\n\n<p>\u00a7 2 &#8211; gamme de produits et conclusion du contrat<\/p>\n\n<p>(1) Le fournisseur propose les produits pr\u00e9sent\u00e9s dans sa boutique en ligne. \u00c0 d&#8217;autres utilisateurs pour l&#8217;achat. La repr\u00e9sentation en couleur de Les articles sur le site Web peuvent varier en fonction du navigateur Internet utilis\u00e9 et les param\u00e8tres de contr\u00f4le du client varient l\u00e9g\u00e8rement; cette Les \u00e9carts ne sont techniquement jamais compl\u00e8tement \u00e9vitables.<\/p>\n\n<p>(2) La s\u00e9lection des biens, la conclusion du contrat et son ex\u00e9cution sont en langue allemande.<\/p>\n\n<p>(3) Le client s\u00e9lectionne le produit souhait\u00e9 en le pla\u00e7ant dans le\r\n&#8220;Panier&#8221; d\u00e9finit. La commande peut \u00eatre finalis\u00e9e via le bouton\r\n&#8220;\u00c0 payer&#8221; \u00e0 transmettre au fournisseur. la\r\nLe client a jusqu\u2019\u00e0 l\u2019envoi de sa commande \u00e0 tout moment la\r\nPossibilit\u00e9 de visualiser les donn\u00e9es fournies dans la commande\r\net pour changer ou annuler la commande compl\u00e8tement.<\/p>\n\n<p>(4) Pour les produits pr\u00e9sent\u00e9s dans la boutique du prestataire, le\r\nFournisseur une offre d&#8217;achat contraignante. Avec l&#8217;envoi du\r\nDemande de commande via le bouton &#8220;commande \u00e0 payer&#8221; prend la\r\nCommander l&#8217;offre d&#8217;achat. Le prestataire confirme la conclusion du contrat par e-mail (confirmation du contrat).<\/p>\n\n<p>(5) Le contenu des contrats conclus doit \u00eatre inscrit sur le compte d&#8217;utilisateur de l&#8217;utilisateur. Le client enregistre et peut \u00eatre consult\u00e9 \u00e0 tout moment par le client. via le menu &#8220;Mon compte&#8221;.<\/p>\n\n<p>(6) En cas de livraison ou d&#8217;autres circonstances caus\u00e9es par le\r\nL\u2019ex\u00e9cution contractuelle serait contraire, le fournisseur informe le\r\nCommande par courrier \u00e9lectronique. Une livraison partielle est seulement apr\u00e8s approbation\r\npar le client.<\/p>\n\n<p>\u00a7 3 &#8211; Prix et paiement<\/p>\n\n<p><span class=\"tlid-translation translation\"><span class=\"\" title=\"\">(1) Tous les prix des produits sont les prix finaux en incluant la taxe sur la valeur ajout\u00e9e en vigueur, major\u00e9e des frais d&#8217;exp\u00e9dition.<\/span><\/span><\/p>\n\n<p>(2) Les frais de port sont indiqu\u00e9s dans la section &#8220;M\u00e9thodes d&#8217;exp\u00e9dition&#8221;.<\/p>\n\n<p>(3) Le fournisseur livre au choix de l&#8217;acheteur contre paiement anticip\u00e9. par \u00e9change d&#8217;un voucher, \u00e0 l&#8217;avance par virement bancaire\r\nou contre paiement anticip\u00e9 via le paiement PayPal.<\/p>\n\n<p>a) Pour le paiement par ch\u00e8que, le client peut dans le panier\r\nentrez un ou plusieurs codes promo. La valeur du bon est la\r\nLe fournisseur est cr\u00e9dit\u00e9 et le montant de la facture de cette mani\u00e8re\r\nr\u00e9gl\u00e9. Si la valeur du voucher est sup\u00e9rieure au montant de la facture, il reste le bon est valable pour le montant de l&#8217;exc\u00e9dent.<\/p>\n\n<p>b) Si le client a choisi &#8220;virement bancaire&#8221; comme mode de paiement,\r\nle client dans l&#8217;email de confirmation de commande le compte bancaire notifi\u00e9 par le fournisseur. Virements de l&#8217;\u00e9tranger accept\u00e9s\r\nFournisseur uniquement sous forme de paiements en euros sans frais.<\/p>\n\n<p>c) Si le client a choisi &#8220;PayPal&#8221; comme mode de paiement, alors il arrive il clique sur le bouton &#8220;Cliquez ici pour payer avec PayPal&#8221;\r\nService en ligne de PayPal et peut y effectuer le paiement<\/p>\n\n<p>(4) Pour les ordres de paiement anticip\u00e9, une p\u00e9riode de paiement d\u2019une semaine s\u2019applique  \u00e0 partir de la r\u00e9ception de la confirmation du contrat. Le fournisseur sp\u00e9cifie le Marchandises pour le client pendant la p\u00e9riode de paiement. elle Il incombe au client d&#8217;effectuer le paiement \u00e0 temps. il est re\u00e7u par le fournisseur dans les d\u00e9lais. Le fournisseur r\u00e9serve le droit de se r\u00e9tracter du contrat d&#8217;achat et des biens autrement vendre si le paiement n&#8217;a pas \u00e9t\u00e9 re\u00e7u dans les d\u00e9lais\r\nest. Un paiement re\u00e7u apr\u00e8s la d\u00e9mission du client devient la\r\nLe client a rembours\u00e9.<\/p>\n\n<p>\u00a7 4 &#8211; Exp\u00e9dition, d\u00e9lais de livraison<\/p>\n\n<p>(1) Le fournisseur livre les marchandises \u00e0 livrer dans un d\u00e9lai de trois\r\nJours ouvrables \u00e0 compter de la r\u00e9ception compl\u00e8te du paiement \u00e0 la soci\u00e9t\u00e9 de transport, il sauf si c&#8217;est dans la description du produit ou dans un Shopweitem Note sur les autres d\u00e9lais de livraison.<\/p>\n\n<p>(2) Si la livraison \u00e0 l&#8217;acheteur \u00e9choue \u00e0 cause de Le client a sp\u00e9cifi\u00e9 une adresse de livraison incorrecte ou incompl\u00e8te, une nouvelle tentative de livraison est effectu\u00e9e uniquement si les co\u00fbts du client pour la r\u00e9exp\u00e9dition. Les frais d&#8217;exp\u00e9dition renouvel\u00e9s correspondent \u00e0 la conclusion convenue du contrat d\u2019exp\u00e9dition. la Le fournisseur devient le client les co\u00fbts n\u00e9cessaires d\u2019une nouvelle livraison par courrier \u00e9lectronique. Une nouvelle exp\u00e9dition a lieu seulement apr\u00e8s r\u00e9ception du paiement de ces frais.<\/p>\n\n<p>\u00a7 5 &#8211; Retour de marchandises en tant que consommateur<\/p>\n\n<p>(1) Les acheteurs qui ach\u00e8tent en tant que consommateurs (\u00a7 13 BGB) sont disponibles Droit de r\u00e9vocation conform\u00e9ment \u00e0 la loi (\u00a7\u00a7 312d, 355 BGB). Les d\u00e9tails peuvent \u00eatre trouv\u00e9s dans les conditions d&#8217;annulation \u00eatre.<\/p>\n\n<p>(2) Si le client est un consommateur, acceptez Parties contractantes en cas d&#8217;exercice du droit de r\u00e9tractation que le client supporte les frais habituels du retour, si le les marchandises livr\u00e9es correspondent \u00e0 la commande et si le prix de article retournable ne d\u00e9passe pas 40 euros ou si l&#8217;acheteur \u00e0 un prix plus \u00e9lev\u00e9 de la chose au moment de\r\nAnnulation pas encore la contrepartie ou un contrat convenu Paiement partiel a fait.<\/p>\n\n<p>(3) Dans la mesure o\u00f9 le client doit supporter les frais de retour, peut\r\nle montant \u00e0 rembourser par le prestataire et celui du client remboursement des frais de retour sont compens\u00e9s les uns contre les autres.<\/p>\n\n<p>\u00a7 6 &#8211; Garantie<\/p>\n\n<p>Les droits de garantie du client sont r\u00e9gis par les dispositions l\u00e9gales.<\/p>\n\n<p>\u00a7 7 &#8211; Dispositions finales<\/p>\n\n<p>(1) Le prestataire collecte et traite la commande du client dans le cadre donn\u00e9es saisies aux fins du traitement du contrat\r\net accomplissement. En ce qui concerne le client pour le paiement de son achat utilis\u00e9 le service de PayPal, appliquer au processus de paiement le PayPal Politique de confidentialit\u00e9. PayPal fait en tant qu&#8217;agent d&#8217;ex\u00e9cution l&#8217;acheteur, pas le fournisseur.<\/p>\n\n<p>(2) Les diff\u00e9rentes dispositions de ce r\u00e8glement g\u00e9n\u00e9ral\r\nTermes et conditions comme inefficaces ou inapplicables, donc\r\nCela n\u2019affecte pas l\u2019efficacit\u00e9 des dispositions restantes. Nous sommes\r\nVendeur priv\u00e9 et sans association sociale.<\/p>\n\n<h3 class=\"wp-block-heading\">Mode alternatif de r\u00e9solution des litiges conform\u00e9ment \u00e0 l&#8217;article 14, paragraphe 1, ODR-VO et \u00a7 36, VSBG:<\/h3>\n\n<p>Die Europ\u00e4ische Kommission stellt eine Plattform zur Online-Streitbeilegung (OS) bereit, die du unter <a href=\"https:\/\/ec.europa.eu\/consumers\/odr\" target=\"_blank\" rel=\"noreferrer noopener\">https:\/\/ec.europa.eu\/consumers\/odr<\/a>\r\n findest. Zur Teilnahme an einem Streitbeilegungsverfahren vor einer \r\nVerbraucherschlichtungsstelle sind wir nicht verpflichtet und nicht \r\nbereit.<\/p>\n\n<h3 class=\"wp-block-heading\">Mode alternatif de r\u00e9solution des litiges conform\u00e9ment \u00e0 l&#8217;article 14, paragraphe 1, ODR-VO et \u00a7 36, VSBG:<\/h3>\n\n<p>Die Europ\u00e4ische Kommission stellt eine Plattform zur Online-Streitbeilegung (OS) bereit, die du unter <a href=\"https:\/\/ec.europa.eu\/consumers\/odr\" target=\"_blank\" rel=\"noreferrer noopener\">https:\/\/ec.europa.eu\/consumers\/odr<\/a>\r\n findest. Zur Teilnahme an einem Streitbeilegungsverfahren vor einer \r\nVerbraucherschlichtungsstelle sind wir nicht verpflichtet und nicht \r\nbereit.<\/p>\n<div class=\"woocommerce woocommerce-gzd woocommerce-gzd-complaints-shortcode\">\n\t\t\t<h3>Alternative Dispute Resolution in accordance with Art. 14 (1) ODR-VO and \u00a7 36 VSBG:<\/h3>\n\t\nZur Teilnahme an einem Streitbeilegungsverfahren vor einer Verbraucherschlichtungsstelle sind wir nicht verpflichtet und nicht bereit.<\/div>\n","protected":false},"excerpt":{"rendered":"<p>Termes et conditions (1) Le fournisseur et le partenaire contractuel pour les produits pr\u00e9sent\u00e9s sont: pewetools limited (ci-apr\u00e8s d\u00e9nomm\u00e9 &#8220;fournisseur&#8221;). (2) Ces termes et conditions font partie de chaque accord contractuel entre le prestataire et les autorit\u00e9s respectives Client. Les termes et conditions contraires de l&#8217;acheteur sont contredits. \u00a7 2 &#8211; gamme de produits et [&hellip;]<\/p>\n","protected":false},"author":1,"featured_media":0,"parent":0,"menu_order":0,"comment_status":"closed","ping_status":"closed","template":"","meta":{"footnotes":""},"class_list":["post-7334","page","type-page","status-publish","hentry"],"yoast_head":"<!-- This site is optimized with the Yoast SEO plugin v27.4 - https:\/\/yoast.com\/product\/yoast-seo-wordpress\/ -->\n<title>Termes et conditions<\/title>\n<meta name=\"description\" content=\"Hier erhalten Sie Einsicht in die AGBs\" \/>\n<meta name=\"robots\" content=\"index, follow, max-snippet:-1, max-image-preview:large, max-video-preview:-1\" \/>\n<link rel=\"canonical\" href=\"https:\/\/pewetools.de\/fr\/termes-et-conditions\/\" \/>\n<meta property=\"og:locale\" content=\"fr_FR\" \/>\n<meta property=\"og:type\" content=\"article\" \/>\n<meta property=\"og:title\" content=\"Termes et conditions\" \/>\n<meta property=\"og:description\" content=\"Hier erhalten Sie Einsicht in die AGBs\" \/>\n<meta property=\"og:url\" content=\"https:\/\/pewetools.de\/fr\/termes-et-conditions\/\" \/>\n<meta property=\"og:site_name\" content=\"PeWeTools Schnellwechselhalter nach System Multifix\" \/>\n<meta property=\"article:modified_time\" content=\"2019-09-12T07:48:42+00:00\" \/>\n<meta name=\"twitter:card\" content=\"summary_large_image\" \/>\n<meta name=\"twitter:label1\" content=\"Dur\u00e9e de lecture estim\u00e9e\" \/>\n\t<meta name=\"twitter:data1\" content=\"6 minutes\" \/>\n<script type=\"application\/ld+json\" class=\"yoast-schema-graph\">{\"@context\":\"https:\\\/\\\/schema.org\",\"@graph\":[{\"@type\":\"WebPage\",\"@id\":\"https:\\\/\\\/pewetools.de\\\/fr\\\/termes-et-conditions\\\/\",\"url\":\"https:\\\/\\\/pewetools.de\\\/fr\\\/termes-et-conditions\\\/\",\"name\":\"Termes et conditions\",\"isPartOf\":{\"@id\":\"https:\\\/\\\/pewetools.de\\\/#website\"},\"datePublished\":\"2019-09-12T07:48:38+00:00\",\"dateModified\":\"2019-09-12T07:48:42+00:00\",\"description\":\"Hier erhalten Sie Einsicht in die AGBs\",\"breadcrumb\":{\"@id\":\"https:\\\/\\\/pewetools.de\\\/fr\\\/termes-et-conditions\\\/#breadcrumb\"},\"inLanguage\":\"fr-FR\",\"potentialAction\":[{\"@type\":\"ReadAction\",\"target\":[\"https:\\\/\\\/pewetools.de\\\/fr\\\/termes-et-conditions\\\/\"]}]},{\"@type\":\"BreadcrumbList\",\"@id\":\"https:\\\/\\\/pewetools.de\\\/fr\\\/termes-et-conditions\\\/#breadcrumb\",\"itemListElement\":[{\"@type\":\"ListItem\",\"position\":1,\"name\":\"maison\",\"item\":\"https:\\\/\\\/pewetools.de\\\/fr\\\/\"},{\"@type\":\"ListItem\",\"position\":2,\"name\":\"Termes et conditions\"}]},{\"@type\":\"WebSite\",\"@id\":\"https:\\\/\\\/pewetools.de\\\/#website\",\"url\":\"https:\\\/\\\/pewetools.de\\\/\",\"name\":\"PeWeTools Schnellwechselhalter nach System Multifix\",\"description\":\"\",\"potentialAction\":[{\"@type\":\"SearchAction\",\"target\":{\"@type\":\"EntryPoint\",\"urlTemplate\":\"https:\\\/\\\/pewetools.de\\\/?s={search_term_string}\"},\"query-input\":{\"@type\":\"PropertyValueSpecification\",\"valueRequired\":true,\"valueName\":\"search_term_string\"}}],\"inLanguage\":\"fr-FR\"}]}<\/script>\n<!-- \/ Yoast SEO plugin. -->","yoast_head_json":{"title":"Termes et conditions","description":"Hier erhalten Sie Einsicht in die AGBs","robots":{"index":"index","follow":"follow","max-snippet":"max-snippet:-1","max-image-preview":"max-image-preview:large","max-video-preview":"max-video-preview:-1"},"canonical":"https:\/\/pewetools.de\/fr\/termes-et-conditions\/","og_locale":"fr_FR","og_type":"article","og_title":"Termes et conditions","og_description":"Hier erhalten Sie Einsicht in die AGBs","og_url":"https:\/\/pewetools.de\/fr\/termes-et-conditions\/","og_site_name":"PeWeTools Schnellwechselhalter nach System Multifix","article_modified_time":"2019-09-12T07:48:42+00:00","twitter_card":"summary_large_image","twitter_misc":{"Dur\u00e9e de lecture estim\u00e9e":"6 minutes"},"schema":{"@context":"https:\/\/schema.org","@graph":[{"@type":"WebPage","@id":"https:\/\/pewetools.de\/fr\/termes-et-conditions\/","url":"https:\/\/pewetools.de\/fr\/termes-et-conditions\/","name":"Termes et conditions","isPartOf":{"@id":"https:\/\/pewetools.de\/#website"},"datePublished":"2019-09-12T07:48:38+00:00","dateModified":"2019-09-12T07:48:42+00:00","description":"Hier erhalten Sie Einsicht in die AGBs","breadcrumb":{"@id":"https:\/\/pewetools.de\/fr\/termes-et-conditions\/#breadcrumb"},"inLanguage":"fr-FR","potentialAction":[{"@type":"ReadAction","target":["https:\/\/pewetools.de\/fr\/termes-et-conditions\/"]}]},{"@type":"BreadcrumbList","@id":"https:\/\/pewetools.de\/fr\/termes-et-conditions\/#breadcrumb","itemListElement":[{"@type":"ListItem","position":1,"name":"maison","item":"https:\/\/pewetools.de\/fr\/"},{"@type":"ListItem","position":2,"name":"Termes et conditions"}]},{"@type":"WebSite","@id":"https:\/\/pewetools.de\/#website","url":"https:\/\/pewetools.de\/","name":"PeWeTools Schnellwechselhalter nach System Multifix","description":"","potentialAction":[{"@type":"SearchAction","target":{"@type":"EntryPoint","urlTemplate":"https:\/\/pewetools.de\/?s={search_term_string}"},"query-input":{"@type":"PropertyValueSpecification","valueRequired":true,"valueName":"search_term_string"}}],"inLanguage":"fr-FR"}]}},"_links":{"self":[{"href":"https:\/\/pewetools.de\/fr\/wp-json\/wp\/v2\/pages\/7334","targetHints":{"allow":["GET"]}}],"collection":[{"href":"https:\/\/pewetools.de\/fr\/wp-json\/wp\/v2\/pages"}],"about":[{"href":"https:\/\/pewetools.de\/fr\/wp-json\/wp\/v2\/types\/page"}],"author":[{"embeddable":true,"href":"https:\/\/pewetools.de\/fr\/wp-json\/wp\/v2\/users\/1"}],"replies":[{"embeddable":true,"href":"https:\/\/pewetools.de\/fr\/wp-json\/wp\/v2\/comments?post=7334"}],"version-history":[{"count":1,"href":"https:\/\/pewetools.de\/fr\/wp-json\/wp\/v2\/pages\/7334\/revisions"}],"predecessor-version":[{"id":7335,"href":"https:\/\/pewetools.de\/fr\/wp-json\/wp\/v2\/pages\/7334\/revisions\/7335"}],"wp:attachment":[{"href":"https:\/\/pewetools.de\/fr\/wp-json\/wp\/v2\/media?parent=7334"}],"curies":[{"name":"wp","href":"https:\/\/api.w.org\/{rel}","templated":true}]}}