{"id":10575,"date":"2022-01-12T12:32:18","date_gmt":"2022-01-12T11:32:18","guid":{"rendered":"https:\/\/pewetools.de\/?post_type=product&#038;p=10575"},"modified":"2025-08-25T14:34:32","modified_gmt":"2025-08-25T12:34:32","slug":"tourelle-porte-outils-a-changement-rapide-set-a1675-s","status":"publish","type":"product","link":"https:\/\/pewetools.de\/fr\/shop\/categorie-produits\/tourelle-porte-outils-a-changement-rapide-set-a1675-s\/","title":{"rendered":"Tourelle porte-outils \u00e0 changement rapide Set A1675-S"},"content":{"rendered":"<p>y compris:<\/p>\n<p>1x corps de changement rapide A (approuv\u00e9 pour les machines avec une puissance moteur de max. 1,5 kW)<br \/>\n1x levier de levage<br \/>\n1x broche correspondante<br \/>\n3x Porte-burin <span style=\"color: #008080;\"><strong>AD1675-S<\/strong><\/span> pour outils carr\u00e9s, <span style=\"color: #008080;\"><strong>avec une plaque d&#8217;appui plus fine pour l&#8217;outil, <\/strong><span style=\"color: #000000;\">voir photo<\/span><\/span><br \/>\n1x Porte-barre AH1680 pour outils ronds<br \/>\n1x cl\u00e9 \u00e0 douille carr\u00e9e<\/p>\n<p>max. 1,5 kW<\/p>\n","protected":false},"excerpt":{"rendered":"<p>SetA1675-S<\/p>\n","protected":false},"featured_media":12768,"template":"","meta":{"footnotes":""},"product_brand":[],"product_cat":[470,479],"product_tag":[1043],"class_list":{"0":"post-10575","1":"product","2":"type-product","3":"status-publish","4":"has-post-thumbnail","6":"product_cat-porte-outil-a-changement-rapide","7":"product_cat-a","8":"product_tag-porte-outils-avec-changement-rapide","9":"product_shipping_class-paquet","11":"first","12":"outofstock","13":"taxable","14":"shipping-taxable","15":"purchasable","16":"product-type-simple"},"yoast_head":"<!-- This site is optimized with the Yoast SEO plugin v27.1.1 - https:\/\/yoast.com\/product\/yoast-seo-wordpress\/ -->\n<title>Tourelle porte-outils \u00e0 changement rapide - pewetools ltd<\/title>\n<meta name=\"description\" content=\"Chaque support produit pour nous est test\u00e9 sur le corps d&#039;origine de l&#039;inventeur J.F.Minder, ce qui garantit un contr\u00f4le qualit\u00e9 et une compatibilit\u00e9 de 100%.\" \/>\n<meta name=\"robots\" content=\"index, follow, max-snippet:-1, max-image-preview:large, max-video-preview:-1\" \/>\n<link rel=\"canonical\" href=\"https:\/\/pewetools.de\/fr\/shop\/categorie-produits\/tourelle-porte-outils-a-changement-rapide-set-a1675-s\/\" \/>\n<meta property=\"og:locale\" content=\"fr_FR\" \/>\n<meta property=\"og:type\" content=\"article\" \/>\n<meta property=\"og:title\" content=\"Tourelle porte-outils \u00e0 changement rapide - pewetools ltd\" \/>\n<meta property=\"og:description\" content=\"Chaque support produit pour nous est test\u00e9 sur le corps d&#039;origine de l&#039;inventeur J.F.Minder, ce qui garantit un contr\u00f4le qualit\u00e9 et une compatibilit\u00e9 de 100%.\" \/>\n<meta property=\"og:url\" content=\"https:\/\/pewetools.de\/fr\/shop\/categorie-produits\/tourelle-porte-outils-a-changement-rapide-set-a1675-s\/\" \/>\n<meta property=\"og:site_name\" content=\"PeWeTools Schnellwechselhalter nach System Multifix\" \/>\n<meta property=\"article:modified_time\" content=\"2025-08-25T12:34:32+00:00\" \/>\n<meta property=\"og:image\" content=\"https:\/\/pewetools.de\/wp-content\/uploads\/2023\/04\/Set-A-2-ohne-Schrauben.jpg\" \/>\n\t<meta property=\"og:image:width\" content=\"1600\" \/>\n\t<meta property=\"og:image:height\" content=\"1143\" \/>\n\t<meta property=\"og:image:type\" content=\"image\/jpeg\" \/>\n<meta name=\"twitter:card\" content=\"summary_large_image\" \/>\n<meta name=\"twitter:label1\" content=\"Dur\u00e9e de lecture estim\u00e9e\" \/>\n\t<meta name=\"twitter:data1\" content=\"1 minute\" \/>\n<script type=\"application\/ld+json\" class=\"yoast-schema-graph\">{\"@context\":\"https:\/\/schema.org\",\"@graph\":[{\"@type\":\"WebPage\",\"@id\":\"https:\/\/pewetools.de\/fr\/shop\/categorie-produits\/tourelle-porte-outils-a-changement-rapide-set-a1675-s\/\",\"url\":\"https:\/\/pewetools.de\/fr\/shop\/categorie-produits\/tourelle-porte-outils-a-changement-rapide-set-a1675-s\/\",\"name\":\"Tourelle porte-outils \u00e0 changement rapide - pewetools ltd\",\"isPartOf\":{\"@id\":\"https:\/\/pewetools.de\/#website\"},\"primaryImageOfPage\":{\"@id\":\"https:\/\/pewetools.de\/fr\/shop\/categorie-produits\/tourelle-porte-outils-a-changement-rapide-set-a1675-s\/#primaryimage\"},\"image\":{\"@id\":\"https:\/\/pewetools.de\/fr\/shop\/categorie-produits\/tourelle-porte-outils-a-changement-rapide-set-a1675-s\/#primaryimage\"},\"thumbnailUrl\":\"https:\/\/pewetools.de\/wp-content\/uploads\/2023\/04\/Set-A-2-ohne-Schrauben.jpg\",\"datePublished\":\"2022-01-12T11:32:18+00:00\",\"dateModified\":\"2025-08-25T12:34:32+00:00\",\"description\":\"Chaque support produit pour nous est test\u00e9 sur le corps d'origine de l'inventeur J.F.Minder, ce qui garantit un contr\u00f4le qualit\u00e9 et une compatibilit\u00e9 de 100%.\",\"breadcrumb\":{\"@id\":\"https:\/\/pewetools.de\/fr\/shop\/categorie-produits\/tourelle-porte-outils-a-changement-rapide-set-a1675-s\/#breadcrumb\"},\"inLanguage\":\"fr-FR\",\"potentialAction\":[{\"@type\":\"ReadAction\",\"target\":[\"https:\/\/pewetools.de\/fr\/shop\/categorie-produits\/tourelle-porte-outils-a-changement-rapide-set-a1675-s\/\"]}]},{\"@type\":\"ImageObject\",\"inLanguage\":\"fr-FR\",\"@id\":\"https:\/\/pewetools.de\/fr\/shop\/categorie-produits\/tourelle-porte-outils-a-changement-rapide-set-a1675-s\/#primaryimage\",\"url\":\"https:\/\/pewetools.de\/wp-content\/uploads\/2023\/04\/Set-A-2-ohne-Schrauben.jpg\",\"contentUrl\":\"https:\/\/pewetools.de\/wp-content\/uploads\/2023\/04\/Set-A-2-ohne-Schrauben.jpg\",\"width\":1600,\"height\":1143},{\"@type\":\"BreadcrumbList\",\"@id\":\"https:\/\/pewetools.de\/fr\/shop\/categorie-produits\/tourelle-porte-outils-a-changement-rapide-set-a1675-s\/#breadcrumb\",\"itemListElement\":[{\"@type\":\"ListItem\",\"position\":1,\"name\":\"maison\",\"item\":\"https:\/\/pewetools.de\/fr\/\"},{\"@type\":\"ListItem\",\"position\":2,\"name\":\"Shop\",\"item\":\"https:\/\/pewetools.de\/fr\/shop\/\"},{\"@type\":\"ListItem\",\"position\":3,\"name\":\"Tourelle porte-outils \u00e0 changement rapide Set A1675-S\"}]},{\"@type\":\"WebSite\",\"@id\":\"https:\/\/pewetools.de\/#website\",\"url\":\"https:\/\/pewetools.de\/\",\"name\":\"PeWeTools Schnellwechselhalter nach System Multifix\",\"description\":\"\",\"potentialAction\":[{\"@type\":\"SearchAction\",\"target\":{\"@type\":\"EntryPoint\",\"urlTemplate\":\"https:\/\/pewetools.de\/?s={search_term_string}\"},\"query-input\":{\"@type\":\"PropertyValueSpecification\",\"valueRequired\":true,\"valueName\":\"search_term_string\"}}],\"inLanguage\":\"fr-FR\"}]}<\/script>\n<!-- \/ Yoast SEO plugin. -->","yoast_head_json":{"title":"Tourelle porte-outils \u00e0 changement rapide - pewetools ltd","description":"Chaque support produit pour nous est test\u00e9 sur le corps d'origine de l'inventeur J.F.Minder, ce qui garantit un contr\u00f4le qualit\u00e9 et une compatibilit\u00e9 de 100%.","robots":{"index":"index","follow":"follow","max-snippet":"max-snippet:-1","max-image-preview":"max-image-preview:large","max-video-preview":"max-video-preview:-1"},"canonical":"https:\/\/pewetools.de\/fr\/shop\/categorie-produits\/tourelle-porte-outils-a-changement-rapide-set-a1675-s\/","og_locale":"fr_FR","og_type":"article","og_title":"Tourelle porte-outils \u00e0 changement rapide - pewetools ltd","og_description":"Chaque support produit pour nous est test\u00e9 sur le corps d'origine de l'inventeur J.F.Minder, ce qui garantit un contr\u00f4le qualit\u00e9 et une compatibilit\u00e9 de 100%.","og_url":"https:\/\/pewetools.de\/fr\/shop\/categorie-produits\/tourelle-porte-outils-a-changement-rapide-set-a1675-s\/","og_site_name":"PeWeTools Schnellwechselhalter nach System Multifix","article_modified_time":"2025-08-25T12:34:32+00:00","og_image":[{"width":1600,"height":1143,"url":"https:\/\/pewetools.de\/wp-content\/uploads\/2023\/04\/Set-A-2-ohne-Schrauben.jpg","type":"image\/jpeg"}],"twitter_card":"summary_large_image","twitter_misc":{"Dur\u00e9e de lecture estim\u00e9e":"1 minute"},"schema":{"@context":"https:\/\/schema.org","@graph":[{"@type":"WebPage","@id":"https:\/\/pewetools.de\/fr\/shop\/categorie-produits\/tourelle-porte-outils-a-changement-rapide-set-a1675-s\/","url":"https:\/\/pewetools.de\/fr\/shop\/categorie-produits\/tourelle-porte-outils-a-changement-rapide-set-a1675-s\/","name":"Tourelle porte-outils \u00e0 changement rapide - pewetools ltd","isPartOf":{"@id":"https:\/\/pewetools.de\/#website"},"primaryImageOfPage":{"@id":"https:\/\/pewetools.de\/fr\/shop\/categorie-produits\/tourelle-porte-outils-a-changement-rapide-set-a1675-s\/#primaryimage"},"image":{"@id":"https:\/\/pewetools.de\/fr\/shop\/categorie-produits\/tourelle-porte-outils-a-changement-rapide-set-a1675-s\/#primaryimage"},"thumbnailUrl":"https:\/\/pewetools.de\/wp-content\/uploads\/2023\/04\/Set-A-2-ohne-Schrauben.jpg","datePublished":"2022-01-12T11:32:18+00:00","dateModified":"2025-08-25T12:34:32+00:00","description":"Chaque support produit pour nous est test\u00e9 sur le corps d'origine de l'inventeur J.F.Minder, ce qui garantit un contr\u00f4le qualit\u00e9 et une compatibilit\u00e9 de 100%.","breadcrumb":{"@id":"https:\/\/pewetools.de\/fr\/shop\/categorie-produits\/tourelle-porte-outils-a-changement-rapide-set-a1675-s\/#breadcrumb"},"inLanguage":"fr-FR","potentialAction":[{"@type":"ReadAction","target":["https:\/\/pewetools.de\/fr\/shop\/categorie-produits\/tourelle-porte-outils-a-changement-rapide-set-a1675-s\/"]}]},{"@type":"ImageObject","inLanguage":"fr-FR","@id":"https:\/\/pewetools.de\/fr\/shop\/categorie-produits\/tourelle-porte-outils-a-changement-rapide-set-a1675-s\/#primaryimage","url":"https:\/\/pewetools.de\/wp-content\/uploads\/2023\/04\/Set-A-2-ohne-Schrauben.jpg","contentUrl":"https:\/\/pewetools.de\/wp-content\/uploads\/2023\/04\/Set-A-2-ohne-Schrauben.jpg","width":1600,"height":1143},{"@type":"BreadcrumbList","@id":"https:\/\/pewetools.de\/fr\/shop\/categorie-produits\/tourelle-porte-outils-a-changement-rapide-set-a1675-s\/#breadcrumb","itemListElement":[{"@type":"ListItem","position":1,"name":"maison","item":"https:\/\/pewetools.de\/fr\/"},{"@type":"ListItem","position":2,"name":"Shop","item":"https:\/\/pewetools.de\/fr\/shop\/"},{"@type":"ListItem","position":3,"name":"Tourelle porte-outils \u00e0 changement rapide Set A1675-S"}]},{"@type":"WebSite","@id":"https:\/\/pewetools.de\/#website","url":"https:\/\/pewetools.de\/","name":"PeWeTools Schnellwechselhalter nach System Multifix","description":"","potentialAction":[{"@type":"SearchAction","target":{"@type":"EntryPoint","urlTemplate":"https:\/\/pewetools.de\/?s={search_term_string}"},"query-input":{"@type":"PropertyValueSpecification","valueRequired":true,"valueName":"search_term_string"}}],"inLanguage":"fr-FR"}]}},"_links":{"self":[{"href":"https:\/\/pewetools.de\/fr\/wp-json\/wp\/v2\/product\/10575","targetHints":{"allow":["GET"]}}],"collection":[{"href":"https:\/\/pewetools.de\/fr\/wp-json\/wp\/v2\/product"}],"about":[{"href":"https:\/\/pewetools.de\/fr\/wp-json\/wp\/v2\/types\/product"}],"version-history":[{"count":6,"href":"https:\/\/pewetools.de\/fr\/wp-json\/wp\/v2\/product\/10575\/revisions"}],"predecessor-version":[{"id":15824,"href":"https:\/\/pewetools.de\/fr\/wp-json\/wp\/v2\/product\/10575\/revisions\/15824"}],"wp:featuredmedia":[{"embeddable":true,"href":"https:\/\/pewetools.de\/fr\/wp-json\/wp\/v2\/media\/12768"}],"wp:attachment":[{"href":"https:\/\/pewetools.de\/fr\/wp-json\/wp\/v2\/media?parent=10575"}],"wp:term":[{"taxonomy":"product_brand","embeddable":true,"href":"https:\/\/pewetools.de\/fr\/wp-json\/wp\/v2\/product_brand?post=10575"},{"taxonomy":"product_cat","embeddable":true,"href":"https:\/\/pewetools.de\/fr\/wp-json\/wp\/v2\/product_cat?post=10575"},{"taxonomy":"product_tag","embeddable":true,"href":"https:\/\/pewetools.de\/fr\/wp-json\/wp\/v2\/product_tag?post=10575"}],"curies":[{"name":"wp","href":"https:\/\/api.w.org\/{rel}","templated":true}]}}