{"id":11331,"date":"2022-04-27T13:25:29","date_gmt":"2022-04-27T11:25:29","guid":{"rendered":"https:\/\/pewetools.de\/?post_type=product&#038;p=11331"},"modified":"2025-03-20T13:55:59","modified_gmt":"2025-03-20T12:55:59","slug":"porte-outil-pour-tournant-ad2575","status":"publish","type":"product","link":"https:\/\/pewetools.de\/fr\/shop\/categorie-produits\/porte-outil-pour-tournant-ad2575\/","title":{"rendered":"Porte-outil pour tournant AD2575"},"content":{"rendered":"<p>Porte-outil pour tournant AD2575<\/p>\n","protected":false},"excerpt":{"rendered":"<p>AD2575<\/p>\n","protected":false},"featured_media":11580,"template":"","meta":{"footnotes":""},"product_brand":[],"product_cat":[470,479],"product_tag":[1043],"class_list":{"0":"post-11331","1":"product","2":"type-product","3":"status-publish","4":"has-post-thumbnail","6":"product_cat-porte-outil-a-changement-rapide","7":"product_cat-a","8":"product_tag-porte-outils-avec-changement-rapide","9":"product_shipping_class-paquet","11":"first","12":"instock","13":"taxable","14":"shipping-taxable","15":"purchasable","16":"product-type-simple"},"yoast_head":"<!-- This site is optimized with the Yoast SEO plugin v27.4 - https:\/\/yoast.com\/product\/yoast-seo-wordpress\/ -->\n<title>Porte-outil pour tournant apr\u00e8s le syst\u00e8me Multifix - pewetools limited<\/title>\n<meta name=\"description\" content=\"Chaque support produit pour nous est test\u00e9 sur le corps d&#039;origine de l&#039;inventeur J.F.Minder, ce qui garantit un contr\u00f4le qualit\u00e9 et une compatibilit\u00e9 de 100%.\" \/>\n<meta name=\"robots\" content=\"index, follow, max-snippet:-1, max-image-preview:large, max-video-preview:-1\" \/>\n<link rel=\"canonical\" href=\"https:\/\/pewetools.de\/shop\/categorie-produits\/drehstahlhalter-ad2575\/\" \/>\n<meta property=\"og:locale\" content=\"fr_FR\" \/>\n<meta property=\"og:type\" content=\"article\" \/>\n<meta property=\"og:title\" content=\"Porte-outil pour tournant apr\u00e8s le syst\u00e8me Multifix - pewetools limited\" \/>\n<meta property=\"og:description\" content=\"Chaque support produit pour nous est test\u00e9 sur le corps d&#039;origine de l&#039;inventeur J.F.Minder, ce qui garantit un contr\u00f4le qualit\u00e9 et une compatibilit\u00e9 de 100%.\" \/>\n<meta property=\"og:url\" content=\"https:\/\/pewetools.de\/shop\/categorie-produits\/drehstahlhalter-ad2575\/\" \/>\n<meta property=\"og:site_name\" content=\"PeWeTools Schnellwechselhalter nach System Multifix\" \/>\n<meta property=\"article:modified_time\" content=\"2025-03-20T12:55:59+00:00\" \/>\n<meta property=\"og:image\" content=\"https:\/\/pewetools.de\/wp-content\/uploads\/2022\/04\/AD2575-neu.jpg\" \/>\n\t<meta property=\"og:image:width\" content=\"1618\" \/>\n\t<meta property=\"og:image:height\" content=\"2115\" \/>\n\t<meta property=\"og:image:type\" content=\"image\/jpeg\" \/>\n<meta name=\"twitter:card\" content=\"summary_large_image\" \/>\n<script type=\"application\/ld+json\" class=\"yoast-schema-graph\">{\"@context\":\"https:\\\/\\\/schema.org\",\"@graph\":[{\"@type\":\"WebPage\",\"@id\":\"https:\\\/\\\/pewetools.de\\\/shop\\\/categorie-produits\\\/drehstahlhalter-ad2575\\\/\",\"url\":\"https:\\\/\\\/pewetools.de\\\/shop\\\/categorie-produits\\\/drehstahlhalter-ad2575\\\/\",\"name\":\"Porte-outil pour tournant apr\u00e8s le syst\u00e8me Multifix - pewetools limited\",\"isPartOf\":{\"@id\":\"https:\\\/\\\/pewetools.de\\\/#website\"},\"primaryImageOfPage\":{\"@id\":\"https:\\\/\\\/pewetools.de\\\/shop\\\/categorie-produits\\\/drehstahlhalter-ad2575\\\/#primaryimage\"},\"image\":{\"@id\":\"https:\\\/\\\/pewetools.de\\\/shop\\\/categorie-produits\\\/drehstahlhalter-ad2575\\\/#primaryimage\"},\"thumbnailUrl\":\"https:\\\/\\\/pewetools.de\\\/wp-content\\\/uploads\\\/2022\\\/04\\\/AD2575-neu.jpg\",\"datePublished\":\"2022-04-27T11:25:29+00:00\",\"dateModified\":\"2025-03-20T12:55:59+00:00\",\"description\":\"Chaque support produit pour nous est test\u00e9 sur le corps d'origine de l'inventeur J.F.Minder, ce qui garantit un contr\u00f4le qualit\u00e9 et une compatibilit\u00e9 de 100%.\",\"breadcrumb\":{\"@id\":\"https:\\\/\\\/pewetools.de\\\/shop\\\/categorie-produits\\\/drehstahlhalter-ad2575\\\/#breadcrumb\"},\"inLanguage\":\"fr-FR\",\"potentialAction\":[{\"@type\":\"ReadAction\",\"target\":[\"https:\\\/\\\/pewetools.de\\\/shop\\\/categorie-produits\\\/drehstahlhalter-ad2575\\\/\"]}]},{\"@type\":\"ImageObject\",\"inLanguage\":\"fr-FR\",\"@id\":\"https:\\\/\\\/pewetools.de\\\/shop\\\/categorie-produits\\\/drehstahlhalter-ad2575\\\/#primaryimage\",\"url\":\"https:\\\/\\\/pewetools.de\\\/wp-content\\\/uploads\\\/2022\\\/04\\\/AD2575-neu.jpg\",\"contentUrl\":\"https:\\\/\\\/pewetools.de\\\/wp-content\\\/uploads\\\/2022\\\/04\\\/AD2575-neu.jpg\",\"width\":1618,\"height\":2115},{\"@type\":\"BreadcrumbList\",\"@id\":\"https:\\\/\\\/pewetools.de\\\/shop\\\/categorie-produits\\\/drehstahlhalter-ad2575\\\/#breadcrumb\",\"itemListElement\":[{\"@type\":\"ListItem\",\"position\":1,\"name\":\"maison\",\"item\":\"https:\\\/\\\/pewetools.de\\\/fr\\\/\"},{\"@type\":\"ListItem\",\"position\":2,\"name\":\"Shop\",\"item\":\"https:\\\/\\\/pewetools.de\\\/fr\\\/shop\\\/\"},{\"@type\":\"ListItem\",\"position\":3,\"name\":\"Porte-outil pour tournant AD2575\"}]},{\"@type\":\"WebSite\",\"@id\":\"https:\\\/\\\/pewetools.de\\\/#website\",\"url\":\"https:\\\/\\\/pewetools.de\\\/\",\"name\":\"PeWeTools Schnellwechselhalter nach System Multifix\",\"description\":\"\",\"potentialAction\":[{\"@type\":\"SearchAction\",\"target\":{\"@type\":\"EntryPoint\",\"urlTemplate\":\"https:\\\/\\\/pewetools.de\\\/?s={search_term_string}\"},\"query-input\":{\"@type\":\"PropertyValueSpecification\",\"valueRequired\":true,\"valueName\":\"search_term_string\"}}],\"inLanguage\":\"fr-FR\"}]}<\/script>\n<!-- \/ Yoast SEO plugin. -->","yoast_head_json":{"title":"Porte-outil pour tournant apr\u00e8s le syst\u00e8me Multifix - pewetools limited","description":"Chaque support produit pour nous est test\u00e9 sur le corps d'origine de l'inventeur J.F.Minder, ce qui garantit un contr\u00f4le qualit\u00e9 et une compatibilit\u00e9 de 100%.","robots":{"index":"index","follow":"follow","max-snippet":"max-snippet:-1","max-image-preview":"max-image-preview:large","max-video-preview":"max-video-preview:-1"},"canonical":"https:\/\/pewetools.de\/shop\/categorie-produits\/drehstahlhalter-ad2575\/","og_locale":"fr_FR","og_type":"article","og_title":"Porte-outil pour tournant apr\u00e8s le syst\u00e8me Multifix - pewetools limited","og_description":"Chaque support produit pour nous est test\u00e9 sur le corps d'origine de l'inventeur J.F.Minder, ce qui garantit un contr\u00f4le qualit\u00e9 et une compatibilit\u00e9 de 100%.","og_url":"https:\/\/pewetools.de\/shop\/categorie-produits\/drehstahlhalter-ad2575\/","og_site_name":"PeWeTools Schnellwechselhalter nach System Multifix","article_modified_time":"2025-03-20T12:55:59+00:00","og_image":[{"width":1618,"height":2115,"url":"https:\/\/pewetools.de\/wp-content\/uploads\/2022\/04\/AD2575-neu.jpg","type":"image\/jpeg"}],"twitter_card":"summary_large_image","schema":{"@context":"https:\/\/schema.org","@graph":[{"@type":"WebPage","@id":"https:\/\/pewetools.de\/shop\/categorie-produits\/drehstahlhalter-ad2575\/","url":"https:\/\/pewetools.de\/shop\/categorie-produits\/drehstahlhalter-ad2575\/","name":"Porte-outil pour tournant apr\u00e8s le syst\u00e8me Multifix - pewetools limited","isPartOf":{"@id":"https:\/\/pewetools.de\/#website"},"primaryImageOfPage":{"@id":"https:\/\/pewetools.de\/shop\/categorie-produits\/drehstahlhalter-ad2575\/#primaryimage"},"image":{"@id":"https:\/\/pewetools.de\/shop\/categorie-produits\/drehstahlhalter-ad2575\/#primaryimage"},"thumbnailUrl":"https:\/\/pewetools.de\/wp-content\/uploads\/2022\/04\/AD2575-neu.jpg","datePublished":"2022-04-27T11:25:29+00:00","dateModified":"2025-03-20T12:55:59+00:00","description":"Chaque support produit pour nous est test\u00e9 sur le corps d'origine de l'inventeur J.F.Minder, ce qui garantit un contr\u00f4le qualit\u00e9 et une compatibilit\u00e9 de 100%.","breadcrumb":{"@id":"https:\/\/pewetools.de\/shop\/categorie-produits\/drehstahlhalter-ad2575\/#breadcrumb"},"inLanguage":"fr-FR","potentialAction":[{"@type":"ReadAction","target":["https:\/\/pewetools.de\/shop\/categorie-produits\/drehstahlhalter-ad2575\/"]}]},{"@type":"ImageObject","inLanguage":"fr-FR","@id":"https:\/\/pewetools.de\/shop\/categorie-produits\/drehstahlhalter-ad2575\/#primaryimage","url":"https:\/\/pewetools.de\/wp-content\/uploads\/2022\/04\/AD2575-neu.jpg","contentUrl":"https:\/\/pewetools.de\/wp-content\/uploads\/2022\/04\/AD2575-neu.jpg","width":1618,"height":2115},{"@type":"BreadcrumbList","@id":"https:\/\/pewetools.de\/shop\/categorie-produits\/drehstahlhalter-ad2575\/#breadcrumb","itemListElement":[{"@type":"ListItem","position":1,"name":"maison","item":"https:\/\/pewetools.de\/fr\/"},{"@type":"ListItem","position":2,"name":"Shop","item":"https:\/\/pewetools.de\/fr\/shop\/"},{"@type":"ListItem","position":3,"name":"Porte-outil pour tournant AD2575"}]},{"@type":"WebSite","@id":"https:\/\/pewetools.de\/#website","url":"https:\/\/pewetools.de\/","name":"PeWeTools Schnellwechselhalter nach System Multifix","description":"","potentialAction":[{"@type":"SearchAction","target":{"@type":"EntryPoint","urlTemplate":"https:\/\/pewetools.de\/?s={search_term_string}"},"query-input":{"@type":"PropertyValueSpecification","valueRequired":true,"valueName":"search_term_string"}}],"inLanguage":"fr-FR"}]}},"_links":{"self":[{"href":"https:\/\/pewetools.de\/fr\/wp-json\/wp\/v2\/product\/11331","targetHints":{"allow":["GET"]}}],"collection":[{"href":"https:\/\/pewetools.de\/fr\/wp-json\/wp\/v2\/product"}],"about":[{"href":"https:\/\/pewetools.de\/fr\/wp-json\/wp\/v2\/types\/product"}],"version-history":[{"count":1,"href":"https:\/\/pewetools.de\/fr\/wp-json\/wp\/v2\/product\/11331\/revisions"}],"predecessor-version":[{"id":15376,"href":"https:\/\/pewetools.de\/fr\/wp-json\/wp\/v2\/product\/11331\/revisions\/15376"}],"wp:featuredmedia":[{"embeddable":true,"href":"https:\/\/pewetools.de\/fr\/wp-json\/wp\/v2\/media\/11580"}],"wp:attachment":[{"href":"https:\/\/pewetools.de\/fr\/wp-json\/wp\/v2\/media?parent=11331"}],"wp:term":[{"taxonomy":"product_brand","embeddable":true,"href":"https:\/\/pewetools.de\/fr\/wp-json\/wp\/v2\/product_brand?post=11331"},{"taxonomy":"product_cat","embeddable":true,"href":"https:\/\/pewetools.de\/fr\/wp-json\/wp\/v2\/product_cat?post=11331"},{"taxonomy":"product_tag","embeddable":true,"href":"https:\/\/pewetools.de\/fr\/wp-json\/wp\/v2\/product_tag?post=11331"}],"curies":[{"name":"wp","href":"https:\/\/api.w.org\/{rel}","templated":true}]}}