{"id":12824,"date":"2023-06-06T14:31:18","date_gmt":"2023-06-06T12:31:18","guid":{"rendered":"https:\/\/pewetools.de\/?post_type=product&#038;p=12824"},"modified":"2026-03-27T15:24:36","modified_gmt":"2026-03-27T14:24:36","slug":"plaques-laterales-en-carbure-gtn-3-pour-lame-a-tronconner-revetue-10-pieces","status":"publish","type":"product","link":"https:\/\/pewetools.de\/fr\/shop\/categorie-produits\/plaques-laterales-en-carbure-gtn-3-pour-lame-a-tronconner-revetue-10-pieces\/","title":{"rendered":"Plaques lat\u00e9rales en carbure GTN 3 pour lame \u00e0 tron\u00e7onner, rev\u00eatue, 10 pi\u00e8ces"},"content":{"rendered":"<p>GTN-3<\/p>\n","protected":false},"excerpt":{"rendered":"<p>GTN-3<\/p>\n","protected":false},"featured_media":12761,"template":"","meta":{"footnotes":""},"product_brand":[],"product_cat":[454,489],"product_tag":[],"class_list":{"0":"post-12824","1":"product","2":"type-product","3":"status-publish","4":"has-post-thumbnail","6":"product_cat-lames-de-separation-et-commutateurs","7":"product_cat-accessoires-et-pieces-de-rechange","8":"product_shipping_class-paquet","10":"first","11":"instock","12":"taxable","13":"shipping-taxable","14":"purchasable","15":"product-type-simple"},"yoast_head":"<!-- This site is optimized with the Yoast SEO plugin v27.1.1 - https:\/\/yoast.com\/product\/yoast-seo-wordpress\/ -->\n<title>Plaques lat\u00e9rales en carbure GTN 3 pour lame \u00e0 tron\u00e7onner, rev\u00eatue, 10 pi\u00e8ces &#8212; PeWeTools Schnellwechselhalter nach System Multifix<\/title>\n<meta name=\"robots\" content=\"index, follow, max-snippet:-1, max-image-preview:large, max-video-preview:-1\" \/>\n<link rel=\"canonical\" href=\"https:\/\/pewetools.de\/shop\/categorie-produits\/tin-hartmetallabstechplatten-gtn-3-fuer-abstechschwert-beschichtet-vpe-10-stueck\/\" \/>\n<meta property=\"og:locale\" content=\"fr_FR\" \/>\n<meta property=\"og:type\" content=\"article\" \/>\n<meta property=\"og:title\" content=\"Plaques lat\u00e9rales en carbure GTN 3 pour lame \u00e0 tron\u00e7onner, rev\u00eatue, 10 pi\u00e8ces &#8212; PeWeTools Schnellwechselhalter nach System Multifix\" \/>\n<meta property=\"og:description\" content=\"GTN-3\" \/>\n<meta property=\"og:url\" content=\"https:\/\/pewetools.de\/shop\/categorie-produits\/tin-hartmetallabstechplatten-gtn-3-fuer-abstechschwert-beschichtet-vpe-10-stueck\/\" \/>\n<meta property=\"og:site_name\" content=\"PeWeTools Schnellwechselhalter nach System Multifix\" \/>\n<meta property=\"article:modified_time\" content=\"2026-03-27T14:24:36+00:00\" \/>\n<meta property=\"og:image\" content=\"https:\/\/pewetools.de\/wp-content\/uploads\/2023\/05\/TIN-Hartmetallplatten.jpg\" \/>\n\t<meta property=\"og:image:width\" content=\"1000\" \/>\n\t<meta property=\"og:image:height\" content=\"1000\" \/>\n\t<meta property=\"og:image:type\" content=\"image\/jpeg\" \/>\n<meta name=\"twitter:card\" content=\"summary_large_image\" \/>\n<meta name=\"twitter:label1\" content=\"Dur\u00e9e de lecture estim\u00e9e\" \/>\n\t<meta name=\"twitter:data1\" content=\"1 minute\" \/>\n<script type=\"application\/ld+json\" class=\"yoast-schema-graph\">{\"@context\":\"https:\/\/schema.org\",\"@graph\":[{\"@type\":\"WebPage\",\"@id\":\"https:\/\/pewetools.de\/shop\/categorie-produits\/tin-hartmetallabstechplatten-gtn-3-fuer-abstechschwert-beschichtet-vpe-10-stueck\/\",\"url\":\"https:\/\/pewetools.de\/shop\/categorie-produits\/tin-hartmetallabstechplatten-gtn-3-fuer-abstechschwert-beschichtet-vpe-10-stueck\/\",\"name\":\"Plaques lat\u00e9rales en carbure GTN 3 pour lame \u00e0 tron\u00e7onner, rev\u00eatue, 10 pi\u00e8ces &#8212; PeWeTools Schnellwechselhalter nach System Multifix\",\"isPartOf\":{\"@id\":\"https:\/\/pewetools.de\/#website\"},\"primaryImageOfPage\":{\"@id\":\"https:\/\/pewetools.de\/shop\/categorie-produits\/tin-hartmetallabstechplatten-gtn-3-fuer-abstechschwert-beschichtet-vpe-10-stueck\/#primaryimage\"},\"image\":{\"@id\":\"https:\/\/pewetools.de\/shop\/categorie-produits\/tin-hartmetallabstechplatten-gtn-3-fuer-abstechschwert-beschichtet-vpe-10-stueck\/#primaryimage\"},\"thumbnailUrl\":\"https:\/\/pewetools.de\/wp-content\/uploads\/2023\/05\/TIN-Hartmetallplatten.jpg\",\"datePublished\":\"2023-06-06T12:31:18+00:00\",\"dateModified\":\"2026-03-27T14:24:36+00:00\",\"breadcrumb\":{\"@id\":\"https:\/\/pewetools.de\/shop\/categorie-produits\/tin-hartmetallabstechplatten-gtn-3-fuer-abstechschwert-beschichtet-vpe-10-stueck\/#breadcrumb\"},\"inLanguage\":\"fr-FR\",\"potentialAction\":[{\"@type\":\"ReadAction\",\"target\":[\"https:\/\/pewetools.de\/shop\/categorie-produits\/tin-hartmetallabstechplatten-gtn-3-fuer-abstechschwert-beschichtet-vpe-10-stueck\/\"]}]},{\"@type\":\"ImageObject\",\"inLanguage\":\"fr-FR\",\"@id\":\"https:\/\/pewetools.de\/shop\/categorie-produits\/tin-hartmetallabstechplatten-gtn-3-fuer-abstechschwert-beschichtet-vpe-10-stueck\/#primaryimage\",\"url\":\"https:\/\/pewetools.de\/wp-content\/uploads\/2023\/05\/TIN-Hartmetallplatten.jpg\",\"contentUrl\":\"https:\/\/pewetools.de\/wp-content\/uploads\/2023\/05\/TIN-Hartmetallplatten.jpg\",\"width\":1000,\"height\":1000},{\"@type\":\"BreadcrumbList\",\"@id\":\"https:\/\/pewetools.de\/shop\/categorie-produits\/tin-hartmetallabstechplatten-gtn-3-fuer-abstechschwert-beschichtet-vpe-10-stueck\/#breadcrumb\",\"itemListElement\":[{\"@type\":\"ListItem\",\"position\":1,\"name\":\"maison\",\"item\":\"https:\/\/pewetools.de\/fr\/\"},{\"@type\":\"ListItem\",\"position\":2,\"name\":\"Shop\",\"item\":\"https:\/\/pewetools.de\/fr\/shop\/\"},{\"@type\":\"ListItem\",\"position\":3,\"name\":\"Plaques lat\u00e9rales en carbure GTN 3 pour lame \u00e0 tron\u00e7onner, rev\u00eatue, 10 pi\u00e8ces\"}]},{\"@type\":\"WebSite\",\"@id\":\"https:\/\/pewetools.de\/#website\",\"url\":\"https:\/\/pewetools.de\/\",\"name\":\"PeWeTools Schnellwechselhalter nach System Multifix\",\"description\":\"\",\"potentialAction\":[{\"@type\":\"SearchAction\",\"target\":{\"@type\":\"EntryPoint\",\"urlTemplate\":\"https:\/\/pewetools.de\/?s={search_term_string}\"},\"query-input\":{\"@type\":\"PropertyValueSpecification\",\"valueRequired\":true,\"valueName\":\"search_term_string\"}}],\"inLanguage\":\"fr-FR\"}]}<\/script>\n<!-- \/ Yoast SEO plugin. -->","yoast_head_json":{"title":"Plaques lat\u00e9rales en carbure GTN 3 pour lame \u00e0 tron\u00e7onner, rev\u00eatue, 10 pi\u00e8ces &#8212; PeWeTools Schnellwechselhalter nach System Multifix","robots":{"index":"index","follow":"follow","max-snippet":"max-snippet:-1","max-image-preview":"max-image-preview:large","max-video-preview":"max-video-preview:-1"},"canonical":"https:\/\/pewetools.de\/shop\/categorie-produits\/tin-hartmetallabstechplatten-gtn-3-fuer-abstechschwert-beschichtet-vpe-10-stueck\/","og_locale":"fr_FR","og_type":"article","og_title":"Plaques lat\u00e9rales en carbure GTN 3 pour lame \u00e0 tron\u00e7onner, rev\u00eatue, 10 pi\u00e8ces &#8212; PeWeTools Schnellwechselhalter nach System Multifix","og_description":"GTN-3","og_url":"https:\/\/pewetools.de\/shop\/categorie-produits\/tin-hartmetallabstechplatten-gtn-3-fuer-abstechschwert-beschichtet-vpe-10-stueck\/","og_site_name":"PeWeTools Schnellwechselhalter nach System Multifix","article_modified_time":"2026-03-27T14:24:36+00:00","og_image":[{"width":1000,"height":1000,"url":"https:\/\/pewetools.de\/wp-content\/uploads\/2023\/05\/TIN-Hartmetallplatten.jpg","type":"image\/jpeg"}],"twitter_card":"summary_large_image","twitter_misc":{"Dur\u00e9e de lecture estim\u00e9e":"1 minute"},"schema":{"@context":"https:\/\/schema.org","@graph":[{"@type":"WebPage","@id":"https:\/\/pewetools.de\/shop\/categorie-produits\/tin-hartmetallabstechplatten-gtn-3-fuer-abstechschwert-beschichtet-vpe-10-stueck\/","url":"https:\/\/pewetools.de\/shop\/categorie-produits\/tin-hartmetallabstechplatten-gtn-3-fuer-abstechschwert-beschichtet-vpe-10-stueck\/","name":"Plaques lat\u00e9rales en carbure GTN 3 pour lame \u00e0 tron\u00e7onner, rev\u00eatue, 10 pi\u00e8ces &#8212; PeWeTools Schnellwechselhalter nach System Multifix","isPartOf":{"@id":"https:\/\/pewetools.de\/#website"},"primaryImageOfPage":{"@id":"https:\/\/pewetools.de\/shop\/categorie-produits\/tin-hartmetallabstechplatten-gtn-3-fuer-abstechschwert-beschichtet-vpe-10-stueck\/#primaryimage"},"image":{"@id":"https:\/\/pewetools.de\/shop\/categorie-produits\/tin-hartmetallabstechplatten-gtn-3-fuer-abstechschwert-beschichtet-vpe-10-stueck\/#primaryimage"},"thumbnailUrl":"https:\/\/pewetools.de\/wp-content\/uploads\/2023\/05\/TIN-Hartmetallplatten.jpg","datePublished":"2023-06-06T12:31:18+00:00","dateModified":"2026-03-27T14:24:36+00:00","breadcrumb":{"@id":"https:\/\/pewetools.de\/shop\/categorie-produits\/tin-hartmetallabstechplatten-gtn-3-fuer-abstechschwert-beschichtet-vpe-10-stueck\/#breadcrumb"},"inLanguage":"fr-FR","potentialAction":[{"@type":"ReadAction","target":["https:\/\/pewetools.de\/shop\/categorie-produits\/tin-hartmetallabstechplatten-gtn-3-fuer-abstechschwert-beschichtet-vpe-10-stueck\/"]}]},{"@type":"ImageObject","inLanguage":"fr-FR","@id":"https:\/\/pewetools.de\/shop\/categorie-produits\/tin-hartmetallabstechplatten-gtn-3-fuer-abstechschwert-beschichtet-vpe-10-stueck\/#primaryimage","url":"https:\/\/pewetools.de\/wp-content\/uploads\/2023\/05\/TIN-Hartmetallplatten.jpg","contentUrl":"https:\/\/pewetools.de\/wp-content\/uploads\/2023\/05\/TIN-Hartmetallplatten.jpg","width":1000,"height":1000},{"@type":"BreadcrumbList","@id":"https:\/\/pewetools.de\/shop\/categorie-produits\/tin-hartmetallabstechplatten-gtn-3-fuer-abstechschwert-beschichtet-vpe-10-stueck\/#breadcrumb","itemListElement":[{"@type":"ListItem","position":1,"name":"maison","item":"https:\/\/pewetools.de\/fr\/"},{"@type":"ListItem","position":2,"name":"Shop","item":"https:\/\/pewetools.de\/fr\/shop\/"},{"@type":"ListItem","position":3,"name":"Plaques lat\u00e9rales en carbure GTN 3 pour lame \u00e0 tron\u00e7onner, rev\u00eatue, 10 pi\u00e8ces"}]},{"@type":"WebSite","@id":"https:\/\/pewetools.de\/#website","url":"https:\/\/pewetools.de\/","name":"PeWeTools Schnellwechselhalter nach System Multifix","description":"","potentialAction":[{"@type":"SearchAction","target":{"@type":"EntryPoint","urlTemplate":"https:\/\/pewetools.de\/?s={search_term_string}"},"query-input":{"@type":"PropertyValueSpecification","valueRequired":true,"valueName":"search_term_string"}}],"inLanguage":"fr-FR"}]}},"_links":{"self":[{"href":"https:\/\/pewetools.de\/fr\/wp-json\/wp\/v2\/product\/12824","targetHints":{"allow":["GET"]}}],"collection":[{"href":"https:\/\/pewetools.de\/fr\/wp-json\/wp\/v2\/product"}],"about":[{"href":"https:\/\/pewetools.de\/fr\/wp-json\/wp\/v2\/types\/product"}],"version-history":[{"count":0,"href":"https:\/\/pewetools.de\/fr\/wp-json\/wp\/v2\/product\/12824\/revisions"}],"wp:featuredmedia":[{"embeddable":true,"href":"https:\/\/pewetools.de\/fr\/wp-json\/wp\/v2\/media\/12761"}],"wp:attachment":[{"href":"https:\/\/pewetools.de\/fr\/wp-json\/wp\/v2\/media?parent=12824"}],"wp:term":[{"taxonomy":"product_brand","embeddable":true,"href":"https:\/\/pewetools.de\/fr\/wp-json\/wp\/v2\/product_brand?post=12824"},{"taxonomy":"product_cat","embeddable":true,"href":"https:\/\/pewetools.de\/fr\/wp-json\/wp\/v2\/product_cat?post=12824"},{"taxonomy":"product_tag","embeddable":true,"href":"https:\/\/pewetools.de\/fr\/wp-json\/wp\/v2\/product_tag?post=12824"}],"curies":[{"name":"wp","href":"https:\/\/api.w.org\/{rel}","templated":true}]}}