{"id":12919,"date":"2023-06-06T16:39:30","date_gmt":"2023-06-06T14:39:30","guid":{"rendered":"https:\/\/pewetools.de\/?post_type=product&#038;p=12919"},"modified":"2024-08-21T15:52:51","modified_gmt":"2024-08-21T13:52:51","slug":"llame-32-3-pour-plaquettes-de-coupe-en-carbure-gtn3","status":"publish","type":"product","link":"https:\/\/pewetools.de\/fr\/shop\/categorie-produits\/llame-32-3-pour-plaquettes-de-coupe-en-carbure-gtn3\/","title":{"rendered":"Lame 32-3 pour plaquettes de coupe en carbure GTN3"},"content":{"rendered":"<p>Lame 32-3<\/p>\n<p>150x32x3mm<\/p>\n","protected":false},"excerpt":{"rendered":"<p>Lame 32-3 150x32x3mm<\/p>\n","protected":false},"featured_media":14443,"template":"","meta":{"footnotes":""},"product_brand":[],"product_cat":[511,454,496,507],"product_tag":[],"class_list":{"0":"post-12919","1":"product","2":"type-product","3":"status-publish","4":"has-post-thumbnail","6":"product_cat-b","7":"product_cat-lames-de-separation-et-commutateurs","8":"product_cat-e","9":"product_cat-c","10":"product_shipping_class-paquet","12":"first","13":"instock","14":"taxable","15":"shipping-taxable","16":"purchasable","17":"product-type-simple"},"yoast_head":"<!-- This site is optimized with the Yoast SEO plugin v27.4 - https:\/\/yoast.com\/product\/yoast-seo-wordpress\/ -->\n<title>Lame 32-3 pour plaquettes de coupe en carbure GTN3 &#8212; PeWeTools Schnellwechselhalter nach System Multifix<\/title>\n<meta name=\"description\" content=\"Trouvez maintenant encore plus d&#039;accessoires et de pi\u00e8ces de rechange assortis pour le syst\u00e8me de support \u00e0 lib\u00e9ration rapide Multifix. Arr\u00eatez maintenant!\" \/>\n<meta name=\"robots\" content=\"index, follow, max-snippet:-1, max-image-preview:large, max-video-preview:-1\" \/>\n<link rel=\"canonical\" href=\"https:\/\/pewetools.de\/shop\/categorie-produits\/abstechschwert-32-3-fuer-hartmetallplatten-gtn3\/\" \/>\n<meta property=\"og:locale\" content=\"fr_FR\" \/>\n<meta property=\"og:type\" content=\"article\" \/>\n<meta property=\"og:title\" content=\"Lame 32-3 pour plaquettes de coupe en carbure GTN3 &#8212; PeWeTools Schnellwechselhalter nach System Multifix\" \/>\n<meta property=\"og:description\" content=\"Trouvez maintenant encore plus d&#039;accessoires et de pi\u00e8ces de rechange assortis pour le syst\u00e8me de support \u00e0 lib\u00e9ration rapide Multifix. Arr\u00eatez maintenant!\" \/>\n<meta property=\"og:url\" content=\"https:\/\/pewetools.de\/shop\/categorie-produits\/abstechschwert-32-3-fuer-hartmetallplatten-gtn3\/\" \/>\n<meta property=\"og:site_name\" content=\"PeWeTools Schnellwechselhalter nach System Multifix\" \/>\n<meta property=\"article:modified_time\" content=\"2024-08-21T13:52:51+00:00\" \/>\n<meta property=\"og:image\" content=\"https:\/\/pewetools.de\/wp-content\/uploads\/2023\/06\/32-3.jpg-kopie-neu-.jpg\" \/>\n\t<meta property=\"og:image:width\" content=\"1969\" \/>\n\t<meta property=\"og:image:height\" content=\"1113\" \/>\n\t<meta property=\"og:image:type\" content=\"image\/jpeg\" \/>\n<meta name=\"twitter:card\" content=\"summary_large_image\" \/>\n<meta name=\"twitter:label1\" content=\"Dur\u00e9e de lecture estim\u00e9e\" \/>\n\t<meta name=\"twitter:data1\" content=\"1 minute\" \/>\n<script type=\"application\/ld+json\" class=\"yoast-schema-graph\">{\"@context\":\"https:\\\/\\\/schema.org\",\"@graph\":[{\"@type\":\"WebPage\",\"@id\":\"https:\\\/\\\/pewetools.de\\\/shop\\\/categorie-produits\\\/abstechschwert-32-3-fuer-hartmetallplatten-gtn3\\\/\",\"url\":\"https:\\\/\\\/pewetools.de\\\/shop\\\/categorie-produits\\\/abstechschwert-32-3-fuer-hartmetallplatten-gtn3\\\/\",\"name\":\"Lame 32-3 pour plaquettes de coupe en carbure GTN3 &#8212; PeWeTools Schnellwechselhalter nach System Multifix\",\"isPartOf\":{\"@id\":\"https:\\\/\\\/pewetools.de\\\/#website\"},\"primaryImageOfPage\":{\"@id\":\"https:\\\/\\\/pewetools.de\\\/shop\\\/categorie-produits\\\/abstechschwert-32-3-fuer-hartmetallplatten-gtn3\\\/#primaryimage\"},\"image\":{\"@id\":\"https:\\\/\\\/pewetools.de\\\/shop\\\/categorie-produits\\\/abstechschwert-32-3-fuer-hartmetallplatten-gtn3\\\/#primaryimage\"},\"thumbnailUrl\":\"https:\\\/\\\/pewetools.de\\\/wp-content\\\/uploads\\\/2023\\\/06\\\/32-3.jpg-kopie-neu-.jpg\",\"datePublished\":\"2023-06-06T14:39:30+00:00\",\"dateModified\":\"2024-08-21T13:52:51+00:00\",\"description\":\"Trouvez maintenant encore plus d'accessoires et de pi\u00e8ces de rechange assortis pour le syst\u00e8me de support \u00e0 lib\u00e9ration rapide Multifix. Arr\u00eatez maintenant!\",\"breadcrumb\":{\"@id\":\"https:\\\/\\\/pewetools.de\\\/shop\\\/categorie-produits\\\/abstechschwert-32-3-fuer-hartmetallplatten-gtn3\\\/#breadcrumb\"},\"inLanguage\":\"fr-FR\",\"potentialAction\":[{\"@type\":\"ReadAction\",\"target\":[\"https:\\\/\\\/pewetools.de\\\/shop\\\/categorie-produits\\\/abstechschwert-32-3-fuer-hartmetallplatten-gtn3\\\/\"]}]},{\"@type\":\"ImageObject\",\"inLanguage\":\"fr-FR\",\"@id\":\"https:\\\/\\\/pewetools.de\\\/shop\\\/categorie-produits\\\/abstechschwert-32-3-fuer-hartmetallplatten-gtn3\\\/#primaryimage\",\"url\":\"https:\\\/\\\/pewetools.de\\\/wp-content\\\/uploads\\\/2023\\\/06\\\/32-3.jpg-kopie-neu-.jpg\",\"contentUrl\":\"https:\\\/\\\/pewetools.de\\\/wp-content\\\/uploads\\\/2023\\\/06\\\/32-3.jpg-kopie-neu-.jpg\",\"width\":1969,\"height\":1113},{\"@type\":\"BreadcrumbList\",\"@id\":\"https:\\\/\\\/pewetools.de\\\/shop\\\/categorie-produits\\\/abstechschwert-32-3-fuer-hartmetallplatten-gtn3\\\/#breadcrumb\",\"itemListElement\":[{\"@type\":\"ListItem\",\"position\":1,\"name\":\"maison\",\"item\":\"https:\\\/\\\/pewetools.de\\\/fr\\\/\"},{\"@type\":\"ListItem\",\"position\":2,\"name\":\"Shop\",\"item\":\"https:\\\/\\\/pewetools.de\\\/fr\\\/shop\\\/\"},{\"@type\":\"ListItem\",\"position\":3,\"name\":\"Lame 32-3 pour plaquettes de coupe en carbure GTN3\"}]},{\"@type\":\"WebSite\",\"@id\":\"https:\\\/\\\/pewetools.de\\\/#website\",\"url\":\"https:\\\/\\\/pewetools.de\\\/\",\"name\":\"PeWeTools Schnellwechselhalter nach System Multifix\",\"description\":\"\",\"potentialAction\":[{\"@type\":\"SearchAction\",\"target\":{\"@type\":\"EntryPoint\",\"urlTemplate\":\"https:\\\/\\\/pewetools.de\\\/?s={search_term_string}\"},\"query-input\":{\"@type\":\"PropertyValueSpecification\",\"valueRequired\":true,\"valueName\":\"search_term_string\"}}],\"inLanguage\":\"fr-FR\"}]}<\/script>\n<!-- \/ Yoast SEO plugin. -->","yoast_head_json":{"title":"Lame 32-3 pour plaquettes de coupe en carbure GTN3 &#8212; PeWeTools Schnellwechselhalter nach System Multifix","description":"Trouvez maintenant encore plus d'accessoires et de pi\u00e8ces de rechange assortis pour le syst\u00e8me de support \u00e0 lib\u00e9ration rapide Multifix. Arr\u00eatez maintenant!","robots":{"index":"index","follow":"follow","max-snippet":"max-snippet:-1","max-image-preview":"max-image-preview:large","max-video-preview":"max-video-preview:-1"},"canonical":"https:\/\/pewetools.de\/shop\/categorie-produits\/abstechschwert-32-3-fuer-hartmetallplatten-gtn3\/","og_locale":"fr_FR","og_type":"article","og_title":"Lame 32-3 pour plaquettes de coupe en carbure GTN3 &#8212; PeWeTools Schnellwechselhalter nach System Multifix","og_description":"Trouvez maintenant encore plus d'accessoires et de pi\u00e8ces de rechange assortis pour le syst\u00e8me de support \u00e0 lib\u00e9ration rapide Multifix. Arr\u00eatez maintenant!","og_url":"https:\/\/pewetools.de\/shop\/categorie-produits\/abstechschwert-32-3-fuer-hartmetallplatten-gtn3\/","og_site_name":"PeWeTools Schnellwechselhalter nach System Multifix","article_modified_time":"2024-08-21T13:52:51+00:00","og_image":[{"width":1969,"height":1113,"url":"https:\/\/pewetools.de\/wp-content\/uploads\/2023\/06\/32-3.jpg-kopie-neu-.jpg","type":"image\/jpeg"}],"twitter_card":"summary_large_image","twitter_misc":{"Dur\u00e9e de lecture estim\u00e9e":"1 minute"},"schema":{"@context":"https:\/\/schema.org","@graph":[{"@type":"WebPage","@id":"https:\/\/pewetools.de\/shop\/categorie-produits\/abstechschwert-32-3-fuer-hartmetallplatten-gtn3\/","url":"https:\/\/pewetools.de\/shop\/categorie-produits\/abstechschwert-32-3-fuer-hartmetallplatten-gtn3\/","name":"Lame 32-3 pour plaquettes de coupe en carbure GTN3 &#8212; PeWeTools Schnellwechselhalter nach System Multifix","isPartOf":{"@id":"https:\/\/pewetools.de\/#website"},"primaryImageOfPage":{"@id":"https:\/\/pewetools.de\/shop\/categorie-produits\/abstechschwert-32-3-fuer-hartmetallplatten-gtn3\/#primaryimage"},"image":{"@id":"https:\/\/pewetools.de\/shop\/categorie-produits\/abstechschwert-32-3-fuer-hartmetallplatten-gtn3\/#primaryimage"},"thumbnailUrl":"https:\/\/pewetools.de\/wp-content\/uploads\/2023\/06\/32-3.jpg-kopie-neu-.jpg","datePublished":"2023-06-06T14:39:30+00:00","dateModified":"2024-08-21T13:52:51+00:00","description":"Trouvez maintenant encore plus d'accessoires et de pi\u00e8ces de rechange assortis pour le syst\u00e8me de support \u00e0 lib\u00e9ration rapide Multifix. Arr\u00eatez maintenant!","breadcrumb":{"@id":"https:\/\/pewetools.de\/shop\/categorie-produits\/abstechschwert-32-3-fuer-hartmetallplatten-gtn3\/#breadcrumb"},"inLanguage":"fr-FR","potentialAction":[{"@type":"ReadAction","target":["https:\/\/pewetools.de\/shop\/categorie-produits\/abstechschwert-32-3-fuer-hartmetallplatten-gtn3\/"]}]},{"@type":"ImageObject","inLanguage":"fr-FR","@id":"https:\/\/pewetools.de\/shop\/categorie-produits\/abstechschwert-32-3-fuer-hartmetallplatten-gtn3\/#primaryimage","url":"https:\/\/pewetools.de\/wp-content\/uploads\/2023\/06\/32-3.jpg-kopie-neu-.jpg","contentUrl":"https:\/\/pewetools.de\/wp-content\/uploads\/2023\/06\/32-3.jpg-kopie-neu-.jpg","width":1969,"height":1113},{"@type":"BreadcrumbList","@id":"https:\/\/pewetools.de\/shop\/categorie-produits\/abstechschwert-32-3-fuer-hartmetallplatten-gtn3\/#breadcrumb","itemListElement":[{"@type":"ListItem","position":1,"name":"maison","item":"https:\/\/pewetools.de\/fr\/"},{"@type":"ListItem","position":2,"name":"Shop","item":"https:\/\/pewetools.de\/fr\/shop\/"},{"@type":"ListItem","position":3,"name":"Lame 32-3 pour plaquettes de coupe en carbure GTN3"}]},{"@type":"WebSite","@id":"https:\/\/pewetools.de\/#website","url":"https:\/\/pewetools.de\/","name":"PeWeTools Schnellwechselhalter nach System Multifix","description":"","potentialAction":[{"@type":"SearchAction","target":{"@type":"EntryPoint","urlTemplate":"https:\/\/pewetools.de\/?s={search_term_string}"},"query-input":{"@type":"PropertyValueSpecification","valueRequired":true,"valueName":"search_term_string"}}],"inLanguage":"fr-FR"}]}},"_links":{"self":[{"href":"https:\/\/pewetools.de\/fr\/wp-json\/wp\/v2\/product\/12919","targetHints":{"allow":["GET"]}}],"collection":[{"href":"https:\/\/pewetools.de\/fr\/wp-json\/wp\/v2\/product"}],"about":[{"href":"https:\/\/pewetools.de\/fr\/wp-json\/wp\/v2\/types\/product"}],"version-history":[{"count":1,"href":"https:\/\/pewetools.de\/fr\/wp-json\/wp\/v2\/product\/12919\/revisions"}],"predecessor-version":[{"id":12928,"href":"https:\/\/pewetools.de\/fr\/wp-json\/wp\/v2\/product\/12919\/revisions\/12928"}],"wp:featuredmedia":[{"embeddable":true,"href":"https:\/\/pewetools.de\/fr\/wp-json\/wp\/v2\/media\/14443"}],"wp:attachment":[{"href":"https:\/\/pewetools.de\/fr\/wp-json\/wp\/v2\/media?parent=12919"}],"wp:term":[{"taxonomy":"product_brand","embeddable":true,"href":"https:\/\/pewetools.de\/fr\/wp-json\/wp\/v2\/product_brand?post=12919"},{"taxonomy":"product_cat","embeddable":true,"href":"https:\/\/pewetools.de\/fr\/wp-json\/wp\/v2\/product_cat?post=12919"},{"taxonomy":"product_tag","embeddable":true,"href":"https:\/\/pewetools.de\/fr\/wp-json\/wp\/v2\/product_tag?post=12919"}],"curies":[{"name":"wp","href":"https:\/\/api.w.org\/{rel}","templated":true}]}}