{"id":13247,"date":"2023-07-24T13:18:18","date_gmt":"2023-07-24T11:18:18","guid":{"rendered":"https:\/\/pewetools.de\/?post_type=product&#038;p=13247"},"modified":"2024-01-26T13:45:42","modified_gmt":"2024-01-26T12:45:42","slug":"pied-a-coulisse-sino-800-mm-ip67-avec-changement-de-sens-de-comptage-et-doublement-de-la-valeur-et-preset","status":"publish","type":"product","link":"https:\/\/pewetools.de\/fr\/shop\/categorie-produits\/pied-a-coulisse-sino-800-mm-ip67-avec-changement-de-sens-de-comptage-et-doublement-de-la-valeur-et-preset\/","title":{"rendered":"Pied \u00e0 coulisse sino 800 mm IP67 avec changement de sens de comptage et doublement de la valeur et PreSet"},"content":{"rendered":"<p><span style=\"color: #008080;\">Nouveau IP67<\/span><\/p>\n<ul>\n<li>Possibilit\u00e9 de doubler la valeur<\/li>\n<li>Possibilit\u00e9 d&#8217;entrer des mesures (PreSet)<\/li>\n<li>Prise pour alimentation \u00e9lectrique externe<\/li>\n<li>Possibilit\u00e9 de changer le sens de comptage +\/-<\/li>\n<li>et avec de tr\u00e8s grands chiffres \u00e0 l&#8217;\u00e9cran (17mm)<\/li>\n<\/ul>\n<p><span style=\"color: #008080;\">y compris:<\/span><\/p>\n<ul>\n<li>1x syst\u00e8me de mesure lin\u00e9aire dans la longueur respective (voir nom de l&#8217;article)<\/li>\n<li>1x unit\u00e9 d&#8217;affichage externe<\/li>\n<li>1x piles C2032<\/li>\n<li>support de montage<\/li>\n<li>Support mural pour l&#8217;affichage<\/li>\n<\/ul>\n<p>Si vous achetez deux jauges de ce type (la longueur importe peu), vous recevrez un c\u00e2ble en Y pour l&#8217;alimentation externe de 2 pinces avec une alimentation \u00e0 d\u00e9coupage<\/p>\n","protected":false},"excerpt":{"rendered":"<p>Nouveau IP67 Possibilit\u00e9 de doubler la valeur Possibilit\u00e9 d&#8217;entrer des mesures (PreSet) Prise pour alimentation \u00e9lectrique externe Possibilit\u00e9 de changer le sens de comptage +\/- et avec de tr\u00e8s grands chiffres \u00e0 l&#8217;\u00e9cran (17mm) y compris: 1x syst\u00e8me de mesure lin\u00e9aire dans la longueur respective (voir nom de l&#8217;article) 1x unit\u00e9 d&#8217;affichage externe 1x piles [&hellip;]<\/p>\n","protected":false},"featured_media":13188,"template":"","meta":{"footnotes":""},"product_brand":[],"product_cat":[466],"product_tag":[1045,1201,1202,1203],"class_list":{"0":"post-13247","1":"product","2":"type-product","3":"status-publish","4":"has-post-thumbnail","6":"product_cat-technologie-de-mesure-et-de-test","7":"product_tag-lathe","8":"product_tag-affichage-numerique","9":"product_tag-etriers","10":"product_tag-outil-de-mesure","11":"product_shipping_class-paquet","13":"first","14":"instock","15":"taxable","16":"shipping-taxable","17":"purchasable","18":"product-type-simple"},"yoast_head":"<!-- This site is optimized with the Yoast SEO plugin v27.1.1 - https:\/\/yoast.com\/product\/yoast-seo-wordpress\/ -->\n<title>Indicateur de dimension num\u00e9rique SINO<\/title>\n<meta name=\"robots\" content=\"index, follow, max-snippet:-1, max-image-preview:large, max-video-preview:-1\" \/>\n<link rel=\"canonical\" href=\"https:\/\/pewetools.de\/fr\/shop\/categorie-produits\/pied-a-coulisse-sino-800-mm-ip67-avec-changement-de-sens-de-comptage-et-doublement-de-la-valeur-et-preset\/\" \/>\n<meta property=\"og:locale\" content=\"fr_FR\" \/>\n<meta property=\"og:type\" content=\"article\" \/>\n<meta property=\"og:title\" content=\"Indicateur de dimension num\u00e9rique SINO\" \/>\n<meta property=\"og:description\" content=\"Nouveau IP67 Possibilit\u00e9 de doubler la valeur Possibilit\u00e9 d&#8217;entrer des mesures (PreSet) Prise pour alimentation \u00e9lectrique externe Possibilit\u00e9 de changer le sens de comptage +\/- et avec de tr\u00e8s grands chiffres \u00e0 l&#8217;\u00e9cran (17mm) y compris: 1x syst\u00e8me de mesure lin\u00e9aire dans la longueur respective (voir nom de l&#8217;article) 1x unit\u00e9 d&#8217;affichage externe 1x piles [&hellip;]\" \/>\n<meta property=\"og:url\" content=\"https:\/\/pewetools.de\/fr\/shop\/categorie-produits\/pied-a-coulisse-sino-800-mm-ip67-avec-changement-de-sens-de-comptage-et-doublement-de-la-valeur-et-preset\/\" \/>\n<meta property=\"og:site_name\" content=\"PeWeTools Schnellwechselhalter nach System Multifix\" \/>\n<meta property=\"article:modified_time\" content=\"2024-01-26T12:45:42+00:00\" \/>\n<meta property=\"og:image\" content=\"https:\/\/pewetools.de\/wp-content\/uploads\/2023\/07\/HD-Scale2-Kopie-1-neu.jpg\" \/>\n\t<meta property=\"og:image:width\" content=\"1969\" \/>\n\t<meta property=\"og:image:height\" content=\"1034\" \/>\n\t<meta property=\"og:image:type\" content=\"image\/jpeg\" \/>\n<meta name=\"twitter:card\" content=\"summary_large_image\" \/>\n<meta name=\"twitter:label1\" content=\"Dur\u00e9e de lecture estim\u00e9e\" \/>\n\t<meta name=\"twitter:data1\" content=\"1 minute\" \/>\n<script type=\"application\/ld+json\" class=\"yoast-schema-graph\">{\"@context\":\"https:\/\/schema.org\",\"@graph\":[{\"@type\":\"WebPage\",\"@id\":\"https:\/\/pewetools.de\/fr\/shop\/categorie-produits\/pied-a-coulisse-sino-800-mm-ip67-avec-changement-de-sens-de-comptage-et-doublement-de-la-valeur-et-preset\/\",\"url\":\"https:\/\/pewetools.de\/fr\/shop\/categorie-produits\/pied-a-coulisse-sino-800-mm-ip67-avec-changement-de-sens-de-comptage-et-doublement-de-la-valeur-et-preset\/\",\"name\":\"Indicateur de dimension num\u00e9rique SINO\",\"isPartOf\":{\"@id\":\"https:\/\/pewetools.de\/#website\"},\"primaryImageOfPage\":{\"@id\":\"https:\/\/pewetools.de\/fr\/shop\/categorie-produits\/pied-a-coulisse-sino-800-mm-ip67-avec-changement-de-sens-de-comptage-et-doublement-de-la-valeur-et-preset\/#primaryimage\"},\"image\":{\"@id\":\"https:\/\/pewetools.de\/fr\/shop\/categorie-produits\/pied-a-coulisse-sino-800-mm-ip67-avec-changement-de-sens-de-comptage-et-doublement-de-la-valeur-et-preset\/#primaryimage\"},\"thumbnailUrl\":\"https:\/\/pewetools.de\/wp-content\/uploads\/2023\/07\/HD-Scale2-Kopie-1-neu.jpg\",\"datePublished\":\"2023-07-24T11:18:18+00:00\",\"dateModified\":\"2024-01-26T12:45:42+00:00\",\"breadcrumb\":{\"@id\":\"https:\/\/pewetools.de\/fr\/shop\/categorie-produits\/pied-a-coulisse-sino-800-mm-ip67-avec-changement-de-sens-de-comptage-et-doublement-de-la-valeur-et-preset\/#breadcrumb\"},\"inLanguage\":\"fr-FR\",\"potentialAction\":[{\"@type\":\"ReadAction\",\"target\":[\"https:\/\/pewetools.de\/fr\/shop\/categorie-produits\/pied-a-coulisse-sino-800-mm-ip67-avec-changement-de-sens-de-comptage-et-doublement-de-la-valeur-et-preset\/\"]}]},{\"@type\":\"ImageObject\",\"inLanguage\":\"fr-FR\",\"@id\":\"https:\/\/pewetools.de\/fr\/shop\/categorie-produits\/pied-a-coulisse-sino-800-mm-ip67-avec-changement-de-sens-de-comptage-et-doublement-de-la-valeur-et-preset\/#primaryimage\",\"url\":\"https:\/\/pewetools.de\/wp-content\/uploads\/2023\/07\/HD-Scale2-Kopie-1-neu.jpg\",\"contentUrl\":\"https:\/\/pewetools.de\/wp-content\/uploads\/2023\/07\/HD-Scale2-Kopie-1-neu.jpg\",\"width\":1969,\"height\":1034},{\"@type\":\"BreadcrumbList\",\"@id\":\"https:\/\/pewetools.de\/fr\/shop\/categorie-produits\/pied-a-coulisse-sino-800-mm-ip67-avec-changement-de-sens-de-comptage-et-doublement-de-la-valeur-et-preset\/#breadcrumb\",\"itemListElement\":[{\"@type\":\"ListItem\",\"position\":1,\"name\":\"maison\",\"item\":\"https:\/\/pewetools.de\/fr\/\"},{\"@type\":\"ListItem\",\"position\":2,\"name\":\"Shop\",\"item\":\"https:\/\/pewetools.de\/fr\/shop\/\"},{\"@type\":\"ListItem\",\"position\":3,\"name\":\"Pied \u00e0 coulisse sino 800 mm IP67 avec changement de sens de comptage et doublement de la valeur et PreSet\"}]},{\"@type\":\"WebSite\",\"@id\":\"https:\/\/pewetools.de\/#website\",\"url\":\"https:\/\/pewetools.de\/\",\"name\":\"PeWeTools Schnellwechselhalter nach System Multifix\",\"description\":\"\",\"potentialAction\":[{\"@type\":\"SearchAction\",\"target\":{\"@type\":\"EntryPoint\",\"urlTemplate\":\"https:\/\/pewetools.de\/?s={search_term_string}\"},\"query-input\":{\"@type\":\"PropertyValueSpecification\",\"valueRequired\":true,\"valueName\":\"search_term_string\"}}],\"inLanguage\":\"fr-FR\"}]}<\/script>\n<!-- \/ Yoast SEO plugin. -->","yoast_head_json":{"title":"Indicateur de dimension num\u00e9rique SINO","robots":{"index":"index","follow":"follow","max-snippet":"max-snippet:-1","max-image-preview":"max-image-preview:large","max-video-preview":"max-video-preview:-1"},"canonical":"https:\/\/pewetools.de\/fr\/shop\/categorie-produits\/pied-a-coulisse-sino-800-mm-ip67-avec-changement-de-sens-de-comptage-et-doublement-de-la-valeur-et-preset\/","og_locale":"fr_FR","og_type":"article","og_title":"Indicateur de dimension num\u00e9rique SINO","og_description":"Nouveau IP67 Possibilit\u00e9 de doubler la valeur Possibilit\u00e9 d&#8217;entrer des mesures (PreSet) Prise pour alimentation \u00e9lectrique externe Possibilit\u00e9 de changer le sens de comptage +\/- et avec de tr\u00e8s grands chiffres \u00e0 l&#8217;\u00e9cran (17mm) y compris: 1x syst\u00e8me de mesure lin\u00e9aire dans la longueur respective (voir nom de l&#8217;article) 1x unit\u00e9 d&#8217;affichage externe 1x piles [&hellip;]","og_url":"https:\/\/pewetools.de\/fr\/shop\/categorie-produits\/pied-a-coulisse-sino-800-mm-ip67-avec-changement-de-sens-de-comptage-et-doublement-de-la-valeur-et-preset\/","og_site_name":"PeWeTools Schnellwechselhalter nach System Multifix","article_modified_time":"2024-01-26T12:45:42+00:00","og_image":[{"width":1969,"height":1034,"url":"https:\/\/pewetools.de\/wp-content\/uploads\/2023\/07\/HD-Scale2-Kopie-1-neu.jpg","type":"image\/jpeg"}],"twitter_card":"summary_large_image","twitter_misc":{"Dur\u00e9e de lecture estim\u00e9e":"1 minute"},"schema":{"@context":"https:\/\/schema.org","@graph":[{"@type":"WebPage","@id":"https:\/\/pewetools.de\/fr\/shop\/categorie-produits\/pied-a-coulisse-sino-800-mm-ip67-avec-changement-de-sens-de-comptage-et-doublement-de-la-valeur-et-preset\/","url":"https:\/\/pewetools.de\/fr\/shop\/categorie-produits\/pied-a-coulisse-sino-800-mm-ip67-avec-changement-de-sens-de-comptage-et-doublement-de-la-valeur-et-preset\/","name":"Indicateur de dimension num\u00e9rique SINO","isPartOf":{"@id":"https:\/\/pewetools.de\/#website"},"primaryImageOfPage":{"@id":"https:\/\/pewetools.de\/fr\/shop\/categorie-produits\/pied-a-coulisse-sino-800-mm-ip67-avec-changement-de-sens-de-comptage-et-doublement-de-la-valeur-et-preset\/#primaryimage"},"image":{"@id":"https:\/\/pewetools.de\/fr\/shop\/categorie-produits\/pied-a-coulisse-sino-800-mm-ip67-avec-changement-de-sens-de-comptage-et-doublement-de-la-valeur-et-preset\/#primaryimage"},"thumbnailUrl":"https:\/\/pewetools.de\/wp-content\/uploads\/2023\/07\/HD-Scale2-Kopie-1-neu.jpg","datePublished":"2023-07-24T11:18:18+00:00","dateModified":"2024-01-26T12:45:42+00:00","breadcrumb":{"@id":"https:\/\/pewetools.de\/fr\/shop\/categorie-produits\/pied-a-coulisse-sino-800-mm-ip67-avec-changement-de-sens-de-comptage-et-doublement-de-la-valeur-et-preset\/#breadcrumb"},"inLanguage":"fr-FR","potentialAction":[{"@type":"ReadAction","target":["https:\/\/pewetools.de\/fr\/shop\/categorie-produits\/pied-a-coulisse-sino-800-mm-ip67-avec-changement-de-sens-de-comptage-et-doublement-de-la-valeur-et-preset\/"]}]},{"@type":"ImageObject","inLanguage":"fr-FR","@id":"https:\/\/pewetools.de\/fr\/shop\/categorie-produits\/pied-a-coulisse-sino-800-mm-ip67-avec-changement-de-sens-de-comptage-et-doublement-de-la-valeur-et-preset\/#primaryimage","url":"https:\/\/pewetools.de\/wp-content\/uploads\/2023\/07\/HD-Scale2-Kopie-1-neu.jpg","contentUrl":"https:\/\/pewetools.de\/wp-content\/uploads\/2023\/07\/HD-Scale2-Kopie-1-neu.jpg","width":1969,"height":1034},{"@type":"BreadcrumbList","@id":"https:\/\/pewetools.de\/fr\/shop\/categorie-produits\/pied-a-coulisse-sino-800-mm-ip67-avec-changement-de-sens-de-comptage-et-doublement-de-la-valeur-et-preset\/#breadcrumb","itemListElement":[{"@type":"ListItem","position":1,"name":"maison","item":"https:\/\/pewetools.de\/fr\/"},{"@type":"ListItem","position":2,"name":"Shop","item":"https:\/\/pewetools.de\/fr\/shop\/"},{"@type":"ListItem","position":3,"name":"Pied \u00e0 coulisse sino 800 mm IP67 avec changement de sens de comptage et doublement de la valeur et PreSet"}]},{"@type":"WebSite","@id":"https:\/\/pewetools.de\/#website","url":"https:\/\/pewetools.de\/","name":"PeWeTools Schnellwechselhalter nach System Multifix","description":"","potentialAction":[{"@type":"SearchAction","target":{"@type":"EntryPoint","urlTemplate":"https:\/\/pewetools.de\/?s={search_term_string}"},"query-input":{"@type":"PropertyValueSpecification","valueRequired":true,"valueName":"search_term_string"}}],"inLanguage":"fr-FR"}]}},"_links":{"self":[{"href":"https:\/\/pewetools.de\/fr\/wp-json\/wp\/v2\/product\/13247","targetHints":{"allow":["GET"]}}],"collection":[{"href":"https:\/\/pewetools.de\/fr\/wp-json\/wp\/v2\/product"}],"about":[{"href":"https:\/\/pewetools.de\/fr\/wp-json\/wp\/v2\/types\/product"}],"version-history":[{"count":0,"href":"https:\/\/pewetools.de\/fr\/wp-json\/wp\/v2\/product\/13247\/revisions"}],"wp:featuredmedia":[{"embeddable":true,"href":"https:\/\/pewetools.de\/fr\/wp-json\/wp\/v2\/media\/13188"}],"wp:attachment":[{"href":"https:\/\/pewetools.de\/fr\/wp-json\/wp\/v2\/media?parent=13247"}],"wp:term":[{"taxonomy":"product_brand","embeddable":true,"href":"https:\/\/pewetools.de\/fr\/wp-json\/wp\/v2\/product_brand?post=13247"},{"taxonomy":"product_cat","embeddable":true,"href":"https:\/\/pewetools.de\/fr\/wp-json\/wp\/v2\/product_cat?post=13247"},{"taxonomy":"product_tag","embeddable":true,"href":"https:\/\/pewetools.de\/fr\/wp-json\/wp\/v2\/product_tag?post=13247"}],"curies":[{"name":"wp","href":"https:\/\/api.w.org\/{rel}","templated":true}]}}