{"id":13707,"date":"2023-12-04T15:59:07","date_gmt":"2023-12-04T14:59:07","guid":{"rendered":"https:\/\/pewetools.de\/?post_type=product&#038;p=13707"},"modified":"2024-08-21T15:52:48","modified_gmt":"2024-08-21T13:52:48","slug":"plaques-laterales-en-carbure-mgmn-3-pour-lame-a-tronconner-revetue-10-pieces","status":"publish","type":"product","link":"https:\/\/pewetools.de\/fr\/shop\/categorie-produits\/plaques-laterales-en-carbure-mgmn-3-pour-lame-a-tronconner-revetue-10-pieces\/","title":{"rendered":"Plaques lat\u00e9rales en carbure MGMN-3 pour lame \u00e0 tron\u00e7onner, rev\u00eatue, 10 pi\u00e8ces"},"content":{"rendered":"<p>MGMN-3<\/p>\n","protected":false},"excerpt":{"rendered":"<p>MGMN-3<\/p>\n","protected":false},"featured_media":13712,"template":"","meta":{"footnotes":""},"product_brand":[],"product_cat":[454,489],"product_tag":[],"class_list":{"0":"post-13707","1":"product","2":"type-product","3":"status-publish","4":"has-post-thumbnail","6":"product_cat-lames-de-separation-et-commutateurs","7":"product_cat-accessoires-et-pieces-de-rechange","8":"product_shipping_class-paquet","10":"first","11":"instock","12":"taxable","13":"shipping-taxable","14":"purchasable","15":"product-type-simple"},"yoast_head":"<!-- This site is optimized with the Yoast SEO plugin v27.4 - https:\/\/yoast.com\/product\/yoast-seo-wordpress\/ -->\n<title>Plaques lat\u00e9rales en carbure MGMN-3 pour lame \u00e0 tron\u00e7onner, rev\u00eatue, 10 pi\u00e8ces &#8212; PeWeTools Schnellwechselhalter nach System Multifix<\/title>\n<meta name=\"robots\" content=\"index, follow, max-snippet:-1, max-image-preview:large, max-video-preview:-1\" \/>\n<link rel=\"canonical\" href=\"https:\/\/pewetools.de\/shop\/categorie-produits\/tin-hartmetallabstechplatten-mgmn-3-fuer-abstechschwert-beschichtet-vpe-10-stueck\/\" \/>\n<meta property=\"og:locale\" content=\"fr_FR\" \/>\n<meta property=\"og:type\" content=\"article\" \/>\n<meta property=\"og:title\" content=\"Plaques lat\u00e9rales en carbure MGMN-3 pour lame \u00e0 tron\u00e7onner, rev\u00eatue, 10 pi\u00e8ces &#8212; PeWeTools Schnellwechselhalter nach System Multifix\" \/>\n<meta property=\"og:description\" content=\"MGMN-3\" \/>\n<meta property=\"og:url\" content=\"https:\/\/pewetools.de\/shop\/categorie-produits\/tin-hartmetallabstechplatten-mgmn-3-fuer-abstechschwert-beschichtet-vpe-10-stueck\/\" \/>\n<meta property=\"og:site_name\" content=\"PeWeTools Schnellwechselhalter nach System Multifix\" \/>\n<meta property=\"article:modified_time\" content=\"2024-08-21T13:52:48+00:00\" \/>\n<meta property=\"og:image\" content=\"https:\/\/pewetools.de\/wp-content\/uploads\/2023\/12\/MGMN-3-Kopie.jpg\" \/>\n\t<meta property=\"og:image:width\" content=\"1908\" \/>\n\t<meta property=\"og:image:height\" content=\"1116\" \/>\n\t<meta property=\"og:image:type\" content=\"image\/jpeg\" \/>\n<meta name=\"twitter:card\" content=\"summary_large_image\" \/>\n<meta name=\"twitter:label1\" content=\"Dur\u00e9e de lecture estim\u00e9e\" \/>\n\t<meta name=\"twitter:data1\" content=\"1 minute\" \/>\n<script type=\"application\/ld+json\" class=\"yoast-schema-graph\">{\"@context\":\"https:\\\/\\\/schema.org\",\"@graph\":[{\"@type\":\"WebPage\",\"@id\":\"https:\\\/\\\/pewetools.de\\\/shop\\\/categorie-produits\\\/tin-hartmetallabstechplatten-mgmn-3-fuer-abstechschwert-beschichtet-vpe-10-stueck\\\/\",\"url\":\"https:\\\/\\\/pewetools.de\\\/shop\\\/categorie-produits\\\/tin-hartmetallabstechplatten-mgmn-3-fuer-abstechschwert-beschichtet-vpe-10-stueck\\\/\",\"name\":\"Plaques lat\u00e9rales en carbure MGMN-3 pour lame \u00e0 tron\u00e7onner, rev\u00eatue, 10 pi\u00e8ces &#8212; PeWeTools Schnellwechselhalter nach System Multifix\",\"isPartOf\":{\"@id\":\"https:\\\/\\\/pewetools.de\\\/#website\"},\"primaryImageOfPage\":{\"@id\":\"https:\\\/\\\/pewetools.de\\\/shop\\\/categorie-produits\\\/tin-hartmetallabstechplatten-mgmn-3-fuer-abstechschwert-beschichtet-vpe-10-stueck\\\/#primaryimage\"},\"image\":{\"@id\":\"https:\\\/\\\/pewetools.de\\\/shop\\\/categorie-produits\\\/tin-hartmetallabstechplatten-mgmn-3-fuer-abstechschwert-beschichtet-vpe-10-stueck\\\/#primaryimage\"},\"thumbnailUrl\":\"https:\\\/\\\/pewetools.de\\\/wp-content\\\/uploads\\\/2023\\\/12\\\/MGMN-3-Kopie.jpg\",\"datePublished\":\"2023-12-04T14:59:07+00:00\",\"dateModified\":\"2024-08-21T13:52:48+00:00\",\"breadcrumb\":{\"@id\":\"https:\\\/\\\/pewetools.de\\\/shop\\\/categorie-produits\\\/tin-hartmetallabstechplatten-mgmn-3-fuer-abstechschwert-beschichtet-vpe-10-stueck\\\/#breadcrumb\"},\"inLanguage\":\"fr-FR\",\"potentialAction\":[{\"@type\":\"ReadAction\",\"target\":[\"https:\\\/\\\/pewetools.de\\\/shop\\\/categorie-produits\\\/tin-hartmetallabstechplatten-mgmn-3-fuer-abstechschwert-beschichtet-vpe-10-stueck\\\/\"]}]},{\"@type\":\"ImageObject\",\"inLanguage\":\"fr-FR\",\"@id\":\"https:\\\/\\\/pewetools.de\\\/shop\\\/categorie-produits\\\/tin-hartmetallabstechplatten-mgmn-3-fuer-abstechschwert-beschichtet-vpe-10-stueck\\\/#primaryimage\",\"url\":\"https:\\\/\\\/pewetools.de\\\/wp-content\\\/uploads\\\/2023\\\/12\\\/MGMN-3-Kopie.jpg\",\"contentUrl\":\"https:\\\/\\\/pewetools.de\\\/wp-content\\\/uploads\\\/2023\\\/12\\\/MGMN-3-Kopie.jpg\",\"width\":1908,\"height\":1116},{\"@type\":\"BreadcrumbList\",\"@id\":\"https:\\\/\\\/pewetools.de\\\/shop\\\/categorie-produits\\\/tin-hartmetallabstechplatten-mgmn-3-fuer-abstechschwert-beschichtet-vpe-10-stueck\\\/#breadcrumb\",\"itemListElement\":[{\"@type\":\"ListItem\",\"position\":1,\"name\":\"maison\",\"item\":\"https:\\\/\\\/pewetools.de\\\/fr\\\/\"},{\"@type\":\"ListItem\",\"position\":2,\"name\":\"Shop\",\"item\":\"https:\\\/\\\/pewetools.de\\\/fr\\\/shop\\\/\"},{\"@type\":\"ListItem\",\"position\":3,\"name\":\"Plaques lat\u00e9rales en carbure MGMN-3 pour lame \u00e0 tron\u00e7onner, rev\u00eatue, 10 pi\u00e8ces\"}]},{\"@type\":\"WebSite\",\"@id\":\"https:\\\/\\\/pewetools.de\\\/#website\",\"url\":\"https:\\\/\\\/pewetools.de\\\/\",\"name\":\"PeWeTools Schnellwechselhalter nach System Multifix\",\"description\":\"\",\"potentialAction\":[{\"@type\":\"SearchAction\",\"target\":{\"@type\":\"EntryPoint\",\"urlTemplate\":\"https:\\\/\\\/pewetools.de\\\/?s={search_term_string}\"},\"query-input\":{\"@type\":\"PropertyValueSpecification\",\"valueRequired\":true,\"valueName\":\"search_term_string\"}}],\"inLanguage\":\"fr-FR\"}]}<\/script>\n<!-- \/ Yoast SEO plugin. -->","yoast_head_json":{"title":"Plaques lat\u00e9rales en carbure MGMN-3 pour lame \u00e0 tron\u00e7onner, rev\u00eatue, 10 pi\u00e8ces &#8212; PeWeTools Schnellwechselhalter nach System Multifix","robots":{"index":"index","follow":"follow","max-snippet":"max-snippet:-1","max-image-preview":"max-image-preview:large","max-video-preview":"max-video-preview:-1"},"canonical":"https:\/\/pewetools.de\/shop\/categorie-produits\/tin-hartmetallabstechplatten-mgmn-3-fuer-abstechschwert-beschichtet-vpe-10-stueck\/","og_locale":"fr_FR","og_type":"article","og_title":"Plaques lat\u00e9rales en carbure MGMN-3 pour lame \u00e0 tron\u00e7onner, rev\u00eatue, 10 pi\u00e8ces &#8212; PeWeTools Schnellwechselhalter nach System Multifix","og_description":"MGMN-3","og_url":"https:\/\/pewetools.de\/shop\/categorie-produits\/tin-hartmetallabstechplatten-mgmn-3-fuer-abstechschwert-beschichtet-vpe-10-stueck\/","og_site_name":"PeWeTools Schnellwechselhalter nach System Multifix","article_modified_time":"2024-08-21T13:52:48+00:00","og_image":[{"width":1908,"height":1116,"url":"https:\/\/pewetools.de\/wp-content\/uploads\/2023\/12\/MGMN-3-Kopie.jpg","type":"image\/jpeg"}],"twitter_card":"summary_large_image","twitter_misc":{"Dur\u00e9e de lecture estim\u00e9e":"1 minute"},"schema":{"@context":"https:\/\/schema.org","@graph":[{"@type":"WebPage","@id":"https:\/\/pewetools.de\/shop\/categorie-produits\/tin-hartmetallabstechplatten-mgmn-3-fuer-abstechschwert-beschichtet-vpe-10-stueck\/","url":"https:\/\/pewetools.de\/shop\/categorie-produits\/tin-hartmetallabstechplatten-mgmn-3-fuer-abstechschwert-beschichtet-vpe-10-stueck\/","name":"Plaques lat\u00e9rales en carbure MGMN-3 pour lame \u00e0 tron\u00e7onner, rev\u00eatue, 10 pi\u00e8ces &#8212; PeWeTools Schnellwechselhalter nach System Multifix","isPartOf":{"@id":"https:\/\/pewetools.de\/#website"},"primaryImageOfPage":{"@id":"https:\/\/pewetools.de\/shop\/categorie-produits\/tin-hartmetallabstechplatten-mgmn-3-fuer-abstechschwert-beschichtet-vpe-10-stueck\/#primaryimage"},"image":{"@id":"https:\/\/pewetools.de\/shop\/categorie-produits\/tin-hartmetallabstechplatten-mgmn-3-fuer-abstechschwert-beschichtet-vpe-10-stueck\/#primaryimage"},"thumbnailUrl":"https:\/\/pewetools.de\/wp-content\/uploads\/2023\/12\/MGMN-3-Kopie.jpg","datePublished":"2023-12-04T14:59:07+00:00","dateModified":"2024-08-21T13:52:48+00:00","breadcrumb":{"@id":"https:\/\/pewetools.de\/shop\/categorie-produits\/tin-hartmetallabstechplatten-mgmn-3-fuer-abstechschwert-beschichtet-vpe-10-stueck\/#breadcrumb"},"inLanguage":"fr-FR","potentialAction":[{"@type":"ReadAction","target":["https:\/\/pewetools.de\/shop\/categorie-produits\/tin-hartmetallabstechplatten-mgmn-3-fuer-abstechschwert-beschichtet-vpe-10-stueck\/"]}]},{"@type":"ImageObject","inLanguage":"fr-FR","@id":"https:\/\/pewetools.de\/shop\/categorie-produits\/tin-hartmetallabstechplatten-mgmn-3-fuer-abstechschwert-beschichtet-vpe-10-stueck\/#primaryimage","url":"https:\/\/pewetools.de\/wp-content\/uploads\/2023\/12\/MGMN-3-Kopie.jpg","contentUrl":"https:\/\/pewetools.de\/wp-content\/uploads\/2023\/12\/MGMN-3-Kopie.jpg","width":1908,"height":1116},{"@type":"BreadcrumbList","@id":"https:\/\/pewetools.de\/shop\/categorie-produits\/tin-hartmetallabstechplatten-mgmn-3-fuer-abstechschwert-beschichtet-vpe-10-stueck\/#breadcrumb","itemListElement":[{"@type":"ListItem","position":1,"name":"maison","item":"https:\/\/pewetools.de\/fr\/"},{"@type":"ListItem","position":2,"name":"Shop","item":"https:\/\/pewetools.de\/fr\/shop\/"},{"@type":"ListItem","position":3,"name":"Plaques lat\u00e9rales en carbure MGMN-3 pour lame \u00e0 tron\u00e7onner, rev\u00eatue, 10 pi\u00e8ces"}]},{"@type":"WebSite","@id":"https:\/\/pewetools.de\/#website","url":"https:\/\/pewetools.de\/","name":"PeWeTools Schnellwechselhalter nach System Multifix","description":"","potentialAction":[{"@type":"SearchAction","target":{"@type":"EntryPoint","urlTemplate":"https:\/\/pewetools.de\/?s={search_term_string}"},"query-input":{"@type":"PropertyValueSpecification","valueRequired":true,"valueName":"search_term_string"}}],"inLanguage":"fr-FR"}]}},"_links":{"self":[{"href":"https:\/\/pewetools.de\/fr\/wp-json\/wp\/v2\/product\/13707","targetHints":{"allow":["GET"]}}],"collection":[{"href":"https:\/\/pewetools.de\/fr\/wp-json\/wp\/v2\/product"}],"about":[{"href":"https:\/\/pewetools.de\/fr\/wp-json\/wp\/v2\/types\/product"}],"version-history":[{"count":0,"href":"https:\/\/pewetools.de\/fr\/wp-json\/wp\/v2\/product\/13707\/revisions"}],"wp:featuredmedia":[{"embeddable":true,"href":"https:\/\/pewetools.de\/fr\/wp-json\/wp\/v2\/media\/13712"}],"wp:attachment":[{"href":"https:\/\/pewetools.de\/fr\/wp-json\/wp\/v2\/media?parent=13707"}],"wp:term":[{"taxonomy":"product_brand","embeddable":true,"href":"https:\/\/pewetools.de\/fr\/wp-json\/wp\/v2\/product_brand?post=13707"},{"taxonomy":"product_cat","embeddable":true,"href":"https:\/\/pewetools.de\/fr\/wp-json\/wp\/v2\/product_cat?post=13707"},{"taxonomy":"product_tag","embeddable":true,"href":"https:\/\/pewetools.de\/fr\/wp-json\/wp\/v2\/product_tag?post=13707"}],"curies":[{"name":"wp","href":"https:\/\/api.w.org\/{rel}","templated":true}]}}