{"id":14542,"date":"2024-10-25T10:54:58","date_gmt":"2024-10-25T08:54:58","guid":{"rendered":"https:\/\/pewetools.de\/?post_type=product&#038;p=14542"},"modified":"2024-10-25T11:14:54","modified_gmt":"2024-10-25T09:14:54","slug":"pied-a-coulisse-sino-200-mm-resolution-0001-ip67","status":"publish","type":"product","link":"https:\/\/pewetools.de\/fr\/shop\/categorie-produits\/pied-a-coulisse-sino-200-mm-resolution-0001-ip67\/","title":{"rendered":"Pied \u00e0 coulisse Sino 200 mm, r\u00e9solution 0,001, IP67"},"content":{"rendered":"<h3><span style=\"color: #008080;\">Nouveaut\u00e9 :<\/span><br \/>\n<span style=\"color: #008080;\">R\u00e9solution d&#8217;affichage non pas 0,01mm mais 0,001mm et IP67<\/span><\/h3>\n<p><strong><span style=\"color: #008080;\">Habituellement, pour des raisons de co\u00fbt, seul un carton \u00e0 structure sinueuse (qui se trouve sous le film plastique et ressemble \u00e0 deux peignes imbriqu\u00e9s) est grav\u00e9 et sert de base \u00e0 la g\u00e9n\u00e9ration du signal. Pour nous, c&#8217;est diff\u00e9rent: pour la stabilisation du signal et l&#8217;am\u00e9lioration de la pr\u00e9cision, nos diapositives ont une \u00e9chelle de verre.<\/span><\/strong><\/p>\n<ul>\n<li style=\"list-style-type: none;\">\n<ul>\n<li style=\"list-style-type: none;\">\n<ul>\n<li>prot\u00e9g\u00e9 contre les \u00e9claboussures (IP67) selon DIN40050 \/ IEC 60529<\/li>\n<li>Pr\u00e9cision encore am\u00e9lior\u00e9e. Selon la norme DIN, un pied \u00e0 coulisse de cette longueur peut avoir une marge d&#8217;erreur de 0,03 mm. Nos versions pr\u00e9c\u00e9dentes \u00e9taient d\u00e9j\u00e0 meilleures que la norme DIN avec une marge d&#8217;erreur de 0,02 mm, et nous l&#8217;avons encore am\u00e9lior\u00e9e \u00e0 0,01 mm.<\/li>\n<li>Surfaces de mesure finement rectifi\u00e9es et rod\u00e9es<\/li>\n<li>Chiffres grands et facilement lisibles sur l&#8217;\u00e9cran<\/li>\n<li>Convient pour les mesures internes, externes et de profondeur<\/li>\n<\/ul>\n<\/li>\n<\/ul>\n<\/li>\n<\/ul>\n<h4><span style=\"color: #008080;\">Caract\u00e9ristiques techniques:<\/span><\/h4>\n<p>Alimentation : 3V (pile C2032)<br \/>\nLongueur de mesure : 200 mm (La photo montre le pied \u00e0 coulisse 150mm)<br \/>\nTol\u00e9rance d&#8217;erreur maximale : 0,01 mm (la norme DIN862 autorise 0,03 mm)<\/p>\n<h4><span style=\"color: #008080;\">Contenu de la livraison:<\/span><\/h4>\n<p>Pied \u00e0 coulisse IP67<br \/>\nBo\u00eete de rangement<br \/>\nPile C2032<br \/>\nManuel d&#8217;utilisation en allemand (PDF)<\/p>\n<p>&nbsp;<\/p>\n","protected":false},"excerpt":{"rendered":"<p>Pied \u00e0 coulisse Sino 200 mm, r\u00e9solution 0,001, IP67<\/p>\n","protected":false},"featured_media":13347,"template":"","meta":{"footnotes":""},"product_brand":[],"product_cat":[466],"product_tag":[1202,1203,1215],"class_list":{"0":"post-14542","1":"product","2":"type-product","3":"status-publish","4":"has-post-thumbnail","6":"product_cat-technologie-de-mesure-et-de-test","7":"product_tag-etriers","8":"product_tag-outil-de-mesure","9":"product_tag-pied-a-coulisse","10":"product_shipping_class-paquet","12":"first","13":"instock","14":"taxable","15":"shipping-taxable","16":"purchasable","17":"product-type-simple"},"yoast_head":"<!-- This site is optimized with the Yoast SEO plugin v27.4 - https:\/\/yoast.com\/product\/yoast-seo-wordpress\/ -->\n<title>Pied \u00e0 coulisse - pewetools limited<\/title>\n<meta name=\"robots\" content=\"index, follow, max-snippet:-1, max-image-preview:large, max-video-preview:-1\" \/>\n<link rel=\"canonical\" href=\"https:\/\/pewetools.de\/shop\/categorie-produits\/messschieber-schieblehre-sino-200-mm-0001mm-aufloesung-ip67geschuetzt\/\" \/>\n<meta property=\"og:locale\" content=\"fr_FR\" \/>\n<meta property=\"og:type\" content=\"article\" \/>\n<meta property=\"og:title\" content=\"Pied \u00e0 coulisse - pewetools limited\" \/>\n<meta property=\"og:description\" content=\"Pied \u00e0 coulisse Sino 200 mm, r\u00e9solution 0,001, IP67\" \/>\n<meta property=\"og:url\" content=\"https:\/\/pewetools.de\/shop\/categorie-produits\/messschieber-schieblehre-sino-200-mm-0001mm-aufloesung-ip67geschuetzt\/\" \/>\n<meta property=\"og:site_name\" content=\"PeWeTools Schnellwechselhalter nach System Multifix\" \/>\n<meta property=\"article:modified_time\" content=\"2024-10-25T09:14:54+00:00\" \/>\n<meta property=\"og:image\" content=\"https:\/\/pewetools.de\/wp-content\/uploads\/2023\/07\/HD-Caliper-Kopie-1.jpg\" \/>\n\t<meta property=\"og:image:width\" content=\"2362\" \/>\n\t<meta property=\"og:image:height\" content=\"996\" \/>\n\t<meta property=\"og:image:type\" content=\"image\/jpeg\" \/>\n<meta name=\"twitter:card\" content=\"summary_large_image\" \/>\n<meta name=\"twitter:label1\" content=\"Dur\u00e9e de lecture estim\u00e9e\" \/>\n\t<meta name=\"twitter:data1\" content=\"2 minutes\" \/>\n<script type=\"application\/ld+json\" class=\"yoast-schema-graph\">{\"@context\":\"https:\\\/\\\/schema.org\",\"@graph\":[{\"@type\":\"WebPage\",\"@id\":\"https:\\\/\\\/pewetools.de\\\/shop\\\/categorie-produits\\\/messschieber-schieblehre-sino-200-mm-0001mm-aufloesung-ip67geschuetzt\\\/\",\"url\":\"https:\\\/\\\/pewetools.de\\\/shop\\\/categorie-produits\\\/messschieber-schieblehre-sino-200-mm-0001mm-aufloesung-ip67geschuetzt\\\/\",\"name\":\"Pied \u00e0 coulisse - pewetools limited\",\"isPartOf\":{\"@id\":\"https:\\\/\\\/pewetools.de\\\/#website\"},\"primaryImageOfPage\":{\"@id\":\"https:\\\/\\\/pewetools.de\\\/shop\\\/categorie-produits\\\/messschieber-schieblehre-sino-200-mm-0001mm-aufloesung-ip67geschuetzt\\\/#primaryimage\"},\"image\":{\"@id\":\"https:\\\/\\\/pewetools.de\\\/shop\\\/categorie-produits\\\/messschieber-schieblehre-sino-200-mm-0001mm-aufloesung-ip67geschuetzt\\\/#primaryimage\"},\"thumbnailUrl\":\"https:\\\/\\\/pewetools.de\\\/wp-content\\\/uploads\\\/2023\\\/07\\\/HD-Caliper-Kopie-1.jpg\",\"datePublished\":\"2024-10-25T08:54:58+00:00\",\"dateModified\":\"2024-10-25T09:14:54+00:00\",\"breadcrumb\":{\"@id\":\"https:\\\/\\\/pewetools.de\\\/shop\\\/categorie-produits\\\/messschieber-schieblehre-sino-200-mm-0001mm-aufloesung-ip67geschuetzt\\\/#breadcrumb\"},\"inLanguage\":\"fr-FR\",\"potentialAction\":[{\"@type\":\"ReadAction\",\"target\":[\"https:\\\/\\\/pewetools.de\\\/shop\\\/categorie-produits\\\/messschieber-schieblehre-sino-200-mm-0001mm-aufloesung-ip67geschuetzt\\\/\"]}]},{\"@type\":\"ImageObject\",\"inLanguage\":\"fr-FR\",\"@id\":\"https:\\\/\\\/pewetools.de\\\/shop\\\/categorie-produits\\\/messschieber-schieblehre-sino-200-mm-0001mm-aufloesung-ip67geschuetzt\\\/#primaryimage\",\"url\":\"https:\\\/\\\/pewetools.de\\\/wp-content\\\/uploads\\\/2023\\\/07\\\/HD-Caliper-Kopie-1.jpg\",\"contentUrl\":\"https:\\\/\\\/pewetools.de\\\/wp-content\\\/uploads\\\/2023\\\/07\\\/HD-Caliper-Kopie-1.jpg\",\"width\":2362,\"height\":996},{\"@type\":\"BreadcrumbList\",\"@id\":\"https:\\\/\\\/pewetools.de\\\/shop\\\/categorie-produits\\\/messschieber-schieblehre-sino-200-mm-0001mm-aufloesung-ip67geschuetzt\\\/#breadcrumb\",\"itemListElement\":[{\"@type\":\"ListItem\",\"position\":1,\"name\":\"maison\",\"item\":\"https:\\\/\\\/pewetools.de\\\/fr\\\/\"},{\"@type\":\"ListItem\",\"position\":2,\"name\":\"Shop\",\"item\":\"https:\\\/\\\/pewetools.de\\\/fr\\\/shop\\\/\"},{\"@type\":\"ListItem\",\"position\":3,\"name\":\"Pied \u00e0 coulisse Sino 200 mm, r\u00e9solution 0,001, IP67\"}]},{\"@type\":\"WebSite\",\"@id\":\"https:\\\/\\\/pewetools.de\\\/#website\",\"url\":\"https:\\\/\\\/pewetools.de\\\/\",\"name\":\"PeWeTools Schnellwechselhalter nach System Multifix\",\"description\":\"\",\"potentialAction\":[{\"@type\":\"SearchAction\",\"target\":{\"@type\":\"EntryPoint\",\"urlTemplate\":\"https:\\\/\\\/pewetools.de\\\/?s={search_term_string}\"},\"query-input\":{\"@type\":\"PropertyValueSpecification\",\"valueRequired\":true,\"valueName\":\"search_term_string\"}}],\"inLanguage\":\"fr-FR\"}]}<\/script>\n<!-- \/ Yoast SEO plugin. -->","yoast_head_json":{"title":"Pied \u00e0 coulisse - pewetools limited","robots":{"index":"index","follow":"follow","max-snippet":"max-snippet:-1","max-image-preview":"max-image-preview:large","max-video-preview":"max-video-preview:-1"},"canonical":"https:\/\/pewetools.de\/shop\/categorie-produits\/messschieber-schieblehre-sino-200-mm-0001mm-aufloesung-ip67geschuetzt\/","og_locale":"fr_FR","og_type":"article","og_title":"Pied \u00e0 coulisse - pewetools limited","og_description":"Pied \u00e0 coulisse Sino 200 mm, r\u00e9solution 0,001, IP67","og_url":"https:\/\/pewetools.de\/shop\/categorie-produits\/messschieber-schieblehre-sino-200-mm-0001mm-aufloesung-ip67geschuetzt\/","og_site_name":"PeWeTools Schnellwechselhalter nach System Multifix","article_modified_time":"2024-10-25T09:14:54+00:00","og_image":[{"width":2362,"height":996,"url":"https:\/\/pewetools.de\/wp-content\/uploads\/2023\/07\/HD-Caliper-Kopie-1.jpg","type":"image\/jpeg"}],"twitter_card":"summary_large_image","twitter_misc":{"Dur\u00e9e de lecture estim\u00e9e":"2 minutes"},"schema":{"@context":"https:\/\/schema.org","@graph":[{"@type":"WebPage","@id":"https:\/\/pewetools.de\/shop\/categorie-produits\/messschieber-schieblehre-sino-200-mm-0001mm-aufloesung-ip67geschuetzt\/","url":"https:\/\/pewetools.de\/shop\/categorie-produits\/messschieber-schieblehre-sino-200-mm-0001mm-aufloesung-ip67geschuetzt\/","name":"Pied \u00e0 coulisse - pewetools limited","isPartOf":{"@id":"https:\/\/pewetools.de\/#website"},"primaryImageOfPage":{"@id":"https:\/\/pewetools.de\/shop\/categorie-produits\/messschieber-schieblehre-sino-200-mm-0001mm-aufloesung-ip67geschuetzt\/#primaryimage"},"image":{"@id":"https:\/\/pewetools.de\/shop\/categorie-produits\/messschieber-schieblehre-sino-200-mm-0001mm-aufloesung-ip67geschuetzt\/#primaryimage"},"thumbnailUrl":"https:\/\/pewetools.de\/wp-content\/uploads\/2023\/07\/HD-Caliper-Kopie-1.jpg","datePublished":"2024-10-25T08:54:58+00:00","dateModified":"2024-10-25T09:14:54+00:00","breadcrumb":{"@id":"https:\/\/pewetools.de\/shop\/categorie-produits\/messschieber-schieblehre-sino-200-mm-0001mm-aufloesung-ip67geschuetzt\/#breadcrumb"},"inLanguage":"fr-FR","potentialAction":[{"@type":"ReadAction","target":["https:\/\/pewetools.de\/shop\/categorie-produits\/messschieber-schieblehre-sino-200-mm-0001mm-aufloesung-ip67geschuetzt\/"]}]},{"@type":"ImageObject","inLanguage":"fr-FR","@id":"https:\/\/pewetools.de\/shop\/categorie-produits\/messschieber-schieblehre-sino-200-mm-0001mm-aufloesung-ip67geschuetzt\/#primaryimage","url":"https:\/\/pewetools.de\/wp-content\/uploads\/2023\/07\/HD-Caliper-Kopie-1.jpg","contentUrl":"https:\/\/pewetools.de\/wp-content\/uploads\/2023\/07\/HD-Caliper-Kopie-1.jpg","width":2362,"height":996},{"@type":"BreadcrumbList","@id":"https:\/\/pewetools.de\/shop\/categorie-produits\/messschieber-schieblehre-sino-200-mm-0001mm-aufloesung-ip67geschuetzt\/#breadcrumb","itemListElement":[{"@type":"ListItem","position":1,"name":"maison","item":"https:\/\/pewetools.de\/fr\/"},{"@type":"ListItem","position":2,"name":"Shop","item":"https:\/\/pewetools.de\/fr\/shop\/"},{"@type":"ListItem","position":3,"name":"Pied \u00e0 coulisse Sino 200 mm, r\u00e9solution 0,001, IP67"}]},{"@type":"WebSite","@id":"https:\/\/pewetools.de\/#website","url":"https:\/\/pewetools.de\/","name":"PeWeTools Schnellwechselhalter nach System Multifix","description":"","potentialAction":[{"@type":"SearchAction","target":{"@type":"EntryPoint","urlTemplate":"https:\/\/pewetools.de\/?s={search_term_string}"},"query-input":{"@type":"PropertyValueSpecification","valueRequired":true,"valueName":"search_term_string"}}],"inLanguage":"fr-FR"}]}},"_links":{"self":[{"href":"https:\/\/pewetools.de\/fr\/wp-json\/wp\/v2\/product\/14542","targetHints":{"allow":["GET"]}}],"collection":[{"href":"https:\/\/pewetools.de\/fr\/wp-json\/wp\/v2\/product"}],"about":[{"href":"https:\/\/pewetools.de\/fr\/wp-json\/wp\/v2\/types\/product"}],"version-history":[{"count":0,"href":"https:\/\/pewetools.de\/fr\/wp-json\/wp\/v2\/product\/14542\/revisions"}],"wp:featuredmedia":[{"embeddable":true,"href":"https:\/\/pewetools.de\/fr\/wp-json\/wp\/v2\/media\/13347"}],"wp:attachment":[{"href":"https:\/\/pewetools.de\/fr\/wp-json\/wp\/v2\/media?parent=14542"}],"wp:term":[{"taxonomy":"product_brand","embeddable":true,"href":"https:\/\/pewetools.de\/fr\/wp-json\/wp\/v2\/product_brand?post=14542"},{"taxonomy":"product_cat","embeddable":true,"href":"https:\/\/pewetools.de\/fr\/wp-json\/wp\/v2\/product_cat?post=14542"},{"taxonomy":"product_tag","embeddable":true,"href":"https:\/\/pewetools.de\/fr\/wp-json\/wp\/v2\/product_tag?post=14542"}],"curies":[{"name":"wp","href":"https:\/\/api.w.org\/{rel}","templated":true}]}}