{"id":14867,"date":"2025-02-04T04:57:55","date_gmt":"2025-02-04T03:57:55","guid":{"rendered":"https:\/\/pewetools.de\/?post_type=product&#038;p=14867"},"modified":"2025-07-24T10:28:00","modified_gmt":"2025-07-24T08:28:00","slug":"porte-outil-de-separation-ast1660lb-avec-lame-hss","status":"publish","type":"product","link":"https:\/\/pewetools.de\/fr\/shop\/categorie-produits\/porte-outil-de-separation-ast1660lb-avec-lame-hss\/","title":{"rendered":"Porte-outil de s\u00e9paration AST1660LB avec lame HSS"},"content":{"rendered":"<h4><strong><span style=\"color: #008080;\">En partant de deux grandes id\u00e9es, nous avons d\u00e9velopp\u00e9 un porte-outil qui combine les deux.<\/span><\/strong><\/h4>\n<p>&nbsp;<\/p>\n<p>un porte-outil de tron\u00e7onnage AST1660LB, sp\u00e9cialement con\u00e7u et fabriqu\u00e9 pour les machines dont la distance entre le chariot sup\u00e9rieur et le centre du mandrin de tournage est tr\u00e8s faible. L&#8217;\u00e9paulement permet d&#8217;abaisser le porte-outil et une distance de 16,4 mm entre le chariot sup\u00e9rieur et le centre du mandrin rotatif est alors suffisante pour travailler avec une lame de tron\u00e7onnage de 19 mm ou une lame HSS de 19 mm. Peu importe que vous ne puissiez plus faire pivoter le porte-outil vers la gauche\/droite, puisque vous coupez toujours \u00e0 90\u00b0 par rapport \u00e0 l&#8217;axe de rotation (p.s. : la version -LW est sp\u00e9cialement con\u00e7ue pour des machines comme la Myford 7).<br \/>\net une lame de tron\u00e7onnage HSS adapt\u00e9e, qui doit \u00eatre aff\u00fbt\u00e9e si n\u00e9cessaire.<\/p>\n","protected":false},"excerpt":{"rendered":"<p>En partant de deux grandes id\u00e9es, nous avons d\u00e9velopp\u00e9 un porte-outil qui combine les deux. &nbsp; un porte-outil de tron\u00e7onnage AST1660LB, sp\u00e9cialement con\u00e7u et fabriqu\u00e9 pour les machines dont la distance entre le chariot sup\u00e9rieur et le centre du mandrin de tournage est tr\u00e8s faible. L&#8217;\u00e9paulement permet d&#8217;abaisser le porte-outil et une distance de 16,4 [&hellip;]<\/p>\n","protected":false},"featured_media":14957,"template":"","meta":{"footnotes":""},"product_brand":[],"product_cat":[482],"product_tag":[1084,1085,1043],"class_list":{"0":"post-14867","1":"product","2":"type-product","3":"status-publish","4":"has-post-thumbnail","6":"product_cat-as","7":"product_tag-tronconner","8":"product_tag-lame-de-separation","9":"product_tag-porte-outils-avec-changement-rapide","10":"product_shipping_class-paquet","12":"first","13":"outofstock","14":"taxable","15":"shipping-taxable","16":"purchasable","17":"product-type-simple"},"yoast_head":"<!-- This site is optimized with the Yoast SEO plugin v27.1.1 - https:\/\/yoast.com\/product\/yoast-seo-wordpress\/ -->\n<title>Porte-outil de s\u00e9paration - pewetools limited<\/title>\n<meta name=\"description\" content=\"Chaque support produit pour nous est test\u00e9 sur le corps d&#039;origine de l&#039;inventeur J.F.Minder, ce qui garantit un contr\u00f4le qualit\u00e9 et une compatibilit\u00e9 de 100%.\" \/>\n<meta name=\"robots\" content=\"index, follow, max-snippet:-1, max-image-preview:large, max-video-preview:-1\" \/>\n<link rel=\"canonical\" href=\"https:\/\/pewetools.de\/fr\/shop\/categorie-produits\/porte-outil-de-separation-ast1660lb-avec-lame-hss\/\" \/>\n<meta property=\"og:locale\" content=\"fr_FR\" \/>\n<meta property=\"og:type\" content=\"article\" \/>\n<meta property=\"og:title\" content=\"Porte-outil de s\u00e9paration - pewetools limited\" \/>\n<meta property=\"og:description\" content=\"Chaque support produit pour nous est test\u00e9 sur le corps d&#039;origine de l&#039;inventeur J.F.Minder, ce qui garantit un contr\u00f4le qualit\u00e9 et une compatibilit\u00e9 de 100%.\" \/>\n<meta property=\"og:url\" content=\"https:\/\/pewetools.de\/fr\/shop\/categorie-produits\/porte-outil-de-separation-ast1660lb-avec-lame-hss\/\" \/>\n<meta property=\"og:site_name\" content=\"PeWeTools Schnellwechselhalter nach System Multifix\" \/>\n<meta property=\"article:modified_time\" content=\"2025-07-24T08:28:00+00:00\" \/>\n<meta property=\"og:image\" content=\"https:\/\/pewetools.de\/wp-content\/uploads\/2025\/02\/AST1660LWKopie.jpg\" \/>\n\t<meta property=\"og:image:width\" content=\"1575\" \/>\n\t<meta property=\"og:image:height\" content=\"2196\" \/>\n\t<meta property=\"og:image:type\" content=\"image\/jpeg\" \/>\n<meta name=\"twitter:card\" content=\"summary_large_image\" \/>\n<meta name=\"twitter:label1\" content=\"Dur\u00e9e de lecture estim\u00e9e\" \/>\n\t<meta name=\"twitter:data1\" content=\"1 minute\" \/>\n<script type=\"application\/ld+json\" class=\"yoast-schema-graph\">{\"@context\":\"https:\/\/schema.org\",\"@graph\":[{\"@type\":\"WebPage\",\"@id\":\"https:\/\/pewetools.de\/fr\/shop\/categorie-produits\/porte-outil-de-separation-ast1660lb-avec-lame-hss\/\",\"url\":\"https:\/\/pewetools.de\/fr\/shop\/categorie-produits\/porte-outil-de-separation-ast1660lb-avec-lame-hss\/\",\"name\":\"Porte-outil de s\u00e9paration - pewetools limited\",\"isPartOf\":{\"@id\":\"https:\/\/pewetools.de\/#website\"},\"primaryImageOfPage\":{\"@id\":\"https:\/\/pewetools.de\/fr\/shop\/categorie-produits\/porte-outil-de-separation-ast1660lb-avec-lame-hss\/#primaryimage\"},\"image\":{\"@id\":\"https:\/\/pewetools.de\/fr\/shop\/categorie-produits\/porte-outil-de-separation-ast1660lb-avec-lame-hss\/#primaryimage\"},\"thumbnailUrl\":\"https:\/\/pewetools.de\/wp-content\/uploads\/2025\/02\/AST1660LWKopie.jpg\",\"datePublished\":\"2025-02-04T03:57:55+00:00\",\"dateModified\":\"2025-07-24T08:28:00+00:00\",\"description\":\"Chaque support produit pour nous est test\u00e9 sur le corps d'origine de l'inventeur J.F.Minder, ce qui garantit un contr\u00f4le qualit\u00e9 et une compatibilit\u00e9 de 100%.\",\"breadcrumb\":{\"@id\":\"https:\/\/pewetools.de\/fr\/shop\/categorie-produits\/porte-outil-de-separation-ast1660lb-avec-lame-hss\/#breadcrumb\"},\"inLanguage\":\"fr-FR\",\"potentialAction\":[{\"@type\":\"ReadAction\",\"target\":[\"https:\/\/pewetools.de\/fr\/shop\/categorie-produits\/porte-outil-de-separation-ast1660lb-avec-lame-hss\/\"]}]},{\"@type\":\"ImageObject\",\"inLanguage\":\"fr-FR\",\"@id\":\"https:\/\/pewetools.de\/fr\/shop\/categorie-produits\/porte-outil-de-separation-ast1660lb-avec-lame-hss\/#primaryimage\",\"url\":\"https:\/\/pewetools.de\/wp-content\/uploads\/2025\/02\/AST1660LWKopie.jpg\",\"contentUrl\":\"https:\/\/pewetools.de\/wp-content\/uploads\/2025\/02\/AST1660LWKopie.jpg\",\"width\":1575,\"height\":2196},{\"@type\":\"BreadcrumbList\",\"@id\":\"https:\/\/pewetools.de\/fr\/shop\/categorie-produits\/porte-outil-de-separation-ast1660lb-avec-lame-hss\/#breadcrumb\",\"itemListElement\":[{\"@type\":\"ListItem\",\"position\":1,\"name\":\"maison\",\"item\":\"https:\/\/pewetools.de\/fr\/\"},{\"@type\":\"ListItem\",\"position\":2,\"name\":\"Shop\",\"item\":\"https:\/\/pewetools.de\/fr\/shop\/\"},{\"@type\":\"ListItem\",\"position\":3,\"name\":\"Porte-outil de s\u00e9paration AST1660LB avec lame HSS\"}]},{\"@type\":\"WebSite\",\"@id\":\"https:\/\/pewetools.de\/#website\",\"url\":\"https:\/\/pewetools.de\/\",\"name\":\"PeWeTools Schnellwechselhalter nach System Multifix\",\"description\":\"\",\"potentialAction\":[{\"@type\":\"SearchAction\",\"target\":{\"@type\":\"EntryPoint\",\"urlTemplate\":\"https:\/\/pewetools.de\/?s={search_term_string}\"},\"query-input\":{\"@type\":\"PropertyValueSpecification\",\"valueRequired\":true,\"valueName\":\"search_term_string\"}}],\"inLanguage\":\"fr-FR\"}]}<\/script>\n<!-- \/ Yoast SEO plugin. -->","yoast_head_json":{"title":"Porte-outil de s\u00e9paration - pewetools limited","description":"Chaque support produit pour nous est test\u00e9 sur le corps d'origine de l'inventeur J.F.Minder, ce qui garantit un contr\u00f4le qualit\u00e9 et une compatibilit\u00e9 de 100%.","robots":{"index":"index","follow":"follow","max-snippet":"max-snippet:-1","max-image-preview":"max-image-preview:large","max-video-preview":"max-video-preview:-1"},"canonical":"https:\/\/pewetools.de\/fr\/shop\/categorie-produits\/porte-outil-de-separation-ast1660lb-avec-lame-hss\/","og_locale":"fr_FR","og_type":"article","og_title":"Porte-outil de s\u00e9paration - pewetools limited","og_description":"Chaque support produit pour nous est test\u00e9 sur le corps d'origine de l'inventeur J.F.Minder, ce qui garantit un contr\u00f4le qualit\u00e9 et une compatibilit\u00e9 de 100%.","og_url":"https:\/\/pewetools.de\/fr\/shop\/categorie-produits\/porte-outil-de-separation-ast1660lb-avec-lame-hss\/","og_site_name":"PeWeTools Schnellwechselhalter nach System Multifix","article_modified_time":"2025-07-24T08:28:00+00:00","og_image":[{"width":1575,"height":2196,"url":"https:\/\/pewetools.de\/wp-content\/uploads\/2025\/02\/AST1660LWKopie.jpg","type":"image\/jpeg"}],"twitter_card":"summary_large_image","twitter_misc":{"Dur\u00e9e de lecture estim\u00e9e":"1 minute"},"schema":{"@context":"https:\/\/schema.org","@graph":[{"@type":"WebPage","@id":"https:\/\/pewetools.de\/fr\/shop\/categorie-produits\/porte-outil-de-separation-ast1660lb-avec-lame-hss\/","url":"https:\/\/pewetools.de\/fr\/shop\/categorie-produits\/porte-outil-de-separation-ast1660lb-avec-lame-hss\/","name":"Porte-outil de s\u00e9paration - pewetools limited","isPartOf":{"@id":"https:\/\/pewetools.de\/#website"},"primaryImageOfPage":{"@id":"https:\/\/pewetools.de\/fr\/shop\/categorie-produits\/porte-outil-de-separation-ast1660lb-avec-lame-hss\/#primaryimage"},"image":{"@id":"https:\/\/pewetools.de\/fr\/shop\/categorie-produits\/porte-outil-de-separation-ast1660lb-avec-lame-hss\/#primaryimage"},"thumbnailUrl":"https:\/\/pewetools.de\/wp-content\/uploads\/2025\/02\/AST1660LWKopie.jpg","datePublished":"2025-02-04T03:57:55+00:00","dateModified":"2025-07-24T08:28:00+00:00","description":"Chaque support produit pour nous est test\u00e9 sur le corps d'origine de l'inventeur J.F.Minder, ce qui garantit un contr\u00f4le qualit\u00e9 et une compatibilit\u00e9 de 100%.","breadcrumb":{"@id":"https:\/\/pewetools.de\/fr\/shop\/categorie-produits\/porte-outil-de-separation-ast1660lb-avec-lame-hss\/#breadcrumb"},"inLanguage":"fr-FR","potentialAction":[{"@type":"ReadAction","target":["https:\/\/pewetools.de\/fr\/shop\/categorie-produits\/porte-outil-de-separation-ast1660lb-avec-lame-hss\/"]}]},{"@type":"ImageObject","inLanguage":"fr-FR","@id":"https:\/\/pewetools.de\/fr\/shop\/categorie-produits\/porte-outil-de-separation-ast1660lb-avec-lame-hss\/#primaryimage","url":"https:\/\/pewetools.de\/wp-content\/uploads\/2025\/02\/AST1660LWKopie.jpg","contentUrl":"https:\/\/pewetools.de\/wp-content\/uploads\/2025\/02\/AST1660LWKopie.jpg","width":1575,"height":2196},{"@type":"BreadcrumbList","@id":"https:\/\/pewetools.de\/fr\/shop\/categorie-produits\/porte-outil-de-separation-ast1660lb-avec-lame-hss\/#breadcrumb","itemListElement":[{"@type":"ListItem","position":1,"name":"maison","item":"https:\/\/pewetools.de\/fr\/"},{"@type":"ListItem","position":2,"name":"Shop","item":"https:\/\/pewetools.de\/fr\/shop\/"},{"@type":"ListItem","position":3,"name":"Porte-outil de s\u00e9paration AST1660LB avec lame HSS"}]},{"@type":"WebSite","@id":"https:\/\/pewetools.de\/#website","url":"https:\/\/pewetools.de\/","name":"PeWeTools Schnellwechselhalter nach System Multifix","description":"","potentialAction":[{"@type":"SearchAction","target":{"@type":"EntryPoint","urlTemplate":"https:\/\/pewetools.de\/?s={search_term_string}"},"query-input":{"@type":"PropertyValueSpecification","valueRequired":true,"valueName":"search_term_string"}}],"inLanguage":"fr-FR"}]}},"_links":{"self":[{"href":"https:\/\/pewetools.de\/fr\/wp-json\/wp\/v2\/product\/14867","targetHints":{"allow":["GET"]}}],"collection":[{"href":"https:\/\/pewetools.de\/fr\/wp-json\/wp\/v2\/product"}],"about":[{"href":"https:\/\/pewetools.de\/fr\/wp-json\/wp\/v2\/types\/product"}],"version-history":[{"count":2,"href":"https:\/\/pewetools.de\/fr\/wp-json\/wp\/v2\/product\/14867\/revisions"}],"predecessor-version":[{"id":17136,"href":"https:\/\/pewetools.de\/fr\/wp-json\/wp\/v2\/product\/14867\/revisions\/17136"}],"wp:featuredmedia":[{"embeddable":true,"href":"https:\/\/pewetools.de\/fr\/wp-json\/wp\/v2\/media\/14957"}],"wp:attachment":[{"href":"https:\/\/pewetools.de\/fr\/wp-json\/wp\/v2\/media?parent=14867"}],"wp:term":[{"taxonomy":"product_brand","embeddable":true,"href":"https:\/\/pewetools.de\/fr\/wp-json\/wp\/v2\/product_brand?post=14867"},{"taxonomy":"product_cat","embeddable":true,"href":"https:\/\/pewetools.de\/fr\/wp-json\/wp\/v2\/product_cat?post=14867"},{"taxonomy":"product_tag","embeddable":true,"href":"https:\/\/pewetools.de\/fr\/wp-json\/wp\/v2\/product_tag?post=14867"}],"curies":[{"name":"wp","href":"https:\/\/api.w.org\/{rel}","templated":true}]}}