{"id":14883,"date":"2025-02-08T03:36:46","date_gmt":"2025-02-08T02:36:46","guid":{"rendered":"https:\/\/pewetools.de\/?post_type=product&#038;p=14883"},"modified":"2026-03-30T08:22:20","modified_gmt":"2026-03-30T06:22:20","slug":"set-de-demarrage-as1460-s-avec-plaque-plus-fine-du-porte-outil-selon-systeme-multifix","status":"publish","type":"product","link":"https:\/\/pewetools.de\/fr\/shop\/categorie-produits\/set-de-demarrage-as1460-s-avec-plaque-plus-fine-du-porte-outil-selon-systeme-multifix\/","title":{"rendered":"Set de d\u00e9marrage AS1460-S avec plaque plus fine du porte-outil selon syst\u00e8me Multifix"},"content":{"rendered":"<p>1x corps de base AS<br \/>\n1x levier de tension<br \/>\n1x prisme ASV60<br \/>\n<span style=\"color: #008080;\"><strong>2x porte-outils ASD1460-S pour outils carr\u00e9s avec plaque \u00e0 outils plus fine<\/strong><\/span>. Mod\u00e8le sp\u00e9cial sp\u00e9cifiquement pour les machines avec une faible distance entre le coulisseau sup\u00e9rieur et le centre de tournage (fabriqu\u00e9 avant le processus de trempe). voir aussi la photo correspondante.<br \/>\n1x cl\u00e9 carr\u00e9e<\/p>\n<p>max. 1kW<\/p>\n","protected":false},"excerpt":{"rendered":"<p>1x corps de base AS 1x levier de tension 1x prisme ASV60 2x porte-outils ASD1460-S pour outils carr\u00e9s avec plaque \u00e0 outils plus fine. Mod\u00e8le sp\u00e9cial sp\u00e9cifiquement pour les machines avec une faible distance entre le coulisseau sup\u00e9rieur et le centre de tournage (fabriqu\u00e9 avant le processus de trempe). voir aussi la photo correspondante. 1x [&hellip;]<\/p>\n","protected":false},"featured_media":12802,"template":"","meta":{"footnotes":""},"product_brand":[],"product_cat":[470,482],"product_tag":[],"class_list":{"0":"post-14883","1":"product","2":"type-product","3":"status-publish","4":"has-post-thumbnail","6":"product_cat-porte-outil-a-changement-rapide","7":"product_cat-as","8":"product_shipping_class-paquet","10":"first","11":"outofstock","12":"taxable","13":"shipping-taxable","14":"purchasable","15":"product-type-simple"},"yoast_head":"<!-- This site is optimized with the Yoast SEO plugin v27.4 - https:\/\/yoast.com\/product\/yoast-seo-wordpress\/ -->\n<title>Tourelle porte-outils \u00e0 changement rapide - pewetools ltd<\/title>\n<meta name=\"description\" content=\"Chaque support produit pour nous est test\u00e9 sur le corps d&#039;origine de l&#039;inventeur J.F.Minder, ce qui garantit un contr\u00f4le qualit\u00e9 et une compatibilit\u00e9 de 100%.\" \/>\n<meta name=\"robots\" content=\"index, follow, max-snippet:-1, max-image-preview:large, max-video-preview:-1\" \/>\n<link rel=\"canonical\" href=\"https:\/\/pewetools.de\/fr\/shop\/categorie-produits\/set-de-demarrage-as1460-s-avec-plaque-plus-fine-du-porte-outil-selon-systeme-multifix\/\" \/>\n<meta property=\"og:locale\" content=\"fr_FR\" \/>\n<meta property=\"og:type\" content=\"article\" \/>\n<meta property=\"og:title\" content=\"Tourelle porte-outils \u00e0 changement rapide - pewetools ltd\" \/>\n<meta property=\"og:description\" content=\"Chaque support produit pour nous est test\u00e9 sur le corps d&#039;origine de l&#039;inventeur J.F.Minder, ce qui garantit un contr\u00f4le qualit\u00e9 et une compatibilit\u00e9 de 100%.\" \/>\n<meta property=\"og:url\" content=\"https:\/\/pewetools.de\/fr\/shop\/categorie-produits\/set-de-demarrage-as1460-s-avec-plaque-plus-fine-du-porte-outil-selon-systeme-multifix\/\" \/>\n<meta property=\"og:site_name\" content=\"PeWeTools Schnellwechselhalter nach System Multifix\" \/>\n<meta property=\"article:modified_time\" content=\"2026-03-30T06:22:20+00:00\" \/>\n<meta property=\"og:image\" content=\"https:\/\/pewetools.de\/wp-content\/uploads\/2022\/08\/Starter-Set-AS-Hauptbild-ohne-Schrauben-2-1.jpg\" \/>\n\t<meta property=\"og:image:width\" content=\"1087\" \/>\n\t<meta property=\"og:image:height\" content=\"967\" \/>\n\t<meta property=\"og:image:type\" content=\"image\/jpeg\" \/>\n<meta name=\"twitter:card\" content=\"summary_large_image\" \/>\n<meta name=\"twitter:label1\" content=\"Dur\u00e9e de lecture estim\u00e9e\" \/>\n\t<meta name=\"twitter:data1\" content=\"1 minute\" \/>\n<script type=\"application\/ld+json\" class=\"yoast-schema-graph\">{\"@context\":\"https:\\\/\\\/schema.org\",\"@graph\":[{\"@type\":\"WebPage\",\"@id\":\"https:\\\/\\\/pewetools.de\\\/fr\\\/shop\\\/categorie-produits\\\/set-de-demarrage-as1460-s-avec-plaque-plus-fine-du-porte-outil-selon-systeme-multifix\\\/\",\"url\":\"https:\\\/\\\/pewetools.de\\\/fr\\\/shop\\\/categorie-produits\\\/set-de-demarrage-as1460-s-avec-plaque-plus-fine-du-porte-outil-selon-systeme-multifix\\\/\",\"name\":\"Tourelle porte-outils \u00e0 changement rapide - pewetools ltd\",\"isPartOf\":{\"@id\":\"https:\\\/\\\/pewetools.de\\\/#website\"},\"primaryImageOfPage\":{\"@id\":\"https:\\\/\\\/pewetools.de\\\/fr\\\/shop\\\/categorie-produits\\\/set-de-demarrage-as1460-s-avec-plaque-plus-fine-du-porte-outil-selon-systeme-multifix\\\/#primaryimage\"},\"image\":{\"@id\":\"https:\\\/\\\/pewetools.de\\\/fr\\\/shop\\\/categorie-produits\\\/set-de-demarrage-as1460-s-avec-plaque-plus-fine-du-porte-outil-selon-systeme-multifix\\\/#primaryimage\"},\"thumbnailUrl\":\"https:\\\/\\\/pewetools.de\\\/wp-content\\\/uploads\\\/2022\\\/08\\\/Starter-Set-AS-Hauptbild-ohne-Schrauben-2-1.jpg\",\"datePublished\":\"2025-02-08T02:36:46+00:00\",\"dateModified\":\"2026-03-30T06:22:20+00:00\",\"description\":\"Chaque support produit pour nous est test\u00e9 sur le corps d'origine de l'inventeur J.F.Minder, ce qui garantit un contr\u00f4le qualit\u00e9 et une compatibilit\u00e9 de 100%.\",\"breadcrumb\":{\"@id\":\"https:\\\/\\\/pewetools.de\\\/fr\\\/shop\\\/categorie-produits\\\/set-de-demarrage-as1460-s-avec-plaque-plus-fine-du-porte-outil-selon-systeme-multifix\\\/#breadcrumb\"},\"inLanguage\":\"fr-FR\",\"potentialAction\":[{\"@type\":\"ReadAction\",\"target\":[\"https:\\\/\\\/pewetools.de\\\/fr\\\/shop\\\/categorie-produits\\\/set-de-demarrage-as1460-s-avec-plaque-plus-fine-du-porte-outil-selon-systeme-multifix\\\/\"]}]},{\"@type\":\"ImageObject\",\"inLanguage\":\"fr-FR\",\"@id\":\"https:\\\/\\\/pewetools.de\\\/fr\\\/shop\\\/categorie-produits\\\/set-de-demarrage-as1460-s-avec-plaque-plus-fine-du-porte-outil-selon-systeme-multifix\\\/#primaryimage\",\"url\":\"https:\\\/\\\/pewetools.de\\\/wp-content\\\/uploads\\\/2022\\\/08\\\/Starter-Set-AS-Hauptbild-ohne-Schrauben-2-1.jpg\",\"contentUrl\":\"https:\\\/\\\/pewetools.de\\\/wp-content\\\/uploads\\\/2022\\\/08\\\/Starter-Set-AS-Hauptbild-ohne-Schrauben-2-1.jpg\",\"width\":1087,\"height\":967},{\"@type\":\"BreadcrumbList\",\"@id\":\"https:\\\/\\\/pewetools.de\\\/fr\\\/shop\\\/categorie-produits\\\/set-de-demarrage-as1460-s-avec-plaque-plus-fine-du-porte-outil-selon-systeme-multifix\\\/#breadcrumb\",\"itemListElement\":[{\"@type\":\"ListItem\",\"position\":1,\"name\":\"maison\",\"item\":\"https:\\\/\\\/pewetools.de\\\/fr\\\/\"},{\"@type\":\"ListItem\",\"position\":2,\"name\":\"Shop\",\"item\":\"https:\\\/\\\/pewetools.de\\\/fr\\\/shop\\\/\"},{\"@type\":\"ListItem\",\"position\":3,\"name\":\"Set de d\u00e9marrage AS1460-S avec plaque plus fine du porte-outil selon syst\u00e8me Multifix\"}]},{\"@type\":\"WebSite\",\"@id\":\"https:\\\/\\\/pewetools.de\\\/#website\",\"url\":\"https:\\\/\\\/pewetools.de\\\/\",\"name\":\"PeWeTools Schnellwechselhalter nach System Multifix\",\"description\":\"\",\"potentialAction\":[{\"@type\":\"SearchAction\",\"target\":{\"@type\":\"EntryPoint\",\"urlTemplate\":\"https:\\\/\\\/pewetools.de\\\/?s={search_term_string}\"},\"query-input\":{\"@type\":\"PropertyValueSpecification\",\"valueRequired\":true,\"valueName\":\"search_term_string\"}}],\"inLanguage\":\"fr-FR\"}]}<\/script>\n<!-- \/ Yoast SEO plugin. -->","yoast_head_json":{"title":"Tourelle porte-outils \u00e0 changement rapide - pewetools ltd","description":"Chaque support produit pour nous est test\u00e9 sur le corps d'origine de l'inventeur J.F.Minder, ce qui garantit un contr\u00f4le qualit\u00e9 et une compatibilit\u00e9 de 100%.","robots":{"index":"index","follow":"follow","max-snippet":"max-snippet:-1","max-image-preview":"max-image-preview:large","max-video-preview":"max-video-preview:-1"},"canonical":"https:\/\/pewetools.de\/fr\/shop\/categorie-produits\/set-de-demarrage-as1460-s-avec-plaque-plus-fine-du-porte-outil-selon-systeme-multifix\/","og_locale":"fr_FR","og_type":"article","og_title":"Tourelle porte-outils \u00e0 changement rapide - pewetools ltd","og_description":"Chaque support produit pour nous est test\u00e9 sur le corps d'origine de l'inventeur J.F.Minder, ce qui garantit un contr\u00f4le qualit\u00e9 et une compatibilit\u00e9 de 100%.","og_url":"https:\/\/pewetools.de\/fr\/shop\/categorie-produits\/set-de-demarrage-as1460-s-avec-plaque-plus-fine-du-porte-outil-selon-systeme-multifix\/","og_site_name":"PeWeTools Schnellwechselhalter nach System Multifix","article_modified_time":"2026-03-30T06:22:20+00:00","og_image":[{"width":1087,"height":967,"url":"https:\/\/pewetools.de\/wp-content\/uploads\/2022\/08\/Starter-Set-AS-Hauptbild-ohne-Schrauben-2-1.jpg","type":"image\/jpeg"}],"twitter_card":"summary_large_image","twitter_misc":{"Dur\u00e9e de lecture estim\u00e9e":"1 minute"},"schema":{"@context":"https:\/\/schema.org","@graph":[{"@type":"WebPage","@id":"https:\/\/pewetools.de\/fr\/shop\/categorie-produits\/set-de-demarrage-as1460-s-avec-plaque-plus-fine-du-porte-outil-selon-systeme-multifix\/","url":"https:\/\/pewetools.de\/fr\/shop\/categorie-produits\/set-de-demarrage-as1460-s-avec-plaque-plus-fine-du-porte-outil-selon-systeme-multifix\/","name":"Tourelle porte-outils \u00e0 changement rapide - pewetools ltd","isPartOf":{"@id":"https:\/\/pewetools.de\/#website"},"primaryImageOfPage":{"@id":"https:\/\/pewetools.de\/fr\/shop\/categorie-produits\/set-de-demarrage-as1460-s-avec-plaque-plus-fine-du-porte-outil-selon-systeme-multifix\/#primaryimage"},"image":{"@id":"https:\/\/pewetools.de\/fr\/shop\/categorie-produits\/set-de-demarrage-as1460-s-avec-plaque-plus-fine-du-porte-outil-selon-systeme-multifix\/#primaryimage"},"thumbnailUrl":"https:\/\/pewetools.de\/wp-content\/uploads\/2022\/08\/Starter-Set-AS-Hauptbild-ohne-Schrauben-2-1.jpg","datePublished":"2025-02-08T02:36:46+00:00","dateModified":"2026-03-30T06:22:20+00:00","description":"Chaque support produit pour nous est test\u00e9 sur le corps d'origine de l'inventeur J.F.Minder, ce qui garantit un contr\u00f4le qualit\u00e9 et une compatibilit\u00e9 de 100%.","breadcrumb":{"@id":"https:\/\/pewetools.de\/fr\/shop\/categorie-produits\/set-de-demarrage-as1460-s-avec-plaque-plus-fine-du-porte-outil-selon-systeme-multifix\/#breadcrumb"},"inLanguage":"fr-FR","potentialAction":[{"@type":"ReadAction","target":["https:\/\/pewetools.de\/fr\/shop\/categorie-produits\/set-de-demarrage-as1460-s-avec-plaque-plus-fine-du-porte-outil-selon-systeme-multifix\/"]}]},{"@type":"ImageObject","inLanguage":"fr-FR","@id":"https:\/\/pewetools.de\/fr\/shop\/categorie-produits\/set-de-demarrage-as1460-s-avec-plaque-plus-fine-du-porte-outil-selon-systeme-multifix\/#primaryimage","url":"https:\/\/pewetools.de\/wp-content\/uploads\/2022\/08\/Starter-Set-AS-Hauptbild-ohne-Schrauben-2-1.jpg","contentUrl":"https:\/\/pewetools.de\/wp-content\/uploads\/2022\/08\/Starter-Set-AS-Hauptbild-ohne-Schrauben-2-1.jpg","width":1087,"height":967},{"@type":"BreadcrumbList","@id":"https:\/\/pewetools.de\/fr\/shop\/categorie-produits\/set-de-demarrage-as1460-s-avec-plaque-plus-fine-du-porte-outil-selon-systeme-multifix\/#breadcrumb","itemListElement":[{"@type":"ListItem","position":1,"name":"maison","item":"https:\/\/pewetools.de\/fr\/"},{"@type":"ListItem","position":2,"name":"Shop","item":"https:\/\/pewetools.de\/fr\/shop\/"},{"@type":"ListItem","position":3,"name":"Set de d\u00e9marrage AS1460-S avec plaque plus fine du porte-outil selon syst\u00e8me Multifix"}]},{"@type":"WebSite","@id":"https:\/\/pewetools.de\/#website","url":"https:\/\/pewetools.de\/","name":"PeWeTools Schnellwechselhalter nach System Multifix","description":"","potentialAction":[{"@type":"SearchAction","target":{"@type":"EntryPoint","urlTemplate":"https:\/\/pewetools.de\/?s={search_term_string}"},"query-input":{"@type":"PropertyValueSpecification","valueRequired":true,"valueName":"search_term_string"}}],"inLanguage":"fr-FR"}]}},"_links":{"self":[{"href":"https:\/\/pewetools.de\/fr\/wp-json\/wp\/v2\/product\/14883","targetHints":{"allow":["GET"]}}],"collection":[{"href":"https:\/\/pewetools.de\/fr\/wp-json\/wp\/v2\/product"}],"about":[{"href":"https:\/\/pewetools.de\/fr\/wp-json\/wp\/v2\/types\/product"}],"version-history":[{"count":16,"href":"https:\/\/pewetools.de\/fr\/wp-json\/wp\/v2\/product\/14883\/revisions"}],"predecessor-version":[{"id":17112,"href":"https:\/\/pewetools.de\/fr\/wp-json\/wp\/v2\/product\/14883\/revisions\/17112"}],"wp:featuredmedia":[{"embeddable":true,"href":"https:\/\/pewetools.de\/fr\/wp-json\/wp\/v2\/media\/12802"}],"wp:attachment":[{"href":"https:\/\/pewetools.de\/fr\/wp-json\/wp\/v2\/media?parent=14883"}],"wp:term":[{"taxonomy":"product_brand","embeddable":true,"href":"https:\/\/pewetools.de\/fr\/wp-json\/wp\/v2\/product_brand?post=14883"},{"taxonomy":"product_cat","embeddable":true,"href":"https:\/\/pewetools.de\/fr\/wp-json\/wp\/v2\/product_cat?post=14883"},{"taxonomy":"product_tag","embeddable":true,"href":"https:\/\/pewetools.de\/fr\/wp-json\/wp\/v2\/product_tag?post=14883"}],"curies":[{"name":"wp","href":"https:\/\/api.w.org\/{rel}","templated":true}]}}