{"id":14909,"date":"2025-02-11T15:05:49","date_gmt":"2025-02-11T14:05:49","guid":{"rendered":"https:\/\/pewetools.de\/?post_type=product&#038;p=14909"},"modified":"2025-09-22T15:07:46","modified_gmt":"2025-09-22T13:07:46","slug":"douille-de-reduction-fendue-30-20-pour-support-aj3080","status":"publish","type":"product","link":"https:\/\/pewetools.de\/fr\/shop\/categorie-produits\/douille-de-reduction-fendue-30-20-pour-support-aj3080\/","title":{"rendered":"Douille de r\u00e9duction fendue 30-20 pour support AJ3080"},"content":{"rendered":"<p>Douille de r\u00e9duction fendue \u00e0 utiliser dans un porte-outil AJ3080 (kit de changement rapide selon le syst\u00e8me Multifix en taille A). En g\u00e9n\u00e9ral, le porte-outil AJ3080 sert \u00e0 serrer une douille MK ou un porte-pince et, le cas \u00e9ch\u00e9ant, d&#8217;autres outils avec une tige de 30 mm. Avec cette douille de r\u00e9duction, il est toutefois possible de serrer en toute s\u00e9curit\u00e9 des outils de 20 mm de diam\u00e8tre (plus stable\/plus solide\/plus s\u00fbr que dans un porte-outil \u00e0 prisme) &#8211; lors de l&#8217;insertion, il faut veiller \u00e0 ce que la position de la fente de la douille soit identique \u00e0 celle de la fente du porte-outil. La d\u00e9signation est 30-20-AS-A et a un diam\u00e8tre ext\u00e9rieur de 30mm et r\u00e9duit \u00e0 20mm (longueur hors tout 84mm).<\/p>\n","protected":false},"excerpt":{"rendered":"<p>Douille de r\u00e9duction fendue 30-20 AJ<\/p>\n","protected":false},"featured_media":14899,"template":"","meta":{"footnotes":""},"product_brand":[],"product_cat":[479,482,496],"product_tag":[],"class_list":{"0":"post-14909","1":"product","2":"type-product","3":"status-publish","4":"has-post-thumbnail","6":"product_cat-a","7":"product_cat-as","8":"product_cat-e","9":"product_shipping_class-paquet","11":"first","12":"instock","13":"taxable","14":"shipping-taxable","15":"purchasable","16":"product-type-simple"},"yoast_head":"<!-- This site is optimized with the Yoast SEO plugin v27.4 - https:\/\/yoast.com\/product\/yoast-seo-wordpress\/ -->\n<title>Douille de r\u00e9duction fendue 30-20 pour support AJ3080 &#8212; PeWeTools Schnellwechselhalter nach System Multifix<\/title>\n<meta name=\"robots\" content=\"index, follow, max-snippet:-1, max-image-preview:large, max-video-preview:-1\" \/>\n<link rel=\"canonical\" href=\"https:\/\/pewetools.de\/shop\/categorie-produits\/geschlitzte-reduzierhuelse-30-20-fuer-halter-aj3080\/\" \/>\n<meta property=\"og:locale\" content=\"fr_FR\" \/>\n<meta property=\"og:type\" content=\"article\" \/>\n<meta property=\"og:title\" content=\"Douille de r\u00e9duction fendue 30-20 pour support AJ3080 &#8212; PeWeTools Schnellwechselhalter nach System Multifix\" \/>\n<meta property=\"og:description\" content=\"Douille de r\u00e9duction fendue 30-20 AJ\" \/>\n<meta property=\"og:url\" content=\"https:\/\/pewetools.de\/shop\/categorie-produits\/geschlitzte-reduzierhuelse-30-20-fuer-halter-aj3080\/\" \/>\n<meta property=\"og:site_name\" content=\"PeWeTools Schnellwechselhalter nach System Multifix\" \/>\n<meta property=\"article:modified_time\" content=\"2025-09-22T13:07:46+00:00\" \/>\n<meta property=\"og:image\" content=\"https:\/\/pewetools.de\/wp-content\/uploads\/2024\/10\/Reduzierhuelse-C30-25mm-Kopie.jpg\" \/>\n\t<meta property=\"og:image:width\" content=\"1575\" \/>\n\t<meta property=\"og:image:height\" content=\"822\" \/>\n\t<meta property=\"og:image:type\" content=\"image\/jpeg\" \/>\n<meta name=\"twitter:card\" content=\"summary_large_image\" \/>\n<meta name=\"twitter:label1\" content=\"Dur\u00e9e de lecture estim\u00e9e\" \/>\n\t<meta name=\"twitter:data1\" content=\"1 minute\" \/>\n<script type=\"application\/ld+json\" class=\"yoast-schema-graph\">{\"@context\":\"https:\\\/\\\/schema.org\",\"@graph\":[{\"@type\":\"WebPage\",\"@id\":\"https:\\\/\\\/pewetools.de\\\/shop\\\/categorie-produits\\\/geschlitzte-reduzierhuelse-30-20-fuer-halter-aj3080\\\/\",\"url\":\"https:\\\/\\\/pewetools.de\\\/shop\\\/categorie-produits\\\/geschlitzte-reduzierhuelse-30-20-fuer-halter-aj3080\\\/\",\"name\":\"Douille de r\u00e9duction fendue 30-20 pour support AJ3080 &#8212; PeWeTools Schnellwechselhalter nach System Multifix\",\"isPartOf\":{\"@id\":\"https:\\\/\\\/pewetools.de\\\/#website\"},\"primaryImageOfPage\":{\"@id\":\"https:\\\/\\\/pewetools.de\\\/shop\\\/categorie-produits\\\/geschlitzte-reduzierhuelse-30-20-fuer-halter-aj3080\\\/#primaryimage\"},\"image\":{\"@id\":\"https:\\\/\\\/pewetools.de\\\/shop\\\/categorie-produits\\\/geschlitzte-reduzierhuelse-30-20-fuer-halter-aj3080\\\/#primaryimage\"},\"thumbnailUrl\":\"https:\\\/\\\/pewetools.de\\\/wp-content\\\/uploads\\\/2024\\\/10\\\/Reduzierhuelse-C30-25mm-Kopie.jpg\",\"datePublished\":\"2025-02-11T14:05:49+00:00\",\"dateModified\":\"2025-09-22T13:07:46+00:00\",\"breadcrumb\":{\"@id\":\"https:\\\/\\\/pewetools.de\\\/shop\\\/categorie-produits\\\/geschlitzte-reduzierhuelse-30-20-fuer-halter-aj3080\\\/#breadcrumb\"},\"inLanguage\":\"fr-FR\",\"potentialAction\":[{\"@type\":\"ReadAction\",\"target\":[\"https:\\\/\\\/pewetools.de\\\/shop\\\/categorie-produits\\\/geschlitzte-reduzierhuelse-30-20-fuer-halter-aj3080\\\/\"]}]},{\"@type\":\"ImageObject\",\"inLanguage\":\"fr-FR\",\"@id\":\"https:\\\/\\\/pewetools.de\\\/shop\\\/categorie-produits\\\/geschlitzte-reduzierhuelse-30-20-fuer-halter-aj3080\\\/#primaryimage\",\"url\":\"https:\\\/\\\/pewetools.de\\\/wp-content\\\/uploads\\\/2024\\\/10\\\/Reduzierhuelse-C30-25mm-Kopie.jpg\",\"contentUrl\":\"https:\\\/\\\/pewetools.de\\\/wp-content\\\/uploads\\\/2024\\\/10\\\/Reduzierhuelse-C30-25mm-Kopie.jpg\",\"width\":1575,\"height\":822},{\"@type\":\"BreadcrumbList\",\"@id\":\"https:\\\/\\\/pewetools.de\\\/shop\\\/categorie-produits\\\/geschlitzte-reduzierhuelse-30-20-fuer-halter-aj3080\\\/#breadcrumb\",\"itemListElement\":[{\"@type\":\"ListItem\",\"position\":1,\"name\":\"maison\",\"item\":\"https:\\\/\\\/pewetools.de\\\/fr\\\/\"},{\"@type\":\"ListItem\",\"position\":2,\"name\":\"Shop\",\"item\":\"https:\\\/\\\/pewetools.de\\\/fr\\\/shop\\\/\"},{\"@type\":\"ListItem\",\"position\":3,\"name\":\"Douille de r\u00e9duction fendue 30-20 pour support AJ3080\"}]},{\"@type\":\"WebSite\",\"@id\":\"https:\\\/\\\/pewetools.de\\\/#website\",\"url\":\"https:\\\/\\\/pewetools.de\\\/\",\"name\":\"PeWeTools Schnellwechselhalter nach System Multifix\",\"description\":\"\",\"potentialAction\":[{\"@type\":\"SearchAction\",\"target\":{\"@type\":\"EntryPoint\",\"urlTemplate\":\"https:\\\/\\\/pewetools.de\\\/?s={search_term_string}\"},\"query-input\":{\"@type\":\"PropertyValueSpecification\",\"valueRequired\":true,\"valueName\":\"search_term_string\"}}],\"inLanguage\":\"fr-FR\"}]}<\/script>\n<!-- \/ Yoast SEO plugin. -->","yoast_head_json":{"title":"Douille de r\u00e9duction fendue 30-20 pour support AJ3080 &#8212; PeWeTools Schnellwechselhalter nach System Multifix","robots":{"index":"index","follow":"follow","max-snippet":"max-snippet:-1","max-image-preview":"max-image-preview:large","max-video-preview":"max-video-preview:-1"},"canonical":"https:\/\/pewetools.de\/shop\/categorie-produits\/geschlitzte-reduzierhuelse-30-20-fuer-halter-aj3080\/","og_locale":"fr_FR","og_type":"article","og_title":"Douille de r\u00e9duction fendue 30-20 pour support AJ3080 &#8212; PeWeTools Schnellwechselhalter nach System Multifix","og_description":"Douille de r\u00e9duction fendue 30-20 AJ","og_url":"https:\/\/pewetools.de\/shop\/categorie-produits\/geschlitzte-reduzierhuelse-30-20-fuer-halter-aj3080\/","og_site_name":"PeWeTools Schnellwechselhalter nach System Multifix","article_modified_time":"2025-09-22T13:07:46+00:00","og_image":[{"width":1575,"height":822,"url":"https:\/\/pewetools.de\/wp-content\/uploads\/2024\/10\/Reduzierhuelse-C30-25mm-Kopie.jpg","type":"image\/jpeg"}],"twitter_card":"summary_large_image","twitter_misc":{"Dur\u00e9e de lecture estim\u00e9e":"1 minute"},"schema":{"@context":"https:\/\/schema.org","@graph":[{"@type":"WebPage","@id":"https:\/\/pewetools.de\/shop\/categorie-produits\/geschlitzte-reduzierhuelse-30-20-fuer-halter-aj3080\/","url":"https:\/\/pewetools.de\/shop\/categorie-produits\/geschlitzte-reduzierhuelse-30-20-fuer-halter-aj3080\/","name":"Douille de r\u00e9duction fendue 30-20 pour support AJ3080 &#8212; PeWeTools Schnellwechselhalter nach System Multifix","isPartOf":{"@id":"https:\/\/pewetools.de\/#website"},"primaryImageOfPage":{"@id":"https:\/\/pewetools.de\/shop\/categorie-produits\/geschlitzte-reduzierhuelse-30-20-fuer-halter-aj3080\/#primaryimage"},"image":{"@id":"https:\/\/pewetools.de\/shop\/categorie-produits\/geschlitzte-reduzierhuelse-30-20-fuer-halter-aj3080\/#primaryimage"},"thumbnailUrl":"https:\/\/pewetools.de\/wp-content\/uploads\/2024\/10\/Reduzierhuelse-C30-25mm-Kopie.jpg","datePublished":"2025-02-11T14:05:49+00:00","dateModified":"2025-09-22T13:07:46+00:00","breadcrumb":{"@id":"https:\/\/pewetools.de\/shop\/categorie-produits\/geschlitzte-reduzierhuelse-30-20-fuer-halter-aj3080\/#breadcrumb"},"inLanguage":"fr-FR","potentialAction":[{"@type":"ReadAction","target":["https:\/\/pewetools.de\/shop\/categorie-produits\/geschlitzte-reduzierhuelse-30-20-fuer-halter-aj3080\/"]}]},{"@type":"ImageObject","inLanguage":"fr-FR","@id":"https:\/\/pewetools.de\/shop\/categorie-produits\/geschlitzte-reduzierhuelse-30-20-fuer-halter-aj3080\/#primaryimage","url":"https:\/\/pewetools.de\/wp-content\/uploads\/2024\/10\/Reduzierhuelse-C30-25mm-Kopie.jpg","contentUrl":"https:\/\/pewetools.de\/wp-content\/uploads\/2024\/10\/Reduzierhuelse-C30-25mm-Kopie.jpg","width":1575,"height":822},{"@type":"BreadcrumbList","@id":"https:\/\/pewetools.de\/shop\/categorie-produits\/geschlitzte-reduzierhuelse-30-20-fuer-halter-aj3080\/#breadcrumb","itemListElement":[{"@type":"ListItem","position":1,"name":"maison","item":"https:\/\/pewetools.de\/fr\/"},{"@type":"ListItem","position":2,"name":"Shop","item":"https:\/\/pewetools.de\/fr\/shop\/"},{"@type":"ListItem","position":3,"name":"Douille de r\u00e9duction fendue 30-20 pour support AJ3080"}]},{"@type":"WebSite","@id":"https:\/\/pewetools.de\/#website","url":"https:\/\/pewetools.de\/","name":"PeWeTools Schnellwechselhalter nach System Multifix","description":"","potentialAction":[{"@type":"SearchAction","target":{"@type":"EntryPoint","urlTemplate":"https:\/\/pewetools.de\/?s={search_term_string}"},"query-input":{"@type":"PropertyValueSpecification","valueRequired":true,"valueName":"search_term_string"}}],"inLanguage":"fr-FR"}]}},"_links":{"self":[{"href":"https:\/\/pewetools.de\/fr\/wp-json\/wp\/v2\/product\/14909","targetHints":{"allow":["GET"]}}],"collection":[{"href":"https:\/\/pewetools.de\/fr\/wp-json\/wp\/v2\/product"}],"about":[{"href":"https:\/\/pewetools.de\/fr\/wp-json\/wp\/v2\/types\/product"}],"version-history":[{"count":1,"href":"https:\/\/pewetools.de\/fr\/wp-json\/wp\/v2\/product\/14909\/revisions"}],"predecessor-version":[{"id":15131,"href":"https:\/\/pewetools.de\/fr\/wp-json\/wp\/v2\/product\/14909\/revisions\/15131"}],"wp:featuredmedia":[{"embeddable":true,"href":"https:\/\/pewetools.de\/fr\/wp-json\/wp\/v2\/media\/14899"}],"wp:attachment":[{"href":"https:\/\/pewetools.de\/fr\/wp-json\/wp\/v2\/media?parent=14909"}],"wp:term":[{"taxonomy":"product_brand","embeddable":true,"href":"https:\/\/pewetools.de\/fr\/wp-json\/wp\/v2\/product_brand?post=14909"},{"taxonomy":"product_cat","embeddable":true,"href":"https:\/\/pewetools.de\/fr\/wp-json\/wp\/v2\/product_cat?post=14909"},{"taxonomy":"product_tag","embeddable":true,"href":"https:\/\/pewetools.de\/fr\/wp-json\/wp\/v2\/product_tag?post=14909"}],"curies":[{"name":"wp","href":"https:\/\/api.w.org\/{rel}","templated":true}]}}