{"id":16617,"date":"2025-06-05T16:15:36","date_gmt":"2025-06-05T14:15:36","guid":{"rendered":"https:\/\/pewetools.de\/?post_type=product&#038;p=16617"},"modified":"2025-07-04T15:24:06","modified_gmt":"2025-07-04T13:24:06","slug":"pied-a-coulisse-sino-150-mm-bluetooth-resolution-0001-ip67","status":"publish","type":"product","link":"https:\/\/pewetools.de\/fr\/shop\/categorie-produits\/pied-a-coulisse-sino-150-mm-bluetooth-resolution-0001-ip67\/","title":{"rendered":"Pied \u00e0 coulisse Sino 150 mm Bluetooth, r\u00e9solution 0,001, IP67"},"content":{"rendered":"<h3><span style=\"color: #008080;\">Nouveaut\u00e9 :<\/span><\/h3>\n<p><span style=\"color: #ff0000;\">Afin de stabiliser le signal et d&#8217;am\u00e9liorer la pr\u00e9cision, nos pieds \u00e0 coulisse sont \u00e9quip\u00e9s d&#8217;une \u00e9chelle en verre.<\/span><\/p>\n<p>&#8211; R\u00e9solution d&#8217;affichage non pas 0,01mm mais 0,001mm<\/p>\n<p>&#8211; IP67 selon DIN40050 \/ IEC 60529<\/p>\n<p>&#8211; Interface Bluetooth pour le transfert de donn\u00e9es d&#8217;une valeur de mesure sur le PC<\/p>\n<p>&#8211; Pr\u00e9cision encore am\u00e9lior\u00e9e (+\/- 0,01mm)<\/p>\n<p>&#8211; Surfaces de mesure finement rectifi\u00e9es et rod\u00e9es<\/p>\n<p>&#8211; Chiffres grands et bien lisibles sur l&#8217;\u00e9cran<\/p>\n<p>&#8211; Convient pour les mesures int\u00e9rieures, ext\u00e9rieures et de profondeur<\/p>\n<p>Caract\u00e9ristiques techniques<br \/>\n&#8211; Alimentation en tension 3V (pile C2032)<br \/>\n&#8211; Longueur de mesure 150mm<\/p>\n<p>Etendue de la livraison<br \/>\n&#8211; Pied \u00e0 coulisse<br \/>\n&#8211; Bo\u00eete de rangement<br \/>\n&#8211; Pile C2032<br \/>\n&#8211; Mode d&#8217;emploi allemand (PDF)<\/p>\n<p>&nbsp;<\/p>\n<p>&nbsp;<\/p>\n","protected":false},"excerpt":{"rendered":"<p>Pied \u00e0 coulisse Sino 150 mm Bluetooth, r\u00e9solution 0,001, IP67<\/p>\n","protected":false},"featured_media":13347,"template":"","meta":{"footnotes":""},"product_brand":[],"product_cat":[466],"product_tag":[1202,1203,1215],"class_list":{"0":"post-16617","1":"product","2":"type-product","3":"status-publish","4":"has-post-thumbnail","6":"product_cat-technologie-de-mesure-et-de-test","7":"product_tag-etriers","8":"product_tag-outil-de-mesure","9":"product_tag-pied-a-coulisse","10":"product_shipping_class-paquet","12":"first","13":"instock","14":"taxable","15":"shipping-taxable","16":"purchasable","17":"product-type-simple"},"yoast_head":"<!-- This site is optimized with the Yoast SEO plugin v27.4 - https:\/\/yoast.com\/product\/yoast-seo-wordpress\/ -->\n<title>Pied \u00e0 coulisse - pewetools limited<\/title>\n<meta name=\"robots\" content=\"index, follow, max-snippet:-1, max-image-preview:large, max-video-preview:-1\" \/>\n<link rel=\"canonical\" href=\"https:\/\/pewetools.de\/fr\/shop\/categorie-produits\/pied-a-coulisse-sino-150-mm-bluetooth-resolution-0001-ip67\/\" \/>\n<meta property=\"og:locale\" content=\"fr_FR\" \/>\n<meta property=\"og:type\" content=\"article\" \/>\n<meta property=\"og:title\" content=\"Pied \u00e0 coulisse - pewetools limited\" \/>\n<meta property=\"og:description\" content=\"Pied \u00e0 coulisse Sino 150 mm Bluetooth, r\u00e9solution 0,001, IP67\" \/>\n<meta property=\"og:url\" content=\"https:\/\/pewetools.de\/fr\/shop\/categorie-produits\/pied-a-coulisse-sino-150-mm-bluetooth-resolution-0001-ip67\/\" \/>\n<meta property=\"og:site_name\" content=\"PeWeTools Schnellwechselhalter nach System Multifix\" \/>\n<meta property=\"article:modified_time\" content=\"2025-07-04T13:24:06+00:00\" \/>\n<meta property=\"og:image\" content=\"https:\/\/pewetools.de\/wp-content\/uploads\/2023\/07\/HD-Caliper-Kopie-1.jpg\" \/>\n\t<meta property=\"og:image:width\" content=\"2362\" \/>\n\t<meta property=\"og:image:height\" content=\"996\" \/>\n\t<meta property=\"og:image:type\" content=\"image\/jpeg\" \/>\n<meta name=\"twitter:card\" content=\"summary_large_image\" \/>\n<meta name=\"twitter:label1\" content=\"Dur\u00e9e de lecture estim\u00e9e\" \/>\n\t<meta name=\"twitter:data1\" content=\"1 minute\" \/>\n<script type=\"application\/ld+json\" class=\"yoast-schema-graph\">{\"@context\":\"https:\\\/\\\/schema.org\",\"@graph\":[{\"@type\":\"WebPage\",\"@id\":\"https:\\\/\\\/pewetools.de\\\/fr\\\/shop\\\/categorie-produits\\\/pied-a-coulisse-sino-150-mm-bluetooth-resolution-0001-ip67\\\/\",\"url\":\"https:\\\/\\\/pewetools.de\\\/fr\\\/shop\\\/categorie-produits\\\/pied-a-coulisse-sino-150-mm-bluetooth-resolution-0001-ip67\\\/\",\"name\":\"Pied \u00e0 coulisse - pewetools limited\",\"isPartOf\":{\"@id\":\"https:\\\/\\\/pewetools.de\\\/#website\"},\"primaryImageOfPage\":{\"@id\":\"https:\\\/\\\/pewetools.de\\\/fr\\\/shop\\\/categorie-produits\\\/pied-a-coulisse-sino-150-mm-bluetooth-resolution-0001-ip67\\\/#primaryimage\"},\"image\":{\"@id\":\"https:\\\/\\\/pewetools.de\\\/fr\\\/shop\\\/categorie-produits\\\/pied-a-coulisse-sino-150-mm-bluetooth-resolution-0001-ip67\\\/#primaryimage\"},\"thumbnailUrl\":\"https:\\\/\\\/pewetools.de\\\/wp-content\\\/uploads\\\/2023\\\/07\\\/HD-Caliper-Kopie-1.jpg\",\"datePublished\":\"2025-06-05T14:15:36+00:00\",\"dateModified\":\"2025-07-04T13:24:06+00:00\",\"breadcrumb\":{\"@id\":\"https:\\\/\\\/pewetools.de\\\/fr\\\/shop\\\/categorie-produits\\\/pied-a-coulisse-sino-150-mm-bluetooth-resolution-0001-ip67\\\/#breadcrumb\"},\"inLanguage\":\"fr-FR\",\"potentialAction\":[{\"@type\":\"ReadAction\",\"target\":[\"https:\\\/\\\/pewetools.de\\\/fr\\\/shop\\\/categorie-produits\\\/pied-a-coulisse-sino-150-mm-bluetooth-resolution-0001-ip67\\\/\"]}]},{\"@type\":\"ImageObject\",\"inLanguage\":\"fr-FR\",\"@id\":\"https:\\\/\\\/pewetools.de\\\/fr\\\/shop\\\/categorie-produits\\\/pied-a-coulisse-sino-150-mm-bluetooth-resolution-0001-ip67\\\/#primaryimage\",\"url\":\"https:\\\/\\\/pewetools.de\\\/wp-content\\\/uploads\\\/2023\\\/07\\\/HD-Caliper-Kopie-1.jpg\",\"contentUrl\":\"https:\\\/\\\/pewetools.de\\\/wp-content\\\/uploads\\\/2023\\\/07\\\/HD-Caliper-Kopie-1.jpg\",\"width\":2362,\"height\":996},{\"@type\":\"BreadcrumbList\",\"@id\":\"https:\\\/\\\/pewetools.de\\\/fr\\\/shop\\\/categorie-produits\\\/pied-a-coulisse-sino-150-mm-bluetooth-resolution-0001-ip67\\\/#breadcrumb\",\"itemListElement\":[{\"@type\":\"ListItem\",\"position\":1,\"name\":\"maison\",\"item\":\"https:\\\/\\\/pewetools.de\\\/fr\\\/\"},{\"@type\":\"ListItem\",\"position\":2,\"name\":\"Shop\",\"item\":\"https:\\\/\\\/pewetools.de\\\/fr\\\/shop\\\/\"},{\"@type\":\"ListItem\",\"position\":3,\"name\":\"Pied \u00e0 coulisse Sino 150 mm Bluetooth, r\u00e9solution 0,001, IP67\"}]},{\"@type\":\"WebSite\",\"@id\":\"https:\\\/\\\/pewetools.de\\\/#website\",\"url\":\"https:\\\/\\\/pewetools.de\\\/\",\"name\":\"PeWeTools Schnellwechselhalter nach System Multifix\",\"description\":\"\",\"potentialAction\":[{\"@type\":\"SearchAction\",\"target\":{\"@type\":\"EntryPoint\",\"urlTemplate\":\"https:\\\/\\\/pewetools.de\\\/?s={search_term_string}\"},\"query-input\":{\"@type\":\"PropertyValueSpecification\",\"valueRequired\":true,\"valueName\":\"search_term_string\"}}],\"inLanguage\":\"fr-FR\"}]}<\/script>\n<!-- \/ Yoast SEO plugin. -->","yoast_head_json":{"title":"Pied \u00e0 coulisse - pewetools limited","robots":{"index":"index","follow":"follow","max-snippet":"max-snippet:-1","max-image-preview":"max-image-preview:large","max-video-preview":"max-video-preview:-1"},"canonical":"https:\/\/pewetools.de\/fr\/shop\/categorie-produits\/pied-a-coulisse-sino-150-mm-bluetooth-resolution-0001-ip67\/","og_locale":"fr_FR","og_type":"article","og_title":"Pied \u00e0 coulisse - pewetools limited","og_description":"Pied \u00e0 coulisse Sino 150 mm Bluetooth, r\u00e9solution 0,001, IP67","og_url":"https:\/\/pewetools.de\/fr\/shop\/categorie-produits\/pied-a-coulisse-sino-150-mm-bluetooth-resolution-0001-ip67\/","og_site_name":"PeWeTools Schnellwechselhalter nach System Multifix","article_modified_time":"2025-07-04T13:24:06+00:00","og_image":[{"width":2362,"height":996,"url":"https:\/\/pewetools.de\/wp-content\/uploads\/2023\/07\/HD-Caliper-Kopie-1.jpg","type":"image\/jpeg"}],"twitter_card":"summary_large_image","twitter_misc":{"Dur\u00e9e de lecture estim\u00e9e":"1 minute"},"schema":{"@context":"https:\/\/schema.org","@graph":[{"@type":"WebPage","@id":"https:\/\/pewetools.de\/fr\/shop\/categorie-produits\/pied-a-coulisse-sino-150-mm-bluetooth-resolution-0001-ip67\/","url":"https:\/\/pewetools.de\/fr\/shop\/categorie-produits\/pied-a-coulisse-sino-150-mm-bluetooth-resolution-0001-ip67\/","name":"Pied \u00e0 coulisse - pewetools limited","isPartOf":{"@id":"https:\/\/pewetools.de\/#website"},"primaryImageOfPage":{"@id":"https:\/\/pewetools.de\/fr\/shop\/categorie-produits\/pied-a-coulisse-sino-150-mm-bluetooth-resolution-0001-ip67\/#primaryimage"},"image":{"@id":"https:\/\/pewetools.de\/fr\/shop\/categorie-produits\/pied-a-coulisse-sino-150-mm-bluetooth-resolution-0001-ip67\/#primaryimage"},"thumbnailUrl":"https:\/\/pewetools.de\/wp-content\/uploads\/2023\/07\/HD-Caliper-Kopie-1.jpg","datePublished":"2025-06-05T14:15:36+00:00","dateModified":"2025-07-04T13:24:06+00:00","breadcrumb":{"@id":"https:\/\/pewetools.de\/fr\/shop\/categorie-produits\/pied-a-coulisse-sino-150-mm-bluetooth-resolution-0001-ip67\/#breadcrumb"},"inLanguage":"fr-FR","potentialAction":[{"@type":"ReadAction","target":["https:\/\/pewetools.de\/fr\/shop\/categorie-produits\/pied-a-coulisse-sino-150-mm-bluetooth-resolution-0001-ip67\/"]}]},{"@type":"ImageObject","inLanguage":"fr-FR","@id":"https:\/\/pewetools.de\/fr\/shop\/categorie-produits\/pied-a-coulisse-sino-150-mm-bluetooth-resolution-0001-ip67\/#primaryimage","url":"https:\/\/pewetools.de\/wp-content\/uploads\/2023\/07\/HD-Caliper-Kopie-1.jpg","contentUrl":"https:\/\/pewetools.de\/wp-content\/uploads\/2023\/07\/HD-Caliper-Kopie-1.jpg","width":2362,"height":996},{"@type":"BreadcrumbList","@id":"https:\/\/pewetools.de\/fr\/shop\/categorie-produits\/pied-a-coulisse-sino-150-mm-bluetooth-resolution-0001-ip67\/#breadcrumb","itemListElement":[{"@type":"ListItem","position":1,"name":"maison","item":"https:\/\/pewetools.de\/fr\/"},{"@type":"ListItem","position":2,"name":"Shop","item":"https:\/\/pewetools.de\/fr\/shop\/"},{"@type":"ListItem","position":3,"name":"Pied \u00e0 coulisse Sino 150 mm Bluetooth, r\u00e9solution 0,001, IP67"}]},{"@type":"WebSite","@id":"https:\/\/pewetools.de\/#website","url":"https:\/\/pewetools.de\/","name":"PeWeTools Schnellwechselhalter nach System Multifix","description":"","potentialAction":[{"@type":"SearchAction","target":{"@type":"EntryPoint","urlTemplate":"https:\/\/pewetools.de\/?s={search_term_string}"},"query-input":{"@type":"PropertyValueSpecification","valueRequired":true,"valueName":"search_term_string"}}],"inLanguage":"fr-FR"}]}},"_links":{"self":[{"href":"https:\/\/pewetools.de\/fr\/wp-json\/wp\/v2\/product\/16617","targetHints":{"allow":["GET"]}}],"collection":[{"href":"https:\/\/pewetools.de\/fr\/wp-json\/wp\/v2\/product"}],"about":[{"href":"https:\/\/pewetools.de\/fr\/wp-json\/wp\/v2\/types\/product"}],"version-history":[{"count":4,"href":"https:\/\/pewetools.de\/fr\/wp-json\/wp\/v2\/product\/16617\/revisions"}],"predecessor-version":[{"id":16923,"href":"https:\/\/pewetools.de\/fr\/wp-json\/wp\/v2\/product\/16617\/revisions\/16923"}],"wp:featuredmedia":[{"embeddable":true,"href":"https:\/\/pewetools.de\/fr\/wp-json\/wp\/v2\/media\/13347"}],"wp:attachment":[{"href":"https:\/\/pewetools.de\/fr\/wp-json\/wp\/v2\/media?parent=16617"}],"wp:term":[{"taxonomy":"product_brand","embeddable":true,"href":"https:\/\/pewetools.de\/fr\/wp-json\/wp\/v2\/product_brand?post=16617"},{"taxonomy":"product_cat","embeddable":true,"href":"https:\/\/pewetools.de\/fr\/wp-json\/wp\/v2\/product_cat?post=16617"},{"taxonomy":"product_tag","embeddable":true,"href":"https:\/\/pewetools.de\/fr\/wp-json\/wp\/v2\/product_tag?post=16617"}],"curies":[{"name":"wp","href":"https:\/\/api.w.org\/{rel}","templated":true}]}}