{"id":16807,"date":"2025-07-02T14:35:08","date_gmt":"2025-07-02T12:47:24","guid":{"rendered":"https:\/\/pewetools.de\/?post_type=product&#038;p=16807"},"modified":"2025-07-02T14:59:22","modified_gmt":"2025-07-02T12:59:22","slug":"adaptateur-dremel-20mm","status":"publish","type":"product","link":"https:\/\/pewetools.de\/fr\/shop\/categorie-produits\/adaptateur-dremel-20mm\/","title":{"rendered":"Adaptateur Dremel 20mm"},"content":{"rendered":"<p>Cet adaptateur est destin\u00e9 \u00e0 une ponceuse Dremel. Le capuchon en plastique existant est retir\u00e9 et remplac\u00e9 par l&#8217;adaptateur.<\/p>\n<p>La Dremel, peut maintenant \u00eatre fix\u00e9e dans le petit support pour percer\/poncer\/fraiser.<\/p>\n","protected":false},"excerpt":{"rendered":"<p>Cet adaptateur est destin\u00e9 \u00e0 une ponceuse Dremel. Le capuchon en plastique existant est retir\u00e9 et remplac\u00e9 par l&#8217;adaptateur. La Dremel, peut maintenant \u00eatre fix\u00e9e dans le petit support pour percer\/poncer\/fraiser.<\/p>\n","protected":false},"featured_media":0,"template":"","meta":{"footnotes":""},"product_brand":[],"product_cat":[998],"product_tag":[],"class_list":{"0":"post-16807","1":"product","2":"type-product","3":"status-publish","5":"product_cat-unkategorisiert-fr","7":"first","8":"instock","9":"taxable","10":"shipping-taxable","11":"purchasable","12":"product-type-simple"},"yoast_head":"<!-- This site is optimized with the Yoast SEO plugin v27.4 - https:\/\/yoast.com\/product\/yoast-seo-wordpress\/ -->\n<title>Adaptateur Dremel 20mm &#8212; PeWeTools Schnellwechselhalter nach System Multifix<\/title>\n<meta name=\"robots\" content=\"index, follow, max-snippet:-1, max-image-preview:large, max-video-preview:-1\" \/>\n<link rel=\"canonical\" href=\"https:\/\/pewetools.de\/fr\/shop\/categorie-produits\/adaptateur-dremel-20mm\/\" \/>\n<meta property=\"og:locale\" content=\"fr_FR\" \/>\n<meta property=\"og:type\" content=\"article\" \/>\n<meta property=\"og:title\" content=\"Adaptateur Dremel 20mm &#8212; PeWeTools Schnellwechselhalter nach System Multifix\" \/>\n<meta property=\"og:description\" content=\"Cet adaptateur est destin\u00e9 \u00e0 une ponceuse Dremel. Le capuchon en plastique existant est retir\u00e9 et remplac\u00e9 par l&#8217;adaptateur. La Dremel, peut maintenant \u00eatre fix\u00e9e dans le petit support pour percer\/poncer\/fraiser.\" \/>\n<meta property=\"og:url\" content=\"https:\/\/pewetools.de\/fr\/shop\/categorie-produits\/adaptateur-dremel-20mm\/\" \/>\n<meta property=\"og:site_name\" content=\"PeWeTools Schnellwechselhalter nach System Multifix\" \/>\n<meta property=\"article:modified_time\" content=\"2025-07-02T12:59:22+00:00\" \/>\n<meta name=\"twitter:card\" content=\"summary_large_image\" \/>\n<meta name=\"twitter:label1\" content=\"Dur\u00e9e de lecture estim\u00e9e\" \/>\n\t<meta name=\"twitter:data1\" content=\"1 minute\" \/>\n<script type=\"application\/ld+json\" class=\"yoast-schema-graph\">{\"@context\":\"https:\\\/\\\/schema.org\",\"@graph\":[{\"@type\":\"WebPage\",\"@id\":\"https:\\\/\\\/pewetools.de\\\/fr\\\/shop\\\/categorie-produits\\\/adaptateur-dremel-20mm\\\/\",\"url\":\"https:\\\/\\\/pewetools.de\\\/fr\\\/shop\\\/categorie-produits\\\/adaptateur-dremel-20mm\\\/\",\"name\":\"Adaptateur Dremel 20mm &#8212; PeWeTools Schnellwechselhalter nach System Multifix\",\"isPartOf\":{\"@id\":\"https:\\\/\\\/pewetools.de\\\/#website\"},\"datePublished\":\"2025-07-02T12:47:24+00:00\",\"dateModified\":\"2025-07-02T12:59:22+00:00\",\"breadcrumb\":{\"@id\":\"https:\\\/\\\/pewetools.de\\\/fr\\\/shop\\\/categorie-produits\\\/adaptateur-dremel-20mm\\\/#breadcrumb\"},\"inLanguage\":\"fr-FR\",\"potentialAction\":[{\"@type\":\"ReadAction\",\"target\":[\"https:\\\/\\\/pewetools.de\\\/fr\\\/shop\\\/categorie-produits\\\/adaptateur-dremel-20mm\\\/\"]}]},{\"@type\":\"BreadcrumbList\",\"@id\":\"https:\\\/\\\/pewetools.de\\\/fr\\\/shop\\\/categorie-produits\\\/adaptateur-dremel-20mm\\\/#breadcrumb\",\"itemListElement\":[{\"@type\":\"ListItem\",\"position\":1,\"name\":\"maison\",\"item\":\"https:\\\/\\\/pewetools.de\\\/fr\\\/\"},{\"@type\":\"ListItem\",\"position\":2,\"name\":\"Shop\",\"item\":\"https:\\\/\\\/pewetools.de\\\/fr\\\/shop\\\/\"},{\"@type\":\"ListItem\",\"position\":3,\"name\":\"Adaptateur Dremel 20mm\"}]},{\"@type\":\"WebSite\",\"@id\":\"https:\\\/\\\/pewetools.de\\\/#website\",\"url\":\"https:\\\/\\\/pewetools.de\\\/\",\"name\":\"PeWeTools Schnellwechselhalter nach System Multifix\",\"description\":\"\",\"potentialAction\":[{\"@type\":\"SearchAction\",\"target\":{\"@type\":\"EntryPoint\",\"urlTemplate\":\"https:\\\/\\\/pewetools.de\\\/?s={search_term_string}\"},\"query-input\":{\"@type\":\"PropertyValueSpecification\",\"valueRequired\":true,\"valueName\":\"search_term_string\"}}],\"inLanguage\":\"fr-FR\"}]}<\/script>\n<!-- \/ Yoast SEO plugin. -->","yoast_head_json":{"title":"Adaptateur Dremel 20mm &#8212; PeWeTools Schnellwechselhalter nach System Multifix","robots":{"index":"index","follow":"follow","max-snippet":"max-snippet:-1","max-image-preview":"max-image-preview:large","max-video-preview":"max-video-preview:-1"},"canonical":"https:\/\/pewetools.de\/fr\/shop\/categorie-produits\/adaptateur-dremel-20mm\/","og_locale":"fr_FR","og_type":"article","og_title":"Adaptateur Dremel 20mm &#8212; PeWeTools Schnellwechselhalter nach System Multifix","og_description":"Cet adaptateur est destin\u00e9 \u00e0 une ponceuse Dremel. Le capuchon en plastique existant est retir\u00e9 et remplac\u00e9 par l&#8217;adaptateur. La Dremel, peut maintenant \u00eatre fix\u00e9e dans le petit support pour percer\/poncer\/fraiser.","og_url":"https:\/\/pewetools.de\/fr\/shop\/categorie-produits\/adaptateur-dremel-20mm\/","og_site_name":"PeWeTools Schnellwechselhalter nach System Multifix","article_modified_time":"2025-07-02T12:59:22+00:00","twitter_card":"summary_large_image","twitter_misc":{"Dur\u00e9e de lecture estim\u00e9e":"1 minute"},"schema":{"@context":"https:\/\/schema.org","@graph":[{"@type":"WebPage","@id":"https:\/\/pewetools.de\/fr\/shop\/categorie-produits\/adaptateur-dremel-20mm\/","url":"https:\/\/pewetools.de\/fr\/shop\/categorie-produits\/adaptateur-dremel-20mm\/","name":"Adaptateur Dremel 20mm &#8212; PeWeTools Schnellwechselhalter nach System Multifix","isPartOf":{"@id":"https:\/\/pewetools.de\/#website"},"datePublished":"2025-07-02T12:47:24+00:00","dateModified":"2025-07-02T12:59:22+00:00","breadcrumb":{"@id":"https:\/\/pewetools.de\/fr\/shop\/categorie-produits\/adaptateur-dremel-20mm\/#breadcrumb"},"inLanguage":"fr-FR","potentialAction":[{"@type":"ReadAction","target":["https:\/\/pewetools.de\/fr\/shop\/categorie-produits\/adaptateur-dremel-20mm\/"]}]},{"@type":"BreadcrumbList","@id":"https:\/\/pewetools.de\/fr\/shop\/categorie-produits\/adaptateur-dremel-20mm\/#breadcrumb","itemListElement":[{"@type":"ListItem","position":1,"name":"maison","item":"https:\/\/pewetools.de\/fr\/"},{"@type":"ListItem","position":2,"name":"Shop","item":"https:\/\/pewetools.de\/fr\/shop\/"},{"@type":"ListItem","position":3,"name":"Adaptateur Dremel 20mm"}]},{"@type":"WebSite","@id":"https:\/\/pewetools.de\/#website","url":"https:\/\/pewetools.de\/","name":"PeWeTools Schnellwechselhalter nach System Multifix","description":"","potentialAction":[{"@type":"SearchAction","target":{"@type":"EntryPoint","urlTemplate":"https:\/\/pewetools.de\/?s={search_term_string}"},"query-input":{"@type":"PropertyValueSpecification","valueRequired":true,"valueName":"search_term_string"}}],"inLanguage":"fr-FR"}]}},"_links":{"self":[{"href":"https:\/\/pewetools.de\/fr\/wp-json\/wp\/v2\/product\/16807","targetHints":{"allow":["GET"]}}],"collection":[{"href":"https:\/\/pewetools.de\/fr\/wp-json\/wp\/v2\/product"}],"about":[{"href":"https:\/\/pewetools.de\/fr\/wp-json\/wp\/v2\/types\/product"}],"version-history":[{"count":3,"href":"https:\/\/pewetools.de\/fr\/wp-json\/wp\/v2\/product\/16807\/revisions"}],"predecessor-version":[{"id":16816,"href":"https:\/\/pewetools.de\/fr\/wp-json\/wp\/v2\/product\/16807\/revisions\/16816"}],"wp:attachment":[{"href":"https:\/\/pewetools.de\/fr\/wp-json\/wp\/v2\/media?parent=16807"}],"wp:term":[{"taxonomy":"product_brand","embeddable":true,"href":"https:\/\/pewetools.de\/fr\/wp-json\/wp\/v2\/product_brand?post=16807"},{"taxonomy":"product_cat","embeddable":true,"href":"https:\/\/pewetools.de\/fr\/wp-json\/wp\/v2\/product_cat?post=16807"},{"taxonomy":"product_tag","embeddable":true,"href":"https:\/\/pewetools.de\/fr\/wp-json\/wp\/v2\/product_tag?post=16807"}],"curies":[{"name":"wp","href":"https:\/\/api.w.org\/{rel}","templated":true}]}}