{"id":17734,"date":"2026-01-27T10:35:49","date_gmt":"2026-01-27T09:35:49","guid":{"rendered":"https:\/\/pewetools.de\/?post_type=product&#038;p=17734"},"modified":"2026-01-27T10:48:28","modified_gmt":"2026-01-27T09:48:28","slug":"asd2070-ensemble-pour-collier-de-centrage-22mm-sur-la-glissiere-superieure","status":"publish","type":"product","link":"https:\/\/pewetools.de\/fr\/shop\/categorie-produits\/asd2070-ensemble-pour-collier-de-centrage-22mm-sur-la-glissiere-superieure\/","title":{"rendered":"ASD2070 Ensemble pour collier de centrage 22mm sur la glissi\u00e8re sup\u00e9rieure"},"content":{"rendered":"<p>Cette offre concerne une solution sp\u00e9ciale pour les machines pour lesquelles AS est la bonne taille, mais qui ont une collerette de centrage de 22 mm sur la glissi\u00e8re sup\u00e9rieure.<\/p>\n<p>Inclus:<br \/>\n1 corps principal AS 22mm(approuv\u00e9 pour les machines d\u2019une puissance d\u2019entra\u00eenement maximale de 1,2 kW)<br \/>\n1 levier de tension<br \/>\n1 goupille<br \/>\n3 supports ASD2070<br \/>\n1 Porte-barre ASH1670 pour outils ronds<br \/>\n1 cl\u00e9 \u00e0 douille carr\u00e9e<br \/>\n1 rapport de test de duret\u00e9 pr\u00e9par\u00e9 par nous sur la duret\u00e9 du corps principal<br \/>\n1 rapport de test de duret\u00e9 pr\u00e9par\u00e9 par nous sur la duret\u00e9 du support<\/p>\n","protected":false},"excerpt":{"rendered":"<p>ASD2070 Ensemble 22mm<\/p>\n","protected":false},"featured_media":12807,"template":"","meta":{"footnotes":""},"product_brand":[],"product_cat":[470,482],"product_tag":[1043],"class_list":{"0":"post-17734","1":"product","2":"type-product","3":"status-publish","4":"has-post-thumbnail","6":"product_cat-porte-outil-a-changement-rapide","7":"product_cat-as","8":"product_tag-porte-outils-avec-changement-rapide","9":"product_shipping_class-paquet","11":"first","12":"outofstock","13":"taxable","14":"shipping-taxable","15":"purchasable","16":"product-type-simple"},"yoast_head":"<!-- This site is optimized with the Yoast SEO plugin v27.1.1 - https:\/\/yoast.com\/product\/yoast-seo-wordpress\/ -->\n<title>Porte-outil pour tournant apr\u00e8s le syst\u00e8me Multifix - pewetools limited<\/title>\n<meta name=\"description\" content=\"Chaque support produit pour nous est test\u00e9 sur le corps d&#039;origine de l&#039;inventeur J.F.Minder, ce qui garantit un contr\u00f4le qualit\u00e9 et une compatibilit\u00e9 de 100%.\" \/>\n<meta name=\"robots\" content=\"index, follow, max-snippet:-1, max-image-preview:large, max-video-preview:-1\" \/>\n<link rel=\"canonical\" href=\"https:\/\/pewetools.de\/it\/?post_type=product&p=17736\" \/>\n<meta property=\"og:locale\" content=\"fr_FR\" \/>\n<meta property=\"og:type\" content=\"article\" \/>\n<meta property=\"og:title\" content=\"Porte-outil pour tournant apr\u00e8s le syst\u00e8me Multifix - pewetools limited\" \/>\n<meta property=\"og:description\" content=\"Chaque support produit pour nous est test\u00e9 sur le corps d&#039;origine de l&#039;inventeur J.F.Minder, ce qui garantit un contr\u00f4le qualit\u00e9 et une compatibilit\u00e9 de 100%.\" \/>\n<meta property=\"og:url\" content=\"https:\/\/pewetools.de\/it\/?post_type=product&amp;p=17736\" \/>\n<meta property=\"og:site_name\" content=\"PeWeTools Schnellwechselhalter nach System Multifix\" \/>\n<meta property=\"article:modified_time\" content=\"2026-01-27T09:48:28+00:00\" \/>\n<meta property=\"og:image\" content=\"https:\/\/pewetools.de\/wp-content\/uploads\/2022\/08\/Set-AS-Hauptbild-alles-1-ohne-Schrauben-2.jpg\" \/>\n\t<meta property=\"og:image:width\" content=\"1181\" \/>\n\t<meta property=\"og:image:height\" content=\"969\" \/>\n\t<meta property=\"og:image:type\" content=\"image\/jpeg\" \/>\n<meta name=\"twitter:card\" content=\"summary_large_image\" \/>\n<meta name=\"twitter:label1\" content=\"Dur\u00e9e de lecture estim\u00e9e\" \/>\n\t<meta name=\"twitter:data1\" content=\"1 minute\" \/>\n<script type=\"application\/ld+json\" class=\"yoast-schema-graph\">{\"@context\":\"https:\/\/schema.org\",\"@graph\":[{\"@type\":\"WebPage\",\"@id\":\"https:\/\/pewetools.de\/it\/?post_type=product&p=17736\",\"url\":\"https:\/\/pewetools.de\/it\/?post_type=product&p=17736\",\"name\":\"Porte-outil pour tournant apr\u00e8s le syst\u00e8me Multifix - pewetools limited\",\"isPartOf\":{\"@id\":\"https:\/\/pewetools.de\/#website\"},\"primaryImageOfPage\":{\"@id\":\"https:\/\/pewetools.de\/it\/?post_type=product&p=17736#primaryimage\"},\"image\":{\"@id\":\"https:\/\/pewetools.de\/it\/?post_type=product&p=17736#primaryimage\"},\"thumbnailUrl\":\"https:\/\/pewetools.de\/wp-content\/uploads\/2022\/08\/Set-AS-Hauptbild-alles-1-ohne-Schrauben-2.jpg\",\"datePublished\":\"2026-01-27T09:35:49+00:00\",\"dateModified\":\"2026-01-27T09:48:28+00:00\",\"description\":\"Chaque support produit pour nous est test\u00e9 sur le corps d'origine de l'inventeur J.F.Minder, ce qui garantit un contr\u00f4le qualit\u00e9 et une compatibilit\u00e9 de 100%.\",\"breadcrumb\":{\"@id\":\"https:\/\/pewetools.de\/it\/?post_type=product&p=17736#breadcrumb\"},\"inLanguage\":\"fr-FR\",\"potentialAction\":[{\"@type\":\"ReadAction\",\"target\":[\"https:\/\/pewetools.de\/it\/?post_type=product&p=17736\"]}]},{\"@type\":\"ImageObject\",\"inLanguage\":\"fr-FR\",\"@id\":\"https:\/\/pewetools.de\/it\/?post_type=product&p=17736#primaryimage\",\"url\":\"https:\/\/pewetools.de\/wp-content\/uploads\/2022\/08\/Set-AS-Hauptbild-alles-1-ohne-Schrauben-2.jpg\",\"contentUrl\":\"https:\/\/pewetools.de\/wp-content\/uploads\/2022\/08\/Set-AS-Hauptbild-alles-1-ohne-Schrauben-2.jpg\",\"width\":1181,\"height\":969},{\"@type\":\"BreadcrumbList\",\"@id\":\"https:\/\/pewetools.de\/it\/?post_type=product&p=17736#breadcrumb\",\"itemListElement\":[{\"@type\":\"ListItem\",\"position\":1,\"name\":\"maison\",\"item\":\"https:\/\/pewetools.de\/fr\/\"},{\"@type\":\"ListItem\",\"position\":2,\"name\":\"Shop\",\"item\":\"https:\/\/pewetools.de\/fr\/shop\/\"},{\"@type\":\"ListItem\",\"position\":3,\"name\":\"ASD2070 Ensemble pour collier de centrage 22mm sur la glissi\u00e8re sup\u00e9rieure\"}]},{\"@type\":\"WebSite\",\"@id\":\"https:\/\/pewetools.de\/#website\",\"url\":\"https:\/\/pewetools.de\/\",\"name\":\"PeWeTools Schnellwechselhalter nach System Multifix\",\"description\":\"\",\"potentialAction\":[{\"@type\":\"SearchAction\",\"target\":{\"@type\":\"EntryPoint\",\"urlTemplate\":\"https:\/\/pewetools.de\/?s={search_term_string}\"},\"query-input\":{\"@type\":\"PropertyValueSpecification\",\"valueRequired\":true,\"valueName\":\"search_term_string\"}}],\"inLanguage\":\"fr-FR\"}]}<\/script>\n<!-- \/ Yoast SEO plugin. -->","yoast_head_json":{"title":"Porte-outil pour tournant apr\u00e8s le syst\u00e8me Multifix - pewetools limited","description":"Chaque support produit pour nous est test\u00e9 sur le corps d'origine de l'inventeur J.F.Minder, ce qui garantit un contr\u00f4le qualit\u00e9 et une compatibilit\u00e9 de 100%.","robots":{"index":"index","follow":"follow","max-snippet":"max-snippet:-1","max-image-preview":"max-image-preview:large","max-video-preview":"max-video-preview:-1"},"canonical":"https:\/\/pewetools.de\/it\/?post_type=product&p=17736","og_locale":"fr_FR","og_type":"article","og_title":"Porte-outil pour tournant apr\u00e8s le syst\u00e8me Multifix - pewetools limited","og_description":"Chaque support produit pour nous est test\u00e9 sur le corps d'origine de l'inventeur J.F.Minder, ce qui garantit un contr\u00f4le qualit\u00e9 et une compatibilit\u00e9 de 100%.","og_url":"https:\/\/pewetools.de\/it\/?post_type=product&p=17736","og_site_name":"PeWeTools Schnellwechselhalter nach System Multifix","article_modified_time":"2026-01-27T09:48:28+00:00","og_image":[{"width":1181,"height":969,"url":"https:\/\/pewetools.de\/wp-content\/uploads\/2022\/08\/Set-AS-Hauptbild-alles-1-ohne-Schrauben-2.jpg","type":"image\/jpeg"}],"twitter_card":"summary_large_image","twitter_misc":{"Dur\u00e9e de lecture estim\u00e9e":"1 minute"},"schema":{"@context":"https:\/\/schema.org","@graph":[{"@type":"WebPage","@id":"https:\/\/pewetools.de\/it\/?post_type=product&p=17736","url":"https:\/\/pewetools.de\/it\/?post_type=product&p=17736","name":"Porte-outil pour tournant apr\u00e8s le syst\u00e8me Multifix - pewetools limited","isPartOf":{"@id":"https:\/\/pewetools.de\/#website"},"primaryImageOfPage":{"@id":"https:\/\/pewetools.de\/it\/?post_type=product&p=17736#primaryimage"},"image":{"@id":"https:\/\/pewetools.de\/it\/?post_type=product&p=17736#primaryimage"},"thumbnailUrl":"https:\/\/pewetools.de\/wp-content\/uploads\/2022\/08\/Set-AS-Hauptbild-alles-1-ohne-Schrauben-2.jpg","datePublished":"2026-01-27T09:35:49+00:00","dateModified":"2026-01-27T09:48:28+00:00","description":"Chaque support produit pour nous est test\u00e9 sur le corps d'origine de l'inventeur J.F.Minder, ce qui garantit un contr\u00f4le qualit\u00e9 et une compatibilit\u00e9 de 100%.","breadcrumb":{"@id":"https:\/\/pewetools.de\/it\/?post_type=product&p=17736#breadcrumb"},"inLanguage":"fr-FR","potentialAction":[{"@type":"ReadAction","target":["https:\/\/pewetools.de\/it\/?post_type=product&p=17736"]}]},{"@type":"ImageObject","inLanguage":"fr-FR","@id":"https:\/\/pewetools.de\/it\/?post_type=product&p=17736#primaryimage","url":"https:\/\/pewetools.de\/wp-content\/uploads\/2022\/08\/Set-AS-Hauptbild-alles-1-ohne-Schrauben-2.jpg","contentUrl":"https:\/\/pewetools.de\/wp-content\/uploads\/2022\/08\/Set-AS-Hauptbild-alles-1-ohne-Schrauben-2.jpg","width":1181,"height":969},{"@type":"BreadcrumbList","@id":"https:\/\/pewetools.de\/it\/?post_type=product&p=17736#breadcrumb","itemListElement":[{"@type":"ListItem","position":1,"name":"maison","item":"https:\/\/pewetools.de\/fr\/"},{"@type":"ListItem","position":2,"name":"Shop","item":"https:\/\/pewetools.de\/fr\/shop\/"},{"@type":"ListItem","position":3,"name":"ASD2070 Ensemble pour collier de centrage 22mm sur la glissi\u00e8re sup\u00e9rieure"}]},{"@type":"WebSite","@id":"https:\/\/pewetools.de\/#website","url":"https:\/\/pewetools.de\/","name":"PeWeTools Schnellwechselhalter nach System Multifix","description":"","potentialAction":[{"@type":"SearchAction","target":{"@type":"EntryPoint","urlTemplate":"https:\/\/pewetools.de\/?s={search_term_string}"},"query-input":{"@type":"PropertyValueSpecification","valueRequired":true,"valueName":"search_term_string"}}],"inLanguage":"fr-FR"}]}},"_links":{"self":[{"href":"https:\/\/pewetools.de\/fr\/wp-json\/wp\/v2\/product\/17734","targetHints":{"allow":["GET"]}}],"collection":[{"href":"https:\/\/pewetools.de\/fr\/wp-json\/wp\/v2\/product"}],"about":[{"href":"https:\/\/pewetools.de\/fr\/wp-json\/wp\/v2\/types\/product"}],"version-history":[{"count":2,"href":"https:\/\/pewetools.de\/fr\/wp-json\/wp\/v2\/product\/17734\/revisions"}],"predecessor-version":[{"id":17742,"href":"https:\/\/pewetools.de\/fr\/wp-json\/wp\/v2\/product\/17734\/revisions\/17742"}],"wp:featuredmedia":[{"embeddable":true,"href":"https:\/\/pewetools.de\/fr\/wp-json\/wp\/v2\/media\/12807"}],"wp:attachment":[{"href":"https:\/\/pewetools.de\/fr\/wp-json\/wp\/v2\/media?parent=17734"}],"wp:term":[{"taxonomy":"product_brand","embeddable":true,"href":"https:\/\/pewetools.de\/fr\/wp-json\/wp\/v2\/product_brand?post=17734"},{"taxonomy":"product_cat","embeddable":true,"href":"https:\/\/pewetools.de\/fr\/wp-json\/wp\/v2\/product_cat?post=17734"},{"taxonomy":"product_tag","embeddable":true,"href":"https:\/\/pewetools.de\/fr\/wp-json\/wp\/v2\/product_tag?post=17734"}],"curies":[{"name":"wp","href":"https:\/\/api.w.org\/{rel}","templated":true}]}}