{"id":3939,"date":"2018-10-17T12:47:59","date_gmt":"2018-10-17T10:47:59","guid":{"rendered":"https:\/\/pewetools.de\/shop\/produkt-kategorie\/corps-de-support-de-changement-rapide-d2\/"},"modified":"2023-08-30T15:00:50","modified_gmt":"2023-08-30T13:00:50","slug":"tourelle-de-changement-rapide-d2","status":"publish","type":"product","link":"https:\/\/pewetools.de\/fr\/shop\/categorie-produits\/tourelle-de-changement-rapide-d2\/","title":{"rendered":"tourelle de changement rapide D2"},"content":{"rendered":"<p>Inclus:<\/p>\n<ul>\n<li>1 tourelle D2 (approuv\u00e9 pour les machines d\u2019une puissance d\u2019entra\u00eenement maximale de 28,0 kW)<\/li>\n<li>1 levier de tension<\/li>\n<li>1 cl\u00e9 \u00e0 douille carr\u00e9e<\/li>\n<\/ul>\n","protected":false},"excerpt":{"rendered":"<p>Inclus: 1 tourelle D2 (approuv\u00e9 pour les machines d\u2019une puissance d\u2019entra\u00eenement maximale de 28,0 kW) 1 levier de tension 1 cl\u00e9 \u00e0 douille carr\u00e9e<\/p>\n","protected":false},"featured_media":10788,"template":"","meta":{"footnotes":""},"product_brand":[],"product_cat":[461,498],"product_tag":[1042,1043,1044,1045,1046,1047,1048,1041],"class_list":{"0":"post-3939","1":"product","2":"type-product","3":"status-publish","4":"has-post-thumbnail","6":"product_cat-corps-de-changement-rapide","7":"product_cat-d2","8":"product_tag-corps","9":"product_tag-porte-outils-avec-changement-rapide","10":"product_tag-porte-outil","11":"product_tag-lathe","12":"product_tag-travail-des-metaux","13":"product_tag-acier-de-tournage","14":"product_tag-moulin","15":"product_tag-multifix-fr","16":"product_shipping_class-paquet","18":"first","19":"outofstock","20":"taxable","21":"shipping-taxable","22":"purchasable","23":"product-type-simple"},"yoast_head":"<!-- This site is optimized with the Yoast SEO plugin v27.4 - https:\/\/yoast.com\/product\/yoast-seo-wordpress\/ -->\n<title>Porte-outil pour tournant apr\u00e8s le syst\u00e8me Multifix - pewetools limited<\/title>\n<meta name=\"description\" content=\"Chaque support produit pour nous est test\u00e9 sur le corps d&#039;origine de l&#039;inventeur J.F.Minder, ce qui garantit un contr\u00f4le qualit\u00e9 et une compatibilit\u00e9 de 100%.\" \/>\n<meta name=\"robots\" content=\"index, follow, max-snippet:-1, max-image-preview:large, max-video-preview:-1\" \/>\n<link rel=\"canonical\" href=\"https:\/\/pewetools.de\/shop\/categorie-produits\/schnellwechselhalter-grundkoerper-d2\/\" \/>\n<meta property=\"og:locale\" content=\"fr_FR\" \/>\n<meta property=\"og:type\" content=\"article\" \/>\n<meta property=\"og:title\" content=\"Porte-outil pour tournant apr\u00e8s le syst\u00e8me Multifix - pewetools limited\" \/>\n<meta property=\"og:description\" content=\"Chaque support produit pour nous est test\u00e9 sur le corps d&#039;origine de l&#039;inventeur J.F.Minder, ce qui garantit un contr\u00f4le qualit\u00e9 et une compatibilit\u00e9 de 100%.\" \/>\n<meta property=\"og:url\" content=\"https:\/\/pewetools.de\/shop\/categorie-produits\/schnellwechselhalter-grundkoerper-d2\/\" \/>\n<meta property=\"og:site_name\" content=\"PeWeTools Schnellwechselhalter nach System Multifix\" \/>\n<meta property=\"article:modified_time\" content=\"2023-08-30T13:00:50+00:00\" \/>\n<meta property=\"og:image\" content=\"https:\/\/pewetools.de\/wp-content\/uploads\/2021\/08\/Grundkoerper-D1-neu.jpg\" \/>\n\t<meta property=\"og:image:width\" content=\"1501\" \/>\n\t<meta property=\"og:image:height\" content=\"959\" \/>\n\t<meta property=\"og:image:type\" content=\"image\/jpeg\" \/>\n<meta name=\"twitter:card\" content=\"summary_large_image\" \/>\n<script type=\"application\/ld+json\" class=\"yoast-schema-graph\">{\"@context\":\"https:\\\/\\\/schema.org\",\"@graph\":[{\"@type\":\"WebPage\",\"@id\":\"https:\\\/\\\/pewetools.de\\\/shop\\\/categorie-produits\\\/schnellwechselhalter-grundkoerper-d2\\\/\",\"url\":\"https:\\\/\\\/pewetools.de\\\/shop\\\/categorie-produits\\\/schnellwechselhalter-grundkoerper-d2\\\/\",\"name\":\"Porte-outil pour tournant apr\u00e8s le syst\u00e8me Multifix - pewetools limited\",\"isPartOf\":{\"@id\":\"https:\\\/\\\/pewetools.de\\\/#website\"},\"primaryImageOfPage\":{\"@id\":\"https:\\\/\\\/pewetools.de\\\/shop\\\/categorie-produits\\\/schnellwechselhalter-grundkoerper-d2\\\/#primaryimage\"},\"image\":{\"@id\":\"https:\\\/\\\/pewetools.de\\\/shop\\\/categorie-produits\\\/schnellwechselhalter-grundkoerper-d2\\\/#primaryimage\"},\"thumbnailUrl\":\"https:\\\/\\\/pewetools.de\\\/wp-content\\\/uploads\\\/2021\\\/08\\\/Grundkoerper-D1-neu.jpg\",\"datePublished\":\"2018-10-17T10:47:59+00:00\",\"dateModified\":\"2023-08-30T13:00:50+00:00\",\"description\":\"Chaque support produit pour nous est test\u00e9 sur le corps d'origine de l'inventeur J.F.Minder, ce qui garantit un contr\u00f4le qualit\u00e9 et une compatibilit\u00e9 de 100%.\",\"breadcrumb\":{\"@id\":\"https:\\\/\\\/pewetools.de\\\/shop\\\/categorie-produits\\\/schnellwechselhalter-grundkoerper-d2\\\/#breadcrumb\"},\"inLanguage\":\"fr-FR\",\"potentialAction\":[{\"@type\":\"ReadAction\",\"target\":[\"https:\\\/\\\/pewetools.de\\\/shop\\\/categorie-produits\\\/schnellwechselhalter-grundkoerper-d2\\\/\"]}]},{\"@type\":\"ImageObject\",\"inLanguage\":\"fr-FR\",\"@id\":\"https:\\\/\\\/pewetools.de\\\/shop\\\/categorie-produits\\\/schnellwechselhalter-grundkoerper-d2\\\/#primaryimage\",\"url\":\"https:\\\/\\\/pewetools.de\\\/wp-content\\\/uploads\\\/2021\\\/08\\\/Grundkoerper-D1-neu.jpg\",\"contentUrl\":\"https:\\\/\\\/pewetools.de\\\/wp-content\\\/uploads\\\/2021\\\/08\\\/Grundkoerper-D1-neu.jpg\",\"width\":1501,\"height\":959},{\"@type\":\"BreadcrumbList\",\"@id\":\"https:\\\/\\\/pewetools.de\\\/shop\\\/categorie-produits\\\/schnellwechselhalter-grundkoerper-d2\\\/#breadcrumb\",\"itemListElement\":[{\"@type\":\"ListItem\",\"position\":1,\"name\":\"maison\",\"item\":\"https:\\\/\\\/pewetools.de\\\/fr\\\/\"},{\"@type\":\"ListItem\",\"position\":2,\"name\":\"Shop\",\"item\":\"https:\\\/\\\/pewetools.de\\\/fr\\\/shop\\\/\"},{\"@type\":\"ListItem\",\"position\":3,\"name\":\"tourelle de changement rapide D2\"}]},{\"@type\":\"WebSite\",\"@id\":\"https:\\\/\\\/pewetools.de\\\/#website\",\"url\":\"https:\\\/\\\/pewetools.de\\\/\",\"name\":\"PeWeTools Schnellwechselhalter nach System Multifix\",\"description\":\"\",\"potentialAction\":[{\"@type\":\"SearchAction\",\"target\":{\"@type\":\"EntryPoint\",\"urlTemplate\":\"https:\\\/\\\/pewetools.de\\\/?s={search_term_string}\"},\"query-input\":{\"@type\":\"PropertyValueSpecification\",\"valueRequired\":true,\"valueName\":\"search_term_string\"}}],\"inLanguage\":\"fr-FR\"}]}<\/script>\n<!-- \/ Yoast SEO plugin. -->","yoast_head_json":{"title":"Porte-outil pour tournant apr\u00e8s le syst\u00e8me Multifix - pewetools limited","description":"Chaque support produit pour nous est test\u00e9 sur le corps d'origine de l'inventeur J.F.Minder, ce qui garantit un contr\u00f4le qualit\u00e9 et une compatibilit\u00e9 de 100%.","robots":{"index":"index","follow":"follow","max-snippet":"max-snippet:-1","max-image-preview":"max-image-preview:large","max-video-preview":"max-video-preview:-1"},"canonical":"https:\/\/pewetools.de\/shop\/categorie-produits\/schnellwechselhalter-grundkoerper-d2\/","og_locale":"fr_FR","og_type":"article","og_title":"Porte-outil pour tournant apr\u00e8s le syst\u00e8me Multifix - pewetools limited","og_description":"Chaque support produit pour nous est test\u00e9 sur le corps d'origine de l'inventeur J.F.Minder, ce qui garantit un contr\u00f4le qualit\u00e9 et une compatibilit\u00e9 de 100%.","og_url":"https:\/\/pewetools.de\/shop\/categorie-produits\/schnellwechselhalter-grundkoerper-d2\/","og_site_name":"PeWeTools Schnellwechselhalter nach System Multifix","article_modified_time":"2023-08-30T13:00:50+00:00","og_image":[{"width":1501,"height":959,"url":"https:\/\/pewetools.de\/wp-content\/uploads\/2021\/08\/Grundkoerper-D1-neu.jpg","type":"image\/jpeg"}],"twitter_card":"summary_large_image","schema":{"@context":"https:\/\/schema.org","@graph":[{"@type":"WebPage","@id":"https:\/\/pewetools.de\/shop\/categorie-produits\/schnellwechselhalter-grundkoerper-d2\/","url":"https:\/\/pewetools.de\/shop\/categorie-produits\/schnellwechselhalter-grundkoerper-d2\/","name":"Porte-outil pour tournant apr\u00e8s le syst\u00e8me Multifix - pewetools limited","isPartOf":{"@id":"https:\/\/pewetools.de\/#website"},"primaryImageOfPage":{"@id":"https:\/\/pewetools.de\/shop\/categorie-produits\/schnellwechselhalter-grundkoerper-d2\/#primaryimage"},"image":{"@id":"https:\/\/pewetools.de\/shop\/categorie-produits\/schnellwechselhalter-grundkoerper-d2\/#primaryimage"},"thumbnailUrl":"https:\/\/pewetools.de\/wp-content\/uploads\/2021\/08\/Grundkoerper-D1-neu.jpg","datePublished":"2018-10-17T10:47:59+00:00","dateModified":"2023-08-30T13:00:50+00:00","description":"Chaque support produit pour nous est test\u00e9 sur le corps d'origine de l'inventeur J.F.Minder, ce qui garantit un contr\u00f4le qualit\u00e9 et une compatibilit\u00e9 de 100%.","breadcrumb":{"@id":"https:\/\/pewetools.de\/shop\/categorie-produits\/schnellwechselhalter-grundkoerper-d2\/#breadcrumb"},"inLanguage":"fr-FR","potentialAction":[{"@type":"ReadAction","target":["https:\/\/pewetools.de\/shop\/categorie-produits\/schnellwechselhalter-grundkoerper-d2\/"]}]},{"@type":"ImageObject","inLanguage":"fr-FR","@id":"https:\/\/pewetools.de\/shop\/categorie-produits\/schnellwechselhalter-grundkoerper-d2\/#primaryimage","url":"https:\/\/pewetools.de\/wp-content\/uploads\/2021\/08\/Grundkoerper-D1-neu.jpg","contentUrl":"https:\/\/pewetools.de\/wp-content\/uploads\/2021\/08\/Grundkoerper-D1-neu.jpg","width":1501,"height":959},{"@type":"BreadcrumbList","@id":"https:\/\/pewetools.de\/shop\/categorie-produits\/schnellwechselhalter-grundkoerper-d2\/#breadcrumb","itemListElement":[{"@type":"ListItem","position":1,"name":"maison","item":"https:\/\/pewetools.de\/fr\/"},{"@type":"ListItem","position":2,"name":"Shop","item":"https:\/\/pewetools.de\/fr\/shop\/"},{"@type":"ListItem","position":3,"name":"tourelle de changement rapide D2"}]},{"@type":"WebSite","@id":"https:\/\/pewetools.de\/#website","url":"https:\/\/pewetools.de\/","name":"PeWeTools Schnellwechselhalter nach System Multifix","description":"","potentialAction":[{"@type":"SearchAction","target":{"@type":"EntryPoint","urlTemplate":"https:\/\/pewetools.de\/?s={search_term_string}"},"query-input":{"@type":"PropertyValueSpecification","valueRequired":true,"valueName":"search_term_string"}}],"inLanguage":"fr-FR"}]}},"_links":{"self":[{"href":"https:\/\/pewetools.de\/fr\/wp-json\/wp\/v2\/product\/3939","targetHints":{"allow":["GET"]}}],"collection":[{"href":"https:\/\/pewetools.de\/fr\/wp-json\/wp\/v2\/product"}],"about":[{"href":"https:\/\/pewetools.de\/fr\/wp-json\/wp\/v2\/types\/product"}],"version-history":[{"count":0,"href":"https:\/\/pewetools.de\/fr\/wp-json\/wp\/v2\/product\/3939\/revisions"}],"wp:featuredmedia":[{"embeddable":true,"href":"https:\/\/pewetools.de\/fr\/wp-json\/wp\/v2\/media\/10788"}],"wp:attachment":[{"href":"https:\/\/pewetools.de\/fr\/wp-json\/wp\/v2\/media?parent=3939"}],"wp:term":[{"taxonomy":"product_brand","embeddable":true,"href":"https:\/\/pewetools.de\/fr\/wp-json\/wp\/v2\/product_brand?post=3939"},{"taxonomy":"product_cat","embeddable":true,"href":"https:\/\/pewetools.de\/fr\/wp-json\/wp\/v2\/product_cat?post=3939"},{"taxonomy":"product_tag","embeddable":true,"href":"https:\/\/pewetools.de\/fr\/wp-json\/wp\/v2\/product_tag?post=3939"}],"curies":[{"name":"wp","href":"https:\/\/api.w.org\/{rel}","templated":true}]}}