{"id":3940,"date":"2018-10-17T12:42:57","date_gmt":"2018-10-17T12:42:57","guid":{"rendered":"https:\/\/pewetools.de\/shop\/produkt-kategorie\/corps-de-support-de-changement-rapide-d1\/"},"modified":"2024-01-26T12:36:51","modified_gmt":"2024-01-26T11:36:51","slug":"corps-de-base-a-changement-rapide-d1","status":"publish","type":"product","link":"https:\/\/pewetools.de\/fr\/shop\/categorie-produits\/corps-de-base-a-changement-rapide-d1\/","title":{"rendered":"Corps de base \u00e0 changement rapide D1"},"content":{"rendered":"<p>Inclus:<\/p>\n<ul>\n<li>1 Corps de base D1 (approuv\u00e9 pour les machines d\u2019une puissance d\u2019entra\u00eenement maximale de 20,0 kW)<\/li>\n<li>1 levier de tension<\/li>\n<li>1 cl\u00e9 \u00e0 douille carr\u00e9e<\/li>\n<\/ul>\n","protected":false},"excerpt":{"rendered":"<p>GK D1<\/p>\n","protected":false},"featured_media":6850,"template":"","meta":{"footnotes":""},"product_brand":[],"product_cat":[461,502],"product_tag":[1044,1045,1046,1047,1048,1041,1042,1043],"class_list":{"0":"post-3940","1":"product","2":"type-product","3":"status-publish","4":"has-post-thumbnail","6":"product_cat-corps-de-changement-rapide","7":"product_cat-d1","8":"product_tag-porte-outil","9":"product_tag-lathe","10":"product_tag-travail-des-metaux","11":"product_tag-acier-de-tournage","12":"product_tag-moulin","13":"product_tag-multifix-fr","14":"product_tag-corps","15":"product_tag-porte-outils-avec-changement-rapide","16":"product_shipping_class-paquet","18":"first","19":"instock","20":"taxable","21":"shipping-taxable","22":"purchasable","23":"product-type-simple"},"yoast_head":"<!-- This site is optimized with the Yoast SEO plugin v27.1.1 - https:\/\/yoast.com\/product\/yoast-seo-wordpress\/ -->\n<title>Porte-outil pour tournant apr\u00e8s le syst\u00e8me Multifix - pewetools limited<\/title>\n<meta name=\"description\" content=\"Chaque support produit pour nous est test\u00e9 sur le corps d&#039;origine de l&#039;inventeur J.F.Minder, ce qui garantit un contr\u00f4le qualit\u00e9 et une compatibilit\u00e9 de 100%.\" \/>\n<meta name=\"robots\" content=\"index, follow, max-snippet:-1, max-image-preview:large, max-video-preview:-1\" \/>\n<link rel=\"canonical\" href=\"https:\/\/pewetools.de\/fr\/shop\/categorie-produits\/corps-de-base-a-changement-rapide-d1\/\" \/>\n<meta property=\"og:locale\" content=\"fr_FR\" \/>\n<meta property=\"og:type\" content=\"article\" \/>\n<meta property=\"og:title\" content=\"Porte-outil pour tournant apr\u00e8s le syst\u00e8me Multifix - pewetools limited\" \/>\n<meta property=\"og:description\" content=\"Chaque support produit pour nous est test\u00e9 sur le corps d&#039;origine de l&#039;inventeur J.F.Minder, ce qui garantit un contr\u00f4le qualit\u00e9 et une compatibilit\u00e9 de 100%.\" \/>\n<meta property=\"og:url\" content=\"https:\/\/pewetools.de\/fr\/shop\/categorie-produits\/corps-de-base-a-changement-rapide-d1\/\" \/>\n<meta property=\"og:site_name\" content=\"PeWeTools Schnellwechselhalter nach System Multifix\" \/>\n<meta property=\"article:modified_time\" content=\"2024-01-26T11:36:51+00:00\" \/>\n<meta property=\"og:image\" content=\"https:\/\/pewetools.de\/wp-content\/uploads\/2018\/10\/Grundk\u00f6rper-D1-Hauptbild-1-1.jpg\" \/>\n\t<meta property=\"og:image:width\" content=\"1000\" \/>\n\t<meta property=\"og:image:height\" content=\"1000\" \/>\n\t<meta property=\"og:image:type\" content=\"image\/jpeg\" \/>\n<meta name=\"twitter:card\" content=\"summary_large_image\" \/>\n<script type=\"application\/ld+json\" class=\"yoast-schema-graph\">{\"@context\":\"https:\/\/schema.org\",\"@graph\":[{\"@type\":\"WebPage\",\"@id\":\"https:\/\/pewetools.de\/fr\/shop\/categorie-produits\/corps-de-base-a-changement-rapide-d1\/\",\"url\":\"https:\/\/pewetools.de\/fr\/shop\/categorie-produits\/corps-de-base-a-changement-rapide-d1\/\",\"name\":\"Porte-outil pour tournant apr\u00e8s le syst\u00e8me Multifix - pewetools limited\",\"isPartOf\":{\"@id\":\"https:\/\/pewetools.de\/#website\"},\"primaryImageOfPage\":{\"@id\":\"https:\/\/pewetools.de\/fr\/shop\/categorie-produits\/corps-de-base-a-changement-rapide-d1\/#primaryimage\"},\"image\":{\"@id\":\"https:\/\/pewetools.de\/fr\/shop\/categorie-produits\/corps-de-base-a-changement-rapide-d1\/#primaryimage\"},\"thumbnailUrl\":\"https:\/\/pewetools.de\/wp-content\/uploads\/2018\/10\/Grundk\u00f6rper-D1-Hauptbild-1-1.jpg\",\"datePublished\":\"2018-10-17T12:42:57+00:00\",\"dateModified\":\"2024-01-26T11:36:51+00:00\",\"description\":\"Chaque support produit pour nous est test\u00e9 sur le corps d'origine de l'inventeur J.F.Minder, ce qui garantit un contr\u00f4le qualit\u00e9 et une compatibilit\u00e9 de 100%.\",\"breadcrumb\":{\"@id\":\"https:\/\/pewetools.de\/fr\/shop\/categorie-produits\/corps-de-base-a-changement-rapide-d1\/#breadcrumb\"},\"inLanguage\":\"fr-FR\",\"potentialAction\":[{\"@type\":\"ReadAction\",\"target\":[\"https:\/\/pewetools.de\/fr\/shop\/categorie-produits\/corps-de-base-a-changement-rapide-d1\/\"]}]},{\"@type\":\"ImageObject\",\"inLanguage\":\"fr-FR\",\"@id\":\"https:\/\/pewetools.de\/fr\/shop\/categorie-produits\/corps-de-base-a-changement-rapide-d1\/#primaryimage\",\"url\":\"https:\/\/pewetools.de\/wp-content\/uploads\/2018\/10\/Grundk\u00f6rper-D1-Hauptbild-1-1.jpg\",\"contentUrl\":\"https:\/\/pewetools.de\/wp-content\/uploads\/2018\/10\/Grundk\u00f6rper-D1-Hauptbild-1-1.jpg\",\"width\":1000,\"height\":1000},{\"@type\":\"BreadcrumbList\",\"@id\":\"https:\/\/pewetools.de\/fr\/shop\/categorie-produits\/corps-de-base-a-changement-rapide-d1\/#breadcrumb\",\"itemListElement\":[{\"@type\":\"ListItem\",\"position\":1,\"name\":\"maison\",\"item\":\"https:\/\/pewetools.de\/fr\/\"},{\"@type\":\"ListItem\",\"position\":2,\"name\":\"Shop\",\"item\":\"https:\/\/pewetools.de\/fr\/shop\/\"},{\"@type\":\"ListItem\",\"position\":3,\"name\":\"Corps de base \u00e0 changement rapide D1\"}]},{\"@type\":\"WebSite\",\"@id\":\"https:\/\/pewetools.de\/#website\",\"url\":\"https:\/\/pewetools.de\/\",\"name\":\"PeWeTools Schnellwechselhalter nach System Multifix\",\"description\":\"\",\"potentialAction\":[{\"@type\":\"SearchAction\",\"target\":{\"@type\":\"EntryPoint\",\"urlTemplate\":\"https:\/\/pewetools.de\/?s={search_term_string}\"},\"query-input\":{\"@type\":\"PropertyValueSpecification\",\"valueRequired\":true,\"valueName\":\"search_term_string\"}}],\"inLanguage\":\"fr-FR\"}]}<\/script>\n<!-- \/ Yoast SEO plugin. -->","yoast_head_json":{"title":"Porte-outil pour tournant apr\u00e8s le syst\u00e8me Multifix - pewetools limited","description":"Chaque support produit pour nous est test\u00e9 sur le corps d'origine de l'inventeur J.F.Minder, ce qui garantit un contr\u00f4le qualit\u00e9 et une compatibilit\u00e9 de 100%.","robots":{"index":"index","follow":"follow","max-snippet":"max-snippet:-1","max-image-preview":"max-image-preview:large","max-video-preview":"max-video-preview:-1"},"canonical":"https:\/\/pewetools.de\/fr\/shop\/categorie-produits\/corps-de-base-a-changement-rapide-d1\/","og_locale":"fr_FR","og_type":"article","og_title":"Porte-outil pour tournant apr\u00e8s le syst\u00e8me Multifix - pewetools limited","og_description":"Chaque support produit pour nous est test\u00e9 sur le corps d'origine de l'inventeur J.F.Minder, ce qui garantit un contr\u00f4le qualit\u00e9 et une compatibilit\u00e9 de 100%.","og_url":"https:\/\/pewetools.de\/fr\/shop\/categorie-produits\/corps-de-base-a-changement-rapide-d1\/","og_site_name":"PeWeTools Schnellwechselhalter nach System Multifix","article_modified_time":"2024-01-26T11:36:51+00:00","og_image":[{"width":1000,"height":1000,"url":"https:\/\/pewetools.de\/wp-content\/uploads\/2018\/10\/Grundk\u00f6rper-D1-Hauptbild-1-1.jpg","type":"image\/jpeg"}],"twitter_card":"summary_large_image","schema":{"@context":"https:\/\/schema.org","@graph":[{"@type":"WebPage","@id":"https:\/\/pewetools.de\/fr\/shop\/categorie-produits\/corps-de-base-a-changement-rapide-d1\/","url":"https:\/\/pewetools.de\/fr\/shop\/categorie-produits\/corps-de-base-a-changement-rapide-d1\/","name":"Porte-outil pour tournant apr\u00e8s le syst\u00e8me Multifix - pewetools limited","isPartOf":{"@id":"https:\/\/pewetools.de\/#website"},"primaryImageOfPage":{"@id":"https:\/\/pewetools.de\/fr\/shop\/categorie-produits\/corps-de-base-a-changement-rapide-d1\/#primaryimage"},"image":{"@id":"https:\/\/pewetools.de\/fr\/shop\/categorie-produits\/corps-de-base-a-changement-rapide-d1\/#primaryimage"},"thumbnailUrl":"https:\/\/pewetools.de\/wp-content\/uploads\/2018\/10\/Grundk\u00f6rper-D1-Hauptbild-1-1.jpg","datePublished":"2018-10-17T12:42:57+00:00","dateModified":"2024-01-26T11:36:51+00:00","description":"Chaque support produit pour nous est test\u00e9 sur le corps d'origine de l'inventeur J.F.Minder, ce qui garantit un contr\u00f4le qualit\u00e9 et une compatibilit\u00e9 de 100%.","breadcrumb":{"@id":"https:\/\/pewetools.de\/fr\/shop\/categorie-produits\/corps-de-base-a-changement-rapide-d1\/#breadcrumb"},"inLanguage":"fr-FR","potentialAction":[{"@type":"ReadAction","target":["https:\/\/pewetools.de\/fr\/shop\/categorie-produits\/corps-de-base-a-changement-rapide-d1\/"]}]},{"@type":"ImageObject","inLanguage":"fr-FR","@id":"https:\/\/pewetools.de\/fr\/shop\/categorie-produits\/corps-de-base-a-changement-rapide-d1\/#primaryimage","url":"https:\/\/pewetools.de\/wp-content\/uploads\/2018\/10\/Grundk\u00f6rper-D1-Hauptbild-1-1.jpg","contentUrl":"https:\/\/pewetools.de\/wp-content\/uploads\/2018\/10\/Grundk\u00f6rper-D1-Hauptbild-1-1.jpg","width":1000,"height":1000},{"@type":"BreadcrumbList","@id":"https:\/\/pewetools.de\/fr\/shop\/categorie-produits\/corps-de-base-a-changement-rapide-d1\/#breadcrumb","itemListElement":[{"@type":"ListItem","position":1,"name":"maison","item":"https:\/\/pewetools.de\/fr\/"},{"@type":"ListItem","position":2,"name":"Shop","item":"https:\/\/pewetools.de\/fr\/shop\/"},{"@type":"ListItem","position":3,"name":"Corps de base \u00e0 changement rapide D1"}]},{"@type":"WebSite","@id":"https:\/\/pewetools.de\/#website","url":"https:\/\/pewetools.de\/","name":"PeWeTools Schnellwechselhalter nach System Multifix","description":"","potentialAction":[{"@type":"SearchAction","target":{"@type":"EntryPoint","urlTemplate":"https:\/\/pewetools.de\/?s={search_term_string}"},"query-input":{"@type":"PropertyValueSpecification","valueRequired":true,"valueName":"search_term_string"}}],"inLanguage":"fr-FR"}]}},"_links":{"self":[{"href":"https:\/\/pewetools.de\/fr\/wp-json\/wp\/v2\/product\/3940","targetHints":{"allow":["GET"]}}],"collection":[{"href":"https:\/\/pewetools.de\/fr\/wp-json\/wp\/v2\/product"}],"about":[{"href":"https:\/\/pewetools.de\/fr\/wp-json\/wp\/v2\/types\/product"}],"version-history":[{"count":1,"href":"https:\/\/pewetools.de\/fr\/wp-json\/wp\/v2\/product\/3940\/revisions"}],"predecessor-version":[{"id":10217,"href":"https:\/\/pewetools.de\/fr\/wp-json\/wp\/v2\/product\/3940\/revisions\/10217"}],"wp:featuredmedia":[{"embeddable":true,"href":"https:\/\/pewetools.de\/fr\/wp-json\/wp\/v2\/media\/6850"}],"wp:attachment":[{"href":"https:\/\/pewetools.de\/fr\/wp-json\/wp\/v2\/media?parent=3940"}],"wp:term":[{"taxonomy":"product_brand","embeddable":true,"href":"https:\/\/pewetools.de\/fr\/wp-json\/wp\/v2\/product_brand?post=3940"},{"taxonomy":"product_cat","embeddable":true,"href":"https:\/\/pewetools.de\/fr\/wp-json\/wp\/v2\/product_cat?post=3940"},{"taxonomy":"product_tag","embeddable":true,"href":"https:\/\/pewetools.de\/fr\/wp-json\/wp\/v2\/product_tag?post=3940"}],"curies":[{"name":"wp","href":"https:\/\/api.w.org\/{rel}","templated":true}]}}