{"id":3978,"date":"2018-11-05T14:32:42","date_gmt":"2018-11-05T13:32:42","guid":{"rendered":"https:\/\/pewetools.de\/shop\/produkt-kategorie\/porte-outil-de-separation-at1675-avec-lame-hss\/"},"modified":"2026-03-03T14:38:01","modified_gmt":"2026-03-03T13:38:01","slug":"porte-outil-de-separation-at1675-avec-lame-hss","status":"publish","type":"product","link":"https:\/\/pewetools.de\/fr\/shop\/categorie-produits\/porte-outil-de-separation-at1675-avec-lame-hss\/","title":{"rendered":"Porte-outil de s\u00e9paration AT1675 avec lame HSS"},"content":{"rendered":"","protected":false},"excerpt":{"rendered":"<p><span class=\"tlid-translation translation\"><span title=\"\">Inclus:<\/span><\/p>\n<p><span title=\"\">1x AT1675 (convient \u00e0 tous les utilisateurs ayant la taille AD1675 utilis\u00e9e)<\/span><br \/>\n<span class=\"\" title=\"\">1x lame de tron\u00e7onnage HSS assortie, qui doit \u00eatre ponc\u00e9e selon vos besoins<\/span><\/span><\/p>\n","protected":false},"featured_media":8720,"template":"","meta":{"footnotes":""},"product_brand":[],"product_cat":[479],"product_tag":[1085,1043,1084],"class_list":{"0":"post-3978","1":"product","2":"type-product","3":"status-publish","4":"has-post-thumbnail","6":"product_cat-a","7":"product_tag-lame-de-separation","8":"product_tag-porte-outils-avec-changement-rapide","9":"product_tag-tronconner","10":"product_shipping_class-paquet","12":"first","13":"instock","14":"taxable","15":"shipping-taxable","16":"purchasable","17":"product-type-simple"},"yoast_head":"<!-- This site is optimized with the Yoast SEO plugin v27.1.1 - https:\/\/yoast.com\/product\/yoast-seo-wordpress\/ -->\n<title>Porte-outil de s\u00e9paration - pewetools limited<\/title>\n<meta name=\"description\" content=\"Chaque support produit pour nous est test\u00e9 sur le corps d&#039;origine de l&#039;inventeur J.F.Minder, ce qui garantit un contr\u00f4le qualit\u00e9 et une compatibilit\u00e9 de 100%.\" \/>\n<meta name=\"robots\" content=\"index, follow, max-snippet:-1, max-image-preview:large, max-video-preview:-1\" \/>\n<link rel=\"canonical\" href=\"https:\/\/pewetools.de\/fr\/shop\/categorie-produits\/porte-outil-de-separation-at1675-avec-lame-hss\/\" \/>\n<meta property=\"og:locale\" content=\"fr_FR\" \/>\n<meta property=\"og:type\" content=\"article\" \/>\n<meta property=\"og:title\" content=\"Porte-outil de s\u00e9paration - pewetools limited\" \/>\n<meta property=\"og:description\" content=\"Chaque support produit pour nous est test\u00e9 sur le corps d&#039;origine de l&#039;inventeur J.F.Minder, ce qui garantit un contr\u00f4le qualit\u00e9 et une compatibilit\u00e9 de 100%.\" \/>\n<meta property=\"og:url\" content=\"https:\/\/pewetools.de\/fr\/shop\/categorie-produits\/porte-outil-de-separation-at1675-avec-lame-hss\/\" \/>\n<meta property=\"og:site_name\" content=\"PeWeTools Schnellwechselhalter nach System Multifix\" \/>\n<meta property=\"article:modified_time\" content=\"2026-03-03T13:38:01+00:00\" \/>\n<meta property=\"og:image\" content=\"https:\/\/pewetools.de\/wp-content\/uploads\/2018\/11\/AT1675-Kopie.jpg\" \/>\n\t<meta property=\"og:image:width\" content=\"1221\" \/>\n\t<meta property=\"og:image:height\" content=\"1969\" \/>\n\t<meta property=\"og:image:type\" content=\"image\/jpeg\" \/>\n<meta name=\"twitter:card\" content=\"summary_large_image\" \/>\n<script type=\"application\/ld+json\" class=\"yoast-schema-graph\">{\"@context\":\"https:\/\/schema.org\",\"@graph\":[{\"@type\":\"WebPage\",\"@id\":\"https:\/\/pewetools.de\/fr\/shop\/categorie-produits\/porte-outil-de-separation-at1675-avec-lame-hss\/\",\"url\":\"https:\/\/pewetools.de\/fr\/shop\/categorie-produits\/porte-outil-de-separation-at1675-avec-lame-hss\/\",\"name\":\"Porte-outil de s\u00e9paration - pewetools limited\",\"isPartOf\":{\"@id\":\"https:\/\/pewetools.de\/#website\"},\"primaryImageOfPage\":{\"@id\":\"https:\/\/pewetools.de\/fr\/shop\/categorie-produits\/porte-outil-de-separation-at1675-avec-lame-hss\/#primaryimage\"},\"image\":{\"@id\":\"https:\/\/pewetools.de\/fr\/shop\/categorie-produits\/porte-outil-de-separation-at1675-avec-lame-hss\/#primaryimage\"},\"thumbnailUrl\":\"https:\/\/pewetools.de\/wp-content\/uploads\/2018\/11\/AT1675-Kopie.jpg\",\"datePublished\":\"2018-11-05T13:32:42+00:00\",\"dateModified\":\"2026-03-03T13:38:01+00:00\",\"description\":\"Chaque support produit pour nous est test\u00e9 sur le corps d'origine de l'inventeur J.F.Minder, ce qui garantit un contr\u00f4le qualit\u00e9 et une compatibilit\u00e9 de 100%.\",\"breadcrumb\":{\"@id\":\"https:\/\/pewetools.de\/fr\/shop\/categorie-produits\/porte-outil-de-separation-at1675-avec-lame-hss\/#breadcrumb\"},\"inLanguage\":\"fr-FR\",\"potentialAction\":[{\"@type\":\"ReadAction\",\"target\":[\"https:\/\/pewetools.de\/fr\/shop\/categorie-produits\/porte-outil-de-separation-at1675-avec-lame-hss\/\"]}]},{\"@type\":\"ImageObject\",\"inLanguage\":\"fr-FR\",\"@id\":\"https:\/\/pewetools.de\/fr\/shop\/categorie-produits\/porte-outil-de-separation-at1675-avec-lame-hss\/#primaryimage\",\"url\":\"https:\/\/pewetools.de\/wp-content\/uploads\/2018\/11\/AT1675-Kopie.jpg\",\"contentUrl\":\"https:\/\/pewetools.de\/wp-content\/uploads\/2018\/11\/AT1675-Kopie.jpg\",\"width\":1221,\"height\":1969},{\"@type\":\"BreadcrumbList\",\"@id\":\"https:\/\/pewetools.de\/fr\/shop\/categorie-produits\/porte-outil-de-separation-at1675-avec-lame-hss\/#breadcrumb\",\"itemListElement\":[{\"@type\":\"ListItem\",\"position\":1,\"name\":\"maison\",\"item\":\"https:\/\/pewetools.de\/fr\/\"},{\"@type\":\"ListItem\",\"position\":2,\"name\":\"Shop\",\"item\":\"https:\/\/pewetools.de\/fr\/shop\/\"},{\"@type\":\"ListItem\",\"position\":3,\"name\":\"Porte-outil de s\u00e9paration AT1675 avec lame HSS\"}]},{\"@type\":\"WebSite\",\"@id\":\"https:\/\/pewetools.de\/#website\",\"url\":\"https:\/\/pewetools.de\/\",\"name\":\"PeWeTools Schnellwechselhalter nach System Multifix\",\"description\":\"\",\"potentialAction\":[{\"@type\":\"SearchAction\",\"target\":{\"@type\":\"EntryPoint\",\"urlTemplate\":\"https:\/\/pewetools.de\/?s={search_term_string}\"},\"query-input\":{\"@type\":\"PropertyValueSpecification\",\"valueRequired\":true,\"valueName\":\"search_term_string\"}}],\"inLanguage\":\"fr-FR\"}]}<\/script>\n<!-- \/ Yoast SEO plugin. -->","yoast_head_json":{"title":"Porte-outil de s\u00e9paration - pewetools limited","description":"Chaque support produit pour nous est test\u00e9 sur le corps d'origine de l'inventeur J.F.Minder, ce qui garantit un contr\u00f4le qualit\u00e9 et une compatibilit\u00e9 de 100%.","robots":{"index":"index","follow":"follow","max-snippet":"max-snippet:-1","max-image-preview":"max-image-preview:large","max-video-preview":"max-video-preview:-1"},"canonical":"https:\/\/pewetools.de\/fr\/shop\/categorie-produits\/porte-outil-de-separation-at1675-avec-lame-hss\/","og_locale":"fr_FR","og_type":"article","og_title":"Porte-outil de s\u00e9paration - pewetools limited","og_description":"Chaque support produit pour nous est test\u00e9 sur le corps d'origine de l'inventeur J.F.Minder, ce qui garantit un contr\u00f4le qualit\u00e9 et une compatibilit\u00e9 de 100%.","og_url":"https:\/\/pewetools.de\/fr\/shop\/categorie-produits\/porte-outil-de-separation-at1675-avec-lame-hss\/","og_site_name":"PeWeTools Schnellwechselhalter nach System Multifix","article_modified_time":"2026-03-03T13:38:01+00:00","og_image":[{"width":1221,"height":1969,"url":"https:\/\/pewetools.de\/wp-content\/uploads\/2018\/11\/AT1675-Kopie.jpg","type":"image\/jpeg"}],"twitter_card":"summary_large_image","schema":{"@context":"https:\/\/schema.org","@graph":[{"@type":"WebPage","@id":"https:\/\/pewetools.de\/fr\/shop\/categorie-produits\/porte-outil-de-separation-at1675-avec-lame-hss\/","url":"https:\/\/pewetools.de\/fr\/shop\/categorie-produits\/porte-outil-de-separation-at1675-avec-lame-hss\/","name":"Porte-outil de s\u00e9paration - pewetools limited","isPartOf":{"@id":"https:\/\/pewetools.de\/#website"},"primaryImageOfPage":{"@id":"https:\/\/pewetools.de\/fr\/shop\/categorie-produits\/porte-outil-de-separation-at1675-avec-lame-hss\/#primaryimage"},"image":{"@id":"https:\/\/pewetools.de\/fr\/shop\/categorie-produits\/porte-outil-de-separation-at1675-avec-lame-hss\/#primaryimage"},"thumbnailUrl":"https:\/\/pewetools.de\/wp-content\/uploads\/2018\/11\/AT1675-Kopie.jpg","datePublished":"2018-11-05T13:32:42+00:00","dateModified":"2026-03-03T13:38:01+00:00","description":"Chaque support produit pour nous est test\u00e9 sur le corps d'origine de l'inventeur J.F.Minder, ce qui garantit un contr\u00f4le qualit\u00e9 et une compatibilit\u00e9 de 100%.","breadcrumb":{"@id":"https:\/\/pewetools.de\/fr\/shop\/categorie-produits\/porte-outil-de-separation-at1675-avec-lame-hss\/#breadcrumb"},"inLanguage":"fr-FR","potentialAction":[{"@type":"ReadAction","target":["https:\/\/pewetools.de\/fr\/shop\/categorie-produits\/porte-outil-de-separation-at1675-avec-lame-hss\/"]}]},{"@type":"ImageObject","inLanguage":"fr-FR","@id":"https:\/\/pewetools.de\/fr\/shop\/categorie-produits\/porte-outil-de-separation-at1675-avec-lame-hss\/#primaryimage","url":"https:\/\/pewetools.de\/wp-content\/uploads\/2018\/11\/AT1675-Kopie.jpg","contentUrl":"https:\/\/pewetools.de\/wp-content\/uploads\/2018\/11\/AT1675-Kopie.jpg","width":1221,"height":1969},{"@type":"BreadcrumbList","@id":"https:\/\/pewetools.de\/fr\/shop\/categorie-produits\/porte-outil-de-separation-at1675-avec-lame-hss\/#breadcrumb","itemListElement":[{"@type":"ListItem","position":1,"name":"maison","item":"https:\/\/pewetools.de\/fr\/"},{"@type":"ListItem","position":2,"name":"Shop","item":"https:\/\/pewetools.de\/fr\/shop\/"},{"@type":"ListItem","position":3,"name":"Porte-outil de s\u00e9paration AT1675 avec lame HSS"}]},{"@type":"WebSite","@id":"https:\/\/pewetools.de\/#website","url":"https:\/\/pewetools.de\/","name":"PeWeTools Schnellwechselhalter nach System Multifix","description":"","potentialAction":[{"@type":"SearchAction","target":{"@type":"EntryPoint","urlTemplate":"https:\/\/pewetools.de\/?s={search_term_string}"},"query-input":{"@type":"PropertyValueSpecification","valueRequired":true,"valueName":"search_term_string"}}],"inLanguage":"fr-FR"}]}},"_links":{"self":[{"href":"https:\/\/pewetools.de\/fr\/wp-json\/wp\/v2\/product\/3978","targetHints":{"allow":["GET"]}}],"collection":[{"href":"https:\/\/pewetools.de\/fr\/wp-json\/wp\/v2\/product"}],"about":[{"href":"https:\/\/pewetools.de\/fr\/wp-json\/wp\/v2\/types\/product"}],"version-history":[{"count":1,"href":"https:\/\/pewetools.de\/fr\/wp-json\/wp\/v2\/product\/3978\/revisions"}],"predecessor-version":[{"id":15451,"href":"https:\/\/pewetools.de\/fr\/wp-json\/wp\/v2\/product\/3978\/revisions\/15451"}],"wp:featuredmedia":[{"embeddable":true,"href":"https:\/\/pewetools.de\/fr\/wp-json\/wp\/v2\/media\/8720"}],"wp:attachment":[{"href":"https:\/\/pewetools.de\/fr\/wp-json\/wp\/v2\/media?parent=3978"}],"wp:term":[{"taxonomy":"product_brand","embeddable":true,"href":"https:\/\/pewetools.de\/fr\/wp-json\/wp\/v2\/product_brand?post=3978"},{"taxonomy":"product_cat","embeddable":true,"href":"https:\/\/pewetools.de\/fr\/wp-json\/wp\/v2\/product_cat?post=3978"},{"taxonomy":"product_tag","embeddable":true,"href":"https:\/\/pewetools.de\/fr\/wp-json\/wp\/v2\/product_tag?post=3978"}],"curies":[{"name":"wp","href":"https:\/\/api.w.org\/{rel}","templated":true}]}}