{"id":4193,"date":"2018-12-28T14:27:04","date_gmt":"2018-12-28T13:27:04","guid":{"rendered":"https:\/\/pewetools.de\/shop\/produkt-kategorie\/kit-de-demarrage-ad2070-apres-le-systeme-multifix\/"},"modified":"2025-03-12T15:05:49","modified_gmt":"2025-03-12T14:05:49","slug":"kit-de-demarrage-asd2070-apres-le-systeme-multifix","status":"publish","type":"product","link":"https:\/\/pewetools.de\/fr\/shop\/categorie-produits\/kit-de-demarrage-asd2070-apres-le-systeme-multifix\/","title":{"rendered":"Kit de d\u00e9marrage ASD2070 apr\u00e8s le syst\u00e8me Multifix"},"content":{"rendered":"<p>Inclus:<br \/>\n\u2022 1 corps principal AS (approuv\u00e9 pour les machines d\u2019une puissance d\u2019entra\u00eenement maximale de 1,5 kW)<br \/>\n\u2022 1 levier de tension<br \/>\n\u2022 1 goupille<br \/>\n\u2022 2 supports ASD2070 pour accepter les aciers de tournage \u00e0 base rectangulaire<br \/>\n\u2022 1 cl\u00e9 \u00e0 douille carr\u00e9e<br \/>\n\u2022 1 rapport de test de duret\u00e9 pr\u00e9par\u00e9 par nous sur la duret\u00e9 du corps principal<br \/>\n\u2022 1 rapport de test de duret\u00e9 pr\u00e9par\u00e9 par nous sur la duret\u00e9 du support<\/p>\n","protected":false},"excerpt":{"rendered":"<p>Inclus: \u2022 1 corps principal AS (approuv\u00e9 pour les machines d\u2019une puissance d\u2019entra\u00eenement maximale de 1,5 kW) \u2022 1 levier de tension \u2022 1 goupille \u2022 2 supports ASD2070 pour accepter les aciers de tournage \u00e0 base rectangulaire \u2022 1 cl\u00e9 \u00e0 douille carr\u00e9e \u2022 1 rapport de test de duret\u00e9 pr\u00e9par\u00e9 par nous sur [&hellip;]<\/p>\n","protected":false},"featured_media":12802,"template":"","meta":{"footnotes":""},"product_brand":[],"product_cat":[470,482],"product_tag":[],"class_list":{"0":"post-4193","1":"product","2":"type-product","3":"status-publish","4":"has-post-thumbnail","6":"product_cat-porte-outil-a-changement-rapide","7":"product_cat-as","8":"product_shipping_class-paquet","10":"first","11":"outofstock","12":"taxable","13":"shipping-taxable","14":"purchasable","15":"product-type-simple"},"yoast_head":"<!-- This site is optimized with the Yoast SEO plugin v27.1.1 - https:\/\/yoast.com\/product\/yoast-seo-wordpress\/ -->\n<title>Porte-outil pour tournant apr\u00e8s le syst\u00e8me Multifix - pewetools limited<\/title>\n<meta name=\"description\" content=\"Chaque support produit pour nous est test\u00e9 sur le corps d&#039;origine de l&#039;inventeur J.F.Minder, ce qui garantit un contr\u00f4le qualit\u00e9 et une compatibilit\u00e9 de 100%.\" \/>\n<meta name=\"robots\" content=\"index, follow, max-snippet:-1, max-image-preview:large, max-video-preview:-1\" \/>\n<link rel=\"canonical\" href=\"https:\/\/pewetools.de\/shop\/categorie-produits\/starterset-as2070-nach-multifix-system\/\" \/>\n<meta property=\"og:locale\" content=\"fr_FR\" \/>\n<meta property=\"og:type\" content=\"article\" \/>\n<meta property=\"og:title\" content=\"Porte-outil pour tournant apr\u00e8s le syst\u00e8me Multifix - pewetools limited\" \/>\n<meta property=\"og:description\" content=\"Chaque support produit pour nous est test\u00e9 sur le corps d&#039;origine de l&#039;inventeur J.F.Minder, ce qui garantit un contr\u00f4le qualit\u00e9 et une compatibilit\u00e9 de 100%.\" \/>\n<meta property=\"og:url\" content=\"https:\/\/pewetools.de\/shop\/categorie-produits\/starterset-as2070-nach-multifix-system\/\" \/>\n<meta property=\"og:site_name\" content=\"PeWeTools Schnellwechselhalter nach System Multifix\" \/>\n<meta property=\"article:modified_time\" content=\"2025-03-12T14:05:49+00:00\" \/>\n<meta property=\"og:image\" content=\"https:\/\/pewetools.de\/wp-content\/uploads\/2022\/08\/Starter-Set-AS-Hauptbild-ohne-Schrauben-2-1.jpg\" \/>\n\t<meta property=\"og:image:width\" content=\"1087\" \/>\n\t<meta property=\"og:image:height\" content=\"967\" \/>\n\t<meta property=\"og:image:type\" content=\"image\/jpeg\" \/>\n<meta name=\"twitter:card\" content=\"summary_large_image\" \/>\n<script type=\"application\/ld+json\" class=\"yoast-schema-graph\">{\"@context\":\"https:\/\/schema.org\",\"@graph\":[{\"@type\":\"WebPage\",\"@id\":\"https:\/\/pewetools.de\/shop\/categorie-produits\/starterset-as2070-nach-multifix-system\/\",\"url\":\"https:\/\/pewetools.de\/shop\/categorie-produits\/starterset-as2070-nach-multifix-system\/\",\"name\":\"Porte-outil pour tournant apr\u00e8s le syst\u00e8me Multifix - pewetools limited\",\"isPartOf\":{\"@id\":\"https:\/\/pewetools.de\/#website\"},\"primaryImageOfPage\":{\"@id\":\"https:\/\/pewetools.de\/shop\/categorie-produits\/starterset-as2070-nach-multifix-system\/#primaryimage\"},\"image\":{\"@id\":\"https:\/\/pewetools.de\/shop\/categorie-produits\/starterset-as2070-nach-multifix-system\/#primaryimage\"},\"thumbnailUrl\":\"https:\/\/pewetools.de\/wp-content\/uploads\/2022\/08\/Starter-Set-AS-Hauptbild-ohne-Schrauben-2-1.jpg\",\"datePublished\":\"2018-12-28T13:27:04+00:00\",\"dateModified\":\"2025-03-12T14:05:49+00:00\",\"description\":\"Chaque support produit pour nous est test\u00e9 sur le corps d'origine de l'inventeur J.F.Minder, ce qui garantit un contr\u00f4le qualit\u00e9 et une compatibilit\u00e9 de 100%.\",\"breadcrumb\":{\"@id\":\"https:\/\/pewetools.de\/shop\/categorie-produits\/starterset-as2070-nach-multifix-system\/#breadcrumb\"},\"inLanguage\":\"fr-FR\",\"potentialAction\":[{\"@type\":\"ReadAction\",\"target\":[\"https:\/\/pewetools.de\/shop\/categorie-produits\/starterset-as2070-nach-multifix-system\/\"]}]},{\"@type\":\"ImageObject\",\"inLanguage\":\"fr-FR\",\"@id\":\"https:\/\/pewetools.de\/shop\/categorie-produits\/starterset-as2070-nach-multifix-system\/#primaryimage\",\"url\":\"https:\/\/pewetools.de\/wp-content\/uploads\/2022\/08\/Starter-Set-AS-Hauptbild-ohne-Schrauben-2-1.jpg\",\"contentUrl\":\"https:\/\/pewetools.de\/wp-content\/uploads\/2022\/08\/Starter-Set-AS-Hauptbild-ohne-Schrauben-2-1.jpg\",\"width\":1087,\"height\":967},{\"@type\":\"BreadcrumbList\",\"@id\":\"https:\/\/pewetools.de\/shop\/categorie-produits\/starterset-as2070-nach-multifix-system\/#breadcrumb\",\"itemListElement\":[{\"@type\":\"ListItem\",\"position\":1,\"name\":\"maison\",\"item\":\"https:\/\/pewetools.de\/fr\/\"},{\"@type\":\"ListItem\",\"position\":2,\"name\":\"Shop\",\"item\":\"https:\/\/pewetools.de\/fr\/shop\/\"},{\"@type\":\"ListItem\",\"position\":3,\"name\":\"Kit de d\u00e9marrage ASD2070 apr\u00e8s le syst\u00e8me Multifix\"}]},{\"@type\":\"WebSite\",\"@id\":\"https:\/\/pewetools.de\/#website\",\"url\":\"https:\/\/pewetools.de\/\",\"name\":\"PeWeTools Schnellwechselhalter nach System Multifix\",\"description\":\"\",\"potentialAction\":[{\"@type\":\"SearchAction\",\"target\":{\"@type\":\"EntryPoint\",\"urlTemplate\":\"https:\/\/pewetools.de\/?s={search_term_string}\"},\"query-input\":{\"@type\":\"PropertyValueSpecification\",\"valueRequired\":true,\"valueName\":\"search_term_string\"}}],\"inLanguage\":\"fr-FR\"}]}<\/script>\n<!-- \/ Yoast SEO plugin. -->","yoast_head_json":{"title":"Porte-outil pour tournant apr\u00e8s le syst\u00e8me Multifix - pewetools limited","description":"Chaque support produit pour nous est test\u00e9 sur le corps d'origine de l'inventeur J.F.Minder, ce qui garantit un contr\u00f4le qualit\u00e9 et une compatibilit\u00e9 de 100%.","robots":{"index":"index","follow":"follow","max-snippet":"max-snippet:-1","max-image-preview":"max-image-preview:large","max-video-preview":"max-video-preview:-1"},"canonical":"https:\/\/pewetools.de\/shop\/categorie-produits\/starterset-as2070-nach-multifix-system\/","og_locale":"fr_FR","og_type":"article","og_title":"Porte-outil pour tournant apr\u00e8s le syst\u00e8me Multifix - pewetools limited","og_description":"Chaque support produit pour nous est test\u00e9 sur le corps d'origine de l'inventeur J.F.Minder, ce qui garantit un contr\u00f4le qualit\u00e9 et une compatibilit\u00e9 de 100%.","og_url":"https:\/\/pewetools.de\/shop\/categorie-produits\/starterset-as2070-nach-multifix-system\/","og_site_name":"PeWeTools Schnellwechselhalter nach System Multifix","article_modified_time":"2025-03-12T14:05:49+00:00","og_image":[{"width":1087,"height":967,"url":"https:\/\/pewetools.de\/wp-content\/uploads\/2022\/08\/Starter-Set-AS-Hauptbild-ohne-Schrauben-2-1.jpg","type":"image\/jpeg"}],"twitter_card":"summary_large_image","schema":{"@context":"https:\/\/schema.org","@graph":[{"@type":"WebPage","@id":"https:\/\/pewetools.de\/shop\/categorie-produits\/starterset-as2070-nach-multifix-system\/","url":"https:\/\/pewetools.de\/shop\/categorie-produits\/starterset-as2070-nach-multifix-system\/","name":"Porte-outil pour tournant apr\u00e8s le syst\u00e8me Multifix - pewetools limited","isPartOf":{"@id":"https:\/\/pewetools.de\/#website"},"primaryImageOfPage":{"@id":"https:\/\/pewetools.de\/shop\/categorie-produits\/starterset-as2070-nach-multifix-system\/#primaryimage"},"image":{"@id":"https:\/\/pewetools.de\/shop\/categorie-produits\/starterset-as2070-nach-multifix-system\/#primaryimage"},"thumbnailUrl":"https:\/\/pewetools.de\/wp-content\/uploads\/2022\/08\/Starter-Set-AS-Hauptbild-ohne-Schrauben-2-1.jpg","datePublished":"2018-12-28T13:27:04+00:00","dateModified":"2025-03-12T14:05:49+00:00","description":"Chaque support produit pour nous est test\u00e9 sur le corps d'origine de l'inventeur J.F.Minder, ce qui garantit un contr\u00f4le qualit\u00e9 et une compatibilit\u00e9 de 100%.","breadcrumb":{"@id":"https:\/\/pewetools.de\/shop\/categorie-produits\/starterset-as2070-nach-multifix-system\/#breadcrumb"},"inLanguage":"fr-FR","potentialAction":[{"@type":"ReadAction","target":["https:\/\/pewetools.de\/shop\/categorie-produits\/starterset-as2070-nach-multifix-system\/"]}]},{"@type":"ImageObject","inLanguage":"fr-FR","@id":"https:\/\/pewetools.de\/shop\/categorie-produits\/starterset-as2070-nach-multifix-system\/#primaryimage","url":"https:\/\/pewetools.de\/wp-content\/uploads\/2022\/08\/Starter-Set-AS-Hauptbild-ohne-Schrauben-2-1.jpg","contentUrl":"https:\/\/pewetools.de\/wp-content\/uploads\/2022\/08\/Starter-Set-AS-Hauptbild-ohne-Schrauben-2-1.jpg","width":1087,"height":967},{"@type":"BreadcrumbList","@id":"https:\/\/pewetools.de\/shop\/categorie-produits\/starterset-as2070-nach-multifix-system\/#breadcrumb","itemListElement":[{"@type":"ListItem","position":1,"name":"maison","item":"https:\/\/pewetools.de\/fr\/"},{"@type":"ListItem","position":2,"name":"Shop","item":"https:\/\/pewetools.de\/fr\/shop\/"},{"@type":"ListItem","position":3,"name":"Kit de d\u00e9marrage ASD2070 apr\u00e8s le syst\u00e8me Multifix"}]},{"@type":"WebSite","@id":"https:\/\/pewetools.de\/#website","url":"https:\/\/pewetools.de\/","name":"PeWeTools Schnellwechselhalter nach System Multifix","description":"","potentialAction":[{"@type":"SearchAction","target":{"@type":"EntryPoint","urlTemplate":"https:\/\/pewetools.de\/?s={search_term_string}"},"query-input":{"@type":"PropertyValueSpecification","valueRequired":true,"valueName":"search_term_string"}}],"inLanguage":"fr-FR"}]}},"_links":{"self":[{"href":"https:\/\/pewetools.de\/fr\/wp-json\/wp\/v2\/product\/4193","targetHints":{"allow":["GET"]}}],"collection":[{"href":"https:\/\/pewetools.de\/fr\/wp-json\/wp\/v2\/product"}],"about":[{"href":"https:\/\/pewetools.de\/fr\/wp-json\/wp\/v2\/types\/product"}],"version-history":[{"count":1,"href":"https:\/\/pewetools.de\/fr\/wp-json\/wp\/v2\/product\/4193\/revisions"}],"predecessor-version":[{"id":16167,"href":"https:\/\/pewetools.de\/fr\/wp-json\/wp\/v2\/product\/4193\/revisions\/16167"}],"wp:featuredmedia":[{"embeddable":true,"href":"https:\/\/pewetools.de\/fr\/wp-json\/wp\/v2\/media\/12802"}],"wp:attachment":[{"href":"https:\/\/pewetools.de\/fr\/wp-json\/wp\/v2\/media?parent=4193"}],"wp:term":[{"taxonomy":"product_brand","embeddable":true,"href":"https:\/\/pewetools.de\/fr\/wp-json\/wp\/v2\/product_brand?post=4193"},{"taxonomy":"product_cat","embeddable":true,"href":"https:\/\/pewetools.de\/fr\/wp-json\/wp\/v2\/product_cat?post=4193"},{"taxonomy":"product_tag","embeddable":true,"href":"https:\/\/pewetools.de\/fr\/wp-json\/wp\/v2\/product_tag?post=4193"}],"curies":[{"name":"wp","href":"https:\/\/api.w.org\/{rel}","templated":true}]}}