{"id":4317,"date":"2018-10-29T11:54:06","date_gmt":"2018-10-29T10:54:06","guid":{"rendered":"https:\/\/pewetools.de\/shop\/produkt-kategorie\/pied-a-coulisse-sino-150-mm-ip54\/"},"modified":"2024-08-21T15:59:54","modified_gmt":"2024-08-21T13:59:54","slug":"pied-a-coulisse-sino-300-mm-ip54","status":"publish","type":"product","link":"https:\/\/pewetools.de\/fr\/shop\/categorie-produits\/pied-a-coulisse-sino-300-mm-ip54\/","title":{"rendered":"Pied \u00e0 coulisse SINO 300 mm, IP54"},"content":{"rendered":"<p><strong><span style=\"color: #008080;\">Habituellement, pour des raisons de co\u00fbt, seul un carton \u00e0 structure sinueuse (qui se trouve sous le film plastique et ressemble \u00e0 deux peignes imbriqu\u00e9s) est grav\u00e9 et sert de base \u00e0 la g\u00e9n\u00e9ration du signal. Pour nous, c&#8217;est diff\u00e9rent: pour la stabilisation du signal et l&#8217;am\u00e9lioration de la pr\u00e9cision, nos diapositives ont une \u00e9chelle de verre.<\/span><\/strong><\/p>\n<ul>\n<li>prot\u00e9g\u00e9 contre les \u00e9claboussures (IP54) selon DIN40050 \/ IEC 60529<\/li>\n<li>sortie externe (compatible avec Mitutoyo) pour transf\u00e9rer des donn\u00e9es de<\/li>\n<li>mesure sur un \u00e9metteur \/ r\u00e9cepteur radio ou un d\u00e9codeur, p.ex. Programmes Office sur votre PC<\/li>\n<li>meilleure pr\u00e9cision que le finge DIN862<\/li>\n<li>Mesurer les surfaces finement rectifi\u00e9es et rod\u00e9es<\/li>\n<li>adapt\u00e9 aux mesures internes, externes et de profondeur<br \/>\ncomme il s\u2019agit d\u2019un syst\u00e8me de mesure absolu, la vitesse de d\u00e9placement est illimit\u00e9e<\/li>\n<\/ul>\n<p><strong><span style=\"color: #008080;\">y compris:<\/span><\/strong><\/p>\n<ul>\n<li>Pied \u00e0 coulisse<\/li>\n<li>bo\u00eete de rangement<\/li>\n<li>Batterie C2032<\/li>\n<li>Manuel utilisateur<\/li>\n<\/ul>\n","protected":false},"excerpt":{"rendered":"<p>Habituellement, pour des raisons de co\u00fbt, seul un carton \u00e0 structure sinueuse (qui se trouve sous le film plastique et ressemble \u00e0 deux peignes imbriqu\u00e9s) est grav\u00e9 et sert de base \u00e0 la g\u00e9n\u00e9ration du signal. Pour nous, c&#8217;est diff\u00e9rent: pour la stabilisation du signal et l&#8217;am\u00e9lioration de la pr\u00e9cision, nos diapositives ont une \u00e9chelle [&hellip;]<\/p>\n","protected":false},"featured_media":6237,"template":"","meta":{"footnotes":""},"product_brand":[],"product_cat":[466],"product_tag":[1203,1215,1202],"class_list":{"0":"post-4317","1":"product","2":"type-product","3":"status-publish","4":"has-post-thumbnail","6":"product_cat-technologie-de-mesure-et-de-test","7":"product_tag-outil-de-mesure","8":"product_tag-pied-a-coulisse","9":"product_tag-etriers","10":"product_shipping_class-paquet","12":"first","13":"instock","14":"taxable","15":"shipping-taxable","16":"purchasable","17":"product-type-simple"},"yoast_head":"<!-- This site is optimized with the Yoast SEO plugin v27.4 - https:\/\/yoast.com\/product\/yoast-seo-wordpress\/ -->\n<title>Vernier caliper SINO - pewetools limited<\/title>\n<meta name=\"robots\" content=\"index, follow, max-snippet:-1, max-image-preview:large, max-video-preview:-1\" \/>\n<link rel=\"canonical\" href=\"https:\/\/pewetools.de\/shop\/categorie-produits\/messschieber-schieblehre-sino-300-mm-ip54-geschuetzt\/\" \/>\n<meta property=\"og:locale\" content=\"fr_FR\" \/>\n<meta property=\"og:type\" content=\"article\" \/>\n<meta property=\"og:title\" content=\"Vernier caliper SINO - pewetools limited\" \/>\n<meta property=\"og:description\" content=\"Habituellement, pour des raisons de co\u00fbt, seul un carton \u00e0 structure sinueuse (qui se trouve sous le film plastique et ressemble \u00e0 deux peignes imbriqu\u00e9s) est grav\u00e9 et sert de base \u00e0 la g\u00e9n\u00e9ration du signal. Pour nous, c&#8217;est diff\u00e9rent: pour la stabilisation du signal et l&#8217;am\u00e9lioration de la pr\u00e9cision, nos diapositives ont une \u00e9chelle [&hellip;]\" \/>\n<meta property=\"og:url\" content=\"https:\/\/pewetools.de\/shop\/categorie-produits\/messschieber-schieblehre-sino-300-mm-ip54-geschuetzt\/\" \/>\n<meta property=\"og:site_name\" content=\"PeWeTools Schnellwechselhalter nach System Multifix\" \/>\n<meta property=\"article:modified_time\" content=\"2024-08-21T13:59:54+00:00\" \/>\n<meta property=\"og:image\" content=\"https:\/\/pewetools.de\/wp-content\/uploads\/2018\/10\/IP54Messschieber150-Abb.Hauptbild.jpg\" \/>\n\t<meta property=\"og:image:width\" content=\"1006\" \/>\n\t<meta property=\"og:image:height\" content=\"1006\" \/>\n\t<meta property=\"og:image:type\" content=\"image\/jpeg\" \/>\n<meta name=\"twitter:card\" content=\"summary_large_image\" \/>\n<meta name=\"twitter:label1\" content=\"Dur\u00e9e de lecture estim\u00e9e\" \/>\n\t<meta name=\"twitter:data1\" content=\"1 minute\" \/>\n<script type=\"application\/ld+json\" class=\"yoast-schema-graph\">{\"@context\":\"https:\\\/\\\/schema.org\",\"@graph\":[{\"@type\":\"WebPage\",\"@id\":\"https:\\\/\\\/pewetools.de\\\/shop\\\/categorie-produits\\\/messschieber-schieblehre-sino-300-mm-ip54-geschuetzt\\\/\",\"url\":\"https:\\\/\\\/pewetools.de\\\/shop\\\/categorie-produits\\\/messschieber-schieblehre-sino-300-mm-ip54-geschuetzt\\\/\",\"name\":\"Vernier caliper SINO - pewetools limited\",\"isPartOf\":{\"@id\":\"https:\\\/\\\/pewetools.de\\\/#website\"},\"primaryImageOfPage\":{\"@id\":\"https:\\\/\\\/pewetools.de\\\/shop\\\/categorie-produits\\\/messschieber-schieblehre-sino-300-mm-ip54-geschuetzt\\\/#primaryimage\"},\"image\":{\"@id\":\"https:\\\/\\\/pewetools.de\\\/shop\\\/categorie-produits\\\/messschieber-schieblehre-sino-300-mm-ip54-geschuetzt\\\/#primaryimage\"},\"thumbnailUrl\":\"https:\\\/\\\/pewetools.de\\\/wp-content\\\/uploads\\\/2018\\\/10\\\/IP54Messschieber150-Abb.Hauptbild.jpg\",\"datePublished\":\"2018-10-29T10:54:06+00:00\",\"dateModified\":\"2024-08-21T13:59:54+00:00\",\"breadcrumb\":{\"@id\":\"https:\\\/\\\/pewetools.de\\\/shop\\\/categorie-produits\\\/messschieber-schieblehre-sino-300-mm-ip54-geschuetzt\\\/#breadcrumb\"},\"inLanguage\":\"fr-FR\",\"potentialAction\":[{\"@type\":\"ReadAction\",\"target\":[\"https:\\\/\\\/pewetools.de\\\/shop\\\/categorie-produits\\\/messschieber-schieblehre-sino-300-mm-ip54-geschuetzt\\\/\"]}]},{\"@type\":\"ImageObject\",\"inLanguage\":\"fr-FR\",\"@id\":\"https:\\\/\\\/pewetools.de\\\/shop\\\/categorie-produits\\\/messschieber-schieblehre-sino-300-mm-ip54-geschuetzt\\\/#primaryimage\",\"url\":\"https:\\\/\\\/pewetools.de\\\/wp-content\\\/uploads\\\/2018\\\/10\\\/IP54Messschieber150-Abb.Hauptbild.jpg\",\"contentUrl\":\"https:\\\/\\\/pewetools.de\\\/wp-content\\\/uploads\\\/2018\\\/10\\\/IP54Messschieber150-Abb.Hauptbild.jpg\",\"width\":1006,\"height\":1006},{\"@type\":\"BreadcrumbList\",\"@id\":\"https:\\\/\\\/pewetools.de\\\/shop\\\/categorie-produits\\\/messschieber-schieblehre-sino-300-mm-ip54-geschuetzt\\\/#breadcrumb\",\"itemListElement\":[{\"@type\":\"ListItem\",\"position\":1,\"name\":\"maison\",\"item\":\"https:\\\/\\\/pewetools.de\\\/fr\\\/\"},{\"@type\":\"ListItem\",\"position\":2,\"name\":\"Shop\",\"item\":\"https:\\\/\\\/pewetools.de\\\/fr\\\/shop\\\/\"},{\"@type\":\"ListItem\",\"position\":3,\"name\":\"Pied \u00e0 coulisse SINO 300 mm, IP54\"}]},{\"@type\":\"WebSite\",\"@id\":\"https:\\\/\\\/pewetools.de\\\/#website\",\"url\":\"https:\\\/\\\/pewetools.de\\\/\",\"name\":\"PeWeTools Schnellwechselhalter nach System Multifix\",\"description\":\"\",\"potentialAction\":[{\"@type\":\"SearchAction\",\"target\":{\"@type\":\"EntryPoint\",\"urlTemplate\":\"https:\\\/\\\/pewetools.de\\\/?s={search_term_string}\"},\"query-input\":{\"@type\":\"PropertyValueSpecification\",\"valueRequired\":true,\"valueName\":\"search_term_string\"}}],\"inLanguage\":\"fr-FR\"}]}<\/script>\n<!-- \/ Yoast SEO plugin. -->","yoast_head_json":{"title":"Vernier caliper SINO - pewetools limited","robots":{"index":"index","follow":"follow","max-snippet":"max-snippet:-1","max-image-preview":"max-image-preview:large","max-video-preview":"max-video-preview:-1"},"canonical":"https:\/\/pewetools.de\/shop\/categorie-produits\/messschieber-schieblehre-sino-300-mm-ip54-geschuetzt\/","og_locale":"fr_FR","og_type":"article","og_title":"Vernier caliper SINO - pewetools limited","og_description":"Habituellement, pour des raisons de co\u00fbt, seul un carton \u00e0 structure sinueuse (qui se trouve sous le film plastique et ressemble \u00e0 deux peignes imbriqu\u00e9s) est grav\u00e9 et sert de base \u00e0 la g\u00e9n\u00e9ration du signal. Pour nous, c&#8217;est diff\u00e9rent: pour la stabilisation du signal et l&#8217;am\u00e9lioration de la pr\u00e9cision, nos diapositives ont une \u00e9chelle [&hellip;]","og_url":"https:\/\/pewetools.de\/shop\/categorie-produits\/messschieber-schieblehre-sino-300-mm-ip54-geschuetzt\/","og_site_name":"PeWeTools Schnellwechselhalter nach System Multifix","article_modified_time":"2024-08-21T13:59:54+00:00","og_image":[{"width":1006,"height":1006,"url":"https:\/\/pewetools.de\/wp-content\/uploads\/2018\/10\/IP54Messschieber150-Abb.Hauptbild.jpg","type":"image\/jpeg"}],"twitter_card":"summary_large_image","twitter_misc":{"Dur\u00e9e de lecture estim\u00e9e":"1 minute"},"schema":{"@context":"https:\/\/schema.org","@graph":[{"@type":"WebPage","@id":"https:\/\/pewetools.de\/shop\/categorie-produits\/messschieber-schieblehre-sino-300-mm-ip54-geschuetzt\/","url":"https:\/\/pewetools.de\/shop\/categorie-produits\/messschieber-schieblehre-sino-300-mm-ip54-geschuetzt\/","name":"Vernier caliper SINO - pewetools limited","isPartOf":{"@id":"https:\/\/pewetools.de\/#website"},"primaryImageOfPage":{"@id":"https:\/\/pewetools.de\/shop\/categorie-produits\/messschieber-schieblehre-sino-300-mm-ip54-geschuetzt\/#primaryimage"},"image":{"@id":"https:\/\/pewetools.de\/shop\/categorie-produits\/messschieber-schieblehre-sino-300-mm-ip54-geschuetzt\/#primaryimage"},"thumbnailUrl":"https:\/\/pewetools.de\/wp-content\/uploads\/2018\/10\/IP54Messschieber150-Abb.Hauptbild.jpg","datePublished":"2018-10-29T10:54:06+00:00","dateModified":"2024-08-21T13:59:54+00:00","breadcrumb":{"@id":"https:\/\/pewetools.de\/shop\/categorie-produits\/messschieber-schieblehre-sino-300-mm-ip54-geschuetzt\/#breadcrumb"},"inLanguage":"fr-FR","potentialAction":[{"@type":"ReadAction","target":["https:\/\/pewetools.de\/shop\/categorie-produits\/messschieber-schieblehre-sino-300-mm-ip54-geschuetzt\/"]}]},{"@type":"ImageObject","inLanguage":"fr-FR","@id":"https:\/\/pewetools.de\/shop\/categorie-produits\/messschieber-schieblehre-sino-300-mm-ip54-geschuetzt\/#primaryimage","url":"https:\/\/pewetools.de\/wp-content\/uploads\/2018\/10\/IP54Messschieber150-Abb.Hauptbild.jpg","contentUrl":"https:\/\/pewetools.de\/wp-content\/uploads\/2018\/10\/IP54Messschieber150-Abb.Hauptbild.jpg","width":1006,"height":1006},{"@type":"BreadcrumbList","@id":"https:\/\/pewetools.de\/shop\/categorie-produits\/messschieber-schieblehre-sino-300-mm-ip54-geschuetzt\/#breadcrumb","itemListElement":[{"@type":"ListItem","position":1,"name":"maison","item":"https:\/\/pewetools.de\/fr\/"},{"@type":"ListItem","position":2,"name":"Shop","item":"https:\/\/pewetools.de\/fr\/shop\/"},{"@type":"ListItem","position":3,"name":"Pied \u00e0 coulisse SINO 300 mm, IP54"}]},{"@type":"WebSite","@id":"https:\/\/pewetools.de\/#website","url":"https:\/\/pewetools.de\/","name":"PeWeTools Schnellwechselhalter nach System Multifix","description":"","potentialAction":[{"@type":"SearchAction","target":{"@type":"EntryPoint","urlTemplate":"https:\/\/pewetools.de\/?s={search_term_string}"},"query-input":{"@type":"PropertyValueSpecification","valueRequired":true,"valueName":"search_term_string"}}],"inLanguage":"fr-FR"}]}},"_links":{"self":[{"href":"https:\/\/pewetools.de\/fr\/wp-json\/wp\/v2\/product\/4317","targetHints":{"allow":["GET"]}}],"collection":[{"href":"https:\/\/pewetools.de\/fr\/wp-json\/wp\/v2\/product"}],"about":[{"href":"https:\/\/pewetools.de\/fr\/wp-json\/wp\/v2\/types\/product"}],"version-history":[{"count":1,"href":"https:\/\/pewetools.de\/fr\/wp-json\/wp\/v2\/product\/4317\/revisions"}],"predecessor-version":[{"id":8522,"href":"https:\/\/pewetools.de\/fr\/wp-json\/wp\/v2\/product\/4317\/revisions\/8522"}],"wp:featuredmedia":[{"embeddable":true,"href":"https:\/\/pewetools.de\/fr\/wp-json\/wp\/v2\/media\/6237"}],"wp:attachment":[{"href":"https:\/\/pewetools.de\/fr\/wp-json\/wp\/v2\/media?parent=4317"}],"wp:term":[{"taxonomy":"product_brand","embeddable":true,"href":"https:\/\/pewetools.de\/fr\/wp-json\/wp\/v2\/product_brand?post=4317"},{"taxonomy":"product_cat","embeddable":true,"href":"https:\/\/pewetools.de\/fr\/wp-json\/wp\/v2\/product_cat?post=4317"},{"taxonomy":"product_tag","embeddable":true,"href":"https:\/\/pewetools.de\/fr\/wp-json\/wp\/v2\/product_tag?post=4317"}],"curies":[{"name":"wp","href":"https:\/\/api.w.org\/{rel}","templated":true}]}}