{"id":4458,"date":"2018-10-18T13:22:03","date_gmt":"2018-10-18T11:22:03","guid":{"rendered":"https:\/\/pewetools.de\/shop\/produkt-kategorie\/adaptateur-pour-systeme-de-changement-rapide-a-e-e-20-mm-a-25-mm\/"},"modified":"2025-03-12T15:53:25","modified_gmt":"2025-03-12T14:53:25","slug":"adaptateur-pour-systeme-de-changement-rapide-a-e-e-20-mm-a-25-mm","status":"publish","type":"product","link":"https:\/\/pewetools.de\/fr\/shop\/categorie-produits\/adaptateur-pour-systeme-de-changement-rapide-a-e-e-20-mm-a-25-mm\/","title":{"rendered":"Adaptateur pour syst\u00e8me de changement rapide A e E &#8211; 20 mm \u00e0 25 mm"},"content":{"rendered":"<p><span class=\"tlid-translation translation\"><span class=\"\" title=\"\">L\u2019adaptateur A2025 est utilis\u00e9 dans sa forme normale, par exemple.<\/span> <span class=\"\" title=\"\">AD2090 serr\u00e9 et peut accueillir un acier tournant de 25 mm de hauteur.<\/span><\/span><\/p>\n<p><span class=\"\" title=\"\">Le support est con\u00e7u pour que la hauteur de coupe de l&#8217;acier tourn\u00e9 serr\u00e9 de 25 mm soit \u00e9gale \u00e0 celle d&#8217;un acier tourn\u00e9 de 20 mm serr\u00e9 dans la norme AD2090.<\/span><\/p>\n","protected":false},"excerpt":{"rendered":"<p>L\u2019adaptateur A2025 est utilis\u00e9 dans sa forme normale, par exemple. AD2090 serr\u00e9 et peut accueillir un acier tournant de 25 mm de hauteur. Le support est con\u00e7u pour que la hauteur de coupe de l&#8217;acier tourn\u00e9 serr\u00e9 de 25 mm soit \u00e9gale \u00e0 celle d&#8217;un acier tourn\u00e9 de 20 mm serr\u00e9 dans la norme AD2090.<\/p>\n","protected":false},"featured_media":6199,"template":"","meta":{"footnotes":""},"product_brand":[],"product_cat":[476,479,496],"product_tag":[],"class_list":{"0":"post-4458","1":"product","2":"type-product","3":"status-publish","4":"has-post-thumbnail","6":"product_cat-adaptateurs-supports-speciaux-et-flans","7":"product_cat-a","8":"product_cat-e","9":"product_shipping_class-paquet","11":"first","12":"instock","13":"taxable","14":"shipping-taxable","15":"purchasable","16":"product-type-simple"},"yoast_head":"<!-- This site is optimized with the Yoast SEO plugin v27.4 - https:\/\/yoast.com\/product\/yoast-seo-wordpress\/ -->\n<title>Adaptateur pour syst\u00e8me de changement rapide - pewetools limited<\/title>\n<meta name=\"robots\" content=\"index, follow, max-snippet:-1, max-image-preview:large, max-video-preview:-1\" \/>\n<link rel=\"canonical\" href=\"https:\/\/pewetools.de\/shop\/categorie-produits\/adapter-fuer-schnellwechselsystem-a-und-e-20-mm-auf-25-mm\/\" \/>\n<meta property=\"og:locale\" content=\"fr_FR\" \/>\n<meta property=\"og:type\" content=\"article\" \/>\n<meta property=\"og:title\" content=\"Adaptateur pour syst\u00e8me de changement rapide - pewetools limited\" \/>\n<meta property=\"og:description\" content=\"L\u2019adaptateur A2025 est utilis\u00e9 dans sa forme normale, par exemple. AD2090 serr\u00e9 et peut accueillir un acier tournant de 25 mm de hauteur. Le support est con\u00e7u pour que la hauteur de coupe de l&#8217;acier tourn\u00e9 serr\u00e9 de 25 mm soit \u00e9gale \u00e0 celle d&#8217;un acier tourn\u00e9 de 20 mm serr\u00e9 dans la norme AD2090.\" \/>\n<meta property=\"og:url\" content=\"https:\/\/pewetools.de\/shop\/categorie-produits\/adapter-fuer-schnellwechselsystem-a-und-e-20-mm-auf-25-mm\/\" \/>\n<meta property=\"og:site_name\" content=\"PeWeTools Schnellwechselhalter nach System Multifix\" \/>\n<meta property=\"article:modified_time\" content=\"2025-03-12T14:53:25+00:00\" \/>\n<meta property=\"og:image\" content=\"https:\/\/pewetools.de\/wp-content\/uploads\/2018\/11\/16zu20vorne-Hauptbild.jpg\" \/>\n\t<meta property=\"og:image:width\" content=\"1000\" \/>\n\t<meta property=\"og:image:height\" content=\"1000\" \/>\n\t<meta property=\"og:image:type\" content=\"image\/jpeg\" \/>\n<meta name=\"twitter:card\" content=\"summary_large_image\" \/>\n<script type=\"application\/ld+json\" class=\"yoast-schema-graph\">{\"@context\":\"https:\\\/\\\/schema.org\",\"@graph\":[{\"@type\":\"WebPage\",\"@id\":\"https:\\\/\\\/pewetools.de\\\/shop\\\/categorie-produits\\\/adapter-fuer-schnellwechselsystem-a-und-e-20-mm-auf-25-mm\\\/\",\"url\":\"https:\\\/\\\/pewetools.de\\\/shop\\\/categorie-produits\\\/adapter-fuer-schnellwechselsystem-a-und-e-20-mm-auf-25-mm\\\/\",\"name\":\"Adaptateur pour syst\u00e8me de changement rapide - pewetools limited\",\"isPartOf\":{\"@id\":\"https:\\\/\\\/pewetools.de\\\/#website\"},\"primaryImageOfPage\":{\"@id\":\"https:\\\/\\\/pewetools.de\\\/shop\\\/categorie-produits\\\/adapter-fuer-schnellwechselsystem-a-und-e-20-mm-auf-25-mm\\\/#primaryimage\"},\"image\":{\"@id\":\"https:\\\/\\\/pewetools.de\\\/shop\\\/categorie-produits\\\/adapter-fuer-schnellwechselsystem-a-und-e-20-mm-auf-25-mm\\\/#primaryimage\"},\"thumbnailUrl\":\"https:\\\/\\\/pewetools.de\\\/wp-content\\\/uploads\\\/2018\\\/11\\\/16zu20vorne-Hauptbild.jpg\",\"datePublished\":\"2018-10-18T11:22:03+00:00\",\"dateModified\":\"2025-03-12T14:53:25+00:00\",\"breadcrumb\":{\"@id\":\"https:\\\/\\\/pewetools.de\\\/shop\\\/categorie-produits\\\/adapter-fuer-schnellwechselsystem-a-und-e-20-mm-auf-25-mm\\\/#breadcrumb\"},\"inLanguage\":\"fr-FR\",\"potentialAction\":[{\"@type\":\"ReadAction\",\"target\":[\"https:\\\/\\\/pewetools.de\\\/shop\\\/categorie-produits\\\/adapter-fuer-schnellwechselsystem-a-und-e-20-mm-auf-25-mm\\\/\"]}]},{\"@type\":\"ImageObject\",\"inLanguage\":\"fr-FR\",\"@id\":\"https:\\\/\\\/pewetools.de\\\/shop\\\/categorie-produits\\\/adapter-fuer-schnellwechselsystem-a-und-e-20-mm-auf-25-mm\\\/#primaryimage\",\"url\":\"https:\\\/\\\/pewetools.de\\\/wp-content\\\/uploads\\\/2018\\\/11\\\/16zu20vorne-Hauptbild.jpg\",\"contentUrl\":\"https:\\\/\\\/pewetools.de\\\/wp-content\\\/uploads\\\/2018\\\/11\\\/16zu20vorne-Hauptbild.jpg\",\"width\":1000,\"height\":1000},{\"@type\":\"BreadcrumbList\",\"@id\":\"https:\\\/\\\/pewetools.de\\\/shop\\\/categorie-produits\\\/adapter-fuer-schnellwechselsystem-a-und-e-20-mm-auf-25-mm\\\/#breadcrumb\",\"itemListElement\":[{\"@type\":\"ListItem\",\"position\":1,\"name\":\"maison\",\"item\":\"https:\\\/\\\/pewetools.de\\\/fr\\\/\"},{\"@type\":\"ListItem\",\"position\":2,\"name\":\"Shop\",\"item\":\"https:\\\/\\\/pewetools.de\\\/fr\\\/shop\\\/\"},{\"@type\":\"ListItem\",\"position\":3,\"name\":\"Adaptateur pour syst\u00e8me de changement rapide A e E &#8211; 20 mm \u00e0 25 mm\"}]},{\"@type\":\"WebSite\",\"@id\":\"https:\\\/\\\/pewetools.de\\\/#website\",\"url\":\"https:\\\/\\\/pewetools.de\\\/\",\"name\":\"PeWeTools Schnellwechselhalter nach System Multifix\",\"description\":\"\",\"potentialAction\":[{\"@type\":\"SearchAction\",\"target\":{\"@type\":\"EntryPoint\",\"urlTemplate\":\"https:\\\/\\\/pewetools.de\\\/?s={search_term_string}\"},\"query-input\":{\"@type\":\"PropertyValueSpecification\",\"valueRequired\":true,\"valueName\":\"search_term_string\"}}],\"inLanguage\":\"fr-FR\"}]}<\/script>\n<!-- \/ Yoast SEO plugin. -->","yoast_head_json":{"title":"Adaptateur pour syst\u00e8me de changement rapide - pewetools limited","robots":{"index":"index","follow":"follow","max-snippet":"max-snippet:-1","max-image-preview":"max-image-preview:large","max-video-preview":"max-video-preview:-1"},"canonical":"https:\/\/pewetools.de\/shop\/categorie-produits\/adapter-fuer-schnellwechselsystem-a-und-e-20-mm-auf-25-mm\/","og_locale":"fr_FR","og_type":"article","og_title":"Adaptateur pour syst\u00e8me de changement rapide - pewetools limited","og_description":"L\u2019adaptateur A2025 est utilis\u00e9 dans sa forme normale, par exemple. AD2090 serr\u00e9 et peut accueillir un acier tournant de 25 mm de hauteur. Le support est con\u00e7u pour que la hauteur de coupe de l&#8217;acier tourn\u00e9 serr\u00e9 de 25 mm soit \u00e9gale \u00e0 celle d&#8217;un acier tourn\u00e9 de 20 mm serr\u00e9 dans la norme AD2090.","og_url":"https:\/\/pewetools.de\/shop\/categorie-produits\/adapter-fuer-schnellwechselsystem-a-und-e-20-mm-auf-25-mm\/","og_site_name":"PeWeTools Schnellwechselhalter nach System Multifix","article_modified_time":"2025-03-12T14:53:25+00:00","og_image":[{"width":1000,"height":1000,"url":"https:\/\/pewetools.de\/wp-content\/uploads\/2018\/11\/16zu20vorne-Hauptbild.jpg","type":"image\/jpeg"}],"twitter_card":"summary_large_image","schema":{"@context":"https:\/\/schema.org","@graph":[{"@type":"WebPage","@id":"https:\/\/pewetools.de\/shop\/categorie-produits\/adapter-fuer-schnellwechselsystem-a-und-e-20-mm-auf-25-mm\/","url":"https:\/\/pewetools.de\/shop\/categorie-produits\/adapter-fuer-schnellwechselsystem-a-und-e-20-mm-auf-25-mm\/","name":"Adaptateur pour syst\u00e8me de changement rapide - pewetools limited","isPartOf":{"@id":"https:\/\/pewetools.de\/#website"},"primaryImageOfPage":{"@id":"https:\/\/pewetools.de\/shop\/categorie-produits\/adapter-fuer-schnellwechselsystem-a-und-e-20-mm-auf-25-mm\/#primaryimage"},"image":{"@id":"https:\/\/pewetools.de\/shop\/categorie-produits\/adapter-fuer-schnellwechselsystem-a-und-e-20-mm-auf-25-mm\/#primaryimage"},"thumbnailUrl":"https:\/\/pewetools.de\/wp-content\/uploads\/2018\/11\/16zu20vorne-Hauptbild.jpg","datePublished":"2018-10-18T11:22:03+00:00","dateModified":"2025-03-12T14:53:25+00:00","breadcrumb":{"@id":"https:\/\/pewetools.de\/shop\/categorie-produits\/adapter-fuer-schnellwechselsystem-a-und-e-20-mm-auf-25-mm\/#breadcrumb"},"inLanguage":"fr-FR","potentialAction":[{"@type":"ReadAction","target":["https:\/\/pewetools.de\/shop\/categorie-produits\/adapter-fuer-schnellwechselsystem-a-und-e-20-mm-auf-25-mm\/"]}]},{"@type":"ImageObject","inLanguage":"fr-FR","@id":"https:\/\/pewetools.de\/shop\/categorie-produits\/adapter-fuer-schnellwechselsystem-a-und-e-20-mm-auf-25-mm\/#primaryimage","url":"https:\/\/pewetools.de\/wp-content\/uploads\/2018\/11\/16zu20vorne-Hauptbild.jpg","contentUrl":"https:\/\/pewetools.de\/wp-content\/uploads\/2018\/11\/16zu20vorne-Hauptbild.jpg","width":1000,"height":1000},{"@type":"BreadcrumbList","@id":"https:\/\/pewetools.de\/shop\/categorie-produits\/adapter-fuer-schnellwechselsystem-a-und-e-20-mm-auf-25-mm\/#breadcrumb","itemListElement":[{"@type":"ListItem","position":1,"name":"maison","item":"https:\/\/pewetools.de\/fr\/"},{"@type":"ListItem","position":2,"name":"Shop","item":"https:\/\/pewetools.de\/fr\/shop\/"},{"@type":"ListItem","position":3,"name":"Adaptateur pour syst\u00e8me de changement rapide A e E &#8211; 20 mm \u00e0 25 mm"}]},{"@type":"WebSite","@id":"https:\/\/pewetools.de\/#website","url":"https:\/\/pewetools.de\/","name":"PeWeTools Schnellwechselhalter nach System Multifix","description":"","potentialAction":[{"@type":"SearchAction","target":{"@type":"EntryPoint","urlTemplate":"https:\/\/pewetools.de\/?s={search_term_string}"},"query-input":{"@type":"PropertyValueSpecification","valueRequired":true,"valueName":"search_term_string"}}],"inLanguage":"fr-FR"}]}},"_links":{"self":[{"href":"https:\/\/pewetools.de\/fr\/wp-json\/wp\/v2\/product\/4458","targetHints":{"allow":["GET"]}}],"collection":[{"href":"https:\/\/pewetools.de\/fr\/wp-json\/wp\/v2\/product"}],"about":[{"href":"https:\/\/pewetools.de\/fr\/wp-json\/wp\/v2\/types\/product"}],"version-history":[{"count":1,"href":"https:\/\/pewetools.de\/fr\/wp-json\/wp\/v2\/product\/4458\/revisions"}],"predecessor-version":[{"id":15497,"href":"https:\/\/pewetools.de\/fr\/wp-json\/wp\/v2\/product\/4458\/revisions\/15497"}],"wp:featuredmedia":[{"embeddable":true,"href":"https:\/\/pewetools.de\/fr\/wp-json\/wp\/v2\/media\/6199"}],"wp:attachment":[{"href":"https:\/\/pewetools.de\/fr\/wp-json\/wp\/v2\/media?parent=4458"}],"wp:term":[{"taxonomy":"product_brand","embeddable":true,"href":"https:\/\/pewetools.de\/fr\/wp-json\/wp\/v2\/product_brand?post=4458"},{"taxonomy":"product_cat","embeddable":true,"href":"https:\/\/pewetools.de\/fr\/wp-json\/wp\/v2\/product_cat?post=4458"},{"taxonomy":"product_tag","embeddable":true,"href":"https:\/\/pewetools.de\/fr\/wp-json\/wp\/v2\/product_tag?post=4458"}],"curies":[{"name":"wp","href":"https:\/\/api.w.org\/{rel}","templated":true}]}}