{"id":4525,"date":"2018-11-02T09:53:11","date_gmt":"2018-11-02T08:53:11","guid":{"rendered":"https:\/\/pewetools.de\/shop\/produkt-kategorie\/adaptateur-pour-systeme-de-changement-rapide-as-e-a-16-mm-a-20-mm\/"},"modified":"2024-08-21T15:59:52","modified_gmt":"2024-08-21T13:59:52","slug":"adaptateur-pour-systeme-de-changement-rapide-as-e-a-16-mm-a-20-mm","status":"publish","type":"product","link":"https:\/\/pewetools.de\/fr\/shop\/categorie-produits\/adaptateur-pour-systeme-de-changement-rapide-as-e-a-16-mm-a-20-mm\/","title":{"rendered":"Adaptateur pour syst\u00e8me de changement rapide AS e A &#8211; 16 mm \u00e0 20 mm"},"content":{"rendered":"<p>L&#8217;adaptateur 1620 est fix\u00e9 dans un support normal ASD ou AD et peut accueillir un outil de tournage de 20 mm de hauteur.<\/p>\n<p>Le support est con\u00e7u de telle sorte que la hauteur du tranchant de l&#8217;outil de tournage de 20 mm serr\u00e9 soit \u00e0 la m\u00eame hauteur qu&#8217;un outil de tournage de 16 mm serr\u00e9 dans le support normal.<\/p>\n","protected":false},"excerpt":{"rendered":"<p>L&#8217;adaptateur 1620 est fix\u00e9 dans un support normal ASD ou AD et peut accueillir un outil de tournage de 20 mm de hauteur. Le support est con\u00e7u de telle sorte que la hauteur du tranchant de l&#8217;outil de tournage de 20 mm serr\u00e9 soit \u00e0 la m\u00eame hauteur qu&#8217;un outil de tournage de 16 mm [&hellip;]<\/p>\n","protected":false},"featured_media":6199,"template":"","meta":{"footnotes":""},"product_brand":[],"product_cat":[476,479,482],"product_tag":[],"class_list":{"0":"post-4525","1":"product","2":"type-product","3":"status-publish","4":"has-post-thumbnail","6":"product_cat-adaptateurs-supports-speciaux-et-flans","7":"product_cat-a","8":"product_cat-as","9":"product_shipping_class-paquet","11":"first","12":"instock","13":"taxable","14":"shipping-taxable","15":"purchasable","16":"product-type-simple"},"yoast_head":"<!-- This site is optimized with the Yoast SEO plugin v27.4 - https:\/\/yoast.com\/product\/yoast-seo-wordpress\/ -->\n<title>Adaptateur pour syst\u00e8me de changement rapide - pewetools limited<\/title>\n<meta name=\"robots\" content=\"index, follow, max-snippet:-1, max-image-preview:large, max-video-preview:-1\" \/>\n<link rel=\"canonical\" href=\"https:\/\/pewetools.de\/shop\/categorie-produits\/adapter-fuer-schnellwechselsystem-as-und-a-16-mm-auf-20-mm\/\" \/>\n<meta property=\"og:locale\" content=\"fr_FR\" \/>\n<meta property=\"og:type\" content=\"article\" \/>\n<meta property=\"og:title\" content=\"Adaptateur pour syst\u00e8me de changement rapide - pewetools limited\" \/>\n<meta property=\"og:description\" content=\"L&#8217;adaptateur 1620 est fix\u00e9 dans un support normal ASD ou AD et peut accueillir un outil de tournage de 20 mm de hauteur. Le support est con\u00e7u de telle sorte que la hauteur du tranchant de l&#8217;outil de tournage de 20 mm serr\u00e9 soit \u00e0 la m\u00eame hauteur qu&#8217;un outil de tournage de 16 mm [&hellip;]\" \/>\n<meta property=\"og:url\" content=\"https:\/\/pewetools.de\/shop\/categorie-produits\/adapter-fuer-schnellwechselsystem-as-und-a-16-mm-auf-20-mm\/\" \/>\n<meta property=\"og:site_name\" content=\"PeWeTools Schnellwechselhalter nach System Multifix\" \/>\n<meta property=\"article:modified_time\" content=\"2024-08-21T13:59:52+00:00\" \/>\n<meta property=\"og:image\" content=\"https:\/\/pewetools.de\/wp-content\/uploads\/2018\/11\/16zu20vorne-Hauptbild.jpg\" \/>\n\t<meta property=\"og:image:width\" content=\"1000\" \/>\n\t<meta property=\"og:image:height\" content=\"1000\" \/>\n\t<meta property=\"og:image:type\" content=\"image\/jpeg\" \/>\n<meta name=\"twitter:card\" content=\"summary_large_image\" \/>\n<script type=\"application\/ld+json\" class=\"yoast-schema-graph\">{\"@context\":\"https:\\\/\\\/schema.org\",\"@graph\":[{\"@type\":\"WebPage\",\"@id\":\"https:\\\/\\\/pewetools.de\\\/shop\\\/categorie-produits\\\/adapter-fuer-schnellwechselsystem-as-und-a-16-mm-auf-20-mm\\\/\",\"url\":\"https:\\\/\\\/pewetools.de\\\/shop\\\/categorie-produits\\\/adapter-fuer-schnellwechselsystem-as-und-a-16-mm-auf-20-mm\\\/\",\"name\":\"Adaptateur pour syst\u00e8me de changement rapide - pewetools limited\",\"isPartOf\":{\"@id\":\"https:\\\/\\\/pewetools.de\\\/#website\"},\"primaryImageOfPage\":{\"@id\":\"https:\\\/\\\/pewetools.de\\\/shop\\\/categorie-produits\\\/adapter-fuer-schnellwechselsystem-as-und-a-16-mm-auf-20-mm\\\/#primaryimage\"},\"image\":{\"@id\":\"https:\\\/\\\/pewetools.de\\\/shop\\\/categorie-produits\\\/adapter-fuer-schnellwechselsystem-as-und-a-16-mm-auf-20-mm\\\/#primaryimage\"},\"thumbnailUrl\":\"https:\\\/\\\/pewetools.de\\\/wp-content\\\/uploads\\\/2018\\\/11\\\/16zu20vorne-Hauptbild.jpg\",\"datePublished\":\"2018-11-02T08:53:11+00:00\",\"dateModified\":\"2024-08-21T13:59:52+00:00\",\"breadcrumb\":{\"@id\":\"https:\\\/\\\/pewetools.de\\\/shop\\\/categorie-produits\\\/adapter-fuer-schnellwechselsystem-as-und-a-16-mm-auf-20-mm\\\/#breadcrumb\"},\"inLanguage\":\"fr-FR\",\"potentialAction\":[{\"@type\":\"ReadAction\",\"target\":[\"https:\\\/\\\/pewetools.de\\\/shop\\\/categorie-produits\\\/adapter-fuer-schnellwechselsystem-as-und-a-16-mm-auf-20-mm\\\/\"]}]},{\"@type\":\"ImageObject\",\"inLanguage\":\"fr-FR\",\"@id\":\"https:\\\/\\\/pewetools.de\\\/shop\\\/categorie-produits\\\/adapter-fuer-schnellwechselsystem-as-und-a-16-mm-auf-20-mm\\\/#primaryimage\",\"url\":\"https:\\\/\\\/pewetools.de\\\/wp-content\\\/uploads\\\/2018\\\/11\\\/16zu20vorne-Hauptbild.jpg\",\"contentUrl\":\"https:\\\/\\\/pewetools.de\\\/wp-content\\\/uploads\\\/2018\\\/11\\\/16zu20vorne-Hauptbild.jpg\",\"width\":1000,\"height\":1000},{\"@type\":\"BreadcrumbList\",\"@id\":\"https:\\\/\\\/pewetools.de\\\/shop\\\/categorie-produits\\\/adapter-fuer-schnellwechselsystem-as-und-a-16-mm-auf-20-mm\\\/#breadcrumb\",\"itemListElement\":[{\"@type\":\"ListItem\",\"position\":1,\"name\":\"maison\",\"item\":\"https:\\\/\\\/pewetools.de\\\/fr\\\/\"},{\"@type\":\"ListItem\",\"position\":2,\"name\":\"Shop\",\"item\":\"https:\\\/\\\/pewetools.de\\\/fr\\\/shop\\\/\"},{\"@type\":\"ListItem\",\"position\":3,\"name\":\"Adaptateur pour syst\u00e8me de changement rapide AS e A &#8211; 16 mm \u00e0 20 mm\"}]},{\"@type\":\"WebSite\",\"@id\":\"https:\\\/\\\/pewetools.de\\\/#website\",\"url\":\"https:\\\/\\\/pewetools.de\\\/\",\"name\":\"PeWeTools Schnellwechselhalter nach System Multifix\",\"description\":\"\",\"potentialAction\":[{\"@type\":\"SearchAction\",\"target\":{\"@type\":\"EntryPoint\",\"urlTemplate\":\"https:\\\/\\\/pewetools.de\\\/?s={search_term_string}\"},\"query-input\":{\"@type\":\"PropertyValueSpecification\",\"valueRequired\":true,\"valueName\":\"search_term_string\"}}],\"inLanguage\":\"fr-FR\"}]}<\/script>\n<!-- \/ Yoast SEO plugin. -->","yoast_head_json":{"title":"Adaptateur pour syst\u00e8me de changement rapide - pewetools limited","robots":{"index":"index","follow":"follow","max-snippet":"max-snippet:-1","max-image-preview":"max-image-preview:large","max-video-preview":"max-video-preview:-1"},"canonical":"https:\/\/pewetools.de\/shop\/categorie-produits\/adapter-fuer-schnellwechselsystem-as-und-a-16-mm-auf-20-mm\/","og_locale":"fr_FR","og_type":"article","og_title":"Adaptateur pour syst\u00e8me de changement rapide - pewetools limited","og_description":"L&#8217;adaptateur 1620 est fix\u00e9 dans un support normal ASD ou AD et peut accueillir un outil de tournage de 20 mm de hauteur. Le support est con\u00e7u de telle sorte que la hauteur du tranchant de l&#8217;outil de tournage de 20 mm serr\u00e9 soit \u00e0 la m\u00eame hauteur qu&#8217;un outil de tournage de 16 mm [&hellip;]","og_url":"https:\/\/pewetools.de\/shop\/categorie-produits\/adapter-fuer-schnellwechselsystem-as-und-a-16-mm-auf-20-mm\/","og_site_name":"PeWeTools Schnellwechselhalter nach System Multifix","article_modified_time":"2024-08-21T13:59:52+00:00","og_image":[{"width":1000,"height":1000,"url":"https:\/\/pewetools.de\/wp-content\/uploads\/2018\/11\/16zu20vorne-Hauptbild.jpg","type":"image\/jpeg"}],"twitter_card":"summary_large_image","schema":{"@context":"https:\/\/schema.org","@graph":[{"@type":"WebPage","@id":"https:\/\/pewetools.de\/shop\/categorie-produits\/adapter-fuer-schnellwechselsystem-as-und-a-16-mm-auf-20-mm\/","url":"https:\/\/pewetools.de\/shop\/categorie-produits\/adapter-fuer-schnellwechselsystem-as-und-a-16-mm-auf-20-mm\/","name":"Adaptateur pour syst\u00e8me de changement rapide - pewetools limited","isPartOf":{"@id":"https:\/\/pewetools.de\/#website"},"primaryImageOfPage":{"@id":"https:\/\/pewetools.de\/shop\/categorie-produits\/adapter-fuer-schnellwechselsystem-as-und-a-16-mm-auf-20-mm\/#primaryimage"},"image":{"@id":"https:\/\/pewetools.de\/shop\/categorie-produits\/adapter-fuer-schnellwechselsystem-as-und-a-16-mm-auf-20-mm\/#primaryimage"},"thumbnailUrl":"https:\/\/pewetools.de\/wp-content\/uploads\/2018\/11\/16zu20vorne-Hauptbild.jpg","datePublished":"2018-11-02T08:53:11+00:00","dateModified":"2024-08-21T13:59:52+00:00","breadcrumb":{"@id":"https:\/\/pewetools.de\/shop\/categorie-produits\/adapter-fuer-schnellwechselsystem-as-und-a-16-mm-auf-20-mm\/#breadcrumb"},"inLanguage":"fr-FR","potentialAction":[{"@type":"ReadAction","target":["https:\/\/pewetools.de\/shop\/categorie-produits\/adapter-fuer-schnellwechselsystem-as-und-a-16-mm-auf-20-mm\/"]}]},{"@type":"ImageObject","inLanguage":"fr-FR","@id":"https:\/\/pewetools.de\/shop\/categorie-produits\/adapter-fuer-schnellwechselsystem-as-und-a-16-mm-auf-20-mm\/#primaryimage","url":"https:\/\/pewetools.de\/wp-content\/uploads\/2018\/11\/16zu20vorne-Hauptbild.jpg","contentUrl":"https:\/\/pewetools.de\/wp-content\/uploads\/2018\/11\/16zu20vorne-Hauptbild.jpg","width":1000,"height":1000},{"@type":"BreadcrumbList","@id":"https:\/\/pewetools.de\/shop\/categorie-produits\/adapter-fuer-schnellwechselsystem-as-und-a-16-mm-auf-20-mm\/#breadcrumb","itemListElement":[{"@type":"ListItem","position":1,"name":"maison","item":"https:\/\/pewetools.de\/fr\/"},{"@type":"ListItem","position":2,"name":"Shop","item":"https:\/\/pewetools.de\/fr\/shop\/"},{"@type":"ListItem","position":3,"name":"Adaptateur pour syst\u00e8me de changement rapide AS e A &#8211; 16 mm \u00e0 20 mm"}]},{"@type":"WebSite","@id":"https:\/\/pewetools.de\/#website","url":"https:\/\/pewetools.de\/","name":"PeWeTools Schnellwechselhalter nach System Multifix","description":"","potentialAction":[{"@type":"SearchAction","target":{"@type":"EntryPoint","urlTemplate":"https:\/\/pewetools.de\/?s={search_term_string}"},"query-input":{"@type":"PropertyValueSpecification","valueRequired":true,"valueName":"search_term_string"}}],"inLanguage":"fr-FR"}]}},"_links":{"self":[{"href":"https:\/\/pewetools.de\/fr\/wp-json\/wp\/v2\/product\/4525","targetHints":{"allow":["GET"]}}],"collection":[{"href":"https:\/\/pewetools.de\/fr\/wp-json\/wp\/v2\/product"}],"about":[{"href":"https:\/\/pewetools.de\/fr\/wp-json\/wp\/v2\/types\/product"}],"version-history":[{"count":1,"href":"https:\/\/pewetools.de\/fr\/wp-json\/wp\/v2\/product\/4525\/revisions"}],"predecessor-version":[{"id":7946,"href":"https:\/\/pewetools.de\/fr\/wp-json\/wp\/v2\/product\/4525\/revisions\/7946"}],"wp:featuredmedia":[{"embeddable":true,"href":"https:\/\/pewetools.de\/fr\/wp-json\/wp\/v2\/media\/6199"}],"wp:attachment":[{"href":"https:\/\/pewetools.de\/fr\/wp-json\/wp\/v2\/media?parent=4525"}],"wp:term":[{"taxonomy":"product_brand","embeddable":true,"href":"https:\/\/pewetools.de\/fr\/wp-json\/wp\/v2\/product_brand?post=4525"},{"taxonomy":"product_cat","embeddable":true,"href":"https:\/\/pewetools.de\/fr\/wp-json\/wp\/v2\/product_cat?post=4525"},{"taxonomy":"product_tag","embeddable":true,"href":"https:\/\/pewetools.de\/fr\/wp-json\/wp\/v2\/product_tag?post=4525"}],"curies":[{"name":"wp","href":"https:\/\/api.w.org\/{rel}","templated":true}]}}