{"id":4612,"date":"2018-10-25T15:02:44","date_gmt":"2018-10-25T13:02:44","guid":{"rendered":"https:\/\/pewetools.de\/shop\/produkt-kategorie\/tige-hss-ronde-5-x-100-mm\/"},"modified":"2024-08-21T15:59:55","modified_gmt":"2024-08-21T13:59:55","slug":"tige-hss-ronde-5-x-60-mm","status":"publish","type":"product","link":"https:\/\/pewetools.de\/fr\/shop\/categorie-produits\/tige-hss-ronde-5-x-60-mm\/","title":{"rendered":"Tige HSS, ronde, 5 x 60 mm"},"content":{"rendered":"<p><span class=\"tlid-translation translation\"><span class=\"\" title=\"\">Convient aux d\u00e9tenteurs de changement rapide:<\/span><\/span><\/p>\n<p><span class=\"\" title=\"\">AaaH0632<\/span><br \/>\n<span class=\"\" title=\"\">AaaJ0532<\/span><span title=\"\">&#8211;<\/span><span title=\"\">S<\/span><br \/>\n<span class=\"\" title=\"\">AaaJ0532<\/span><span title=\"\">&#8211;<\/span><span title=\"\">L<\/span><br \/>\n<span class=\"\" title=\"\">AaaJ0532<\/span><span title=\"\">-R<\/span><br \/>\n<span title=\"\">AaH1250<\/span><\/p>\n<p><span title=\"\">ainsi qu&#8217;avec Prisma \u00e9galement pour les d\u00e9tenteurs de syst\u00e8mes de taille A et AS<\/span><\/p>\n<p><span title=\"\">(HSS signifie High Speed Steel) et d\u00e9signe un acier \u00e0 outils alli\u00e9 caract\u00e9ris\u00e9 par une duret\u00e9 et une r\u00e9sistance \u00e0 l&#8217;usure sup\u00e9rieures.)<\/span><\/p>\n","protected":false},"excerpt":{"rendered":"<p>Convient aux d\u00e9tenteurs de changement rapide: AaaH0632 AaaJ0532&#8211;S AaaJ0532&#8211;L AaaJ0532-R AaH1250 ainsi qu&#8217;avec Prisma \u00e9galement pour les d\u00e9tenteurs de syst\u00e8mes de taille A et AS (HSS signifie High Speed Steel) et d\u00e9signe un acier \u00e0 outils alli\u00e9 caract\u00e9ris\u00e9 par une duret\u00e9 et une r\u00e9sistance \u00e0 l&#8217;usure sup\u00e9rieures.)<\/p>\n","protected":false},"featured_media":14059,"template":"","meta":{"footnotes":""},"product_brand":[],"product_cat":[489],"product_tag":[],"class_list":{"0":"post-4612","1":"product","2":"type-product","3":"status-publish","4":"has-post-thumbnail","6":"product_cat-accessoires-et-pieces-de-rechange","7":"product_shipping_class-paquet","9":"first","10":"instock","11":"taxable","12":"shipping-taxable","13":"purchasable","14":"product-type-simple"},"yoast_head":"<!-- This site is optimized with the Yoast SEO plugin v27.4 - https:\/\/yoast.com\/product\/yoast-seo-wordpress\/ -->\n<title>Tige HSS, ronde - pewetools limited<\/title>\n<meta name=\"robots\" content=\"index, follow, max-snippet:-1, max-image-preview:large, max-video-preview:-1\" \/>\n<link rel=\"canonical\" href=\"https:\/\/pewetools.de\/fr\/shop\/categorie-produits\/tige-hss-ronde-5-x-60-mm\/\" \/>\n<meta property=\"og:locale\" content=\"fr_FR\" \/>\n<meta property=\"og:type\" content=\"article\" \/>\n<meta property=\"og:title\" content=\"Tige HSS, ronde - pewetools limited\" \/>\n<meta property=\"og:description\" content=\"Convient aux d\u00e9tenteurs de changement rapide: AaaH0632 AaaJ0532&#8211;S AaaJ0532&#8211;L AaaJ0532-R AaH1250 ainsi qu&#8217;avec Prisma \u00e9galement pour les d\u00e9tenteurs de syst\u00e8mes de taille A et AS (HSS signifie High Speed Steel) et d\u00e9signe un acier \u00e0 outils alli\u00e9 caract\u00e9ris\u00e9 par une duret\u00e9 et une r\u00e9sistance \u00e0 l&#8217;usure sup\u00e9rieures.)\" \/>\n<meta property=\"og:url\" content=\"https:\/\/pewetools.de\/fr\/shop\/categorie-produits\/tige-hss-ronde-5-x-60-mm\/\" \/>\n<meta property=\"og:site_name\" content=\"PeWeTools Schnellwechselhalter nach System Multifix\" \/>\n<meta property=\"article:modified_time\" content=\"2024-08-21T13:59:55+00:00\" \/>\n<meta property=\"og:image\" content=\"https:\/\/pewetools.de\/wp-content\/uploads\/2018\/10\/5x60.jpg-1.jpg\" \/>\n\t<meta property=\"og:image:width\" content=\"2173\" \/>\n\t<meta property=\"og:image:height\" content=\"1135\" \/>\n\t<meta property=\"og:image:type\" content=\"image\/jpeg\" \/>\n<meta name=\"twitter:card\" content=\"summary_large_image\" \/>\n<meta name=\"twitter:label1\" content=\"Dur\u00e9e de lecture estim\u00e9e\" \/>\n\t<meta name=\"twitter:data1\" content=\"1 minute\" \/>\n<script type=\"application\/ld+json\" class=\"yoast-schema-graph\">{\"@context\":\"https:\\\/\\\/schema.org\",\"@graph\":[{\"@type\":\"WebPage\",\"@id\":\"https:\\\/\\\/pewetools.de\\\/fr\\\/shop\\\/categorie-produits\\\/tige-hss-ronde-5-x-60-mm\\\/\",\"url\":\"https:\\\/\\\/pewetools.de\\\/fr\\\/shop\\\/categorie-produits\\\/tige-hss-ronde-5-x-60-mm\\\/\",\"name\":\"Tige HSS, ronde - pewetools limited\",\"isPartOf\":{\"@id\":\"https:\\\/\\\/pewetools.de\\\/#website\"},\"primaryImageOfPage\":{\"@id\":\"https:\\\/\\\/pewetools.de\\\/fr\\\/shop\\\/categorie-produits\\\/tige-hss-ronde-5-x-60-mm\\\/#primaryimage\"},\"image\":{\"@id\":\"https:\\\/\\\/pewetools.de\\\/fr\\\/shop\\\/categorie-produits\\\/tige-hss-ronde-5-x-60-mm\\\/#primaryimage\"},\"thumbnailUrl\":\"https:\\\/\\\/pewetools.de\\\/wp-content\\\/uploads\\\/2018\\\/10\\\/5x60.jpg-1.jpg\",\"datePublished\":\"2018-10-25T13:02:44+00:00\",\"dateModified\":\"2024-08-21T13:59:55+00:00\",\"breadcrumb\":{\"@id\":\"https:\\\/\\\/pewetools.de\\\/fr\\\/shop\\\/categorie-produits\\\/tige-hss-ronde-5-x-60-mm\\\/#breadcrumb\"},\"inLanguage\":\"fr-FR\",\"potentialAction\":[{\"@type\":\"ReadAction\",\"target\":[\"https:\\\/\\\/pewetools.de\\\/fr\\\/shop\\\/categorie-produits\\\/tige-hss-ronde-5-x-60-mm\\\/\"]}]},{\"@type\":\"ImageObject\",\"inLanguage\":\"fr-FR\",\"@id\":\"https:\\\/\\\/pewetools.de\\\/fr\\\/shop\\\/categorie-produits\\\/tige-hss-ronde-5-x-60-mm\\\/#primaryimage\",\"url\":\"https:\\\/\\\/pewetools.de\\\/wp-content\\\/uploads\\\/2018\\\/10\\\/5x60.jpg-1.jpg\",\"contentUrl\":\"https:\\\/\\\/pewetools.de\\\/wp-content\\\/uploads\\\/2018\\\/10\\\/5x60.jpg-1.jpg\",\"width\":2173,\"height\":1135},{\"@type\":\"BreadcrumbList\",\"@id\":\"https:\\\/\\\/pewetools.de\\\/fr\\\/shop\\\/categorie-produits\\\/tige-hss-ronde-5-x-60-mm\\\/#breadcrumb\",\"itemListElement\":[{\"@type\":\"ListItem\",\"position\":1,\"name\":\"maison\",\"item\":\"https:\\\/\\\/pewetools.de\\\/fr\\\/\"},{\"@type\":\"ListItem\",\"position\":2,\"name\":\"Shop\",\"item\":\"https:\\\/\\\/pewetools.de\\\/fr\\\/shop\\\/\"},{\"@type\":\"ListItem\",\"position\":3,\"name\":\"Tige HSS, ronde, 5 x 60 mm\"}]},{\"@type\":\"WebSite\",\"@id\":\"https:\\\/\\\/pewetools.de\\\/#website\",\"url\":\"https:\\\/\\\/pewetools.de\\\/\",\"name\":\"PeWeTools Schnellwechselhalter nach System Multifix\",\"description\":\"\",\"potentialAction\":[{\"@type\":\"SearchAction\",\"target\":{\"@type\":\"EntryPoint\",\"urlTemplate\":\"https:\\\/\\\/pewetools.de\\\/?s={search_term_string}\"},\"query-input\":{\"@type\":\"PropertyValueSpecification\",\"valueRequired\":true,\"valueName\":\"search_term_string\"}}],\"inLanguage\":\"fr-FR\"}]}<\/script>\n<!-- \/ Yoast SEO plugin. -->","yoast_head_json":{"title":"Tige HSS, ronde - pewetools limited","robots":{"index":"index","follow":"follow","max-snippet":"max-snippet:-1","max-image-preview":"max-image-preview:large","max-video-preview":"max-video-preview:-1"},"canonical":"https:\/\/pewetools.de\/fr\/shop\/categorie-produits\/tige-hss-ronde-5-x-60-mm\/","og_locale":"fr_FR","og_type":"article","og_title":"Tige HSS, ronde - pewetools limited","og_description":"Convient aux d\u00e9tenteurs de changement rapide: AaaH0632 AaaJ0532&#8211;S AaaJ0532&#8211;L AaaJ0532-R AaH1250 ainsi qu&#8217;avec Prisma \u00e9galement pour les d\u00e9tenteurs de syst\u00e8mes de taille A et AS (HSS signifie High Speed Steel) et d\u00e9signe un acier \u00e0 outils alli\u00e9 caract\u00e9ris\u00e9 par une duret\u00e9 et une r\u00e9sistance \u00e0 l&#8217;usure sup\u00e9rieures.)","og_url":"https:\/\/pewetools.de\/fr\/shop\/categorie-produits\/tige-hss-ronde-5-x-60-mm\/","og_site_name":"PeWeTools Schnellwechselhalter nach System Multifix","article_modified_time":"2024-08-21T13:59:55+00:00","og_image":[{"width":2173,"height":1135,"url":"https:\/\/pewetools.de\/wp-content\/uploads\/2018\/10\/5x60.jpg-1.jpg","type":"image\/jpeg"}],"twitter_card":"summary_large_image","twitter_misc":{"Dur\u00e9e de lecture estim\u00e9e":"1 minute"},"schema":{"@context":"https:\/\/schema.org","@graph":[{"@type":"WebPage","@id":"https:\/\/pewetools.de\/fr\/shop\/categorie-produits\/tige-hss-ronde-5-x-60-mm\/","url":"https:\/\/pewetools.de\/fr\/shop\/categorie-produits\/tige-hss-ronde-5-x-60-mm\/","name":"Tige HSS, ronde - pewetools limited","isPartOf":{"@id":"https:\/\/pewetools.de\/#website"},"primaryImageOfPage":{"@id":"https:\/\/pewetools.de\/fr\/shop\/categorie-produits\/tige-hss-ronde-5-x-60-mm\/#primaryimage"},"image":{"@id":"https:\/\/pewetools.de\/fr\/shop\/categorie-produits\/tige-hss-ronde-5-x-60-mm\/#primaryimage"},"thumbnailUrl":"https:\/\/pewetools.de\/wp-content\/uploads\/2018\/10\/5x60.jpg-1.jpg","datePublished":"2018-10-25T13:02:44+00:00","dateModified":"2024-08-21T13:59:55+00:00","breadcrumb":{"@id":"https:\/\/pewetools.de\/fr\/shop\/categorie-produits\/tige-hss-ronde-5-x-60-mm\/#breadcrumb"},"inLanguage":"fr-FR","potentialAction":[{"@type":"ReadAction","target":["https:\/\/pewetools.de\/fr\/shop\/categorie-produits\/tige-hss-ronde-5-x-60-mm\/"]}]},{"@type":"ImageObject","inLanguage":"fr-FR","@id":"https:\/\/pewetools.de\/fr\/shop\/categorie-produits\/tige-hss-ronde-5-x-60-mm\/#primaryimage","url":"https:\/\/pewetools.de\/wp-content\/uploads\/2018\/10\/5x60.jpg-1.jpg","contentUrl":"https:\/\/pewetools.de\/wp-content\/uploads\/2018\/10\/5x60.jpg-1.jpg","width":2173,"height":1135},{"@type":"BreadcrumbList","@id":"https:\/\/pewetools.de\/fr\/shop\/categorie-produits\/tige-hss-ronde-5-x-60-mm\/#breadcrumb","itemListElement":[{"@type":"ListItem","position":1,"name":"maison","item":"https:\/\/pewetools.de\/fr\/"},{"@type":"ListItem","position":2,"name":"Shop","item":"https:\/\/pewetools.de\/fr\/shop\/"},{"@type":"ListItem","position":3,"name":"Tige HSS, ronde, 5 x 60 mm"}]},{"@type":"WebSite","@id":"https:\/\/pewetools.de\/#website","url":"https:\/\/pewetools.de\/","name":"PeWeTools Schnellwechselhalter nach System Multifix","description":"","potentialAction":[{"@type":"SearchAction","target":{"@type":"EntryPoint","urlTemplate":"https:\/\/pewetools.de\/?s={search_term_string}"},"query-input":{"@type":"PropertyValueSpecification","valueRequired":true,"valueName":"search_term_string"}}],"inLanguage":"fr-FR"}]}},"_links":{"self":[{"href":"https:\/\/pewetools.de\/fr\/wp-json\/wp\/v2\/product\/4612","targetHints":{"allow":["GET"]}}],"collection":[{"href":"https:\/\/pewetools.de\/fr\/wp-json\/wp\/v2\/product"}],"about":[{"href":"https:\/\/pewetools.de\/fr\/wp-json\/wp\/v2\/types\/product"}],"version-history":[{"count":0,"href":"https:\/\/pewetools.de\/fr\/wp-json\/wp\/v2\/product\/4612\/revisions"}],"wp:featuredmedia":[{"embeddable":true,"href":"https:\/\/pewetools.de\/fr\/wp-json\/wp\/v2\/media\/14059"}],"wp:attachment":[{"href":"https:\/\/pewetools.de\/fr\/wp-json\/wp\/v2\/media?parent=4612"}],"wp:term":[{"taxonomy":"product_brand","embeddable":true,"href":"https:\/\/pewetools.de\/fr\/wp-json\/wp\/v2\/product_brand?post=4612"},{"taxonomy":"product_cat","embeddable":true,"href":"https:\/\/pewetools.de\/fr\/wp-json\/wp\/v2\/product_cat?post=4612"},{"taxonomy":"product_tag","embeddable":true,"href":"https:\/\/pewetools.de\/fr\/wp-json\/wp\/v2\/product_tag?post=4612"}],"curies":[{"name":"wp","href":"https:\/\/api.w.org\/{rel}","templated":true}]}}