{"id":4623,"date":"2018-12-27T15:29:30","date_gmt":"2018-12-27T14:29:30","guid":{"rendered":"https:\/\/pewetools.de\/shop\/produkt-kategorie\/tourelle-porte-outils-a-changement-rapide-set-aa1250-avec-aat1250\/"},"modified":"2025-08-25T14:36:23","modified_gmt":"2025-08-25T12:36:23","slug":"tourelle-porte-outils-a-changement-rapide-set-aa1250-avec-aat1250","status":"publish","type":"product","link":"https:\/\/pewetools.de\/fr\/shop\/categorie-produits\/tourelle-porte-outils-a-changement-rapide-set-aa1250-avec-aat1250\/","title":{"rendered":"Tourelle porte-outils \u00e0 changement rapide Set Aa1250 avec AaT1250"},"content":{"rendered":"<p><span class=\"tlid-translation translation\"><span title=\"\">Inclus:<\/span><\/span><\/p>\n<p><span title=\"\">1 corps principal Aa<\/span><br \/>\n<span title=\"\">1 goupille<\/span><br \/>\n<span title=\"\">1 support AaH1250 pour tenir les outils de tournage rond avec max.<\/span> <span title=\"\">Diam\u00e8tre 12mm<\/span><br \/>\n<span title=\"\">(La rainure en V ne correspondant pas \u00e0 l&#8217;ensemble du support de l&#8217;outil de tournage, il est possible de serrer ici des supports rectangulaires d&#8217;une largeur minimale de 8 mm.)<\/span><br \/>\n<span title=\"\">2 supports AaD1250 pour tenir les outils de tournage rectangulaires avec max.<\/span> <span title=\"\">Hauteur 12mm<\/span><br \/>\n<span title=\"\">1 support AaT1250 pour couper.<\/span> <span title=\"\">La s\u00e9paration est l&#8217;\u00e9tape la plus difficile du tournage et impose donc les plus hautes exigences aux outils et aux op\u00e9rateurs.<\/span> <span title=\"\">Notre support nouvellement con\u00e7u se caract\u00e9rise par une tr\u00e8s grande stabilit\u00e9 et rigidit\u00e9.<\/span><br \/>\n<span class=\"\" title=\"\">1 lame HSS (vierge, doit \u00eatre ponc\u00e9e \u00e0 vos propres besoins)<\/span><span title=\"\">1 cl\u00e9 carr\u00e9e<\/span><br \/>\n<span class=\"\" title=\"\">1 vis selon DIN 7984 M10x50 \u00e0 t\u00eate basse, si le boulon de la machine est uniquement viss\u00e9<\/span><\/p>\n","protected":false},"excerpt":{"rendered":"<p>Inclus: 1 corps principal Aa 1 goupille 1 support AaH1250 pour tenir les outils de tournage rond avec max. Diam\u00e8tre 12mm (La rainure en V ne correspondant pas \u00e0 l&#8217;ensemble du support de l&#8217;outil de tournage, il est possible de serrer ici des supports rectangulaires d&#8217;une largeur minimale de 8 mm.) 2 supports AaD1250 pour [&hellip;]<\/p>\n","protected":false},"featured_media":6780,"template":"","meta":{"footnotes":""},"product_brand":[],"product_cat":[470,488],"product_tag":[],"class_list":{"0":"post-4623","1":"product","2":"type-product","3":"status-publish","4":"has-post-thumbnail","6":"product_cat-porte-outil-a-changement-rapide","7":"product_cat-aa","8":"product_shipping_class-paquet","10":"first","11":"outofstock","12":"taxable","13":"shipping-taxable","14":"purchasable","15":"product-type-simple"},"yoast_head":"<!-- This site is optimized with the Yoast SEO plugin v27.5 - https:\/\/yoast.com\/product\/yoast-seo-wordpress\/ -->\n<title>Tourelle porte-outils \u00e0 changement rapide - pewetools ltd<\/title>\n<meta name=\"description\" content=\"Chaque support produit pour nous est test\u00e9 sur le corps d&#039;origine de l&#039;inventeur J.F.Minder, ce qui garantit un contr\u00f4le qualit\u00e9 et une compatibilit\u00e9 de 100%.\" \/>\n<meta name=\"robots\" content=\"index, follow, max-snippet:-1, max-image-preview:large, max-video-preview:-1\" \/>\n<link rel=\"canonical\" href=\"https:\/\/pewetools.de\/fr\/shop\/categorie-produits\/tourelle-porte-outils-a-changement-rapide-set-aa1250-avec-aat1250\/\" \/>\n<meta property=\"og:locale\" content=\"fr_FR\" \/>\n<meta property=\"og:type\" content=\"article\" \/>\n<meta property=\"og:title\" content=\"Tourelle porte-outils \u00e0 changement rapide - pewetools ltd\" \/>\n<meta property=\"og:description\" content=\"Chaque support produit pour nous est test\u00e9 sur le corps d&#039;origine de l&#039;inventeur J.F.Minder, ce qui garantit un contr\u00f4le qualit\u00e9 et une compatibilit\u00e9 de 100%.\" \/>\n<meta property=\"og:url\" content=\"https:\/\/pewetools.de\/fr\/shop\/categorie-produits\/tourelle-porte-outils-a-changement-rapide-set-aa1250-avec-aat1250\/\" \/>\n<meta property=\"og:site_name\" content=\"PeWeTools Schnellwechselhalter nach System Multifix\" \/>\n<meta property=\"article:modified_time\" content=\"2025-08-25T12:36:23+00:00\" \/>\n<meta property=\"og:image\" content=\"https:\/\/pewetools.de\/wp-content\/uploads\/2018\/12\/AaAaT-Hauptbild.jpg\" \/>\n\t<meta property=\"og:image:width\" content=\"1000\" \/>\n\t<meta property=\"og:image:height\" content=\"1000\" \/>\n\t<meta property=\"og:image:type\" content=\"image\/jpeg\" \/>\n<meta name=\"twitter:card\" content=\"summary_large_image\" \/>\n<meta name=\"twitter:label1\" content=\"Dur\u00e9e de lecture estim\u00e9e\" \/>\n\t<meta name=\"twitter:data1\" content=\"1 minute\" \/>\n<script type=\"application\/ld+json\" class=\"yoast-schema-graph\">{\"@context\":\"https:\\\/\\\/schema.org\",\"@graph\":[{\"@type\":\"WebPage\",\"@id\":\"https:\\\/\\\/pewetools.de\\\/fr\\\/shop\\\/categorie-produits\\\/tourelle-porte-outils-a-changement-rapide-set-aa1250-avec-aat1250\\\/\",\"url\":\"https:\\\/\\\/pewetools.de\\\/fr\\\/shop\\\/categorie-produits\\\/tourelle-porte-outils-a-changement-rapide-set-aa1250-avec-aat1250\\\/\",\"name\":\"Tourelle porte-outils \u00e0 changement rapide - pewetools ltd\",\"isPartOf\":{\"@id\":\"https:\\\/\\\/pewetools.de\\\/#website\"},\"primaryImageOfPage\":{\"@id\":\"https:\\\/\\\/pewetools.de\\\/fr\\\/shop\\\/categorie-produits\\\/tourelle-porte-outils-a-changement-rapide-set-aa1250-avec-aat1250\\\/#primaryimage\"},\"image\":{\"@id\":\"https:\\\/\\\/pewetools.de\\\/fr\\\/shop\\\/categorie-produits\\\/tourelle-porte-outils-a-changement-rapide-set-aa1250-avec-aat1250\\\/#primaryimage\"},\"thumbnailUrl\":\"https:\\\/\\\/pewetools.de\\\/wp-content\\\/uploads\\\/2018\\\/12\\\/AaAaT-Hauptbild.jpg\",\"datePublished\":\"2018-12-27T14:29:30+00:00\",\"dateModified\":\"2025-08-25T12:36:23+00:00\",\"description\":\"Chaque support produit pour nous est test\u00e9 sur le corps d'origine de l'inventeur J.F.Minder, ce qui garantit un contr\u00f4le qualit\u00e9 et une compatibilit\u00e9 de 100%.\",\"breadcrumb\":{\"@id\":\"https:\\\/\\\/pewetools.de\\\/fr\\\/shop\\\/categorie-produits\\\/tourelle-porte-outils-a-changement-rapide-set-aa1250-avec-aat1250\\\/#breadcrumb\"},\"inLanguage\":\"fr-FR\",\"potentialAction\":[{\"@type\":\"ReadAction\",\"target\":[\"https:\\\/\\\/pewetools.de\\\/fr\\\/shop\\\/categorie-produits\\\/tourelle-porte-outils-a-changement-rapide-set-aa1250-avec-aat1250\\\/\"]}]},{\"@type\":\"ImageObject\",\"inLanguage\":\"fr-FR\",\"@id\":\"https:\\\/\\\/pewetools.de\\\/fr\\\/shop\\\/categorie-produits\\\/tourelle-porte-outils-a-changement-rapide-set-aa1250-avec-aat1250\\\/#primaryimage\",\"url\":\"https:\\\/\\\/pewetools.de\\\/wp-content\\\/uploads\\\/2018\\\/12\\\/AaAaT-Hauptbild.jpg\",\"contentUrl\":\"https:\\\/\\\/pewetools.de\\\/wp-content\\\/uploads\\\/2018\\\/12\\\/AaAaT-Hauptbild.jpg\",\"width\":1000,\"height\":1000},{\"@type\":\"BreadcrumbList\",\"@id\":\"https:\\\/\\\/pewetools.de\\\/fr\\\/shop\\\/categorie-produits\\\/tourelle-porte-outils-a-changement-rapide-set-aa1250-avec-aat1250\\\/#breadcrumb\",\"itemListElement\":[{\"@type\":\"ListItem\",\"position\":1,\"name\":\"maison\",\"item\":\"https:\\\/\\\/pewetools.de\\\/fr\\\/\"},{\"@type\":\"ListItem\",\"position\":2,\"name\":\"Shop\",\"item\":\"https:\\\/\\\/pewetools.de\\\/fr\\\/shop\\\/\"},{\"@type\":\"ListItem\",\"position\":3,\"name\":\"Tourelle porte-outils \u00e0 changement rapide Set Aa1250 avec AaT1250\"}]},{\"@type\":\"WebSite\",\"@id\":\"https:\\\/\\\/pewetools.de\\\/#website\",\"url\":\"https:\\\/\\\/pewetools.de\\\/\",\"name\":\"PeWeTools Schnellwechselhalter nach System Multifix\",\"description\":\"\",\"potentialAction\":[{\"@type\":\"SearchAction\",\"target\":{\"@type\":\"EntryPoint\",\"urlTemplate\":\"https:\\\/\\\/pewetools.de\\\/?s={search_term_string}\"},\"query-input\":{\"@type\":\"PropertyValueSpecification\",\"valueRequired\":true,\"valueName\":\"search_term_string\"}}],\"inLanguage\":\"fr-FR\"}]}<\/script>\n<!-- \/ Yoast SEO plugin. -->","yoast_head_json":{"title":"Tourelle porte-outils \u00e0 changement rapide - pewetools ltd","description":"Chaque support produit pour nous est test\u00e9 sur le corps d'origine de l'inventeur J.F.Minder, ce qui garantit un contr\u00f4le qualit\u00e9 et une compatibilit\u00e9 de 100%.","robots":{"index":"index","follow":"follow","max-snippet":"max-snippet:-1","max-image-preview":"max-image-preview:large","max-video-preview":"max-video-preview:-1"},"canonical":"https:\/\/pewetools.de\/fr\/shop\/categorie-produits\/tourelle-porte-outils-a-changement-rapide-set-aa1250-avec-aat1250\/","og_locale":"fr_FR","og_type":"article","og_title":"Tourelle porte-outils \u00e0 changement rapide - pewetools ltd","og_description":"Chaque support produit pour nous est test\u00e9 sur le corps d'origine de l'inventeur J.F.Minder, ce qui garantit un contr\u00f4le qualit\u00e9 et une compatibilit\u00e9 de 100%.","og_url":"https:\/\/pewetools.de\/fr\/shop\/categorie-produits\/tourelle-porte-outils-a-changement-rapide-set-aa1250-avec-aat1250\/","og_site_name":"PeWeTools Schnellwechselhalter nach System Multifix","article_modified_time":"2025-08-25T12:36:23+00:00","og_image":[{"width":1000,"height":1000,"url":"https:\/\/pewetools.de\/wp-content\/uploads\/2018\/12\/AaAaT-Hauptbild.jpg","type":"image\/jpeg"}],"twitter_card":"summary_large_image","twitter_misc":{"Dur\u00e9e de lecture estim\u00e9e":"1 minute"},"schema":{"@context":"https:\/\/schema.org","@graph":[{"@type":"WebPage","@id":"https:\/\/pewetools.de\/fr\/shop\/categorie-produits\/tourelle-porte-outils-a-changement-rapide-set-aa1250-avec-aat1250\/","url":"https:\/\/pewetools.de\/fr\/shop\/categorie-produits\/tourelle-porte-outils-a-changement-rapide-set-aa1250-avec-aat1250\/","name":"Tourelle porte-outils \u00e0 changement rapide - pewetools ltd","isPartOf":{"@id":"https:\/\/pewetools.de\/#website"},"primaryImageOfPage":{"@id":"https:\/\/pewetools.de\/fr\/shop\/categorie-produits\/tourelle-porte-outils-a-changement-rapide-set-aa1250-avec-aat1250\/#primaryimage"},"image":{"@id":"https:\/\/pewetools.de\/fr\/shop\/categorie-produits\/tourelle-porte-outils-a-changement-rapide-set-aa1250-avec-aat1250\/#primaryimage"},"thumbnailUrl":"https:\/\/pewetools.de\/wp-content\/uploads\/2018\/12\/AaAaT-Hauptbild.jpg","datePublished":"2018-12-27T14:29:30+00:00","dateModified":"2025-08-25T12:36:23+00:00","description":"Chaque support produit pour nous est test\u00e9 sur le corps d'origine de l'inventeur J.F.Minder, ce qui garantit un contr\u00f4le qualit\u00e9 et une compatibilit\u00e9 de 100%.","breadcrumb":{"@id":"https:\/\/pewetools.de\/fr\/shop\/categorie-produits\/tourelle-porte-outils-a-changement-rapide-set-aa1250-avec-aat1250\/#breadcrumb"},"inLanguage":"fr-FR","potentialAction":[{"@type":"ReadAction","target":["https:\/\/pewetools.de\/fr\/shop\/categorie-produits\/tourelle-porte-outils-a-changement-rapide-set-aa1250-avec-aat1250\/"]}]},{"@type":"ImageObject","inLanguage":"fr-FR","@id":"https:\/\/pewetools.de\/fr\/shop\/categorie-produits\/tourelle-porte-outils-a-changement-rapide-set-aa1250-avec-aat1250\/#primaryimage","url":"https:\/\/pewetools.de\/wp-content\/uploads\/2018\/12\/AaAaT-Hauptbild.jpg","contentUrl":"https:\/\/pewetools.de\/wp-content\/uploads\/2018\/12\/AaAaT-Hauptbild.jpg","width":1000,"height":1000},{"@type":"BreadcrumbList","@id":"https:\/\/pewetools.de\/fr\/shop\/categorie-produits\/tourelle-porte-outils-a-changement-rapide-set-aa1250-avec-aat1250\/#breadcrumb","itemListElement":[{"@type":"ListItem","position":1,"name":"maison","item":"https:\/\/pewetools.de\/fr\/"},{"@type":"ListItem","position":2,"name":"Shop","item":"https:\/\/pewetools.de\/fr\/shop\/"},{"@type":"ListItem","position":3,"name":"Tourelle porte-outils \u00e0 changement rapide Set Aa1250 avec AaT1250"}]},{"@type":"WebSite","@id":"https:\/\/pewetools.de\/#website","url":"https:\/\/pewetools.de\/","name":"PeWeTools Schnellwechselhalter nach System Multifix","description":"","potentialAction":[{"@type":"SearchAction","target":{"@type":"EntryPoint","urlTemplate":"https:\/\/pewetools.de\/?s={search_term_string}"},"query-input":{"@type":"PropertyValueSpecification","valueRequired":true,"valueName":"search_term_string"}}],"inLanguage":"fr-FR"}]}},"_links":{"self":[{"href":"https:\/\/pewetools.de\/fr\/wp-json\/wp\/v2\/product\/4623","targetHints":{"allow":["GET"]}}],"collection":[{"href":"https:\/\/pewetools.de\/fr\/wp-json\/wp\/v2\/product"}],"about":[{"href":"https:\/\/pewetools.de\/fr\/wp-json\/wp\/v2\/types\/product"}],"version-history":[{"count":1,"href":"https:\/\/pewetools.de\/fr\/wp-json\/wp\/v2\/product\/4623\/revisions"}],"predecessor-version":[{"id":15439,"href":"https:\/\/pewetools.de\/fr\/wp-json\/wp\/v2\/product\/4623\/revisions\/15439"}],"wp:featuredmedia":[{"embeddable":true,"href":"https:\/\/pewetools.de\/fr\/wp-json\/wp\/v2\/media\/6780"}],"wp:attachment":[{"href":"https:\/\/pewetools.de\/fr\/wp-json\/wp\/v2\/media?parent=4623"}],"wp:term":[{"taxonomy":"product_brand","embeddable":true,"href":"https:\/\/pewetools.de\/fr\/wp-json\/wp\/v2\/product_brand?post=4623"},{"taxonomy":"product_cat","embeddable":true,"href":"https:\/\/pewetools.de\/fr\/wp-json\/wp\/v2\/product_cat?post=4623"},{"taxonomy":"product_tag","embeddable":true,"href":"https:\/\/pewetools.de\/fr\/wp-json\/wp\/v2\/product_tag?post=4623"}],"curies":[{"name":"wp","href":"https:\/\/api.w.org\/{rel}","templated":true}]}}