{"id":7942,"date":"2020-03-30T10:53:46","date_gmt":"2020-03-30T08:53:46","guid":{"rendered":"https:\/\/pewetools.de\/?post_type=product&#038;p=7942"},"modified":"2024-08-21T15:56:03","modified_gmt":"2024-08-21T13:56:03","slug":"adaptateur-pour-systeme-de-changement-rapide-as-12-mm-a-16-mm","status":"publish","type":"product","link":"https:\/\/pewetools.de\/fr\/shop\/categorie-produits\/adaptateur-pour-systeme-de-changement-rapide-as-12-mm-a-16-mm\/","title":{"rendered":"Adaptateur pour syst\u00e8me de changement rapide AS 12 mm \u00e0 16 mm"},"content":{"rendered":"<p><span class=\"tlid-translation\">L\u2019adaptateur AS1216 est utilis\u00e9 dans sa forme normale, par exemple.<\/span> <span title=\"\">ASD1660 serr\u00e9 et peut accueillir un acier tournant de 16 mm de hauteur.<\/span><\/p>\n<p><span title=\"\">Le support est con\u00e7u pour que la hauteur de coupe de l&#8217;acier tourn\u00e9 serr\u00e9 de 16 mm soit \u00e9gale \u00e0 celle d&#8217;un acier tourn\u00e9 de 12 mm serr\u00e9 dans la norme ASD1660.<\/span><\/p>\n","protected":false},"excerpt":{"rendered":"<p>L\u2019adaptateur AS1216 est utilis\u00e9 dans sa forme normale, par exemple. ASD1660 serr\u00e9 et peut accueillir un acier tournant de 16 mm de hauteur. Le support est con\u00e7u pour que la hauteur de coupe de l&#8217;acier tourn\u00e9 serr\u00e9 de 16 mm soit \u00e9gale \u00e0 celle d&#8217;un acier tourn\u00e9 de 12 mm serr\u00e9 dans la norme ASD1660.<\/p>\n","protected":false},"featured_media":7938,"template":"","meta":{"footnotes":""},"product_brand":[],"product_cat":[476,482],"product_tag":[],"class_list":{"0":"post-7942","1":"product","2":"type-product","3":"status-publish","4":"has-post-thumbnail","6":"product_cat-adaptateurs-supports-speciaux-et-flans","7":"product_cat-as","8":"product_shipping_class-paquet","10":"first","11":"instock","12":"taxable","13":"shipping-taxable","14":"purchasable","15":"product-type-simple"},"yoast_head":"<!-- This site is optimized with the Yoast SEO plugin v27.5 - https:\/\/yoast.com\/product\/yoast-seo-wordpress\/ -->\n<title>Adaptateur pour syst\u00e8me de changement rapide AS 12 mm \u00e0 16 mm &#8212; PeWeTools Schnellwechselhalter nach System Multifix<\/title>\n<meta name=\"robots\" content=\"index, follow, max-snippet:-1, max-image-preview:large, max-video-preview:-1\" \/>\n<link rel=\"canonical\" href=\"https:\/\/pewetools.de\/shop\/categorie-produits\/adapter-fuer-schnellwechselsystem-as-12mm-auf-16mm\/\" \/>\n<meta property=\"og:locale\" content=\"fr_FR\" \/>\n<meta property=\"og:type\" content=\"article\" \/>\n<meta property=\"og:title\" content=\"Adaptateur pour syst\u00e8me de changement rapide AS 12 mm \u00e0 16 mm &#8212; PeWeTools Schnellwechselhalter nach System Multifix\" \/>\n<meta property=\"og:description\" content=\"L\u2019adaptateur AS1216 est utilis\u00e9 dans sa forme normale, par exemple. ASD1660 serr\u00e9 et peut accueillir un acier tournant de 16 mm de hauteur. Le support est con\u00e7u pour que la hauteur de coupe de l&#8217;acier tourn\u00e9 serr\u00e9 de 16 mm soit \u00e9gale \u00e0 celle d&#8217;un acier tourn\u00e9 de 12 mm serr\u00e9 dans la norme ASD1660.\" \/>\n<meta property=\"og:url\" content=\"https:\/\/pewetools.de\/shop\/categorie-produits\/adapter-fuer-schnellwechselsystem-as-12mm-auf-16mm\/\" \/>\n<meta property=\"og:site_name\" content=\"PeWeTools Schnellwechselhalter nach System Multifix\" \/>\n<meta property=\"article:modified_time\" content=\"2024-08-21T13:56:03+00:00\" \/>\n<meta property=\"og:image\" content=\"https:\/\/pewetools.de\/wp-content\/uploads\/2020\/03\/Adapter-12-16-Hauptbild.jpg\" \/>\n\t<meta property=\"og:image:width\" content=\"1000\" \/>\n\t<meta property=\"og:image:height\" content=\"1000\" \/>\n\t<meta property=\"og:image:type\" content=\"image\/jpeg\" \/>\n<meta name=\"twitter:card\" content=\"summary_large_image\" \/>\n<script type=\"application\/ld+json\" class=\"yoast-schema-graph\">{\"@context\":\"https:\\\/\\\/schema.org\",\"@graph\":[{\"@type\":\"WebPage\",\"@id\":\"https:\\\/\\\/pewetools.de\\\/shop\\\/categorie-produits\\\/adapter-fuer-schnellwechselsystem-as-12mm-auf-16mm\\\/\",\"url\":\"https:\\\/\\\/pewetools.de\\\/shop\\\/categorie-produits\\\/adapter-fuer-schnellwechselsystem-as-12mm-auf-16mm\\\/\",\"name\":\"Adaptateur pour syst\u00e8me de changement rapide AS 12 mm \u00e0 16 mm &#8212; PeWeTools Schnellwechselhalter nach System Multifix\",\"isPartOf\":{\"@id\":\"https:\\\/\\\/pewetools.de\\\/#website\"},\"primaryImageOfPage\":{\"@id\":\"https:\\\/\\\/pewetools.de\\\/shop\\\/categorie-produits\\\/adapter-fuer-schnellwechselsystem-as-12mm-auf-16mm\\\/#primaryimage\"},\"image\":{\"@id\":\"https:\\\/\\\/pewetools.de\\\/shop\\\/categorie-produits\\\/adapter-fuer-schnellwechselsystem-as-12mm-auf-16mm\\\/#primaryimage\"},\"thumbnailUrl\":\"https:\\\/\\\/pewetools.de\\\/wp-content\\\/uploads\\\/2020\\\/03\\\/Adapter-12-16-Hauptbild.jpg\",\"datePublished\":\"2020-03-30T08:53:46+00:00\",\"dateModified\":\"2024-08-21T13:56:03+00:00\",\"breadcrumb\":{\"@id\":\"https:\\\/\\\/pewetools.de\\\/shop\\\/categorie-produits\\\/adapter-fuer-schnellwechselsystem-as-12mm-auf-16mm\\\/#breadcrumb\"},\"inLanguage\":\"fr-FR\",\"potentialAction\":[{\"@type\":\"ReadAction\",\"target\":[\"https:\\\/\\\/pewetools.de\\\/shop\\\/categorie-produits\\\/adapter-fuer-schnellwechselsystem-as-12mm-auf-16mm\\\/\"]}]},{\"@type\":\"ImageObject\",\"inLanguage\":\"fr-FR\",\"@id\":\"https:\\\/\\\/pewetools.de\\\/shop\\\/categorie-produits\\\/adapter-fuer-schnellwechselsystem-as-12mm-auf-16mm\\\/#primaryimage\",\"url\":\"https:\\\/\\\/pewetools.de\\\/wp-content\\\/uploads\\\/2020\\\/03\\\/Adapter-12-16-Hauptbild.jpg\",\"contentUrl\":\"https:\\\/\\\/pewetools.de\\\/wp-content\\\/uploads\\\/2020\\\/03\\\/Adapter-12-16-Hauptbild.jpg\",\"width\":1000,\"height\":1000},{\"@type\":\"BreadcrumbList\",\"@id\":\"https:\\\/\\\/pewetools.de\\\/shop\\\/categorie-produits\\\/adapter-fuer-schnellwechselsystem-as-12mm-auf-16mm\\\/#breadcrumb\",\"itemListElement\":[{\"@type\":\"ListItem\",\"position\":1,\"name\":\"maison\",\"item\":\"https:\\\/\\\/pewetools.de\\\/fr\\\/\"},{\"@type\":\"ListItem\",\"position\":2,\"name\":\"Shop\",\"item\":\"https:\\\/\\\/pewetools.de\\\/fr\\\/shop\\\/\"},{\"@type\":\"ListItem\",\"position\":3,\"name\":\"Adaptateur pour syst\u00e8me de changement rapide AS 12 mm \u00e0 16 mm\"}]},{\"@type\":\"WebSite\",\"@id\":\"https:\\\/\\\/pewetools.de\\\/#website\",\"url\":\"https:\\\/\\\/pewetools.de\\\/\",\"name\":\"PeWeTools Schnellwechselhalter nach System Multifix\",\"description\":\"\",\"potentialAction\":[{\"@type\":\"SearchAction\",\"target\":{\"@type\":\"EntryPoint\",\"urlTemplate\":\"https:\\\/\\\/pewetools.de\\\/?s={search_term_string}\"},\"query-input\":{\"@type\":\"PropertyValueSpecification\",\"valueRequired\":true,\"valueName\":\"search_term_string\"}}],\"inLanguage\":\"fr-FR\"}]}<\/script>\n<!-- \/ Yoast SEO plugin. -->","yoast_head_json":{"title":"Adaptateur pour syst\u00e8me de changement rapide AS 12 mm \u00e0 16 mm &#8212; PeWeTools Schnellwechselhalter nach System Multifix","robots":{"index":"index","follow":"follow","max-snippet":"max-snippet:-1","max-image-preview":"max-image-preview:large","max-video-preview":"max-video-preview:-1"},"canonical":"https:\/\/pewetools.de\/shop\/categorie-produits\/adapter-fuer-schnellwechselsystem-as-12mm-auf-16mm\/","og_locale":"fr_FR","og_type":"article","og_title":"Adaptateur pour syst\u00e8me de changement rapide AS 12 mm \u00e0 16 mm &#8212; PeWeTools Schnellwechselhalter nach System Multifix","og_description":"L\u2019adaptateur AS1216 est utilis\u00e9 dans sa forme normale, par exemple. ASD1660 serr\u00e9 et peut accueillir un acier tournant de 16 mm de hauteur. Le support est con\u00e7u pour que la hauteur de coupe de l&#8217;acier tourn\u00e9 serr\u00e9 de 16 mm soit \u00e9gale \u00e0 celle d&#8217;un acier tourn\u00e9 de 12 mm serr\u00e9 dans la norme ASD1660.","og_url":"https:\/\/pewetools.de\/shop\/categorie-produits\/adapter-fuer-schnellwechselsystem-as-12mm-auf-16mm\/","og_site_name":"PeWeTools Schnellwechselhalter nach System Multifix","article_modified_time":"2024-08-21T13:56:03+00:00","og_image":[{"width":1000,"height":1000,"url":"https:\/\/pewetools.de\/wp-content\/uploads\/2020\/03\/Adapter-12-16-Hauptbild.jpg","type":"image\/jpeg"}],"twitter_card":"summary_large_image","schema":{"@context":"https:\/\/schema.org","@graph":[{"@type":"WebPage","@id":"https:\/\/pewetools.de\/shop\/categorie-produits\/adapter-fuer-schnellwechselsystem-as-12mm-auf-16mm\/","url":"https:\/\/pewetools.de\/shop\/categorie-produits\/adapter-fuer-schnellwechselsystem-as-12mm-auf-16mm\/","name":"Adaptateur pour syst\u00e8me de changement rapide AS 12 mm \u00e0 16 mm &#8212; PeWeTools Schnellwechselhalter nach System Multifix","isPartOf":{"@id":"https:\/\/pewetools.de\/#website"},"primaryImageOfPage":{"@id":"https:\/\/pewetools.de\/shop\/categorie-produits\/adapter-fuer-schnellwechselsystem-as-12mm-auf-16mm\/#primaryimage"},"image":{"@id":"https:\/\/pewetools.de\/shop\/categorie-produits\/adapter-fuer-schnellwechselsystem-as-12mm-auf-16mm\/#primaryimage"},"thumbnailUrl":"https:\/\/pewetools.de\/wp-content\/uploads\/2020\/03\/Adapter-12-16-Hauptbild.jpg","datePublished":"2020-03-30T08:53:46+00:00","dateModified":"2024-08-21T13:56:03+00:00","breadcrumb":{"@id":"https:\/\/pewetools.de\/shop\/categorie-produits\/adapter-fuer-schnellwechselsystem-as-12mm-auf-16mm\/#breadcrumb"},"inLanguage":"fr-FR","potentialAction":[{"@type":"ReadAction","target":["https:\/\/pewetools.de\/shop\/categorie-produits\/adapter-fuer-schnellwechselsystem-as-12mm-auf-16mm\/"]}]},{"@type":"ImageObject","inLanguage":"fr-FR","@id":"https:\/\/pewetools.de\/shop\/categorie-produits\/adapter-fuer-schnellwechselsystem-as-12mm-auf-16mm\/#primaryimage","url":"https:\/\/pewetools.de\/wp-content\/uploads\/2020\/03\/Adapter-12-16-Hauptbild.jpg","contentUrl":"https:\/\/pewetools.de\/wp-content\/uploads\/2020\/03\/Adapter-12-16-Hauptbild.jpg","width":1000,"height":1000},{"@type":"BreadcrumbList","@id":"https:\/\/pewetools.de\/shop\/categorie-produits\/adapter-fuer-schnellwechselsystem-as-12mm-auf-16mm\/#breadcrumb","itemListElement":[{"@type":"ListItem","position":1,"name":"maison","item":"https:\/\/pewetools.de\/fr\/"},{"@type":"ListItem","position":2,"name":"Shop","item":"https:\/\/pewetools.de\/fr\/shop\/"},{"@type":"ListItem","position":3,"name":"Adaptateur pour syst\u00e8me de changement rapide AS 12 mm \u00e0 16 mm"}]},{"@type":"WebSite","@id":"https:\/\/pewetools.de\/#website","url":"https:\/\/pewetools.de\/","name":"PeWeTools Schnellwechselhalter nach System Multifix","description":"","potentialAction":[{"@type":"SearchAction","target":{"@type":"EntryPoint","urlTemplate":"https:\/\/pewetools.de\/?s={search_term_string}"},"query-input":{"@type":"PropertyValueSpecification","valueRequired":true,"valueName":"search_term_string"}}],"inLanguage":"fr-FR"}]}},"_links":{"self":[{"href":"https:\/\/pewetools.de\/fr\/wp-json\/wp\/v2\/product\/7942","targetHints":{"allow":["GET"]}}],"collection":[{"href":"https:\/\/pewetools.de\/fr\/wp-json\/wp\/v2\/product"}],"about":[{"href":"https:\/\/pewetools.de\/fr\/wp-json\/wp\/v2\/types\/product"}],"version-history":[{"count":0,"href":"https:\/\/pewetools.de\/fr\/wp-json\/wp\/v2\/product\/7942\/revisions"}],"wp:featuredmedia":[{"embeddable":true,"href":"https:\/\/pewetools.de\/fr\/wp-json\/wp\/v2\/media\/7938"}],"wp:attachment":[{"href":"https:\/\/pewetools.de\/fr\/wp-json\/wp\/v2\/media?parent=7942"}],"wp:term":[{"taxonomy":"product_brand","embeddable":true,"href":"https:\/\/pewetools.de\/fr\/wp-json\/wp\/v2\/product_brand?post=7942"},{"taxonomy":"product_cat","embeddable":true,"href":"https:\/\/pewetools.de\/fr\/wp-json\/wp\/v2\/product_cat?post=7942"},{"taxonomy":"product_tag","embeddable":true,"href":"https:\/\/pewetools.de\/fr\/wp-json\/wp\/v2\/product_tag?post=7942"}],"curies":[{"name":"wp","href":"https:\/\/api.w.org\/{rel}","templated":true}]}}