{"id":9555,"date":"2021-04-20T10:33:13","date_gmt":"2021-04-20T08:33:13","guid":{"rendered":"https:\/\/pewetools.de\/?post_type=product&#038;p=9555"},"modified":"2026-01-22T10:37:12","modified_gmt":"2026-01-22T09:37:12","slug":"porte-outil-de-separation-bt25120-26","status":"publish","type":"product","link":"https:\/\/pewetools.de\/fr\/shop\/categorie-produits\/porte-outil-de-separation-bt25120-26\/","title":{"rendered":"Porte-outil de s\u00e9paration BT25120-26"},"content":{"rendered":"<p><span class=\"tlid-translation translation\"><span title=\"\">Inclus:<\/span><\/span><\/p>\n<p><span class=\"\" title=\"\">1x support de coupe BT25120-26 (convient aux utilisateurs qui utilisent les tailles BD25120, BD25140, BD32120 ou BD32140), convient \u00e0 toutes les fraises lat\u00e9rales standard de 26 mm<\/span><\/p>\n","protected":false},"excerpt":{"rendered":"<p>Inclus: 1x support de coupe BT25120-26 (convient aux utilisateurs qui utilisent les tailles BD25120, BD25140, BD32120 ou BD32140), convient \u00e0 toutes les fraises lat\u00e9rales standard de 26 mm<\/p>\n","protected":false},"featured_media":9829,"template":"","meta":{"footnotes":""},"product_brand":[],"product_cat":[511],"product_tag":[1043,1084,1085],"class_list":{"0":"post-9555","1":"product","2":"type-product","3":"status-publish","4":"has-post-thumbnail","6":"product_cat-b","7":"product_tag-porte-outils-avec-changement-rapide","8":"product_tag-tronconner","9":"product_tag-lame-de-separation","10":"product_shipping_class-paquet","12":"first","13":"instock","14":"taxable","15":"shipping-taxable","16":"purchasable","17":"product-type-simple"},"yoast_head":"<!-- This site is optimized with the Yoast SEO plugin v27.1.1 - https:\/\/yoast.com\/product\/yoast-seo-wordpress\/ -->\n<title>Porte-outil de s\u00e9paration - pewetools limited<\/title>\n<meta name=\"description\" content=\"Chaque support produit pour nous est test\u00e9 sur le corps d&#039;origine de l&#039;inventeur J.F.Minder, ce qui garantit un contr\u00f4le qualit\u00e9 et une compatibilit\u00e9 de 100%.\" \/>\n<meta name=\"robots\" content=\"index, follow, max-snippet:-1, max-image-preview:large, max-video-preview:-1\" \/>\n<link rel=\"canonical\" href=\"https:\/\/pewetools.de\/fr\/shop\/categorie-produits\/porte-outil-de-separation-bt25120-26\/\" \/>\n<meta property=\"og:locale\" content=\"fr_FR\" \/>\n<meta property=\"og:type\" content=\"article\" \/>\n<meta property=\"og:title\" content=\"Porte-outil de s\u00e9paration - pewetools limited\" \/>\n<meta property=\"og:description\" content=\"Chaque support produit pour nous est test\u00e9 sur le corps d&#039;origine de l&#039;inventeur J.F.Minder, ce qui garantit un contr\u00f4le qualit\u00e9 et une compatibilit\u00e9 de 100%.\" \/>\n<meta property=\"og:url\" content=\"https:\/\/pewetools.de\/fr\/shop\/categorie-produits\/porte-outil-de-separation-bt25120-26\/\" \/>\n<meta property=\"og:site_name\" content=\"PeWeTools Schnellwechselhalter nach System Multifix\" \/>\n<meta property=\"article:modified_time\" content=\"2026-01-22T09:37:12+00:00\" \/>\n<meta property=\"og:image\" content=\"https:\/\/pewetools.de\/wp-content\/uploads\/2021\/04\/BT25120-26-neu.jpg\" \/>\n\t<meta property=\"og:image:width\" content=\"1747\" \/>\n\t<meta property=\"og:image:height\" content=\"2440\" \/>\n\t<meta property=\"og:image:type\" content=\"image\/jpeg\" \/>\n<meta name=\"twitter:card\" content=\"summary_large_image\" \/>\n<meta name=\"twitter:label1\" content=\"Dur\u00e9e de lecture estim\u00e9e\" \/>\n\t<meta name=\"twitter:data1\" content=\"1 minute\" \/>\n<script type=\"application\/ld+json\" class=\"yoast-schema-graph\">{\"@context\":\"https:\/\/schema.org\",\"@graph\":[{\"@type\":\"WebPage\",\"@id\":\"https:\/\/pewetools.de\/fr\/shop\/categorie-produits\/porte-outil-de-separation-bt25120-26\/\",\"url\":\"https:\/\/pewetools.de\/fr\/shop\/categorie-produits\/porte-outil-de-separation-bt25120-26\/\",\"name\":\"Porte-outil de s\u00e9paration - pewetools limited\",\"isPartOf\":{\"@id\":\"https:\/\/pewetools.de\/#website\"},\"primaryImageOfPage\":{\"@id\":\"https:\/\/pewetools.de\/fr\/shop\/categorie-produits\/porte-outil-de-separation-bt25120-26\/#primaryimage\"},\"image\":{\"@id\":\"https:\/\/pewetools.de\/fr\/shop\/categorie-produits\/porte-outil-de-separation-bt25120-26\/#primaryimage\"},\"thumbnailUrl\":\"https:\/\/pewetools.de\/wp-content\/uploads\/2021\/04\/BT25120-26-neu.jpg\",\"datePublished\":\"2021-04-20T08:33:13+00:00\",\"dateModified\":\"2026-01-22T09:37:12+00:00\",\"description\":\"Chaque support produit pour nous est test\u00e9 sur le corps d'origine de l'inventeur J.F.Minder, ce qui garantit un contr\u00f4le qualit\u00e9 et une compatibilit\u00e9 de 100%.\",\"breadcrumb\":{\"@id\":\"https:\/\/pewetools.de\/fr\/shop\/categorie-produits\/porte-outil-de-separation-bt25120-26\/#breadcrumb\"},\"inLanguage\":\"fr-FR\",\"potentialAction\":[{\"@type\":\"ReadAction\",\"target\":[\"https:\/\/pewetools.de\/fr\/shop\/categorie-produits\/porte-outil-de-separation-bt25120-26\/\"]}]},{\"@type\":\"ImageObject\",\"inLanguage\":\"fr-FR\",\"@id\":\"https:\/\/pewetools.de\/fr\/shop\/categorie-produits\/porte-outil-de-separation-bt25120-26\/#primaryimage\",\"url\":\"https:\/\/pewetools.de\/wp-content\/uploads\/2021\/04\/BT25120-26-neu.jpg\",\"contentUrl\":\"https:\/\/pewetools.de\/wp-content\/uploads\/2021\/04\/BT25120-26-neu.jpg\",\"width\":1747,\"height\":2440},{\"@type\":\"BreadcrumbList\",\"@id\":\"https:\/\/pewetools.de\/fr\/shop\/categorie-produits\/porte-outil-de-separation-bt25120-26\/#breadcrumb\",\"itemListElement\":[{\"@type\":\"ListItem\",\"position\":1,\"name\":\"maison\",\"item\":\"https:\/\/pewetools.de\/fr\/\"},{\"@type\":\"ListItem\",\"position\":2,\"name\":\"Shop\",\"item\":\"https:\/\/pewetools.de\/fr\/shop\/\"},{\"@type\":\"ListItem\",\"position\":3,\"name\":\"Porte-outil de s\u00e9paration BT25120-26\"}]},{\"@type\":\"WebSite\",\"@id\":\"https:\/\/pewetools.de\/#website\",\"url\":\"https:\/\/pewetools.de\/\",\"name\":\"PeWeTools Schnellwechselhalter nach System Multifix\",\"description\":\"\",\"potentialAction\":[{\"@type\":\"SearchAction\",\"target\":{\"@type\":\"EntryPoint\",\"urlTemplate\":\"https:\/\/pewetools.de\/?s={search_term_string}\"},\"query-input\":{\"@type\":\"PropertyValueSpecification\",\"valueRequired\":true,\"valueName\":\"search_term_string\"}}],\"inLanguage\":\"fr-FR\"}]}<\/script>\n<!-- \/ Yoast SEO plugin. -->","yoast_head_json":{"title":"Porte-outil de s\u00e9paration - pewetools limited","description":"Chaque support produit pour nous est test\u00e9 sur le corps d'origine de l'inventeur J.F.Minder, ce qui garantit un contr\u00f4le qualit\u00e9 et une compatibilit\u00e9 de 100%.","robots":{"index":"index","follow":"follow","max-snippet":"max-snippet:-1","max-image-preview":"max-image-preview:large","max-video-preview":"max-video-preview:-1"},"canonical":"https:\/\/pewetools.de\/fr\/shop\/categorie-produits\/porte-outil-de-separation-bt25120-26\/","og_locale":"fr_FR","og_type":"article","og_title":"Porte-outil de s\u00e9paration - pewetools limited","og_description":"Chaque support produit pour nous est test\u00e9 sur le corps d'origine de l'inventeur J.F.Minder, ce qui garantit un contr\u00f4le qualit\u00e9 et une compatibilit\u00e9 de 100%.","og_url":"https:\/\/pewetools.de\/fr\/shop\/categorie-produits\/porte-outil-de-separation-bt25120-26\/","og_site_name":"PeWeTools Schnellwechselhalter nach System Multifix","article_modified_time":"2026-01-22T09:37:12+00:00","og_image":[{"width":1747,"height":2440,"url":"https:\/\/pewetools.de\/wp-content\/uploads\/2021\/04\/BT25120-26-neu.jpg","type":"image\/jpeg"}],"twitter_card":"summary_large_image","twitter_misc":{"Dur\u00e9e de lecture estim\u00e9e":"1 minute"},"schema":{"@context":"https:\/\/schema.org","@graph":[{"@type":"WebPage","@id":"https:\/\/pewetools.de\/fr\/shop\/categorie-produits\/porte-outil-de-separation-bt25120-26\/","url":"https:\/\/pewetools.de\/fr\/shop\/categorie-produits\/porte-outil-de-separation-bt25120-26\/","name":"Porte-outil de s\u00e9paration - pewetools limited","isPartOf":{"@id":"https:\/\/pewetools.de\/#website"},"primaryImageOfPage":{"@id":"https:\/\/pewetools.de\/fr\/shop\/categorie-produits\/porte-outil-de-separation-bt25120-26\/#primaryimage"},"image":{"@id":"https:\/\/pewetools.de\/fr\/shop\/categorie-produits\/porte-outil-de-separation-bt25120-26\/#primaryimage"},"thumbnailUrl":"https:\/\/pewetools.de\/wp-content\/uploads\/2021\/04\/BT25120-26-neu.jpg","datePublished":"2021-04-20T08:33:13+00:00","dateModified":"2026-01-22T09:37:12+00:00","description":"Chaque support produit pour nous est test\u00e9 sur le corps d'origine de l'inventeur J.F.Minder, ce qui garantit un contr\u00f4le qualit\u00e9 et une compatibilit\u00e9 de 100%.","breadcrumb":{"@id":"https:\/\/pewetools.de\/fr\/shop\/categorie-produits\/porte-outil-de-separation-bt25120-26\/#breadcrumb"},"inLanguage":"fr-FR","potentialAction":[{"@type":"ReadAction","target":["https:\/\/pewetools.de\/fr\/shop\/categorie-produits\/porte-outil-de-separation-bt25120-26\/"]}]},{"@type":"ImageObject","inLanguage":"fr-FR","@id":"https:\/\/pewetools.de\/fr\/shop\/categorie-produits\/porte-outil-de-separation-bt25120-26\/#primaryimage","url":"https:\/\/pewetools.de\/wp-content\/uploads\/2021\/04\/BT25120-26-neu.jpg","contentUrl":"https:\/\/pewetools.de\/wp-content\/uploads\/2021\/04\/BT25120-26-neu.jpg","width":1747,"height":2440},{"@type":"BreadcrumbList","@id":"https:\/\/pewetools.de\/fr\/shop\/categorie-produits\/porte-outil-de-separation-bt25120-26\/#breadcrumb","itemListElement":[{"@type":"ListItem","position":1,"name":"maison","item":"https:\/\/pewetools.de\/fr\/"},{"@type":"ListItem","position":2,"name":"Shop","item":"https:\/\/pewetools.de\/fr\/shop\/"},{"@type":"ListItem","position":3,"name":"Porte-outil de s\u00e9paration BT25120-26"}]},{"@type":"WebSite","@id":"https:\/\/pewetools.de\/#website","url":"https:\/\/pewetools.de\/","name":"PeWeTools Schnellwechselhalter nach System Multifix","description":"","potentialAction":[{"@type":"SearchAction","target":{"@type":"EntryPoint","urlTemplate":"https:\/\/pewetools.de\/?s={search_term_string}"},"query-input":{"@type":"PropertyValueSpecification","valueRequired":true,"valueName":"search_term_string"}}],"inLanguage":"fr-FR"}]}},"_links":{"self":[{"href":"https:\/\/pewetools.de\/fr\/wp-json\/wp\/v2\/product\/9555","targetHints":{"allow":["GET"]}}],"collection":[{"href":"https:\/\/pewetools.de\/fr\/wp-json\/wp\/v2\/product"}],"about":[{"href":"https:\/\/pewetools.de\/fr\/wp-json\/wp\/v2\/types\/product"}],"version-history":[{"count":1,"href":"https:\/\/pewetools.de\/fr\/wp-json\/wp\/v2\/product\/9555\/revisions"}],"predecessor-version":[{"id":17710,"href":"https:\/\/pewetools.de\/fr\/wp-json\/wp\/v2\/product\/9555\/revisions\/17710"}],"wp:featuredmedia":[{"embeddable":true,"href":"https:\/\/pewetools.de\/fr\/wp-json\/wp\/v2\/media\/9829"}],"wp:attachment":[{"href":"https:\/\/pewetools.de\/fr\/wp-json\/wp\/v2\/media?parent=9555"}],"wp:term":[{"taxonomy":"product_brand","embeddable":true,"href":"https:\/\/pewetools.de\/fr\/wp-json\/wp\/v2\/product_brand?post=9555"},{"taxonomy":"product_cat","embeddable":true,"href":"https:\/\/pewetools.de\/fr\/wp-json\/wp\/v2\/product_cat?post=9555"},{"taxonomy":"product_tag","embeddable":true,"href":"https:\/\/pewetools.de\/fr\/wp-json\/wp\/v2\/product_tag?post=9555"}],"curies":[{"name":"wp","href":"https:\/\/api.w.org\/{rel}","templated":true}]}}