{"id":7303,"date":"2019-09-11T11:21:52","date_gmt":"2019-09-11T11:21:52","guid":{"rendered":"https:\/\/pewetools.de\/impressum\/"},"modified":"2022-03-18T15:53:11","modified_gmt":"2022-03-18T14:53:11","slug":"impressum","status":"publish","type":"page","link":"https:\/\/pewetools.de\/it\/impressum\/","title":{"rendered":"Impressum"},"content":{"rendered":"<p><strong>Betreiber dieser Seite bis 31.12.2020:<\/strong><\/p>\n<p><strong>Importeur und Copyright f\u00fcr Importe bis 31.12.2020<\/strong><\/p>\n<p><strong>Pewetools Limited<\/strong><\/p>\n<p><strong>Importeur und Copyright ab 01.01.2021<\/strong><\/p>\n<p><strong>Peter Wendlandt<\/strong><\/p>\n<p><strong>Schulg\u00e4rtle 2<\/strong><\/p>\n<p><strong>72818 Trochtelfingen<\/strong><\/p>\n<p><strong>Germany<\/strong><\/p>\n<p><strong>+49(0)71244106<\/strong><\/p>\n<p><strong>www.pewetools.de<\/strong><\/p>\n<p><strong>Umsatzsteuer-Identifikationsnummer:<\/strong><br \/>\nDE814340675 (\u00a7 27 a Umsatzsteuergesetz)<\/p>\n<p><strong>Betreiber dieser Seite ab 01.01.2021:<\/strong><\/p>\n<p>Peter Wendlandt<br \/>\nSchulg\u00e4rtle 2<br \/>\n72818 Trochtelfingen<\/p>\n<p><strong>Verantwortlicher Redakteur f\u00fcr Inhalte:<\/strong><b><br \/>\n<\/b>Peter Wendlandt<\/p>\n<p><strong>Information zur Online-Streitbeilegung gem\u00e4\u00df Art. 14 Abs. 1 ODR-VO:<\/strong><br \/>\nDie EU-Kommission hat eine Internetplattform zur Online-Streitbeilegung (\u201eOS-Plattform\u201c) geschaffen, die \u00fcber den Link <a title=\"http:\/\/ec.europa.eu\/odr\" href=\"http:\/\/ec.europa.eu\/odr\">http:\/\/ec.europa.eu\/odr<\/a> erreichbar ist. Sofern der Kunde ein in der Europ\u00e4ischen Union wohnhafter Verbraucher ist, kann diese OS-Plattform zur au\u00dfergerichtlichen Beilegung von Streitigkeiten \u00fcber vertragliche Verpflichtungen aus Online-Kaufvertr\u00e4gen oder Online-Dienstleistungsvertr\u00e4gen genutzt werden. Wir erkl\u00e4ren allerdings, zur Teilnahme an einem Streitbeilegungsverfahren vor einer Verbraucherschlichtungsstelle weder bereit noch verpflichtet zu sein.<\/p>\n<p><strong>Informationen zum Streitbeilegungsverfahren vor einer Verbraucherschlichtungsstelle gem\u00e4\u00df \u00a7 36 VSBG:<\/strong><br \/>\nDie zust\u00e4ndige Verbraucherschlichtungsstelle ist: Allgemeine Verbraucherschlichtungsstelle des Zentrums f\u00fcr Schlichtung e. V., Stra\u00dfburger Stra\u00dfe 8, 77694 Kehl, <a title=\"www.verbraucher-schlichter.de\" href=\"https:\/\/www.verbraucher-schlichter.de\/\">www.verbraucher-schlichter.de<\/a>. Wir erkl\u00e4ren allerdings, zur Teilnahme an einem Streitbeilegungsverfahren vor einer Verbraucherschlichtungsstelle weder bereit noch verpflichtet zu sein.<\/p>\n<p><strong>Bildnachweise:<\/strong><br \/>\n<div class=\"woocommerce woocommerce-gzd woocommerce-gzd-complaints-shortcode\">\n\t\t\t<h3>Alternative Dispute Resolution in accordance with Art. 14 (1) ODR-VO and \u00a7 36 VSBG:<\/h3>\n\t\nZur Teilnahme an einem Streitbeilegungsverfahren vor einer Verbraucherschlichtungsstelle sind wir nicht verpflichtet und nicht bereit.<\/div><\/p>\n","protected":false},"excerpt":{"rendered":"<p>Betreiber dieser Seite bis 31.12.2020: Importeur und Copyright f\u00fcr Importe bis 31.12.2020 Pewetools Limited Importeur und Copyright ab 01.01.2021 Peter Wendlandt Schulg\u00e4rtle 2 72818 Trochtelfingen Germany +49(0)71244106 www.pewetools.de Umsatzsteuer-Identifikationsnummer: DE814340675 (\u00a7 27 a Umsatzsteuergesetz) Betreiber dieser Seite ab 01.01.2021: Peter Wendlandt Schulg\u00e4rtle 2 72818 Trochtelfingen Verantwortlicher Redakteur f\u00fcr Inhalte: Peter Wendlandt Information zur Online-Streitbeilegung gem\u00e4\u00df [&hellip;]<\/p>\n","protected":false},"author":1,"featured_media":0,"parent":0,"menu_order":0,"comment_status":"closed","ping_status":"closed","template":"","meta":{"footnotes":""},"class_list":["post-7303","page","type-page","status-publish","hentry"],"yoast_head":"<!-- This site is optimized with the Yoast SEO plugin v27.1.1 - https:\/\/yoast.com\/product\/yoast-seo-wordpress\/ -->\n<title>Impressum<\/title>\n<meta name=\"description\" content=\"Hier erhalten Sie alle notwendigen Information \u00fcber unser Unternehmen\" \/>\n<meta name=\"robots\" content=\"index, follow, max-snippet:-1, max-image-preview:large, max-video-preview:-1\" \/>\n<link rel=\"canonical\" href=\"https:\/\/pewetools.de\/it\/impressum\/\" \/>\n<meta property=\"og:locale\" content=\"it_IT\" \/>\n<meta property=\"og:type\" content=\"article\" \/>\n<meta property=\"og:title\" content=\"Impressum\" \/>\n<meta property=\"og:description\" content=\"Hier erhalten Sie alle notwendigen Information \u00fcber unser Unternehmen\" \/>\n<meta property=\"og:url\" content=\"https:\/\/pewetools.de\/it\/impressum\/\" \/>\n<meta property=\"og:site_name\" content=\"PeWeTools Schnellwechselhalter nach System Multifix\" \/>\n<meta property=\"article:modified_time\" content=\"2022-03-18T14:53:11+00:00\" \/>\n<meta name=\"twitter:card\" content=\"summary_large_image\" \/>\n<meta name=\"twitter:label1\" content=\"Tempo di lettura stimato\" \/>\n\t<meta name=\"twitter:data1\" content=\"1 minuto\" \/>\n<script type=\"application\/ld+json\" class=\"yoast-schema-graph\">{\"@context\":\"https:\/\/schema.org\",\"@graph\":[{\"@type\":\"WebPage\",\"@id\":\"https:\/\/pewetools.de\/it\/impressum\/\",\"url\":\"https:\/\/pewetools.de\/it\/impressum\/\",\"name\":\"Impressum\",\"isPartOf\":{\"@id\":\"https:\/\/pewetools.de\/#website\"},\"datePublished\":\"2019-09-11T11:21:52+00:00\",\"dateModified\":\"2022-03-18T14:53:11+00:00\",\"description\":\"Hier erhalten Sie alle notwendigen Information \u00fcber unser Unternehmen\",\"breadcrumb\":{\"@id\":\"https:\/\/pewetools.de\/it\/impressum\/#breadcrumb\"},\"inLanguage\":\"it-IT\",\"potentialAction\":[{\"@type\":\"ReadAction\",\"target\":[\"https:\/\/pewetools.de\/it\/impressum\/\"]}]},{\"@type\":\"BreadcrumbList\",\"@id\":\"https:\/\/pewetools.de\/it\/impressum\/#breadcrumb\",\"itemListElement\":[{\"@type\":\"ListItem\",\"position\":1,\"name\":\"casa\",\"item\":\"https:\/\/pewetools.de\/it\/\"},{\"@type\":\"ListItem\",\"position\":2,\"name\":\"Impressum\"}]},{\"@type\":\"WebSite\",\"@id\":\"https:\/\/pewetools.de\/#website\",\"url\":\"https:\/\/pewetools.de\/\",\"name\":\"PeWeTools Schnellwechselhalter nach System Multifix\",\"description\":\"\",\"potentialAction\":[{\"@type\":\"SearchAction\",\"target\":{\"@type\":\"EntryPoint\",\"urlTemplate\":\"https:\/\/pewetools.de\/?s={search_term_string}\"},\"query-input\":{\"@type\":\"PropertyValueSpecification\",\"valueRequired\":true,\"valueName\":\"search_term_string\"}}],\"inLanguage\":\"it-IT\"}]}<\/script>\n<!-- \/ Yoast SEO plugin. -->","yoast_head_json":{"title":"Impressum","description":"Hier erhalten Sie alle notwendigen Information \u00fcber unser Unternehmen","robots":{"index":"index","follow":"follow","max-snippet":"max-snippet:-1","max-image-preview":"max-image-preview:large","max-video-preview":"max-video-preview:-1"},"canonical":"https:\/\/pewetools.de\/it\/impressum\/","og_locale":"it_IT","og_type":"article","og_title":"Impressum","og_description":"Hier erhalten Sie alle notwendigen Information \u00fcber unser Unternehmen","og_url":"https:\/\/pewetools.de\/it\/impressum\/","og_site_name":"PeWeTools Schnellwechselhalter nach System Multifix","article_modified_time":"2022-03-18T14:53:11+00:00","twitter_card":"summary_large_image","twitter_misc":{"Tempo di lettura stimato":"1 minuto"},"schema":{"@context":"https:\/\/schema.org","@graph":[{"@type":"WebPage","@id":"https:\/\/pewetools.de\/it\/impressum\/","url":"https:\/\/pewetools.de\/it\/impressum\/","name":"Impressum","isPartOf":{"@id":"https:\/\/pewetools.de\/#website"},"datePublished":"2019-09-11T11:21:52+00:00","dateModified":"2022-03-18T14:53:11+00:00","description":"Hier erhalten Sie alle notwendigen Information \u00fcber unser Unternehmen","breadcrumb":{"@id":"https:\/\/pewetools.de\/it\/impressum\/#breadcrumb"},"inLanguage":"it-IT","potentialAction":[{"@type":"ReadAction","target":["https:\/\/pewetools.de\/it\/impressum\/"]}]},{"@type":"BreadcrumbList","@id":"https:\/\/pewetools.de\/it\/impressum\/#breadcrumb","itemListElement":[{"@type":"ListItem","position":1,"name":"casa","item":"https:\/\/pewetools.de\/it\/"},{"@type":"ListItem","position":2,"name":"Impressum"}]},{"@type":"WebSite","@id":"https:\/\/pewetools.de\/#website","url":"https:\/\/pewetools.de\/","name":"PeWeTools Schnellwechselhalter nach System Multifix","description":"","potentialAction":[{"@type":"SearchAction","target":{"@type":"EntryPoint","urlTemplate":"https:\/\/pewetools.de\/?s={search_term_string}"},"query-input":{"@type":"PropertyValueSpecification","valueRequired":true,"valueName":"search_term_string"}}],"inLanguage":"it-IT"}]}},"_links":{"self":[{"href":"https:\/\/pewetools.de\/it\/wp-json\/wp\/v2\/pages\/7303","targetHints":{"allow":["GET"]}}],"collection":[{"href":"https:\/\/pewetools.de\/it\/wp-json\/wp\/v2\/pages"}],"about":[{"href":"https:\/\/pewetools.de\/it\/wp-json\/wp\/v2\/types\/page"}],"author":[{"embeddable":true,"href":"https:\/\/pewetools.de\/it\/wp-json\/wp\/v2\/users\/1"}],"replies":[{"embeddable":true,"href":"https:\/\/pewetools.de\/it\/wp-json\/wp\/v2\/comments?post=7303"}],"version-history":[{"count":2,"href":"https:\/\/pewetools.de\/it\/wp-json\/wp\/v2\/pages\/7303\/revisions"}],"predecessor-version":[{"id":11123,"href":"https:\/\/pewetools.de\/it\/wp-json\/wp\/v2\/pages\/7303\/revisions\/11123"}],"wp:attachment":[{"href":"https:\/\/pewetools.de\/it\/wp-json\/wp\/v2\/media?parent=7303"}],"curies":[{"name":"wp","href":"https:\/\/api.w.org\/{rel}","templated":true}]}}