{"id":7309,"date":"2019-09-11T11:24:34","date_gmt":"2019-09-11T11:24:34","guid":{"rendered":"https:\/\/pewetools.de\/zahlungsarten\/"},"modified":"2024-01-22T12:04:40","modified_gmt":"2024-01-22T11:04:40","slug":"zahlungsarten","status":"publish","type":"page","link":"https:\/\/pewetools.de\/it\/zahlungsarten\/","title":{"rendered":"Zahlungsarten"},"content":{"rendered":"<ul class=\"payment_methods methods\">\n<li class=\"payment_method_bacs\">Pagamento anticipato\n<div class=\"payment_box payment_method_bacs\">\n<p>Bonifico bancario direttamente sul nostro conto corrente. Si prega di indicare il numero dell&#8217;ordine come causale del pagamento. L&#8217;ordine verr\u00e0 spedito non appena il denaro verr\u00e0 accreditato sul nostro conto.<\/p>\n<p>Coordinate bancarie:<br \/>\n(Titolare del conto) Peter Wendlandt<br \/>\n(Banca) Landesbank Baden-W\u00fcrttemberg<br \/>\n(IBAN) DE7160 0501 0100 0269 8094<br \/>\n(BIC\/SWIFT) SOLADEST600<\/p>\n<\/div>\n<\/li>\n<li class=\"payment_method_paypal\"><label>PayPal<img decoding=\"async\" src=\"https:\/\/pewetools.de\/wp-content\/plugins\/woocommerce\/includes\/gateways\/paypal\/assets\/images\/paypal.png\" alt=\"PayPal acceptance mark\" \/><a class=\"about_paypal\" href=\"https:\/\/www.paypal.com\/de\/webapps\/mpp\/paypal-popup\">What is PayPal?<\/a><\/label>\n<div class=\"payment_box payment_method_paypal\">\n<p>Pagamento con Paypal. Verr\u00e0 addebitata una commissione del 2,49% dell&#8217;importo totale, che sar\u00e0 indicata nel carrello\/checkout e inclusa nell&#8217;importo del pagamento. Se non si dispone di un conto PayPal, \u00e8 possibile pagare anche con la carta di credito.<\/p>\n<\/div>\n<\/li>\n<\/ul>\n","protected":false},"excerpt":{"rendered":"<p>Pagamento anticipato Bonifico bancario direttamente sul nostro conto corrente. Si prega di indicare il numero dell&#8217;ordine come causale del pagamento. L&#8217;ordine verr\u00e0 spedito non appena il denaro verr\u00e0 accreditato sul nostro conto. Coordinate bancarie: (Titolare del conto) Peter Wendlandt (Banca) Landesbank Baden-W\u00fcrttemberg (IBAN) DE7160 0501 0100 0269 8094 (BIC\/SWIFT) SOLADEST600 PayPalWhat is PayPal? Pagamento con [&hellip;]<\/p>\n","protected":false},"author":1,"featured_media":0,"parent":0,"menu_order":0,"comment_status":"closed","ping_status":"closed","template":"","meta":{"footnotes":""},"class_list":["post-7309","page","type-page","status-publish","hentry"],"yoast_head":"<!-- This site is optimized with the Yoast SEO plugin v27.4 - https:\/\/yoast.com\/product\/yoast-seo-wordpress\/ -->\n<title>Zahlungsarten<\/title>\n<meta name=\"robots\" content=\"index, follow, max-snippet:-1, max-image-preview:large, max-video-preview:-1\" \/>\n<link rel=\"canonical\" href=\"https:\/\/pewetools.de\/it\/zahlungsarten\/\" \/>\n<meta property=\"og:locale\" content=\"it_IT\" \/>\n<meta property=\"og:type\" content=\"article\" \/>\n<meta property=\"og:title\" content=\"Zahlungsarten\" \/>\n<meta property=\"og:description\" content=\"Pagamento anticipato Bonifico bancario direttamente sul nostro conto corrente. Si prega di indicare il numero dell&#8217;ordine come causale del pagamento. L&#8217;ordine verr\u00e0 spedito non appena il denaro verr\u00e0 accreditato sul nostro conto. Coordinate bancarie: (Titolare del conto) Peter Wendlandt (Banca) Landesbank Baden-W\u00fcrttemberg (IBAN) DE7160 0501 0100 0269 8094 (BIC\/SWIFT) SOLADEST600 PayPalWhat is PayPal? Pagamento con [&hellip;]\" \/>\n<meta property=\"og:url\" content=\"https:\/\/pewetools.de\/it\/zahlungsarten\/\" \/>\n<meta property=\"og:site_name\" content=\"PeWeTools Schnellwechselhalter nach System Multifix\" \/>\n<meta property=\"article:modified_time\" content=\"2024-01-22T11:04:40+00:00\" \/>\n<meta property=\"og:image\" content=\"https:\/\/pewetools.de\/wp-content\/plugins\/woocommerce\/includes\/gateways\/paypal\/assets\/images\/paypal.png\" \/>\n<meta name=\"twitter:card\" content=\"summary_large_image\" \/>\n<meta name=\"twitter:label1\" content=\"Tempo di lettura stimato\" \/>\n\t<meta name=\"twitter:data1\" content=\"1 minuto\" \/>\n<script type=\"application\/ld+json\" class=\"yoast-schema-graph\">{\"@context\":\"https:\\\/\\\/schema.org\",\"@graph\":[{\"@type\":\"WebPage\",\"@id\":\"https:\\\/\\\/pewetools.de\\\/it\\\/zahlungsarten\\\/\",\"url\":\"https:\\\/\\\/pewetools.de\\\/it\\\/zahlungsarten\\\/\",\"name\":\"Zahlungsarten\",\"isPartOf\":{\"@id\":\"https:\\\/\\\/pewetools.de\\\/#website\"},\"primaryImageOfPage\":{\"@id\":\"https:\\\/\\\/pewetools.de\\\/it\\\/zahlungsarten\\\/#primaryimage\"},\"image\":{\"@id\":\"https:\\\/\\\/pewetools.de\\\/it\\\/zahlungsarten\\\/#primaryimage\"},\"thumbnailUrl\":\"https:\\\/\\\/pewetools.de\\\/wp-content\\\/plugins\\\/woocommerce\\\/includes\\\/gateways\\\/paypal\\\/assets\\\/images\\\/paypal.png\",\"datePublished\":\"2019-09-11T11:24:34+00:00\",\"dateModified\":\"2024-01-22T11:04:40+00:00\",\"breadcrumb\":{\"@id\":\"https:\\\/\\\/pewetools.de\\\/it\\\/zahlungsarten\\\/#breadcrumb\"},\"inLanguage\":\"it-IT\",\"potentialAction\":[{\"@type\":\"ReadAction\",\"target\":[\"https:\\\/\\\/pewetools.de\\\/it\\\/zahlungsarten\\\/\"]}]},{\"@type\":\"ImageObject\",\"inLanguage\":\"it-IT\",\"@id\":\"https:\\\/\\\/pewetools.de\\\/it\\\/zahlungsarten\\\/#primaryimage\",\"url\":\"https:\\\/\\\/pewetools.de\\\/wp-content\\\/plugins\\\/woocommerce\\\/includes\\\/gateways\\\/paypal\\\/assets\\\/images\\\/paypal.png\",\"contentUrl\":\"https:\\\/\\\/pewetools.de\\\/wp-content\\\/plugins\\\/woocommerce\\\/includes\\\/gateways\\\/paypal\\\/assets\\\/images\\\/paypal.png\"},{\"@type\":\"BreadcrumbList\",\"@id\":\"https:\\\/\\\/pewetools.de\\\/it\\\/zahlungsarten\\\/#breadcrumb\",\"itemListElement\":[{\"@type\":\"ListItem\",\"position\":1,\"name\":\"casa\",\"item\":\"https:\\\/\\\/pewetools.de\\\/it\\\/\"},{\"@type\":\"ListItem\",\"position\":2,\"name\":\"Zahlungsarten\"}]},{\"@type\":\"WebSite\",\"@id\":\"https:\\\/\\\/pewetools.de\\\/#website\",\"url\":\"https:\\\/\\\/pewetools.de\\\/\",\"name\":\"PeWeTools Schnellwechselhalter nach System Multifix\",\"description\":\"\",\"potentialAction\":[{\"@type\":\"SearchAction\",\"target\":{\"@type\":\"EntryPoint\",\"urlTemplate\":\"https:\\\/\\\/pewetools.de\\\/?s={search_term_string}\"},\"query-input\":{\"@type\":\"PropertyValueSpecification\",\"valueRequired\":true,\"valueName\":\"search_term_string\"}}],\"inLanguage\":\"it-IT\"}]}<\/script>\n<!-- \/ Yoast SEO plugin. -->","yoast_head_json":{"title":"Zahlungsarten","robots":{"index":"index","follow":"follow","max-snippet":"max-snippet:-1","max-image-preview":"max-image-preview:large","max-video-preview":"max-video-preview:-1"},"canonical":"https:\/\/pewetools.de\/it\/zahlungsarten\/","og_locale":"it_IT","og_type":"article","og_title":"Zahlungsarten","og_description":"Pagamento anticipato Bonifico bancario direttamente sul nostro conto corrente. Si prega di indicare il numero dell&#8217;ordine come causale del pagamento. L&#8217;ordine verr\u00e0 spedito non appena il denaro verr\u00e0 accreditato sul nostro conto. Coordinate bancarie: (Titolare del conto) Peter Wendlandt (Banca) Landesbank Baden-W\u00fcrttemberg (IBAN) DE7160 0501 0100 0269 8094 (BIC\/SWIFT) SOLADEST600 PayPalWhat is PayPal? Pagamento con [&hellip;]","og_url":"https:\/\/pewetools.de\/it\/zahlungsarten\/","og_site_name":"PeWeTools Schnellwechselhalter nach System Multifix","article_modified_time":"2024-01-22T11:04:40+00:00","og_image":[{"url":"https:\/\/pewetools.de\/wp-content\/plugins\/woocommerce\/includes\/gateways\/paypal\/assets\/images\/paypal.png","type":"","width":"","height":""}],"twitter_card":"summary_large_image","twitter_misc":{"Tempo di lettura stimato":"1 minuto"},"schema":{"@context":"https:\/\/schema.org","@graph":[{"@type":"WebPage","@id":"https:\/\/pewetools.de\/it\/zahlungsarten\/","url":"https:\/\/pewetools.de\/it\/zahlungsarten\/","name":"Zahlungsarten","isPartOf":{"@id":"https:\/\/pewetools.de\/#website"},"primaryImageOfPage":{"@id":"https:\/\/pewetools.de\/it\/zahlungsarten\/#primaryimage"},"image":{"@id":"https:\/\/pewetools.de\/it\/zahlungsarten\/#primaryimage"},"thumbnailUrl":"https:\/\/pewetools.de\/wp-content\/plugins\/woocommerce\/includes\/gateways\/paypal\/assets\/images\/paypal.png","datePublished":"2019-09-11T11:24:34+00:00","dateModified":"2024-01-22T11:04:40+00:00","breadcrumb":{"@id":"https:\/\/pewetools.de\/it\/zahlungsarten\/#breadcrumb"},"inLanguage":"it-IT","potentialAction":[{"@type":"ReadAction","target":["https:\/\/pewetools.de\/it\/zahlungsarten\/"]}]},{"@type":"ImageObject","inLanguage":"it-IT","@id":"https:\/\/pewetools.de\/it\/zahlungsarten\/#primaryimage","url":"https:\/\/pewetools.de\/wp-content\/plugins\/woocommerce\/includes\/gateways\/paypal\/assets\/images\/paypal.png","contentUrl":"https:\/\/pewetools.de\/wp-content\/plugins\/woocommerce\/includes\/gateways\/paypal\/assets\/images\/paypal.png"},{"@type":"BreadcrumbList","@id":"https:\/\/pewetools.de\/it\/zahlungsarten\/#breadcrumb","itemListElement":[{"@type":"ListItem","position":1,"name":"casa","item":"https:\/\/pewetools.de\/it\/"},{"@type":"ListItem","position":2,"name":"Zahlungsarten"}]},{"@type":"WebSite","@id":"https:\/\/pewetools.de\/#website","url":"https:\/\/pewetools.de\/","name":"PeWeTools Schnellwechselhalter nach System Multifix","description":"","potentialAction":[{"@type":"SearchAction","target":{"@type":"EntryPoint","urlTemplate":"https:\/\/pewetools.de\/?s={search_term_string}"},"query-input":{"@type":"PropertyValueSpecification","valueRequired":true,"valueName":"search_term_string"}}],"inLanguage":"it-IT"}]}},"_links":{"self":[{"href":"https:\/\/pewetools.de\/it\/wp-json\/wp\/v2\/pages\/7309","targetHints":{"allow":["GET"]}}],"collection":[{"href":"https:\/\/pewetools.de\/it\/wp-json\/wp\/v2\/pages"}],"about":[{"href":"https:\/\/pewetools.de\/it\/wp-json\/wp\/v2\/types\/page"}],"author":[{"embeddable":true,"href":"https:\/\/pewetools.de\/it\/wp-json\/wp\/v2\/users\/1"}],"replies":[{"embeddable":true,"href":"https:\/\/pewetools.de\/it\/wp-json\/wp\/v2\/comments?post=7309"}],"version-history":[{"count":3,"href":"https:\/\/pewetools.de\/it\/wp-json\/wp\/v2\/pages\/7309\/revisions"}],"predecessor-version":[{"id":13819,"href":"https:\/\/pewetools.de\/it\/wp-json\/wp\/v2\/pages\/7309\/revisions\/13819"}],"wp:attachment":[{"href":"https:\/\/pewetools.de\/it\/wp-json\/wp\/v2\/media?parent=7309"}],"curies":[{"name":"wp","href":"https:\/\/api.w.org\/{rel}","templated":true}]}}