{"id":10288,"date":"2021-10-27T12:20:51","date_gmt":"2021-10-27T10:20:51","guid":{"rendered":"https:\/\/pewetools.de\/?post_type=product&#038;p=10288"},"modified":"2025-03-12T14:06:32","modified_gmt":"2025-03-12T13:06:32","slug":"set-system-multifix-as1660-con-collare-di-centraggio-da-22-mm-sulla-slitta-superiore","status":"publish","type":"product","link":"https:\/\/pewetools.de\/it\/shop\/categoria-prodotto\/set-system-multifix-as1660-con-collare-di-centraggio-da-22-mm-sulla-slitta-superiore\/","title":{"rendered":"Set System Multifix AS1660 con collare di centraggio da 22 mm sulla slitta superiore"},"content":{"rendered":"<p>Questa offerta \u00e8 una soluzione speciale per macchine per le quali AS \u00e8 la dimensione giusta, ma che hanno un collare di centraggio da 22 mm sulla slitta superiore.<\/p>\n<p>incluso:<\/p>\n<p>1 corpo principale AS 22mm (approvato per macchine con una potenza del motore di max. 1,2 kW)<\/p>\n<p>1 leva di tensione<\/p>\n<p>1 perno<\/p>\n<p>3 supporti ASD1660<\/p>\n<p>1 portautensile sede prismatica ASH1665<\/p>\n<p>1 chiavea bussola quadrata<\/p>\n<p>1 rapporto di prova di durezza preparato da noi sulla durezza del corpo principale<\/p>\n<p>1 rapporto di prova di durezza preparato da noi sulla durezza di un portauntensile<\/p>\n","protected":false},"excerpt":{"rendered":"<p>Set AS1660 22mm<\/p>\n","protected":false},"featured_media":12808,"template":"","meta":{"footnotes":""},"product_brand":[],"product_cat":[469,481],"product_tag":[1218],"class_list":{"0":"post-10288","1":"product","2":"type-product","3":"status-publish","4":"has-post-thumbnail","6":"product_cat-portautensile-di-cambio-rapido","7":"product_cat-as","8":"product_tag-portutensile-cambio-rapido","9":"product_shipping_class-pacco","11":"first","12":"instock","13":"taxable","14":"shipping-taxable","15":"purchasable","16":"product-type-simple"},"yoast_head":"<!-- This site is optimized with the Yoast SEO plugin v27.4 - https:\/\/yoast.com\/product\/yoast-seo-wordpress\/ -->\n<title>Adattatore per sistema di cambio rapido - pewetools limited<\/title>\n<meta name=\"description\" content=\"Ogni portautensile prodotto per noi \u00e8 testato sul corpo originale dell&#039;inventore J.F.Minder, quindi \u00e8 garantita un&#039;ispezione di qualit\u00e0 al 100% + compatibilit\u00e0.\" \/>\n<meta name=\"robots\" content=\"index, follow, max-snippet:-1, max-image-preview:large, max-video-preview:-1\" \/>\n<link rel=\"canonical\" href=\"https:\/\/pewetools.de\/shop\/categoria-prodotto\/set-system-multifix-as1660-fuer-oberschlittenbund-mit-22mm\/\" \/>\n<meta property=\"og:locale\" content=\"it_IT\" \/>\n<meta property=\"og:type\" content=\"article\" \/>\n<meta property=\"og:title\" content=\"Adattatore per sistema di cambio rapido - pewetools limited\" \/>\n<meta property=\"og:description\" content=\"Ogni portautensile prodotto per noi \u00e8 testato sul corpo originale dell&#039;inventore J.F.Minder, quindi \u00e8 garantita un&#039;ispezione di qualit\u00e0 al 100% + compatibilit\u00e0.\" \/>\n<meta property=\"og:url\" content=\"https:\/\/pewetools.de\/shop\/categoria-prodotto\/set-system-multifix-as1660-fuer-oberschlittenbund-mit-22mm\/\" \/>\n<meta property=\"og:site_name\" content=\"PeWeTools Schnellwechselhalter nach System Multifix\" \/>\n<meta property=\"article:modified_time\" content=\"2025-03-12T13:06:32+00:00\" \/>\n<meta property=\"og:image\" content=\"https:\/\/pewetools.de\/wp-content\/uploads\/2022\/08\/Set-AS-Hauptbild-alles-1-ohne-Schrauben-2.jpg\" \/>\n\t<meta property=\"og:image:width\" content=\"1181\" \/>\n\t<meta property=\"og:image:height\" content=\"969\" \/>\n\t<meta property=\"og:image:type\" content=\"image\/jpeg\" \/>\n<meta name=\"twitter:card\" content=\"summary_large_image\" \/>\n<meta name=\"twitter:label1\" content=\"Tempo di lettura stimato\" \/>\n\t<meta name=\"twitter:data1\" content=\"1 minuto\" \/>\n<script type=\"application\/ld+json\" class=\"yoast-schema-graph\">{\"@context\":\"https:\\\/\\\/schema.org\",\"@graph\":[{\"@type\":\"WebPage\",\"@id\":\"https:\\\/\\\/pewetools.de\\\/shop\\\/categoria-prodotto\\\/set-system-multifix-as1660-fuer-oberschlittenbund-mit-22mm\\\/\",\"url\":\"https:\\\/\\\/pewetools.de\\\/shop\\\/categoria-prodotto\\\/set-system-multifix-as1660-fuer-oberschlittenbund-mit-22mm\\\/\",\"name\":\"Adattatore per sistema di cambio rapido - pewetools limited\",\"isPartOf\":{\"@id\":\"https:\\\/\\\/pewetools.de\\\/#website\"},\"primaryImageOfPage\":{\"@id\":\"https:\\\/\\\/pewetools.de\\\/shop\\\/categoria-prodotto\\\/set-system-multifix-as1660-fuer-oberschlittenbund-mit-22mm\\\/#primaryimage\"},\"image\":{\"@id\":\"https:\\\/\\\/pewetools.de\\\/shop\\\/categoria-prodotto\\\/set-system-multifix-as1660-fuer-oberschlittenbund-mit-22mm\\\/#primaryimage\"},\"thumbnailUrl\":\"https:\\\/\\\/pewetools.de\\\/wp-content\\\/uploads\\\/2022\\\/08\\\/Set-AS-Hauptbild-alles-1-ohne-Schrauben-2.jpg\",\"datePublished\":\"2021-10-27T10:20:51+00:00\",\"dateModified\":\"2025-03-12T13:06:32+00:00\",\"description\":\"Ogni portautensile prodotto per noi \u00e8 testato sul corpo originale dell'inventore J.F.Minder, quindi \u00e8 garantita un'ispezione di qualit\u00e0 al 100% + compatibilit\u00e0.\",\"breadcrumb\":{\"@id\":\"https:\\\/\\\/pewetools.de\\\/shop\\\/categoria-prodotto\\\/set-system-multifix-as1660-fuer-oberschlittenbund-mit-22mm\\\/#breadcrumb\"},\"inLanguage\":\"it-IT\",\"potentialAction\":[{\"@type\":\"ReadAction\",\"target\":[\"https:\\\/\\\/pewetools.de\\\/shop\\\/categoria-prodotto\\\/set-system-multifix-as1660-fuer-oberschlittenbund-mit-22mm\\\/\"]}]},{\"@type\":\"ImageObject\",\"inLanguage\":\"it-IT\",\"@id\":\"https:\\\/\\\/pewetools.de\\\/shop\\\/categoria-prodotto\\\/set-system-multifix-as1660-fuer-oberschlittenbund-mit-22mm\\\/#primaryimage\",\"url\":\"https:\\\/\\\/pewetools.de\\\/wp-content\\\/uploads\\\/2022\\\/08\\\/Set-AS-Hauptbild-alles-1-ohne-Schrauben-2.jpg\",\"contentUrl\":\"https:\\\/\\\/pewetools.de\\\/wp-content\\\/uploads\\\/2022\\\/08\\\/Set-AS-Hauptbild-alles-1-ohne-Schrauben-2.jpg\",\"width\":1181,\"height\":969},{\"@type\":\"BreadcrumbList\",\"@id\":\"https:\\\/\\\/pewetools.de\\\/shop\\\/categoria-prodotto\\\/set-system-multifix-as1660-fuer-oberschlittenbund-mit-22mm\\\/#breadcrumb\",\"itemListElement\":[{\"@type\":\"ListItem\",\"position\":1,\"name\":\"casa\",\"item\":\"https:\\\/\\\/pewetools.de\\\/it\\\/\"},{\"@type\":\"ListItem\",\"position\":2,\"name\":\"Shop\",\"item\":\"https:\\\/\\\/pewetools.de\\\/it\\\/shop\\\/\"},{\"@type\":\"ListItem\",\"position\":3,\"name\":\"Set System Multifix AS1660 con collare di centraggio da 22 mm sulla slitta superiore\"}]},{\"@type\":\"WebSite\",\"@id\":\"https:\\\/\\\/pewetools.de\\\/#website\",\"url\":\"https:\\\/\\\/pewetools.de\\\/\",\"name\":\"PeWeTools Schnellwechselhalter nach System Multifix\",\"description\":\"\",\"potentialAction\":[{\"@type\":\"SearchAction\",\"target\":{\"@type\":\"EntryPoint\",\"urlTemplate\":\"https:\\\/\\\/pewetools.de\\\/?s={search_term_string}\"},\"query-input\":{\"@type\":\"PropertyValueSpecification\",\"valueRequired\":true,\"valueName\":\"search_term_string\"}}],\"inLanguage\":\"it-IT\"}]}<\/script>\n<!-- \/ Yoast SEO plugin. -->","yoast_head_json":{"title":"Adattatore per sistema di cambio rapido - pewetools limited","description":"Ogni portautensile prodotto per noi \u00e8 testato sul corpo originale dell'inventore J.F.Minder, quindi \u00e8 garantita un'ispezione di qualit\u00e0 al 100% + compatibilit\u00e0.","robots":{"index":"index","follow":"follow","max-snippet":"max-snippet:-1","max-image-preview":"max-image-preview:large","max-video-preview":"max-video-preview:-1"},"canonical":"https:\/\/pewetools.de\/shop\/categoria-prodotto\/set-system-multifix-as1660-fuer-oberschlittenbund-mit-22mm\/","og_locale":"it_IT","og_type":"article","og_title":"Adattatore per sistema di cambio rapido - pewetools limited","og_description":"Ogni portautensile prodotto per noi \u00e8 testato sul corpo originale dell'inventore J.F.Minder, quindi \u00e8 garantita un'ispezione di qualit\u00e0 al 100% + compatibilit\u00e0.","og_url":"https:\/\/pewetools.de\/shop\/categoria-prodotto\/set-system-multifix-as1660-fuer-oberschlittenbund-mit-22mm\/","og_site_name":"PeWeTools Schnellwechselhalter nach System Multifix","article_modified_time":"2025-03-12T13:06:32+00:00","og_image":[{"width":1181,"height":969,"url":"https:\/\/pewetools.de\/wp-content\/uploads\/2022\/08\/Set-AS-Hauptbild-alles-1-ohne-Schrauben-2.jpg","type":"image\/jpeg"}],"twitter_card":"summary_large_image","twitter_misc":{"Tempo di lettura stimato":"1 minuto"},"schema":{"@context":"https:\/\/schema.org","@graph":[{"@type":"WebPage","@id":"https:\/\/pewetools.de\/shop\/categoria-prodotto\/set-system-multifix-as1660-fuer-oberschlittenbund-mit-22mm\/","url":"https:\/\/pewetools.de\/shop\/categoria-prodotto\/set-system-multifix-as1660-fuer-oberschlittenbund-mit-22mm\/","name":"Adattatore per sistema di cambio rapido - pewetools limited","isPartOf":{"@id":"https:\/\/pewetools.de\/#website"},"primaryImageOfPage":{"@id":"https:\/\/pewetools.de\/shop\/categoria-prodotto\/set-system-multifix-as1660-fuer-oberschlittenbund-mit-22mm\/#primaryimage"},"image":{"@id":"https:\/\/pewetools.de\/shop\/categoria-prodotto\/set-system-multifix-as1660-fuer-oberschlittenbund-mit-22mm\/#primaryimage"},"thumbnailUrl":"https:\/\/pewetools.de\/wp-content\/uploads\/2022\/08\/Set-AS-Hauptbild-alles-1-ohne-Schrauben-2.jpg","datePublished":"2021-10-27T10:20:51+00:00","dateModified":"2025-03-12T13:06:32+00:00","description":"Ogni portautensile prodotto per noi \u00e8 testato sul corpo originale dell'inventore J.F.Minder, quindi \u00e8 garantita un'ispezione di qualit\u00e0 al 100% + compatibilit\u00e0.","breadcrumb":{"@id":"https:\/\/pewetools.de\/shop\/categoria-prodotto\/set-system-multifix-as1660-fuer-oberschlittenbund-mit-22mm\/#breadcrumb"},"inLanguage":"it-IT","potentialAction":[{"@type":"ReadAction","target":["https:\/\/pewetools.de\/shop\/categoria-prodotto\/set-system-multifix-as1660-fuer-oberschlittenbund-mit-22mm\/"]}]},{"@type":"ImageObject","inLanguage":"it-IT","@id":"https:\/\/pewetools.de\/shop\/categoria-prodotto\/set-system-multifix-as1660-fuer-oberschlittenbund-mit-22mm\/#primaryimage","url":"https:\/\/pewetools.de\/wp-content\/uploads\/2022\/08\/Set-AS-Hauptbild-alles-1-ohne-Schrauben-2.jpg","contentUrl":"https:\/\/pewetools.de\/wp-content\/uploads\/2022\/08\/Set-AS-Hauptbild-alles-1-ohne-Schrauben-2.jpg","width":1181,"height":969},{"@type":"BreadcrumbList","@id":"https:\/\/pewetools.de\/shop\/categoria-prodotto\/set-system-multifix-as1660-fuer-oberschlittenbund-mit-22mm\/#breadcrumb","itemListElement":[{"@type":"ListItem","position":1,"name":"casa","item":"https:\/\/pewetools.de\/it\/"},{"@type":"ListItem","position":2,"name":"Shop","item":"https:\/\/pewetools.de\/it\/shop\/"},{"@type":"ListItem","position":3,"name":"Set System Multifix AS1660 con collare di centraggio da 22 mm sulla slitta superiore"}]},{"@type":"WebSite","@id":"https:\/\/pewetools.de\/#website","url":"https:\/\/pewetools.de\/","name":"PeWeTools Schnellwechselhalter nach System Multifix","description":"","potentialAction":[{"@type":"SearchAction","target":{"@type":"EntryPoint","urlTemplate":"https:\/\/pewetools.de\/?s={search_term_string}"},"query-input":{"@type":"PropertyValueSpecification","valueRequired":true,"valueName":"search_term_string"}}],"inLanguage":"it-IT"}]}},"_links":{"self":[{"href":"https:\/\/pewetools.de\/it\/wp-json\/wp\/v2\/product\/10288","targetHints":{"allow":["GET"]}}],"collection":[{"href":"https:\/\/pewetools.de\/it\/wp-json\/wp\/v2\/product"}],"about":[{"href":"https:\/\/pewetools.de\/it\/wp-json\/wp\/v2\/types\/product"}],"version-history":[{"count":2,"href":"https:\/\/pewetools.de\/it\/wp-json\/wp\/v2\/product\/10288\/revisions"}],"predecessor-version":[{"id":15527,"href":"https:\/\/pewetools.de\/it\/wp-json\/wp\/v2\/product\/10288\/revisions\/15527"}],"wp:featuredmedia":[{"embeddable":true,"href":"https:\/\/pewetools.de\/it\/wp-json\/wp\/v2\/media\/12808"}],"wp:attachment":[{"href":"https:\/\/pewetools.de\/it\/wp-json\/wp\/v2\/media?parent=10288"}],"wp:term":[{"taxonomy":"product_brand","embeddable":true,"href":"https:\/\/pewetools.de\/it\/wp-json\/wp\/v2\/product_brand?post=10288"},{"taxonomy":"product_cat","embeddable":true,"href":"https:\/\/pewetools.de\/it\/wp-json\/wp\/v2\/product_cat?post=10288"},{"taxonomy":"product_tag","embeddable":true,"href":"https:\/\/pewetools.de\/it\/wp-json\/wp\/v2\/product_tag?post=10288"}],"curies":[{"name":"wp","href":"https:\/\/api.w.org\/{rel}","templated":true}]}}