{"id":10576,"date":"2022-01-12T12:32:18","date_gmt":"2022-01-12T11:32:18","guid":{"rendered":"https:\/\/pewetools.de\/?post_type=product&#038;p=10576"},"modified":"2025-08-25T14:43:00","modified_gmt":"2025-08-25T12:43:00","slug":"torretta-portautensili-a-cambio-rapido-set-a1675-s","status":"publish","type":"product","link":"https:\/\/pewetools.de\/it\/shop\/categoria-prodotto\/torretta-portautensili-a-cambio-rapido-set-a1675-s\/","title":{"rendered":"Torretta portautensili a cambio rapido Set A1675-S"},"content":{"rendered":"<p><span style=\"color: #008080;\"><strong>inclusi:<\/strong><\/span><\/p>\n<p>1x corpo a cambio rapido A (omologato per macchine con una potenza del motore di max. 1,5 kW)<br \/>\n1x leva di sollevamento<br \/>\n1x pin corrispondente<br \/>\n3x portautensili piana <span style=\"color: #008080;\"><strong>AD1675-S<\/strong><\/span> , <span style=\"color: #008080;\"><strong>con un poggiautensili pi\u00f9 sottile, <\/strong><span style=\"color: #000000;\">vedi foto<\/span><\/span><br \/>\n1x portautensile sede prismatica AH1680 per tenere gli acciai da tornio rotondi<br \/>\n1x chiave a bussola quadrata<\/p>\n<p>max. 1,5 kW<\/p>\n","protected":false},"excerpt":{"rendered":"<p>SetA1675-S<\/p>\n","protected":false},"featured_media":12769,"template":"","meta":{"footnotes":""},"product_brand":[],"product_cat":[477,469],"product_tag":[1218],"class_list":{"0":"post-10576","1":"product","2":"type-product","3":"status-publish","4":"has-post-thumbnail","6":"product_cat-a","7":"product_cat-portautensile-di-cambio-rapido","8":"product_tag-portutensile-cambio-rapido","9":"product_shipping_class-pacco","11":"first","12":"outofstock","13":"taxable","14":"shipping-taxable","15":"purchasable","16":"product-type-simple"},"yoast_head":"<!-- This site is optimized with the Yoast SEO plugin v27.1.1 - https:\/\/yoast.com\/product\/yoast-seo-wordpress\/ -->\n<title>Torretta portautensili a cambio rapido - pewetools limited<\/title>\n<meta name=\"description\" content=\"Ogni portautensile prodotto per noi \u00e8 testato sul corpo originale dell&#039;inventore J.F.Minder, quindi \u00e8 garantita un&#039;ispezione di qualit\u00e0 al 100% + compatibilit\u00e0.\" \/>\n<meta name=\"robots\" content=\"index, follow, max-snippet:-1, max-image-preview:large, max-video-preview:-1\" \/>\n<link rel=\"canonical\" href=\"https:\/\/pewetools.de\/it\/shop\/categoria-prodotto\/torretta-portautensili-a-cambio-rapido-set-a1675-s\/\" \/>\n<meta property=\"og:locale\" content=\"it_IT\" \/>\n<meta property=\"og:type\" content=\"article\" \/>\n<meta property=\"og:title\" content=\"Torretta portautensili a cambio rapido - pewetools limited\" \/>\n<meta property=\"og:description\" content=\"Ogni portautensile prodotto per noi \u00e8 testato sul corpo originale dell&#039;inventore J.F.Minder, quindi \u00e8 garantita un&#039;ispezione di qualit\u00e0 al 100% + compatibilit\u00e0.\" \/>\n<meta property=\"og:url\" content=\"https:\/\/pewetools.de\/it\/shop\/categoria-prodotto\/torretta-portautensili-a-cambio-rapido-set-a1675-s\/\" \/>\n<meta property=\"og:site_name\" content=\"PeWeTools Schnellwechselhalter nach System Multifix\" \/>\n<meta property=\"article:modified_time\" content=\"2025-08-25T12:43:00+00:00\" \/>\n<meta property=\"og:image\" content=\"https:\/\/pewetools.de\/wp-content\/uploads\/2023\/04\/Set-A-2-ohne-Schrauben.jpg\" \/>\n\t<meta property=\"og:image:width\" content=\"1600\" \/>\n\t<meta property=\"og:image:height\" content=\"1143\" \/>\n\t<meta property=\"og:image:type\" content=\"image\/jpeg\" \/>\n<meta name=\"twitter:card\" content=\"summary_large_image\" \/>\n<meta name=\"twitter:label1\" content=\"Tempo di lettura stimato\" \/>\n\t<meta name=\"twitter:data1\" content=\"1 minuto\" \/>\n<script type=\"application\/ld+json\" class=\"yoast-schema-graph\">{\"@context\":\"https:\/\/schema.org\",\"@graph\":[{\"@type\":\"WebPage\",\"@id\":\"https:\/\/pewetools.de\/it\/shop\/categoria-prodotto\/torretta-portautensili-a-cambio-rapido-set-a1675-s\/\",\"url\":\"https:\/\/pewetools.de\/it\/shop\/categoria-prodotto\/torretta-portautensili-a-cambio-rapido-set-a1675-s\/\",\"name\":\"Torretta portautensili a cambio rapido - pewetools limited\",\"isPartOf\":{\"@id\":\"https:\/\/pewetools.de\/#website\"},\"primaryImageOfPage\":{\"@id\":\"https:\/\/pewetools.de\/it\/shop\/categoria-prodotto\/torretta-portautensili-a-cambio-rapido-set-a1675-s\/#primaryimage\"},\"image\":{\"@id\":\"https:\/\/pewetools.de\/it\/shop\/categoria-prodotto\/torretta-portautensili-a-cambio-rapido-set-a1675-s\/#primaryimage\"},\"thumbnailUrl\":\"https:\/\/pewetools.de\/wp-content\/uploads\/2023\/04\/Set-A-2-ohne-Schrauben.jpg\",\"datePublished\":\"2022-01-12T11:32:18+00:00\",\"dateModified\":\"2025-08-25T12:43:00+00:00\",\"description\":\"Ogni portautensile prodotto per noi \u00e8 testato sul corpo originale dell'inventore J.F.Minder, quindi \u00e8 garantita un'ispezione di qualit\u00e0 al 100% + compatibilit\u00e0.\",\"breadcrumb\":{\"@id\":\"https:\/\/pewetools.de\/it\/shop\/categoria-prodotto\/torretta-portautensili-a-cambio-rapido-set-a1675-s\/#breadcrumb\"},\"inLanguage\":\"it-IT\",\"potentialAction\":[{\"@type\":\"ReadAction\",\"target\":[\"https:\/\/pewetools.de\/it\/shop\/categoria-prodotto\/torretta-portautensili-a-cambio-rapido-set-a1675-s\/\"]}]},{\"@type\":\"ImageObject\",\"inLanguage\":\"it-IT\",\"@id\":\"https:\/\/pewetools.de\/it\/shop\/categoria-prodotto\/torretta-portautensili-a-cambio-rapido-set-a1675-s\/#primaryimage\",\"url\":\"https:\/\/pewetools.de\/wp-content\/uploads\/2023\/04\/Set-A-2-ohne-Schrauben.jpg\",\"contentUrl\":\"https:\/\/pewetools.de\/wp-content\/uploads\/2023\/04\/Set-A-2-ohne-Schrauben.jpg\",\"width\":1600,\"height\":1143},{\"@type\":\"BreadcrumbList\",\"@id\":\"https:\/\/pewetools.de\/it\/shop\/categoria-prodotto\/torretta-portautensili-a-cambio-rapido-set-a1675-s\/#breadcrumb\",\"itemListElement\":[{\"@type\":\"ListItem\",\"position\":1,\"name\":\"casa\",\"item\":\"https:\/\/pewetools.de\/it\/\"},{\"@type\":\"ListItem\",\"position\":2,\"name\":\"Shop\",\"item\":\"https:\/\/pewetools.de\/it\/shop\/\"},{\"@type\":\"ListItem\",\"position\":3,\"name\":\"Torretta portautensili a cambio rapido Set A1675-S\"}]},{\"@type\":\"WebSite\",\"@id\":\"https:\/\/pewetools.de\/#website\",\"url\":\"https:\/\/pewetools.de\/\",\"name\":\"PeWeTools Schnellwechselhalter nach System Multifix\",\"description\":\"\",\"potentialAction\":[{\"@type\":\"SearchAction\",\"target\":{\"@type\":\"EntryPoint\",\"urlTemplate\":\"https:\/\/pewetools.de\/?s={search_term_string}\"},\"query-input\":{\"@type\":\"PropertyValueSpecification\",\"valueRequired\":true,\"valueName\":\"search_term_string\"}}],\"inLanguage\":\"it-IT\"}]}<\/script>\n<!-- \/ Yoast SEO plugin. -->","yoast_head_json":{"title":"Torretta portautensili a cambio rapido - pewetools limited","description":"Ogni portautensile prodotto per noi \u00e8 testato sul corpo originale dell'inventore J.F.Minder, quindi \u00e8 garantita un'ispezione di qualit\u00e0 al 100% + compatibilit\u00e0.","robots":{"index":"index","follow":"follow","max-snippet":"max-snippet:-1","max-image-preview":"max-image-preview:large","max-video-preview":"max-video-preview:-1"},"canonical":"https:\/\/pewetools.de\/it\/shop\/categoria-prodotto\/torretta-portautensili-a-cambio-rapido-set-a1675-s\/","og_locale":"it_IT","og_type":"article","og_title":"Torretta portautensili a cambio rapido - pewetools limited","og_description":"Ogni portautensile prodotto per noi \u00e8 testato sul corpo originale dell'inventore J.F.Minder, quindi \u00e8 garantita un'ispezione di qualit\u00e0 al 100% + compatibilit\u00e0.","og_url":"https:\/\/pewetools.de\/it\/shop\/categoria-prodotto\/torretta-portautensili-a-cambio-rapido-set-a1675-s\/","og_site_name":"PeWeTools Schnellwechselhalter nach System Multifix","article_modified_time":"2025-08-25T12:43:00+00:00","og_image":[{"width":1600,"height":1143,"url":"https:\/\/pewetools.de\/wp-content\/uploads\/2023\/04\/Set-A-2-ohne-Schrauben.jpg","type":"image\/jpeg"}],"twitter_card":"summary_large_image","twitter_misc":{"Tempo di lettura stimato":"1 minuto"},"schema":{"@context":"https:\/\/schema.org","@graph":[{"@type":"WebPage","@id":"https:\/\/pewetools.de\/it\/shop\/categoria-prodotto\/torretta-portautensili-a-cambio-rapido-set-a1675-s\/","url":"https:\/\/pewetools.de\/it\/shop\/categoria-prodotto\/torretta-portautensili-a-cambio-rapido-set-a1675-s\/","name":"Torretta portautensili a cambio rapido - pewetools limited","isPartOf":{"@id":"https:\/\/pewetools.de\/#website"},"primaryImageOfPage":{"@id":"https:\/\/pewetools.de\/it\/shop\/categoria-prodotto\/torretta-portautensili-a-cambio-rapido-set-a1675-s\/#primaryimage"},"image":{"@id":"https:\/\/pewetools.de\/it\/shop\/categoria-prodotto\/torretta-portautensili-a-cambio-rapido-set-a1675-s\/#primaryimage"},"thumbnailUrl":"https:\/\/pewetools.de\/wp-content\/uploads\/2023\/04\/Set-A-2-ohne-Schrauben.jpg","datePublished":"2022-01-12T11:32:18+00:00","dateModified":"2025-08-25T12:43:00+00:00","description":"Ogni portautensile prodotto per noi \u00e8 testato sul corpo originale dell'inventore J.F.Minder, quindi \u00e8 garantita un'ispezione di qualit\u00e0 al 100% + compatibilit\u00e0.","breadcrumb":{"@id":"https:\/\/pewetools.de\/it\/shop\/categoria-prodotto\/torretta-portautensili-a-cambio-rapido-set-a1675-s\/#breadcrumb"},"inLanguage":"it-IT","potentialAction":[{"@type":"ReadAction","target":["https:\/\/pewetools.de\/it\/shop\/categoria-prodotto\/torretta-portautensili-a-cambio-rapido-set-a1675-s\/"]}]},{"@type":"ImageObject","inLanguage":"it-IT","@id":"https:\/\/pewetools.de\/it\/shop\/categoria-prodotto\/torretta-portautensili-a-cambio-rapido-set-a1675-s\/#primaryimage","url":"https:\/\/pewetools.de\/wp-content\/uploads\/2023\/04\/Set-A-2-ohne-Schrauben.jpg","contentUrl":"https:\/\/pewetools.de\/wp-content\/uploads\/2023\/04\/Set-A-2-ohne-Schrauben.jpg","width":1600,"height":1143},{"@type":"BreadcrumbList","@id":"https:\/\/pewetools.de\/it\/shop\/categoria-prodotto\/torretta-portautensili-a-cambio-rapido-set-a1675-s\/#breadcrumb","itemListElement":[{"@type":"ListItem","position":1,"name":"casa","item":"https:\/\/pewetools.de\/it\/"},{"@type":"ListItem","position":2,"name":"Shop","item":"https:\/\/pewetools.de\/it\/shop\/"},{"@type":"ListItem","position":3,"name":"Torretta portautensili a cambio rapido Set A1675-S"}]},{"@type":"WebSite","@id":"https:\/\/pewetools.de\/#website","url":"https:\/\/pewetools.de\/","name":"PeWeTools Schnellwechselhalter nach System Multifix","description":"","potentialAction":[{"@type":"SearchAction","target":{"@type":"EntryPoint","urlTemplate":"https:\/\/pewetools.de\/?s={search_term_string}"},"query-input":{"@type":"PropertyValueSpecification","valueRequired":true,"valueName":"search_term_string"}}],"inLanguage":"it-IT"}]}},"_links":{"self":[{"href":"https:\/\/pewetools.de\/it\/wp-json\/wp\/v2\/product\/10576","targetHints":{"allow":["GET"]}}],"collection":[{"href":"https:\/\/pewetools.de\/it\/wp-json\/wp\/v2\/product"}],"about":[{"href":"https:\/\/pewetools.de\/it\/wp-json\/wp\/v2\/types\/product"}],"version-history":[{"count":5,"href":"https:\/\/pewetools.de\/it\/wp-json\/wp\/v2\/product\/10576\/revisions"}],"predecessor-version":[{"id":15823,"href":"https:\/\/pewetools.de\/it\/wp-json\/wp\/v2\/product\/10576\/revisions\/15823"}],"wp:featuredmedia":[{"embeddable":true,"href":"https:\/\/pewetools.de\/it\/wp-json\/wp\/v2\/media\/12769"}],"wp:attachment":[{"href":"https:\/\/pewetools.de\/it\/wp-json\/wp\/v2\/media?parent=10576"}],"wp:term":[{"taxonomy":"product_brand","embeddable":true,"href":"https:\/\/pewetools.de\/it\/wp-json\/wp\/v2\/product_brand?post=10576"},{"taxonomy":"product_cat","embeddable":true,"href":"https:\/\/pewetools.de\/it\/wp-json\/wp\/v2\/product_cat?post=10576"},{"taxonomy":"product_tag","embeddable":true,"href":"https:\/\/pewetools.de\/it\/wp-json\/wp\/v2\/product_tag?post=10576"}],"curies":[{"name":"wp","href":"https:\/\/api.w.org\/{rel}","templated":true}]}}