{"id":10583,"date":"2022-01-12T13:19:03","date_gmt":"2022-01-12T12:19:03","guid":{"rendered":"https:\/\/pewetools.de\/?post_type=product&#038;p=10583"},"modified":"2025-08-25T14:43:00","modified_gmt":"2025-08-25T12:43:00","slug":"set-di-avvio-ad1690-s-come-il-sistema-multifix","status":"publish","type":"product","link":"https:\/\/pewetools.de\/it\/shop\/categoria-prodotto\/set-di-avvio-ad1690-s-come-il-sistema-multifix\/","title":{"rendered":"Set di partenza A1690-S con poggiautensili ultrapiatto"},"content":{"rendered":"<p><span style=\"color: #008080;\">incluso:<\/span><br \/>\n\u2022 1 corpo principale A<br \/>\n\u2022 1 leva di tensione<br \/>\n\u2022 1 perno<br \/>\n\u2022 2x <strong><span style=\"color: #008080;\">portautensili AD1690-S<\/span> <\/strong>con poggiautensili ultrapiatto. Modello speciale con poggiautensili pi\u00f9 sottile (prodotto prima del processo di tempra), sviluppato appositamente per macchine con poca distanza tra la slitta superiore e il centro di tornitura. vedere anche l&#8217;illustrazione.<br \/>\n\u2022 1 chiave a bussola quadrata<br \/>\n\u2022 1 rapporto di prova di durezza preparato da noi sulla durezza del corpo principale<br \/>\n\u2022 1 rapporto di prova di durezza preparato da noi sulla durezza di un portauntensile<br \/>\nmax. 1,5kW<\/p>\n","protected":false},"excerpt":{"rendered":"<p>Set di avvio A1690-S<\/p>\n","protected":false},"featured_media":12776,"template":"","meta":{"footnotes":""},"product_brand":[],"product_cat":[469,477],"product_tag":[1218],"class_list":{"0":"post-10583","1":"product","2":"type-product","3":"status-publish","4":"has-post-thumbnail","6":"product_cat-portautensile-di-cambio-rapido","7":"product_cat-a","8":"product_tag-portutensile-cambio-rapido","9":"product_shipping_class-pacco","11":"first","12":"outofstock","13":"taxable","14":"shipping-taxable","15":"purchasable","16":"product-type-simple"},"yoast_head":"<!-- This site is optimized with the Yoast SEO plugin v27.4 - https:\/\/yoast.com\/product\/yoast-seo-wordpress\/ -->\n<title>Torretta portautensili a cambio rapido - pewetools limited<\/title>\n<meta name=\"description\" content=\"Ogni portautensile prodotto per noi \u00e8 testato sul corpo originale dell&#039;inventore J.F.Minder, quindi \u00e8 garantita un&#039;ispezione di qualit\u00e0 al 100% + compatibilit\u00e0.\" \/>\n<meta name=\"robots\" content=\"index, follow, max-snippet:-1, max-image-preview:large, max-video-preview:-1\" \/>\n<link rel=\"canonical\" href=\"https:\/\/pewetools.de\/it\/shop\/categoria-prodotto\/set-di-avvio-ad1690-s-come-il-sistema-multifix\/\" \/>\n<meta property=\"og:locale\" content=\"it_IT\" \/>\n<meta property=\"og:type\" content=\"article\" \/>\n<meta property=\"og:title\" content=\"Torretta portautensili a cambio rapido - pewetools limited\" \/>\n<meta property=\"og:description\" content=\"Ogni portautensile prodotto per noi \u00e8 testato sul corpo originale dell&#039;inventore J.F.Minder, quindi \u00e8 garantita un&#039;ispezione di qualit\u00e0 al 100% + compatibilit\u00e0.\" \/>\n<meta property=\"og:url\" content=\"https:\/\/pewetools.de\/it\/shop\/categoria-prodotto\/set-di-avvio-ad1690-s-come-il-sistema-multifix\/\" \/>\n<meta property=\"og:site_name\" content=\"PeWeTools Schnellwechselhalter nach System Multifix\" \/>\n<meta property=\"article:modified_time\" content=\"2025-08-25T12:43:00+00:00\" \/>\n<meta property=\"og:image\" content=\"https:\/\/pewetools.de\/wp-content\/uploads\/2022\/01\/Starterset-A-ohne-Ersatzschrauben.jpg\" \/>\n\t<meta property=\"og:image:width\" content=\"1000\" \/>\n\t<meta property=\"og:image:height\" content=\"1000\" \/>\n\t<meta property=\"og:image:type\" content=\"image\/jpeg\" \/>\n<meta name=\"twitter:card\" content=\"summary_large_image\" \/>\n<meta name=\"twitter:label1\" content=\"Tempo di lettura stimato\" \/>\n\t<meta name=\"twitter:data1\" content=\"1 minuto\" \/>\n<script type=\"application\/ld+json\" class=\"yoast-schema-graph\">{\"@context\":\"https:\\\/\\\/schema.org\",\"@graph\":[{\"@type\":\"WebPage\",\"@id\":\"https:\\\/\\\/pewetools.de\\\/it\\\/shop\\\/categoria-prodotto\\\/set-di-avvio-ad1690-s-come-il-sistema-multifix\\\/\",\"url\":\"https:\\\/\\\/pewetools.de\\\/it\\\/shop\\\/categoria-prodotto\\\/set-di-avvio-ad1690-s-come-il-sistema-multifix\\\/\",\"name\":\"Torretta portautensili a cambio rapido - pewetools limited\",\"isPartOf\":{\"@id\":\"https:\\\/\\\/pewetools.de\\\/#website\"},\"primaryImageOfPage\":{\"@id\":\"https:\\\/\\\/pewetools.de\\\/it\\\/shop\\\/categoria-prodotto\\\/set-di-avvio-ad1690-s-come-il-sistema-multifix\\\/#primaryimage\"},\"image\":{\"@id\":\"https:\\\/\\\/pewetools.de\\\/it\\\/shop\\\/categoria-prodotto\\\/set-di-avvio-ad1690-s-come-il-sistema-multifix\\\/#primaryimage\"},\"thumbnailUrl\":\"https:\\\/\\\/pewetools.de\\\/wp-content\\\/uploads\\\/2022\\\/01\\\/Starterset-A-ohne-Ersatzschrauben.jpg\",\"datePublished\":\"2022-01-12T12:19:03+00:00\",\"dateModified\":\"2025-08-25T12:43:00+00:00\",\"description\":\"Ogni portautensile prodotto per noi \u00e8 testato sul corpo originale dell'inventore J.F.Minder, quindi \u00e8 garantita un'ispezione di qualit\u00e0 al 100% + compatibilit\u00e0.\",\"breadcrumb\":{\"@id\":\"https:\\\/\\\/pewetools.de\\\/it\\\/shop\\\/categoria-prodotto\\\/set-di-avvio-ad1690-s-come-il-sistema-multifix\\\/#breadcrumb\"},\"inLanguage\":\"it-IT\",\"potentialAction\":[{\"@type\":\"ReadAction\",\"target\":[\"https:\\\/\\\/pewetools.de\\\/it\\\/shop\\\/categoria-prodotto\\\/set-di-avvio-ad1690-s-come-il-sistema-multifix\\\/\"]}]},{\"@type\":\"ImageObject\",\"inLanguage\":\"it-IT\",\"@id\":\"https:\\\/\\\/pewetools.de\\\/it\\\/shop\\\/categoria-prodotto\\\/set-di-avvio-ad1690-s-come-il-sistema-multifix\\\/#primaryimage\",\"url\":\"https:\\\/\\\/pewetools.de\\\/wp-content\\\/uploads\\\/2022\\\/01\\\/Starterset-A-ohne-Ersatzschrauben.jpg\",\"contentUrl\":\"https:\\\/\\\/pewetools.de\\\/wp-content\\\/uploads\\\/2022\\\/01\\\/Starterset-A-ohne-Ersatzschrauben.jpg\",\"width\":1000,\"height\":1000},{\"@type\":\"BreadcrumbList\",\"@id\":\"https:\\\/\\\/pewetools.de\\\/it\\\/shop\\\/categoria-prodotto\\\/set-di-avvio-ad1690-s-come-il-sistema-multifix\\\/#breadcrumb\",\"itemListElement\":[{\"@type\":\"ListItem\",\"position\":1,\"name\":\"casa\",\"item\":\"https:\\\/\\\/pewetools.de\\\/it\\\/\"},{\"@type\":\"ListItem\",\"position\":2,\"name\":\"Shop\",\"item\":\"https:\\\/\\\/pewetools.de\\\/it\\\/shop\\\/\"},{\"@type\":\"ListItem\",\"position\":3,\"name\":\"Set di partenza A1690-S con poggiautensili ultrapiatto\"}]},{\"@type\":\"WebSite\",\"@id\":\"https:\\\/\\\/pewetools.de\\\/#website\",\"url\":\"https:\\\/\\\/pewetools.de\\\/\",\"name\":\"PeWeTools Schnellwechselhalter nach System Multifix\",\"description\":\"\",\"potentialAction\":[{\"@type\":\"SearchAction\",\"target\":{\"@type\":\"EntryPoint\",\"urlTemplate\":\"https:\\\/\\\/pewetools.de\\\/?s={search_term_string}\"},\"query-input\":{\"@type\":\"PropertyValueSpecification\",\"valueRequired\":true,\"valueName\":\"search_term_string\"}}],\"inLanguage\":\"it-IT\"}]}<\/script>\n<!-- \/ Yoast SEO plugin. -->","yoast_head_json":{"title":"Torretta portautensili a cambio rapido - pewetools limited","description":"Ogni portautensile prodotto per noi \u00e8 testato sul corpo originale dell'inventore J.F.Minder, quindi \u00e8 garantita un'ispezione di qualit\u00e0 al 100% + compatibilit\u00e0.","robots":{"index":"index","follow":"follow","max-snippet":"max-snippet:-1","max-image-preview":"max-image-preview:large","max-video-preview":"max-video-preview:-1"},"canonical":"https:\/\/pewetools.de\/it\/shop\/categoria-prodotto\/set-di-avvio-ad1690-s-come-il-sistema-multifix\/","og_locale":"it_IT","og_type":"article","og_title":"Torretta portautensili a cambio rapido - pewetools limited","og_description":"Ogni portautensile prodotto per noi \u00e8 testato sul corpo originale dell'inventore J.F.Minder, quindi \u00e8 garantita un'ispezione di qualit\u00e0 al 100% + compatibilit\u00e0.","og_url":"https:\/\/pewetools.de\/it\/shop\/categoria-prodotto\/set-di-avvio-ad1690-s-come-il-sistema-multifix\/","og_site_name":"PeWeTools Schnellwechselhalter nach System Multifix","article_modified_time":"2025-08-25T12:43:00+00:00","og_image":[{"width":1000,"height":1000,"url":"https:\/\/pewetools.de\/wp-content\/uploads\/2022\/01\/Starterset-A-ohne-Ersatzschrauben.jpg","type":"image\/jpeg"}],"twitter_card":"summary_large_image","twitter_misc":{"Tempo di lettura stimato":"1 minuto"},"schema":{"@context":"https:\/\/schema.org","@graph":[{"@type":"WebPage","@id":"https:\/\/pewetools.de\/it\/shop\/categoria-prodotto\/set-di-avvio-ad1690-s-come-il-sistema-multifix\/","url":"https:\/\/pewetools.de\/it\/shop\/categoria-prodotto\/set-di-avvio-ad1690-s-come-il-sistema-multifix\/","name":"Torretta portautensili a cambio rapido - pewetools limited","isPartOf":{"@id":"https:\/\/pewetools.de\/#website"},"primaryImageOfPage":{"@id":"https:\/\/pewetools.de\/it\/shop\/categoria-prodotto\/set-di-avvio-ad1690-s-come-il-sistema-multifix\/#primaryimage"},"image":{"@id":"https:\/\/pewetools.de\/it\/shop\/categoria-prodotto\/set-di-avvio-ad1690-s-come-il-sistema-multifix\/#primaryimage"},"thumbnailUrl":"https:\/\/pewetools.de\/wp-content\/uploads\/2022\/01\/Starterset-A-ohne-Ersatzschrauben.jpg","datePublished":"2022-01-12T12:19:03+00:00","dateModified":"2025-08-25T12:43:00+00:00","description":"Ogni portautensile prodotto per noi \u00e8 testato sul corpo originale dell'inventore J.F.Minder, quindi \u00e8 garantita un'ispezione di qualit\u00e0 al 100% + compatibilit\u00e0.","breadcrumb":{"@id":"https:\/\/pewetools.de\/it\/shop\/categoria-prodotto\/set-di-avvio-ad1690-s-come-il-sistema-multifix\/#breadcrumb"},"inLanguage":"it-IT","potentialAction":[{"@type":"ReadAction","target":["https:\/\/pewetools.de\/it\/shop\/categoria-prodotto\/set-di-avvio-ad1690-s-come-il-sistema-multifix\/"]}]},{"@type":"ImageObject","inLanguage":"it-IT","@id":"https:\/\/pewetools.de\/it\/shop\/categoria-prodotto\/set-di-avvio-ad1690-s-come-il-sistema-multifix\/#primaryimage","url":"https:\/\/pewetools.de\/wp-content\/uploads\/2022\/01\/Starterset-A-ohne-Ersatzschrauben.jpg","contentUrl":"https:\/\/pewetools.de\/wp-content\/uploads\/2022\/01\/Starterset-A-ohne-Ersatzschrauben.jpg","width":1000,"height":1000},{"@type":"BreadcrumbList","@id":"https:\/\/pewetools.de\/it\/shop\/categoria-prodotto\/set-di-avvio-ad1690-s-come-il-sistema-multifix\/#breadcrumb","itemListElement":[{"@type":"ListItem","position":1,"name":"casa","item":"https:\/\/pewetools.de\/it\/"},{"@type":"ListItem","position":2,"name":"Shop","item":"https:\/\/pewetools.de\/it\/shop\/"},{"@type":"ListItem","position":3,"name":"Set di partenza A1690-S con poggiautensili ultrapiatto"}]},{"@type":"WebSite","@id":"https:\/\/pewetools.de\/#website","url":"https:\/\/pewetools.de\/","name":"PeWeTools Schnellwechselhalter nach System Multifix","description":"","potentialAction":[{"@type":"SearchAction","target":{"@type":"EntryPoint","urlTemplate":"https:\/\/pewetools.de\/?s={search_term_string}"},"query-input":{"@type":"PropertyValueSpecification","valueRequired":true,"valueName":"search_term_string"}}],"inLanguage":"it-IT"}]}},"_links":{"self":[{"href":"https:\/\/pewetools.de\/it\/wp-json\/wp\/v2\/product\/10583","targetHints":{"allow":["GET"]}}],"collection":[{"href":"https:\/\/pewetools.de\/it\/wp-json\/wp\/v2\/product"}],"about":[{"href":"https:\/\/pewetools.de\/it\/wp-json\/wp\/v2\/types\/product"}],"version-history":[{"count":6,"href":"https:\/\/pewetools.de\/it\/wp-json\/wp\/v2\/product\/10583\/revisions"}],"predecessor-version":[{"id":16112,"href":"https:\/\/pewetools.de\/it\/wp-json\/wp\/v2\/product\/10583\/revisions\/16112"}],"wp:featuredmedia":[{"embeddable":true,"href":"https:\/\/pewetools.de\/it\/wp-json\/wp\/v2\/media\/12776"}],"wp:attachment":[{"href":"https:\/\/pewetools.de\/it\/wp-json\/wp\/v2\/media?parent=10583"}],"wp:term":[{"taxonomy":"product_brand","embeddable":true,"href":"https:\/\/pewetools.de\/it\/wp-json\/wp\/v2\/product_brand?post=10583"},{"taxonomy":"product_cat","embeddable":true,"href":"https:\/\/pewetools.de\/it\/wp-json\/wp\/v2\/product_cat?post=10583"},{"taxonomy":"product_tag","embeddable":true,"href":"https:\/\/pewetools.de\/it\/wp-json\/wp\/v2\/product_tag?post=10583"}],"curies":[{"name":"wp","href":"https:\/\/api.w.org\/{rel}","templated":true}]}}