{"id":11721,"date":"2022-08-08T12:03:44","date_gmt":"2022-08-08T10:03:44","guid":{"rendered":"https:\/\/pewetools.de\/?post_type=product&#038;p=11721"},"modified":"2025-02-26T15:11:27","modified_gmt":"2025-02-26T14:11:27","slug":"torretta-portautensili-a-cambio-rapido-set-as1460-con-22mm","status":"publish","type":"product","link":"https:\/\/pewetools.de\/it\/shop\/categoria-prodotto\/torretta-portautensili-a-cambio-rapido-set-as1460-con-22mm\/","title":{"rendered":"Torretta portautensili a cambio rapido Set AS1460 con 22mm"},"content":{"rendered":"<p><span style=\"color: #008080;\"><strong>inclusi:<\/strong><\/span><\/p>\n<p>1x corpo a cambio rapido AS 22mm (omologato per macchine con una potenza del motore di max. 1,2 kW)<br \/>\n1x leva di sollevamento<br \/>\n1x pin corrispondente<br \/>\n3x portautensili sede piana ASD1460 per tenere gli acciai da tornio rettangolare<br \/>\n1x portautensile sede prismatica ASH1665 per tenere gli acciai da tornio rotondi<br \/>\n1x chiave a bussola quadrata<\/p>\n","protected":false},"excerpt":{"rendered":"<p>inclusi: 1x corpo a cambio rapido AS 22mm (omologato per macchine con una potenza del motore di max. 1,2 kW) 1x leva di sollevamento 1x pin corrispondente 3x portautensili sede piana ASD1460 per tenere gli acciai da tornio rettangolare 1x portautensile sede prismatica ASH1665 per tenere gli acciai da tornio rotondi 1x chiave a bussola [&hellip;]<\/p>\n","protected":false},"featured_media":12808,"template":"","meta":{"footnotes":""},"product_brand":[],"product_cat":[469,481],"product_tag":[],"class_list":{"0":"post-11721","1":"product","2":"type-product","3":"status-publish","4":"has-post-thumbnail","6":"product_cat-portautensile-di-cambio-rapido","7":"product_cat-as","8":"product_shipping_class-pacco","10":"first","11":"instock","12":"taxable","13":"shipping-taxable","14":"purchasable","15":"product-type-simple"},"yoast_head":"<!-- This site is optimized with the Yoast SEO plugin v27.1.1 - https:\/\/yoast.com\/product\/yoast-seo-wordpress\/ -->\n<title>Torretta portautensili a cambio rapido - pewetools limited<\/title>\n<meta name=\"description\" content=\"Ogni portautensile prodotto per noi \u00e8 testato sul corpo originale dell&#039;inventore J.F.Minder, quindi \u00e8 garantita un&#039;ispezione di qualit\u00e0 al 100% + compatibilit\u00e0.\" \/>\n<meta name=\"robots\" content=\"index, follow, max-snippet:-1, max-image-preview:large, max-video-preview:-1\" \/>\n<link rel=\"canonical\" href=\"https:\/\/pewetools.de\/shop\/categoria-prodotto\/schnellwechselhalter-set-as1460-nach-multifix-system-mit-22mm-bund\/\" \/>\n<meta property=\"og:locale\" content=\"it_IT\" \/>\n<meta property=\"og:type\" content=\"article\" \/>\n<meta property=\"og:title\" content=\"Torretta portautensili a cambio rapido - pewetools limited\" \/>\n<meta property=\"og:description\" content=\"Ogni portautensile prodotto per noi \u00e8 testato sul corpo originale dell&#039;inventore J.F.Minder, quindi \u00e8 garantita un&#039;ispezione di qualit\u00e0 al 100% + compatibilit\u00e0.\" \/>\n<meta property=\"og:url\" content=\"https:\/\/pewetools.de\/shop\/categoria-prodotto\/schnellwechselhalter-set-as1460-nach-multifix-system-mit-22mm-bund\/\" \/>\n<meta property=\"og:site_name\" content=\"PeWeTools Schnellwechselhalter nach System Multifix\" \/>\n<meta property=\"article:modified_time\" content=\"2025-02-26T14:11:27+00:00\" \/>\n<meta property=\"og:image\" content=\"https:\/\/pewetools.de\/wp-content\/uploads\/2022\/08\/Set-AS-Hauptbild-alles-1-ohne-Schrauben-2.jpg\" \/>\n\t<meta property=\"og:image:width\" content=\"1181\" \/>\n\t<meta property=\"og:image:height\" content=\"969\" \/>\n\t<meta property=\"og:image:type\" content=\"image\/jpeg\" \/>\n<meta name=\"twitter:card\" content=\"summary_large_image\" \/>\n<meta name=\"twitter:label1\" content=\"Tempo di lettura stimato\" \/>\n\t<meta name=\"twitter:data1\" content=\"1 minuto\" \/>\n<script type=\"application\/ld+json\" class=\"yoast-schema-graph\">{\"@context\":\"https:\/\/schema.org\",\"@graph\":[{\"@type\":\"WebPage\",\"@id\":\"https:\/\/pewetools.de\/shop\/categoria-prodotto\/schnellwechselhalter-set-as1460-nach-multifix-system-mit-22mm-bund\/\",\"url\":\"https:\/\/pewetools.de\/shop\/categoria-prodotto\/schnellwechselhalter-set-as1460-nach-multifix-system-mit-22mm-bund\/\",\"name\":\"Torretta portautensili a cambio rapido - pewetools limited\",\"isPartOf\":{\"@id\":\"https:\/\/pewetools.de\/#website\"},\"primaryImageOfPage\":{\"@id\":\"https:\/\/pewetools.de\/shop\/categoria-prodotto\/schnellwechselhalter-set-as1460-nach-multifix-system-mit-22mm-bund\/#primaryimage\"},\"image\":{\"@id\":\"https:\/\/pewetools.de\/shop\/categoria-prodotto\/schnellwechselhalter-set-as1460-nach-multifix-system-mit-22mm-bund\/#primaryimage\"},\"thumbnailUrl\":\"https:\/\/pewetools.de\/wp-content\/uploads\/2022\/08\/Set-AS-Hauptbild-alles-1-ohne-Schrauben-2.jpg\",\"datePublished\":\"2022-08-08T10:03:44+00:00\",\"dateModified\":\"2025-02-26T14:11:27+00:00\",\"description\":\"Ogni portautensile prodotto per noi \u00e8 testato sul corpo originale dell'inventore J.F.Minder, quindi \u00e8 garantita un'ispezione di qualit\u00e0 al 100% + compatibilit\u00e0.\",\"breadcrumb\":{\"@id\":\"https:\/\/pewetools.de\/shop\/categoria-prodotto\/schnellwechselhalter-set-as1460-nach-multifix-system-mit-22mm-bund\/#breadcrumb\"},\"inLanguage\":\"it-IT\",\"potentialAction\":[{\"@type\":\"ReadAction\",\"target\":[\"https:\/\/pewetools.de\/shop\/categoria-prodotto\/schnellwechselhalter-set-as1460-nach-multifix-system-mit-22mm-bund\/\"]}]},{\"@type\":\"ImageObject\",\"inLanguage\":\"it-IT\",\"@id\":\"https:\/\/pewetools.de\/shop\/categoria-prodotto\/schnellwechselhalter-set-as1460-nach-multifix-system-mit-22mm-bund\/#primaryimage\",\"url\":\"https:\/\/pewetools.de\/wp-content\/uploads\/2022\/08\/Set-AS-Hauptbild-alles-1-ohne-Schrauben-2.jpg\",\"contentUrl\":\"https:\/\/pewetools.de\/wp-content\/uploads\/2022\/08\/Set-AS-Hauptbild-alles-1-ohne-Schrauben-2.jpg\",\"width\":1181,\"height\":969},{\"@type\":\"BreadcrumbList\",\"@id\":\"https:\/\/pewetools.de\/shop\/categoria-prodotto\/schnellwechselhalter-set-as1460-nach-multifix-system-mit-22mm-bund\/#breadcrumb\",\"itemListElement\":[{\"@type\":\"ListItem\",\"position\":1,\"name\":\"casa\",\"item\":\"https:\/\/pewetools.de\/it\/\"},{\"@type\":\"ListItem\",\"position\":2,\"name\":\"Shop\",\"item\":\"https:\/\/pewetools.de\/it\/shop\/\"},{\"@type\":\"ListItem\",\"position\":3,\"name\":\"Torretta portautensili a cambio rapido Set AS1460 con 22mm\"}]},{\"@type\":\"WebSite\",\"@id\":\"https:\/\/pewetools.de\/#website\",\"url\":\"https:\/\/pewetools.de\/\",\"name\":\"PeWeTools Schnellwechselhalter nach System Multifix\",\"description\":\"\",\"potentialAction\":[{\"@type\":\"SearchAction\",\"target\":{\"@type\":\"EntryPoint\",\"urlTemplate\":\"https:\/\/pewetools.de\/?s={search_term_string}\"},\"query-input\":{\"@type\":\"PropertyValueSpecification\",\"valueRequired\":true,\"valueName\":\"search_term_string\"}}],\"inLanguage\":\"it-IT\"}]}<\/script>\n<!-- \/ Yoast SEO plugin. -->","yoast_head_json":{"title":"Torretta portautensili a cambio rapido - pewetools limited","description":"Ogni portautensile prodotto per noi \u00e8 testato sul corpo originale dell'inventore J.F.Minder, quindi \u00e8 garantita un'ispezione di qualit\u00e0 al 100% + compatibilit\u00e0.","robots":{"index":"index","follow":"follow","max-snippet":"max-snippet:-1","max-image-preview":"max-image-preview:large","max-video-preview":"max-video-preview:-1"},"canonical":"https:\/\/pewetools.de\/shop\/categoria-prodotto\/schnellwechselhalter-set-as1460-nach-multifix-system-mit-22mm-bund\/","og_locale":"it_IT","og_type":"article","og_title":"Torretta portautensili a cambio rapido - pewetools limited","og_description":"Ogni portautensile prodotto per noi \u00e8 testato sul corpo originale dell'inventore J.F.Minder, quindi \u00e8 garantita un'ispezione di qualit\u00e0 al 100% + compatibilit\u00e0.","og_url":"https:\/\/pewetools.de\/shop\/categoria-prodotto\/schnellwechselhalter-set-as1460-nach-multifix-system-mit-22mm-bund\/","og_site_name":"PeWeTools Schnellwechselhalter nach System Multifix","article_modified_time":"2025-02-26T14:11:27+00:00","og_image":[{"width":1181,"height":969,"url":"https:\/\/pewetools.de\/wp-content\/uploads\/2022\/08\/Set-AS-Hauptbild-alles-1-ohne-Schrauben-2.jpg","type":"image\/jpeg"}],"twitter_card":"summary_large_image","twitter_misc":{"Tempo di lettura stimato":"1 minuto"},"schema":{"@context":"https:\/\/schema.org","@graph":[{"@type":"WebPage","@id":"https:\/\/pewetools.de\/shop\/categoria-prodotto\/schnellwechselhalter-set-as1460-nach-multifix-system-mit-22mm-bund\/","url":"https:\/\/pewetools.de\/shop\/categoria-prodotto\/schnellwechselhalter-set-as1460-nach-multifix-system-mit-22mm-bund\/","name":"Torretta portautensili a cambio rapido - pewetools limited","isPartOf":{"@id":"https:\/\/pewetools.de\/#website"},"primaryImageOfPage":{"@id":"https:\/\/pewetools.de\/shop\/categoria-prodotto\/schnellwechselhalter-set-as1460-nach-multifix-system-mit-22mm-bund\/#primaryimage"},"image":{"@id":"https:\/\/pewetools.de\/shop\/categoria-prodotto\/schnellwechselhalter-set-as1460-nach-multifix-system-mit-22mm-bund\/#primaryimage"},"thumbnailUrl":"https:\/\/pewetools.de\/wp-content\/uploads\/2022\/08\/Set-AS-Hauptbild-alles-1-ohne-Schrauben-2.jpg","datePublished":"2022-08-08T10:03:44+00:00","dateModified":"2025-02-26T14:11:27+00:00","description":"Ogni portautensile prodotto per noi \u00e8 testato sul corpo originale dell'inventore J.F.Minder, quindi \u00e8 garantita un'ispezione di qualit\u00e0 al 100% + compatibilit\u00e0.","breadcrumb":{"@id":"https:\/\/pewetools.de\/shop\/categoria-prodotto\/schnellwechselhalter-set-as1460-nach-multifix-system-mit-22mm-bund\/#breadcrumb"},"inLanguage":"it-IT","potentialAction":[{"@type":"ReadAction","target":["https:\/\/pewetools.de\/shop\/categoria-prodotto\/schnellwechselhalter-set-as1460-nach-multifix-system-mit-22mm-bund\/"]}]},{"@type":"ImageObject","inLanguage":"it-IT","@id":"https:\/\/pewetools.de\/shop\/categoria-prodotto\/schnellwechselhalter-set-as1460-nach-multifix-system-mit-22mm-bund\/#primaryimage","url":"https:\/\/pewetools.de\/wp-content\/uploads\/2022\/08\/Set-AS-Hauptbild-alles-1-ohne-Schrauben-2.jpg","contentUrl":"https:\/\/pewetools.de\/wp-content\/uploads\/2022\/08\/Set-AS-Hauptbild-alles-1-ohne-Schrauben-2.jpg","width":1181,"height":969},{"@type":"BreadcrumbList","@id":"https:\/\/pewetools.de\/shop\/categoria-prodotto\/schnellwechselhalter-set-as1460-nach-multifix-system-mit-22mm-bund\/#breadcrumb","itemListElement":[{"@type":"ListItem","position":1,"name":"casa","item":"https:\/\/pewetools.de\/it\/"},{"@type":"ListItem","position":2,"name":"Shop","item":"https:\/\/pewetools.de\/it\/shop\/"},{"@type":"ListItem","position":3,"name":"Torretta portautensili a cambio rapido Set AS1460 con 22mm"}]},{"@type":"WebSite","@id":"https:\/\/pewetools.de\/#website","url":"https:\/\/pewetools.de\/","name":"PeWeTools Schnellwechselhalter nach System Multifix","description":"","potentialAction":[{"@type":"SearchAction","target":{"@type":"EntryPoint","urlTemplate":"https:\/\/pewetools.de\/?s={search_term_string}"},"query-input":{"@type":"PropertyValueSpecification","valueRequired":true,"valueName":"search_term_string"}}],"inLanguage":"it-IT"}]}},"_links":{"self":[{"href":"https:\/\/pewetools.de\/it\/wp-json\/wp\/v2\/product\/11721","targetHints":{"allow":["GET"]}}],"collection":[{"href":"https:\/\/pewetools.de\/it\/wp-json\/wp\/v2\/product"}],"about":[{"href":"https:\/\/pewetools.de\/it\/wp-json\/wp\/v2\/types\/product"}],"version-history":[{"count":1,"href":"https:\/\/pewetools.de\/it\/wp-json\/wp\/v2\/product\/11721\/revisions"}],"predecessor-version":[{"id":15519,"href":"https:\/\/pewetools.de\/it\/wp-json\/wp\/v2\/product\/11721\/revisions\/15519"}],"wp:featuredmedia":[{"embeddable":true,"href":"https:\/\/pewetools.de\/it\/wp-json\/wp\/v2\/media\/12808"}],"wp:attachment":[{"href":"https:\/\/pewetools.de\/it\/wp-json\/wp\/v2\/media?parent=11721"}],"wp:term":[{"taxonomy":"product_brand","embeddable":true,"href":"https:\/\/pewetools.de\/it\/wp-json\/wp\/v2\/product_brand?post=11721"},{"taxonomy":"product_cat","embeddable":true,"href":"https:\/\/pewetools.de\/it\/wp-json\/wp\/v2\/product_cat?post=11721"},{"taxonomy":"product_tag","embeddable":true,"href":"https:\/\/pewetools.de\/it\/wp-json\/wp\/v2\/product_tag?post=11721"}],"curies":[{"name":"wp","href":"https:\/\/api.w.org\/{rel}","templated":true}]}}