{"id":11753,"date":"2022-08-09T12:40:28","date_gmt":"2022-08-09T10:40:28","guid":{"rendered":"https:\/\/pewetools.de\/?post_type=product&#038;p=11753"},"modified":"2025-02-26T15:11:27","modified_gmt":"2025-02-26T14:11:27","slug":"portautensile-per-barra-ah2075h","status":"publish","type":"product","link":"https:\/\/pewetools.de\/it\/shop\/categoria-prodotto\/portautensile-per-barra-ah2075h\/","title":{"rendered":"Portautensile per barra AH2075H"},"content":{"rendered":"<p>Portautensile per barra AH2075H<\/p>\n<p>larghezza della diapositiva superiore consigliata: 70,1mm bis 75mm<\/p>\n","protected":false},"excerpt":{"rendered":"<p>Portautensile per barra AH2075H larghezza della diapositiva superiore consigliata: 70,1mm bis 75mm<\/p>\n","protected":false},"featured_media":12746,"template":"","meta":{"footnotes":""},"product_brand":[],"product_cat":[477],"product_tag":[1218],"class_list":{"0":"post-11753","1":"product","2":"type-product","3":"status-publish","4":"has-post-thumbnail","6":"product_cat-a","7":"product_tag-portutensile-cambio-rapido","8":"product_shipping_class-pacco","10":"first","11":"instock","12":"taxable","13":"shipping-taxable","14":"purchasable","15":"product-type-simple"},"yoast_head":"<!-- This site is optimized with the Yoast SEO plugin v27.1.1 - https:\/\/yoast.com\/product\/yoast-seo-wordpress\/ -->\n<title>Portautensile per barra - pewetools limited<\/title>\n<meta name=\"description\" content=\"Ogni portautensile prodotto per noi \u00e8 testato sul corpo originale dell&#039;inventore J.F.Minder, quindi \u00e8 garantita un&#039;ispezione di qualit\u00e0 al 100% + compatibilit\u00e0.\" \/>\n<meta name=\"robots\" content=\"index, follow, max-snippet:-1, max-image-preview:large, max-video-preview:-1\" \/>\n<link rel=\"canonical\" href=\"https:\/\/pewetools.de\/shop\/categoria-prodotto\/bohrstangen-stahlhalter-ah2075h\/\" \/>\n<meta property=\"og:locale\" content=\"it_IT\" \/>\n<meta property=\"og:type\" content=\"article\" \/>\n<meta property=\"og:title\" content=\"Portautensile per barra - pewetools limited\" \/>\n<meta property=\"og:description\" content=\"Ogni portautensile prodotto per noi \u00e8 testato sul corpo originale dell&#039;inventore J.F.Minder, quindi \u00e8 garantita un&#039;ispezione di qualit\u00e0 al 100% + compatibilit\u00e0.\" \/>\n<meta property=\"og:url\" content=\"https:\/\/pewetools.de\/shop\/categoria-prodotto\/bohrstangen-stahlhalter-ah2075h\/\" \/>\n<meta property=\"og:site_name\" content=\"PeWeTools Schnellwechselhalter nach System Multifix\" \/>\n<meta property=\"article:modified_time\" content=\"2025-02-26T14:11:27+00:00\" \/>\n<meta property=\"og:image\" content=\"https:\/\/pewetools.de\/wp-content\/uploads\/2022\/08\/AH2075H-Kopie.jpg\" \/>\n\t<meta property=\"og:image:width\" content=\"1181\" \/>\n\t<meta property=\"og:image:height\" content=\"1626\" \/>\n\t<meta property=\"og:image:type\" content=\"image\/jpeg\" \/>\n<meta name=\"twitter:card\" content=\"summary_large_image\" \/>\n<meta name=\"twitter:label1\" content=\"Tempo di lettura stimato\" \/>\n\t<meta name=\"twitter:data1\" content=\"1 minuto\" \/>\n<script type=\"application\/ld+json\" class=\"yoast-schema-graph\">{\"@context\":\"https:\/\/schema.org\",\"@graph\":[{\"@type\":\"WebPage\",\"@id\":\"https:\/\/pewetools.de\/shop\/categoria-prodotto\/bohrstangen-stahlhalter-ah2075h\/\",\"url\":\"https:\/\/pewetools.de\/shop\/categoria-prodotto\/bohrstangen-stahlhalter-ah2075h\/\",\"name\":\"Portautensile per barra - pewetools limited\",\"isPartOf\":{\"@id\":\"https:\/\/pewetools.de\/#website\"},\"primaryImageOfPage\":{\"@id\":\"https:\/\/pewetools.de\/shop\/categoria-prodotto\/bohrstangen-stahlhalter-ah2075h\/#primaryimage\"},\"image\":{\"@id\":\"https:\/\/pewetools.de\/shop\/categoria-prodotto\/bohrstangen-stahlhalter-ah2075h\/#primaryimage\"},\"thumbnailUrl\":\"https:\/\/pewetools.de\/wp-content\/uploads\/2022\/08\/AH2075H-Kopie.jpg\",\"datePublished\":\"2022-08-09T10:40:28+00:00\",\"dateModified\":\"2025-02-26T14:11:27+00:00\",\"description\":\"Ogni portautensile prodotto per noi \u00e8 testato sul corpo originale dell'inventore J.F.Minder, quindi \u00e8 garantita un'ispezione di qualit\u00e0 al 100% + compatibilit\u00e0.\",\"breadcrumb\":{\"@id\":\"https:\/\/pewetools.de\/shop\/categoria-prodotto\/bohrstangen-stahlhalter-ah2075h\/#breadcrumb\"},\"inLanguage\":\"it-IT\",\"potentialAction\":[{\"@type\":\"ReadAction\",\"target\":[\"https:\/\/pewetools.de\/shop\/categoria-prodotto\/bohrstangen-stahlhalter-ah2075h\/\"]}]},{\"@type\":\"ImageObject\",\"inLanguage\":\"it-IT\",\"@id\":\"https:\/\/pewetools.de\/shop\/categoria-prodotto\/bohrstangen-stahlhalter-ah2075h\/#primaryimage\",\"url\":\"https:\/\/pewetools.de\/wp-content\/uploads\/2022\/08\/AH2075H-Kopie.jpg\",\"contentUrl\":\"https:\/\/pewetools.de\/wp-content\/uploads\/2022\/08\/AH2075H-Kopie.jpg\",\"width\":1181,\"height\":1626},{\"@type\":\"BreadcrumbList\",\"@id\":\"https:\/\/pewetools.de\/shop\/categoria-prodotto\/bohrstangen-stahlhalter-ah2075h\/#breadcrumb\",\"itemListElement\":[{\"@type\":\"ListItem\",\"position\":1,\"name\":\"casa\",\"item\":\"https:\/\/pewetools.de\/it\/\"},{\"@type\":\"ListItem\",\"position\":2,\"name\":\"Shop\",\"item\":\"https:\/\/pewetools.de\/it\/shop\/\"},{\"@type\":\"ListItem\",\"position\":3,\"name\":\"Portautensile per barra AH2075H\"}]},{\"@type\":\"WebSite\",\"@id\":\"https:\/\/pewetools.de\/#website\",\"url\":\"https:\/\/pewetools.de\/\",\"name\":\"PeWeTools Schnellwechselhalter nach System Multifix\",\"description\":\"\",\"potentialAction\":[{\"@type\":\"SearchAction\",\"target\":{\"@type\":\"EntryPoint\",\"urlTemplate\":\"https:\/\/pewetools.de\/?s={search_term_string}\"},\"query-input\":{\"@type\":\"PropertyValueSpecification\",\"valueRequired\":true,\"valueName\":\"search_term_string\"}}],\"inLanguage\":\"it-IT\"}]}<\/script>\n<!-- \/ Yoast SEO plugin. -->","yoast_head_json":{"title":"Portautensile per barra - pewetools limited","description":"Ogni portautensile prodotto per noi \u00e8 testato sul corpo originale dell'inventore J.F.Minder, quindi \u00e8 garantita un'ispezione di qualit\u00e0 al 100% + compatibilit\u00e0.","robots":{"index":"index","follow":"follow","max-snippet":"max-snippet:-1","max-image-preview":"max-image-preview:large","max-video-preview":"max-video-preview:-1"},"canonical":"https:\/\/pewetools.de\/shop\/categoria-prodotto\/bohrstangen-stahlhalter-ah2075h\/","og_locale":"it_IT","og_type":"article","og_title":"Portautensile per barra - pewetools limited","og_description":"Ogni portautensile prodotto per noi \u00e8 testato sul corpo originale dell'inventore J.F.Minder, quindi \u00e8 garantita un'ispezione di qualit\u00e0 al 100% + compatibilit\u00e0.","og_url":"https:\/\/pewetools.de\/shop\/categoria-prodotto\/bohrstangen-stahlhalter-ah2075h\/","og_site_name":"PeWeTools Schnellwechselhalter nach System Multifix","article_modified_time":"2025-02-26T14:11:27+00:00","og_image":[{"width":1181,"height":1626,"url":"https:\/\/pewetools.de\/wp-content\/uploads\/2022\/08\/AH2075H-Kopie.jpg","type":"image\/jpeg"}],"twitter_card":"summary_large_image","twitter_misc":{"Tempo di lettura stimato":"1 minuto"},"schema":{"@context":"https:\/\/schema.org","@graph":[{"@type":"WebPage","@id":"https:\/\/pewetools.de\/shop\/categoria-prodotto\/bohrstangen-stahlhalter-ah2075h\/","url":"https:\/\/pewetools.de\/shop\/categoria-prodotto\/bohrstangen-stahlhalter-ah2075h\/","name":"Portautensile per barra - pewetools limited","isPartOf":{"@id":"https:\/\/pewetools.de\/#website"},"primaryImageOfPage":{"@id":"https:\/\/pewetools.de\/shop\/categoria-prodotto\/bohrstangen-stahlhalter-ah2075h\/#primaryimage"},"image":{"@id":"https:\/\/pewetools.de\/shop\/categoria-prodotto\/bohrstangen-stahlhalter-ah2075h\/#primaryimage"},"thumbnailUrl":"https:\/\/pewetools.de\/wp-content\/uploads\/2022\/08\/AH2075H-Kopie.jpg","datePublished":"2022-08-09T10:40:28+00:00","dateModified":"2025-02-26T14:11:27+00:00","description":"Ogni portautensile prodotto per noi \u00e8 testato sul corpo originale dell'inventore J.F.Minder, quindi \u00e8 garantita un'ispezione di qualit\u00e0 al 100% + compatibilit\u00e0.","breadcrumb":{"@id":"https:\/\/pewetools.de\/shop\/categoria-prodotto\/bohrstangen-stahlhalter-ah2075h\/#breadcrumb"},"inLanguage":"it-IT","potentialAction":[{"@type":"ReadAction","target":["https:\/\/pewetools.de\/shop\/categoria-prodotto\/bohrstangen-stahlhalter-ah2075h\/"]}]},{"@type":"ImageObject","inLanguage":"it-IT","@id":"https:\/\/pewetools.de\/shop\/categoria-prodotto\/bohrstangen-stahlhalter-ah2075h\/#primaryimage","url":"https:\/\/pewetools.de\/wp-content\/uploads\/2022\/08\/AH2075H-Kopie.jpg","contentUrl":"https:\/\/pewetools.de\/wp-content\/uploads\/2022\/08\/AH2075H-Kopie.jpg","width":1181,"height":1626},{"@type":"BreadcrumbList","@id":"https:\/\/pewetools.de\/shop\/categoria-prodotto\/bohrstangen-stahlhalter-ah2075h\/#breadcrumb","itemListElement":[{"@type":"ListItem","position":1,"name":"casa","item":"https:\/\/pewetools.de\/it\/"},{"@type":"ListItem","position":2,"name":"Shop","item":"https:\/\/pewetools.de\/it\/shop\/"},{"@type":"ListItem","position":3,"name":"Portautensile per barra AH2075H"}]},{"@type":"WebSite","@id":"https:\/\/pewetools.de\/#website","url":"https:\/\/pewetools.de\/","name":"PeWeTools Schnellwechselhalter nach System Multifix","description":"","potentialAction":[{"@type":"SearchAction","target":{"@type":"EntryPoint","urlTemplate":"https:\/\/pewetools.de\/?s={search_term_string}"},"query-input":{"@type":"PropertyValueSpecification","valueRequired":true,"valueName":"search_term_string"}}],"inLanguage":"it-IT"}]}},"_links":{"self":[{"href":"https:\/\/pewetools.de\/it\/wp-json\/wp\/v2\/product\/11753","targetHints":{"allow":["GET"]}}],"collection":[{"href":"https:\/\/pewetools.de\/it\/wp-json\/wp\/v2\/product"}],"about":[{"href":"https:\/\/pewetools.de\/it\/wp-json\/wp\/v2\/types\/product"}],"version-history":[{"count":1,"href":"https:\/\/pewetools.de\/it\/wp-json\/wp\/v2\/product\/11753\/revisions"}],"predecessor-version":[{"id":15518,"href":"https:\/\/pewetools.de\/it\/wp-json\/wp\/v2\/product\/11753\/revisions\/15518"}],"wp:featuredmedia":[{"embeddable":true,"href":"https:\/\/pewetools.de\/it\/wp-json\/wp\/v2\/media\/12746"}],"wp:attachment":[{"href":"https:\/\/pewetools.de\/it\/wp-json\/wp\/v2\/media?parent=11753"}],"wp:term":[{"taxonomy":"product_brand","embeddable":true,"href":"https:\/\/pewetools.de\/it\/wp-json\/wp\/v2\/product_brand?post=11753"},{"taxonomy":"product_cat","embeddable":true,"href":"https:\/\/pewetools.de\/it\/wp-json\/wp\/v2\/product_cat?post=11753"},{"taxonomy":"product_tag","embeddable":true,"href":"https:\/\/pewetools.de\/it\/wp-json\/wp\/v2\/product_tag?post=11753"}],"curies":[{"name":"wp","href":"https:\/\/api.w.org\/{rel}","templated":true}]}}