{"id":13169,"date":"2023-07-14T14:48:32","date_gmt":"2023-07-14T12:48:32","guid":{"rendered":"https:\/\/pewetools.de\/?post_type=product&#038;p=13169"},"modified":"2024-01-26T13:48:06","modified_gmt":"2024-01-26T12:48:06","slug":"calibro-digitale-sino-100mm-ip67-con-cambio-direzione-conteggio-e-raddoppio-valore-e-preset","status":"publish","type":"product","link":"https:\/\/pewetools.de\/it\/shop\/categoria-prodotto\/calibro-digitale-sino-100mm-ip67-con-cambio-direzione-conteggio-e-raddoppio-valore-e-preset\/","title":{"rendered":"Calibro digitale Sino 100mm, IP67, con cambio direzione conteggio e raddoppio valore e PreSet"},"content":{"rendered":"<h4><span style=\"color: #008080;\">Nuovo IP67<\/span><\/h4>\n<p><span style=\"color: #008080;\">ULTIMO SVILUPPO &#8211; Calibri montati su cavalletto in assoluto metodo di misurazione<\/span><\/p>\n<ul>\n<li>Possibilit\u00e0 di raddoppiamento del valore<\/li>\n<li>Possibilit\u00e0 di una voce di dimensione (PreSet)<\/li>\n<li>con presa per alimentazione esterna<\/li>\n<li>Possibilit\u00e0 di cambiare la direzione di conteggio +\/-<\/li>\n<li>e con numeri extra grandi sul display (17mm)<\/li>\n<\/ul>\n<p><span style=\"color: #008080;\">incluso:<\/span><\/p>\n<ul>\n<li>1x sistema di misura lineare nella rispettiva lunghezza (vedere il nome dell&#8217;articolo)<\/li>\n<li>1x visualizzazione esterna<\/li>\n<li>1x batterie C2032<\/li>\n<li>staffa di montaggio<\/li>\n<li>Staffa a parete per il display<\/li>\n<\/ul>\n<p>Se acquisti due calibri digitali da SINO, indipendentemente dalla lunghezza, riceverai 1 cavo a Y, con tre calibri, ci sono due cavi a Y per l&#8217;alimentazione esterna.<\/p>\n","protected":false},"excerpt":{"rendered":"<p>Nuovo IP67 ULTIMO SVILUPPO &#8211; Calibri montati su cavalletto in assoluto metodo di misurazione Possibilit\u00e0 di raddoppiamento del valore Possibilit\u00e0 di una voce di dimensione (PreSet) con presa per alimentazione esterna Possibilit\u00e0 di cambiare la direzione di conteggio +\/- e con numeri extra grandi sul display (17mm) incluso: 1x sistema di misura lineare nella rispettiva [&hellip;]<\/p>\n","protected":false},"featured_media":13189,"template":"","meta":{"footnotes":""},"product_brand":[],"product_cat":[467],"product_tag":[1206,1207,1211,1212],"class_list":{"0":"post-13169","1":"product","2":"type-product","3":"status-publish","4":"has-post-thumbnail","6":"product_cat-tecnologia-di-misurazione-e-collaudo","7":"product_tag-display-digitale","8":"product_tag-tornio","9":"product_tag-scivolo-di-misurazione","10":"product_tag-strumento-di-misura","11":"product_shipping_class-pacco","13":"first","14":"instock","15":"taxable","16":"shipping-taxable","17":"purchasable","18":"product-type-simple"},"yoast_head":"<!-- This site is optimized with the Yoast SEO plugin v27.4 - https:\/\/yoast.com\/product\/yoast-seo-wordpress\/ -->\n<title>Visualizzatore di Quote digitale SINO<\/title>\n<meta name=\"robots\" content=\"index, follow, max-snippet:-1, max-image-preview:large, max-video-preview:-1\" \/>\n<link rel=\"canonical\" href=\"https:\/\/pewetools.de\/it\/shop\/categoria-prodotto\/calibro-digitale-sino-100mm-ip67-con-cambio-direzione-conteggio-e-raddoppio-valore-e-preset\/\" \/>\n<meta property=\"og:locale\" content=\"it_IT\" \/>\n<meta property=\"og:type\" content=\"article\" \/>\n<meta property=\"og:title\" content=\"Visualizzatore di Quote digitale SINO\" \/>\n<meta property=\"og:description\" content=\"Nuovo IP67 ULTIMO SVILUPPO &#8211; Calibri montati su cavalletto in assoluto metodo di misurazione Possibilit\u00e0 di raddoppiamento del valore Possibilit\u00e0 di una voce di dimensione (PreSet) con presa per alimentazione esterna Possibilit\u00e0 di cambiare la direzione di conteggio +\/- e con numeri extra grandi sul display (17mm) incluso: 1x sistema di misura lineare nella rispettiva [&hellip;]\" \/>\n<meta property=\"og:url\" content=\"https:\/\/pewetools.de\/it\/shop\/categoria-prodotto\/calibro-digitale-sino-100mm-ip67-con-cambio-direzione-conteggio-e-raddoppio-valore-e-preset\/\" \/>\n<meta property=\"og:site_name\" content=\"PeWeTools Schnellwechselhalter nach System Multifix\" \/>\n<meta property=\"article:modified_time\" content=\"2024-01-26T12:48:06+00:00\" \/>\n<meta property=\"og:image\" content=\"https:\/\/pewetools.de\/wp-content\/uploads\/2023\/07\/HD-Scale2-Kopie-1-neu.jpg\" \/>\n\t<meta property=\"og:image:width\" content=\"1969\" \/>\n\t<meta property=\"og:image:height\" content=\"1034\" \/>\n\t<meta property=\"og:image:type\" content=\"image\/jpeg\" \/>\n<meta name=\"twitter:card\" content=\"summary_large_image\" \/>\n<meta name=\"twitter:label1\" content=\"Tempo di lettura stimato\" \/>\n\t<meta name=\"twitter:data1\" content=\"1 minuto\" \/>\n<script type=\"application\/ld+json\" class=\"yoast-schema-graph\">{\"@context\":\"https:\\\/\\\/schema.org\",\"@graph\":[{\"@type\":\"WebPage\",\"@id\":\"https:\\\/\\\/pewetools.de\\\/it\\\/shop\\\/categoria-prodotto\\\/calibro-digitale-sino-100mm-ip67-con-cambio-direzione-conteggio-e-raddoppio-valore-e-preset\\\/\",\"url\":\"https:\\\/\\\/pewetools.de\\\/it\\\/shop\\\/categoria-prodotto\\\/calibro-digitale-sino-100mm-ip67-con-cambio-direzione-conteggio-e-raddoppio-valore-e-preset\\\/\",\"name\":\"Visualizzatore di Quote digitale SINO\",\"isPartOf\":{\"@id\":\"https:\\\/\\\/pewetools.de\\\/#website\"},\"primaryImageOfPage\":{\"@id\":\"https:\\\/\\\/pewetools.de\\\/it\\\/shop\\\/categoria-prodotto\\\/calibro-digitale-sino-100mm-ip67-con-cambio-direzione-conteggio-e-raddoppio-valore-e-preset\\\/#primaryimage\"},\"image\":{\"@id\":\"https:\\\/\\\/pewetools.de\\\/it\\\/shop\\\/categoria-prodotto\\\/calibro-digitale-sino-100mm-ip67-con-cambio-direzione-conteggio-e-raddoppio-valore-e-preset\\\/#primaryimage\"},\"thumbnailUrl\":\"https:\\\/\\\/pewetools.de\\\/wp-content\\\/uploads\\\/2023\\\/07\\\/HD-Scale2-Kopie-1-neu.jpg\",\"datePublished\":\"2023-07-14T12:48:32+00:00\",\"dateModified\":\"2024-01-26T12:48:06+00:00\",\"breadcrumb\":{\"@id\":\"https:\\\/\\\/pewetools.de\\\/it\\\/shop\\\/categoria-prodotto\\\/calibro-digitale-sino-100mm-ip67-con-cambio-direzione-conteggio-e-raddoppio-valore-e-preset\\\/#breadcrumb\"},\"inLanguage\":\"it-IT\",\"potentialAction\":[{\"@type\":\"ReadAction\",\"target\":[\"https:\\\/\\\/pewetools.de\\\/it\\\/shop\\\/categoria-prodotto\\\/calibro-digitale-sino-100mm-ip67-con-cambio-direzione-conteggio-e-raddoppio-valore-e-preset\\\/\"]}]},{\"@type\":\"ImageObject\",\"inLanguage\":\"it-IT\",\"@id\":\"https:\\\/\\\/pewetools.de\\\/it\\\/shop\\\/categoria-prodotto\\\/calibro-digitale-sino-100mm-ip67-con-cambio-direzione-conteggio-e-raddoppio-valore-e-preset\\\/#primaryimage\",\"url\":\"https:\\\/\\\/pewetools.de\\\/wp-content\\\/uploads\\\/2023\\\/07\\\/HD-Scale2-Kopie-1-neu.jpg\",\"contentUrl\":\"https:\\\/\\\/pewetools.de\\\/wp-content\\\/uploads\\\/2023\\\/07\\\/HD-Scale2-Kopie-1-neu.jpg\",\"width\":1969,\"height\":1034},{\"@type\":\"BreadcrumbList\",\"@id\":\"https:\\\/\\\/pewetools.de\\\/it\\\/shop\\\/categoria-prodotto\\\/calibro-digitale-sino-100mm-ip67-con-cambio-direzione-conteggio-e-raddoppio-valore-e-preset\\\/#breadcrumb\",\"itemListElement\":[{\"@type\":\"ListItem\",\"position\":1,\"name\":\"casa\",\"item\":\"https:\\\/\\\/pewetools.de\\\/it\\\/\"},{\"@type\":\"ListItem\",\"position\":2,\"name\":\"Shop\",\"item\":\"https:\\\/\\\/pewetools.de\\\/it\\\/shop\\\/\"},{\"@type\":\"ListItem\",\"position\":3,\"name\":\"Calibro digitale Sino 100mm, IP67, con cambio direzione conteggio e raddoppio valore e PreSet\"}]},{\"@type\":\"WebSite\",\"@id\":\"https:\\\/\\\/pewetools.de\\\/#website\",\"url\":\"https:\\\/\\\/pewetools.de\\\/\",\"name\":\"PeWeTools Schnellwechselhalter nach System Multifix\",\"description\":\"\",\"potentialAction\":[{\"@type\":\"SearchAction\",\"target\":{\"@type\":\"EntryPoint\",\"urlTemplate\":\"https:\\\/\\\/pewetools.de\\\/?s={search_term_string}\"},\"query-input\":{\"@type\":\"PropertyValueSpecification\",\"valueRequired\":true,\"valueName\":\"search_term_string\"}}],\"inLanguage\":\"it-IT\"}]}<\/script>\n<!-- \/ Yoast SEO plugin. -->","yoast_head_json":{"title":"Visualizzatore di Quote digitale SINO","robots":{"index":"index","follow":"follow","max-snippet":"max-snippet:-1","max-image-preview":"max-image-preview:large","max-video-preview":"max-video-preview:-1"},"canonical":"https:\/\/pewetools.de\/it\/shop\/categoria-prodotto\/calibro-digitale-sino-100mm-ip67-con-cambio-direzione-conteggio-e-raddoppio-valore-e-preset\/","og_locale":"it_IT","og_type":"article","og_title":"Visualizzatore di Quote digitale SINO","og_description":"Nuovo IP67 ULTIMO SVILUPPO &#8211; Calibri montati su cavalletto in assoluto metodo di misurazione Possibilit\u00e0 di raddoppiamento del valore Possibilit\u00e0 di una voce di dimensione (PreSet) con presa per alimentazione esterna Possibilit\u00e0 di cambiare la direzione di conteggio +\/- e con numeri extra grandi sul display (17mm) incluso: 1x sistema di misura lineare nella rispettiva [&hellip;]","og_url":"https:\/\/pewetools.de\/it\/shop\/categoria-prodotto\/calibro-digitale-sino-100mm-ip67-con-cambio-direzione-conteggio-e-raddoppio-valore-e-preset\/","og_site_name":"PeWeTools Schnellwechselhalter nach System Multifix","article_modified_time":"2024-01-26T12:48:06+00:00","og_image":[{"width":1969,"height":1034,"url":"https:\/\/pewetools.de\/wp-content\/uploads\/2023\/07\/HD-Scale2-Kopie-1-neu.jpg","type":"image\/jpeg"}],"twitter_card":"summary_large_image","twitter_misc":{"Tempo di lettura stimato":"1 minuto"},"schema":{"@context":"https:\/\/schema.org","@graph":[{"@type":"WebPage","@id":"https:\/\/pewetools.de\/it\/shop\/categoria-prodotto\/calibro-digitale-sino-100mm-ip67-con-cambio-direzione-conteggio-e-raddoppio-valore-e-preset\/","url":"https:\/\/pewetools.de\/it\/shop\/categoria-prodotto\/calibro-digitale-sino-100mm-ip67-con-cambio-direzione-conteggio-e-raddoppio-valore-e-preset\/","name":"Visualizzatore di Quote digitale SINO","isPartOf":{"@id":"https:\/\/pewetools.de\/#website"},"primaryImageOfPage":{"@id":"https:\/\/pewetools.de\/it\/shop\/categoria-prodotto\/calibro-digitale-sino-100mm-ip67-con-cambio-direzione-conteggio-e-raddoppio-valore-e-preset\/#primaryimage"},"image":{"@id":"https:\/\/pewetools.de\/it\/shop\/categoria-prodotto\/calibro-digitale-sino-100mm-ip67-con-cambio-direzione-conteggio-e-raddoppio-valore-e-preset\/#primaryimage"},"thumbnailUrl":"https:\/\/pewetools.de\/wp-content\/uploads\/2023\/07\/HD-Scale2-Kopie-1-neu.jpg","datePublished":"2023-07-14T12:48:32+00:00","dateModified":"2024-01-26T12:48:06+00:00","breadcrumb":{"@id":"https:\/\/pewetools.de\/it\/shop\/categoria-prodotto\/calibro-digitale-sino-100mm-ip67-con-cambio-direzione-conteggio-e-raddoppio-valore-e-preset\/#breadcrumb"},"inLanguage":"it-IT","potentialAction":[{"@type":"ReadAction","target":["https:\/\/pewetools.de\/it\/shop\/categoria-prodotto\/calibro-digitale-sino-100mm-ip67-con-cambio-direzione-conteggio-e-raddoppio-valore-e-preset\/"]}]},{"@type":"ImageObject","inLanguage":"it-IT","@id":"https:\/\/pewetools.de\/it\/shop\/categoria-prodotto\/calibro-digitale-sino-100mm-ip67-con-cambio-direzione-conteggio-e-raddoppio-valore-e-preset\/#primaryimage","url":"https:\/\/pewetools.de\/wp-content\/uploads\/2023\/07\/HD-Scale2-Kopie-1-neu.jpg","contentUrl":"https:\/\/pewetools.de\/wp-content\/uploads\/2023\/07\/HD-Scale2-Kopie-1-neu.jpg","width":1969,"height":1034},{"@type":"BreadcrumbList","@id":"https:\/\/pewetools.de\/it\/shop\/categoria-prodotto\/calibro-digitale-sino-100mm-ip67-con-cambio-direzione-conteggio-e-raddoppio-valore-e-preset\/#breadcrumb","itemListElement":[{"@type":"ListItem","position":1,"name":"casa","item":"https:\/\/pewetools.de\/it\/"},{"@type":"ListItem","position":2,"name":"Shop","item":"https:\/\/pewetools.de\/it\/shop\/"},{"@type":"ListItem","position":3,"name":"Calibro digitale Sino 100mm, IP67, con cambio direzione conteggio e raddoppio valore e PreSet"}]},{"@type":"WebSite","@id":"https:\/\/pewetools.de\/#website","url":"https:\/\/pewetools.de\/","name":"PeWeTools Schnellwechselhalter nach System Multifix","description":"","potentialAction":[{"@type":"SearchAction","target":{"@type":"EntryPoint","urlTemplate":"https:\/\/pewetools.de\/?s={search_term_string}"},"query-input":{"@type":"PropertyValueSpecification","valueRequired":true,"valueName":"search_term_string"}}],"inLanguage":"it-IT"}]}},"_links":{"self":[{"href":"https:\/\/pewetools.de\/it\/wp-json\/wp\/v2\/product\/13169","targetHints":{"allow":["GET"]}}],"collection":[{"href":"https:\/\/pewetools.de\/it\/wp-json\/wp\/v2\/product"}],"about":[{"href":"https:\/\/pewetools.de\/it\/wp-json\/wp\/v2\/types\/product"}],"version-history":[{"count":1,"href":"https:\/\/pewetools.de\/it\/wp-json\/wp\/v2\/product\/13169\/revisions"}],"predecessor-version":[{"id":13191,"href":"https:\/\/pewetools.de\/it\/wp-json\/wp\/v2\/product\/13169\/revisions\/13191"}],"wp:featuredmedia":[{"embeddable":true,"href":"https:\/\/pewetools.de\/it\/wp-json\/wp\/v2\/media\/13189"}],"wp:attachment":[{"href":"https:\/\/pewetools.de\/it\/wp-json\/wp\/v2\/media?parent=13169"}],"wp:term":[{"taxonomy":"product_brand","embeddable":true,"href":"https:\/\/pewetools.de\/it\/wp-json\/wp\/v2\/product_brand?post=13169"},{"taxonomy":"product_cat","embeddable":true,"href":"https:\/\/pewetools.de\/it\/wp-json\/wp\/v2\/product_cat?post=13169"},{"taxonomy":"product_tag","embeddable":true,"href":"https:\/\/pewetools.de\/it\/wp-json\/wp\/v2\/product_tag?post=13169"}],"curies":[{"name":"wp","href":"https:\/\/api.w.org\/{rel}","templated":true}]}}