{"id":15188,"date":"2025-02-26T11:24:08","date_gmt":"2025-02-26T10:24:08","guid":{"rendered":"https:\/\/pewetools.de\/?post_type=product&#038;p=15188"},"modified":"2025-08-25T14:42:57","modified_gmt":"2025-08-25T12:42:57","slug":"portautensile-ad1675-s-con-una-superficie-di-appoggio-piu-sottile","status":"publish","type":"product","link":"https:\/\/pewetools.de\/it\/shop\/categoria-prodotto\/portautensile-ad1675-s-con-una-superficie-di-appoggio-piu-sottile\/","title":{"rendered":"Portautensile AD1675-S con una superficie di appoggio pi\u00f9 sottile"},"content":{"rendered":"<p><span style=\"color: #008080;\"><strong>Portautensile AD1675-S<\/strong><\/span><\/p>\n<p>Modello speciale sviluppato appositamente per macchine con una distanza ridotta tra la slitta superiore e il centro di tornitura, con una superficie di appoggio pi\u00f9 sottile per i portautensili (che vengono prodotti prima del processo di tempra) &#8211; vedi anche foto.<\/p>\n","protected":false},"excerpt":{"rendered":"<p>AD1675-S<\/p>\n","protected":false},"featured_media":9855,"template":"","meta":{"footnotes":""},"product_brand":[],"product_cat":[477],"product_tag":[2206,1218],"class_list":{"0":"post-15188","1":"product","2":"type-product","3":"status-publish","4":"has-post-thumbnail","6":"product_cat-a","7":"product_tag-pwt-it","8":"product_tag-portutensile-cambio-rapido","9":"product_shipping_class-pacco","11":"first","12":"outofstock","13":"taxable","14":"shipping-taxable","15":"purchasable","16":"product-type-simple"},"yoast_head":"<!-- This site is optimized with the Yoast SEO plugin v27.4 - https:\/\/yoast.com\/product\/yoast-seo-wordpress\/ -->\n<title>Portautensile piano come Multifix System - pewetools limited<\/title>\n<meta name=\"description\" content=\"Ogni portautensile prodotto per noi \u00e8 testato sul corpo originale dell&#039;inventore J.F.Minder, quindi \u00e8 garantita un&#039;ispezione di qualit\u00e0 al 100% + compatibilit\u00e0.\" \/>\n<meta name=\"robots\" content=\"index, follow, max-snippet:-1, max-image-preview:large, max-video-preview:-1\" \/>\n<link rel=\"canonical\" href=\"https:\/\/pewetools.de\/it\/shop\/categoria-prodotto\/portautensile-ad1675-s-con-una-superficie-di-appoggio-piu-sottile\/\" \/>\n<meta property=\"og:locale\" content=\"it_IT\" \/>\n<meta property=\"og:type\" content=\"article\" \/>\n<meta property=\"og:title\" content=\"Portautensile piano come Multifix System - pewetools limited\" \/>\n<meta property=\"og:description\" content=\"Ogni portautensile prodotto per noi \u00e8 testato sul corpo originale dell&#039;inventore J.F.Minder, quindi \u00e8 garantita un&#039;ispezione di qualit\u00e0 al 100% + compatibilit\u00e0.\" \/>\n<meta property=\"og:url\" content=\"https:\/\/pewetools.de\/it\/shop\/categoria-prodotto\/portautensile-ad1675-s-con-una-superficie-di-appoggio-piu-sottile\/\" \/>\n<meta property=\"og:site_name\" content=\"PeWeTools Schnellwechselhalter nach System Multifix\" \/>\n<meta property=\"article:modified_time\" content=\"2025-08-25T12:42:57+00:00\" \/>\n<meta property=\"og:image\" content=\"https:\/\/pewetools.de\/wp-content\/uploads\/2021\/06\/AD1675-S-Kopie-Hauptbild.jpg\" \/>\n\t<meta property=\"og:image:width\" content=\"1000\" \/>\n\t<meta property=\"og:image:height\" content=\"1000\" \/>\n\t<meta property=\"og:image:type\" content=\"image\/jpeg\" \/>\n<meta name=\"twitter:card\" content=\"summary_large_image\" \/>\n<meta name=\"twitter:label1\" content=\"Tempo di lettura stimato\" \/>\n\t<meta name=\"twitter:data1\" content=\"1 minuto\" \/>\n<script type=\"application\/ld+json\" class=\"yoast-schema-graph\">{\"@context\":\"https:\\\/\\\/schema.org\",\"@graph\":[{\"@type\":\"WebPage\",\"@id\":\"https:\\\/\\\/pewetools.de\\\/it\\\/shop\\\/categoria-prodotto\\\/portautensile-ad1675-s-con-una-superficie-di-appoggio-piu-sottile\\\/\",\"url\":\"https:\\\/\\\/pewetools.de\\\/it\\\/shop\\\/categoria-prodotto\\\/portautensile-ad1675-s-con-una-superficie-di-appoggio-piu-sottile\\\/\",\"name\":\"Portautensile piano come Multifix System - pewetools limited\",\"isPartOf\":{\"@id\":\"https:\\\/\\\/pewetools.de\\\/#website\"},\"primaryImageOfPage\":{\"@id\":\"https:\\\/\\\/pewetools.de\\\/it\\\/shop\\\/categoria-prodotto\\\/portautensile-ad1675-s-con-una-superficie-di-appoggio-piu-sottile\\\/#primaryimage\"},\"image\":{\"@id\":\"https:\\\/\\\/pewetools.de\\\/it\\\/shop\\\/categoria-prodotto\\\/portautensile-ad1675-s-con-una-superficie-di-appoggio-piu-sottile\\\/#primaryimage\"},\"thumbnailUrl\":\"https:\\\/\\\/pewetools.de\\\/wp-content\\\/uploads\\\/2021\\\/06\\\/AD1675-S-Kopie-Hauptbild.jpg\",\"datePublished\":\"2025-02-26T10:24:08+00:00\",\"dateModified\":\"2025-08-25T12:42:57+00:00\",\"description\":\"Ogni portautensile prodotto per noi \u00e8 testato sul corpo originale dell'inventore J.F.Minder, quindi \u00e8 garantita un'ispezione di qualit\u00e0 al 100% + compatibilit\u00e0.\",\"breadcrumb\":{\"@id\":\"https:\\\/\\\/pewetools.de\\\/it\\\/shop\\\/categoria-prodotto\\\/portautensile-ad1675-s-con-una-superficie-di-appoggio-piu-sottile\\\/#breadcrumb\"},\"inLanguage\":\"it-IT\",\"potentialAction\":[{\"@type\":\"ReadAction\",\"target\":[\"https:\\\/\\\/pewetools.de\\\/it\\\/shop\\\/categoria-prodotto\\\/portautensile-ad1675-s-con-una-superficie-di-appoggio-piu-sottile\\\/\"]}]},{\"@type\":\"ImageObject\",\"inLanguage\":\"it-IT\",\"@id\":\"https:\\\/\\\/pewetools.de\\\/it\\\/shop\\\/categoria-prodotto\\\/portautensile-ad1675-s-con-una-superficie-di-appoggio-piu-sottile\\\/#primaryimage\",\"url\":\"https:\\\/\\\/pewetools.de\\\/wp-content\\\/uploads\\\/2021\\\/06\\\/AD1675-S-Kopie-Hauptbild.jpg\",\"contentUrl\":\"https:\\\/\\\/pewetools.de\\\/wp-content\\\/uploads\\\/2021\\\/06\\\/AD1675-S-Kopie-Hauptbild.jpg\",\"width\":1000,\"height\":1000},{\"@type\":\"BreadcrumbList\",\"@id\":\"https:\\\/\\\/pewetools.de\\\/it\\\/shop\\\/categoria-prodotto\\\/portautensile-ad1675-s-con-una-superficie-di-appoggio-piu-sottile\\\/#breadcrumb\",\"itemListElement\":[{\"@type\":\"ListItem\",\"position\":1,\"name\":\"casa\",\"item\":\"https:\\\/\\\/pewetools.de\\\/it\\\/\"},{\"@type\":\"ListItem\",\"position\":2,\"name\":\"Shop\",\"item\":\"https:\\\/\\\/pewetools.de\\\/it\\\/shop\\\/\"},{\"@type\":\"ListItem\",\"position\":3,\"name\":\"Portautensile AD1675-S con una superficie di appoggio pi\u00f9 sottile\"}]},{\"@type\":\"WebSite\",\"@id\":\"https:\\\/\\\/pewetools.de\\\/#website\",\"url\":\"https:\\\/\\\/pewetools.de\\\/\",\"name\":\"PeWeTools Schnellwechselhalter nach System Multifix\",\"description\":\"\",\"potentialAction\":[{\"@type\":\"SearchAction\",\"target\":{\"@type\":\"EntryPoint\",\"urlTemplate\":\"https:\\\/\\\/pewetools.de\\\/?s={search_term_string}\"},\"query-input\":{\"@type\":\"PropertyValueSpecification\",\"valueRequired\":true,\"valueName\":\"search_term_string\"}}],\"inLanguage\":\"it-IT\"}]}<\/script>\n<!-- \/ Yoast SEO plugin. -->","yoast_head_json":{"title":"Portautensile piano come Multifix System - pewetools limited","description":"Ogni portautensile prodotto per noi \u00e8 testato sul corpo originale dell'inventore J.F.Minder, quindi \u00e8 garantita un'ispezione di qualit\u00e0 al 100% + compatibilit\u00e0.","robots":{"index":"index","follow":"follow","max-snippet":"max-snippet:-1","max-image-preview":"max-image-preview:large","max-video-preview":"max-video-preview:-1"},"canonical":"https:\/\/pewetools.de\/it\/shop\/categoria-prodotto\/portautensile-ad1675-s-con-una-superficie-di-appoggio-piu-sottile\/","og_locale":"it_IT","og_type":"article","og_title":"Portautensile piano come Multifix System - pewetools limited","og_description":"Ogni portautensile prodotto per noi \u00e8 testato sul corpo originale dell'inventore J.F.Minder, quindi \u00e8 garantita un'ispezione di qualit\u00e0 al 100% + compatibilit\u00e0.","og_url":"https:\/\/pewetools.de\/it\/shop\/categoria-prodotto\/portautensile-ad1675-s-con-una-superficie-di-appoggio-piu-sottile\/","og_site_name":"PeWeTools Schnellwechselhalter nach System Multifix","article_modified_time":"2025-08-25T12:42:57+00:00","og_image":[{"width":1000,"height":1000,"url":"https:\/\/pewetools.de\/wp-content\/uploads\/2021\/06\/AD1675-S-Kopie-Hauptbild.jpg","type":"image\/jpeg"}],"twitter_card":"summary_large_image","twitter_misc":{"Tempo di lettura stimato":"1 minuto"},"schema":{"@context":"https:\/\/schema.org","@graph":[{"@type":"WebPage","@id":"https:\/\/pewetools.de\/it\/shop\/categoria-prodotto\/portautensile-ad1675-s-con-una-superficie-di-appoggio-piu-sottile\/","url":"https:\/\/pewetools.de\/it\/shop\/categoria-prodotto\/portautensile-ad1675-s-con-una-superficie-di-appoggio-piu-sottile\/","name":"Portautensile piano come Multifix System - pewetools limited","isPartOf":{"@id":"https:\/\/pewetools.de\/#website"},"primaryImageOfPage":{"@id":"https:\/\/pewetools.de\/it\/shop\/categoria-prodotto\/portautensile-ad1675-s-con-una-superficie-di-appoggio-piu-sottile\/#primaryimage"},"image":{"@id":"https:\/\/pewetools.de\/it\/shop\/categoria-prodotto\/portautensile-ad1675-s-con-una-superficie-di-appoggio-piu-sottile\/#primaryimage"},"thumbnailUrl":"https:\/\/pewetools.de\/wp-content\/uploads\/2021\/06\/AD1675-S-Kopie-Hauptbild.jpg","datePublished":"2025-02-26T10:24:08+00:00","dateModified":"2025-08-25T12:42:57+00:00","description":"Ogni portautensile prodotto per noi \u00e8 testato sul corpo originale dell'inventore J.F.Minder, quindi \u00e8 garantita un'ispezione di qualit\u00e0 al 100% + compatibilit\u00e0.","breadcrumb":{"@id":"https:\/\/pewetools.de\/it\/shop\/categoria-prodotto\/portautensile-ad1675-s-con-una-superficie-di-appoggio-piu-sottile\/#breadcrumb"},"inLanguage":"it-IT","potentialAction":[{"@type":"ReadAction","target":["https:\/\/pewetools.de\/it\/shop\/categoria-prodotto\/portautensile-ad1675-s-con-una-superficie-di-appoggio-piu-sottile\/"]}]},{"@type":"ImageObject","inLanguage":"it-IT","@id":"https:\/\/pewetools.de\/it\/shop\/categoria-prodotto\/portautensile-ad1675-s-con-una-superficie-di-appoggio-piu-sottile\/#primaryimage","url":"https:\/\/pewetools.de\/wp-content\/uploads\/2021\/06\/AD1675-S-Kopie-Hauptbild.jpg","contentUrl":"https:\/\/pewetools.de\/wp-content\/uploads\/2021\/06\/AD1675-S-Kopie-Hauptbild.jpg","width":1000,"height":1000},{"@type":"BreadcrumbList","@id":"https:\/\/pewetools.de\/it\/shop\/categoria-prodotto\/portautensile-ad1675-s-con-una-superficie-di-appoggio-piu-sottile\/#breadcrumb","itemListElement":[{"@type":"ListItem","position":1,"name":"casa","item":"https:\/\/pewetools.de\/it\/"},{"@type":"ListItem","position":2,"name":"Shop","item":"https:\/\/pewetools.de\/it\/shop\/"},{"@type":"ListItem","position":3,"name":"Portautensile AD1675-S con una superficie di appoggio pi\u00f9 sottile"}]},{"@type":"WebSite","@id":"https:\/\/pewetools.de\/#website","url":"https:\/\/pewetools.de\/","name":"PeWeTools Schnellwechselhalter nach System Multifix","description":"","potentialAction":[{"@type":"SearchAction","target":{"@type":"EntryPoint","urlTemplate":"https:\/\/pewetools.de\/?s={search_term_string}"},"query-input":{"@type":"PropertyValueSpecification","valueRequired":true,"valueName":"search_term_string"}}],"inLanguage":"it-IT"}]}},"_links":{"self":[{"href":"https:\/\/pewetools.de\/it\/wp-json\/wp\/v2\/product\/15188","targetHints":{"allow":["GET"]}}],"collection":[{"href":"https:\/\/pewetools.de\/it\/wp-json\/wp\/v2\/product"}],"about":[{"href":"https:\/\/pewetools.de\/it\/wp-json\/wp\/v2\/types\/product"}],"version-history":[{"count":3,"href":"https:\/\/pewetools.de\/it\/wp-json\/wp\/v2\/product\/15188\/revisions"}],"predecessor-version":[{"id":15208,"href":"https:\/\/pewetools.de\/it\/wp-json\/wp\/v2\/product\/15188\/revisions\/15208"}],"wp:featuredmedia":[{"embeddable":true,"href":"https:\/\/pewetools.de\/it\/wp-json\/wp\/v2\/media\/9855"}],"wp:attachment":[{"href":"https:\/\/pewetools.de\/it\/wp-json\/wp\/v2\/media?parent=15188"}],"wp:term":[{"taxonomy":"product_brand","embeddable":true,"href":"https:\/\/pewetools.de\/it\/wp-json\/wp\/v2\/product_brand?post=15188"},{"taxonomy":"product_cat","embeddable":true,"href":"https:\/\/pewetools.de\/it\/wp-json\/wp\/v2\/product_cat?post=15188"},{"taxonomy":"product_tag","embeddable":true,"href":"https:\/\/pewetools.de\/it\/wp-json\/wp\/v2\/product_tag?post=15188"}],"curies":[{"name":"wp","href":"https:\/\/api.w.org\/{rel}","templated":true}]}}