{"id":4199,"date":"2019-01-04T10:13:03","date_gmt":"2019-01-04T09:13:03","guid":{"rendered":"https:\/\/pewetools.de\/shop\/produkt-kategorie\/set-di-avvio-ed20100-come-il-sistema-multifix\/"},"modified":"2025-03-12T14:44:05","modified_gmt":"2025-03-12T13:44:05","slug":"set-di-avvio-ed20100-come-il-sistema-multifix","status":"publish","type":"product","link":"https:\/\/pewetools.de\/it\/shop\/categoria-prodotto\/set-di-avvio-ed20100-come-il-sistema-multifix\/","title":{"rendered":"Set di avvio ED20100 come il sistema Multifix"},"content":{"rendered":"<p>incluso:<br \/>\n\u2022 1 corpo principale E (approvato per macchine con una potenza del motore di max. 4,5 kW)<br \/>\n\u2022 1 leva di tensione<br \/>\n\u2022 1 perno<br \/>\n\u2022 2 supporti ED20100 per l&#8217;accettazione di tornitura di acciai con forma rettangolare<br \/>\n\u2022 1 chiave a bussola quadrata<br \/>\n\u2022 1 rapporto di prova di durezza preparato da noi sulla durezza del corpo principale<br \/>\n\u2022 1 rapporto di prova di durezza preparato da noi sulla durezza di un portauntensile<\/p>\n","protected":false},"excerpt":{"rendered":"<p>incluso: \u2022 1 corpo principale E (approvato per macchine con una potenza del motore di max. 4,5 kW) \u2022 1 leva di tensione \u2022 1 perno \u2022 2 supporti ED20100 per l&#8217;accettazione di tornitura di acciai con forma rettangolare \u2022 1 chiave a bussola quadrata \u2022 1 rapporto di prova di durezza preparato da noi [&hellip;]<\/p>\n","protected":false},"featured_media":6866,"template":"","meta":{"footnotes":""},"product_brand":[],"product_cat":[469,495],"product_tag":[],"class_list":{"0":"post-4199","1":"product","2":"type-product","3":"status-publish","4":"has-post-thumbnail","6":"product_cat-portautensile-di-cambio-rapido","7":"product_cat-e","8":"product_shipping_class-pacco","10":"first","11":"instock","12":"taxable","13":"shipping-taxable","14":"purchasable","15":"product-type-simple"},"yoast_head":"<!-- This site is optimized with the Yoast SEO plugin v27.1.1 - https:\/\/yoast.com\/product\/yoast-seo-wordpress\/ -->\n<title>Torretta portautensili a cambio rapido - pewetools limited<\/title>\n<meta name=\"description\" content=\"Ogni portautensile prodotto per noi \u00e8 testato sul corpo originale dell&#039;inventore J.F.Minder, quindi \u00e8 garantita un&#039;ispezione di qualit\u00e0 al 100% + compatibilit\u00e0.\" \/>\n<meta name=\"robots\" content=\"index, follow, max-snippet:-1, max-image-preview:large, max-video-preview:-1\" \/>\n<link rel=\"canonical\" href=\"https:\/\/pewetools.de\/shop\/categoria-prodotto\/starterset-e20100-nach-multifix-system\/\" \/>\n<meta property=\"og:locale\" content=\"it_IT\" \/>\n<meta property=\"og:type\" content=\"article\" \/>\n<meta property=\"og:title\" content=\"Torretta portautensili a cambio rapido - pewetools limited\" \/>\n<meta property=\"og:description\" content=\"Ogni portautensile prodotto per noi \u00e8 testato sul corpo originale dell&#039;inventore J.F.Minder, quindi \u00e8 garantita un&#039;ispezione di qualit\u00e0 al 100% + compatibilit\u00e0.\" \/>\n<meta property=\"og:url\" content=\"https:\/\/pewetools.de\/shop\/categoria-prodotto\/starterset-e20100-nach-multifix-system\/\" \/>\n<meta property=\"og:site_name\" content=\"PeWeTools Schnellwechselhalter nach System Multifix\" \/>\n<meta property=\"article:modified_time\" content=\"2025-03-12T13:44:05+00:00\" \/>\n<meta property=\"og:image\" content=\"https:\/\/pewetools.de\/wp-content\/uploads\/2019\/01\/SET-Starterset-ED20100-Hauptbild.jpg\" \/>\n\t<meta property=\"og:image:width\" content=\"1000\" \/>\n\t<meta property=\"og:image:height\" content=\"1000\" \/>\n\t<meta property=\"og:image:type\" content=\"image\/jpeg\" \/>\n<meta name=\"twitter:card\" content=\"summary_large_image\" \/>\n<script type=\"application\/ld+json\" class=\"yoast-schema-graph\">{\"@context\":\"https:\/\/schema.org\",\"@graph\":[{\"@type\":\"WebPage\",\"@id\":\"https:\/\/pewetools.de\/shop\/categoria-prodotto\/starterset-e20100-nach-multifix-system\/\",\"url\":\"https:\/\/pewetools.de\/shop\/categoria-prodotto\/starterset-e20100-nach-multifix-system\/\",\"name\":\"Torretta portautensili a cambio rapido - pewetools limited\",\"isPartOf\":{\"@id\":\"https:\/\/pewetools.de\/#website\"},\"primaryImageOfPage\":{\"@id\":\"https:\/\/pewetools.de\/shop\/categoria-prodotto\/starterset-e20100-nach-multifix-system\/#primaryimage\"},\"image\":{\"@id\":\"https:\/\/pewetools.de\/shop\/categoria-prodotto\/starterset-e20100-nach-multifix-system\/#primaryimage\"},\"thumbnailUrl\":\"https:\/\/pewetools.de\/wp-content\/uploads\/2019\/01\/SET-Starterset-ED20100-Hauptbild.jpg\",\"datePublished\":\"2019-01-04T09:13:03+00:00\",\"dateModified\":\"2025-03-12T13:44:05+00:00\",\"description\":\"Ogni portautensile prodotto per noi \u00e8 testato sul corpo originale dell'inventore J.F.Minder, quindi \u00e8 garantita un'ispezione di qualit\u00e0 al 100% + compatibilit\u00e0.\",\"breadcrumb\":{\"@id\":\"https:\/\/pewetools.de\/shop\/categoria-prodotto\/starterset-e20100-nach-multifix-system\/#breadcrumb\"},\"inLanguage\":\"it-IT\",\"potentialAction\":[{\"@type\":\"ReadAction\",\"target\":[\"https:\/\/pewetools.de\/shop\/categoria-prodotto\/starterset-e20100-nach-multifix-system\/\"]}]},{\"@type\":\"ImageObject\",\"inLanguage\":\"it-IT\",\"@id\":\"https:\/\/pewetools.de\/shop\/categoria-prodotto\/starterset-e20100-nach-multifix-system\/#primaryimage\",\"url\":\"https:\/\/pewetools.de\/wp-content\/uploads\/2019\/01\/SET-Starterset-ED20100-Hauptbild.jpg\",\"contentUrl\":\"https:\/\/pewetools.de\/wp-content\/uploads\/2019\/01\/SET-Starterset-ED20100-Hauptbild.jpg\",\"width\":1000,\"height\":1000},{\"@type\":\"BreadcrumbList\",\"@id\":\"https:\/\/pewetools.de\/shop\/categoria-prodotto\/starterset-e20100-nach-multifix-system\/#breadcrumb\",\"itemListElement\":[{\"@type\":\"ListItem\",\"position\":1,\"name\":\"casa\",\"item\":\"https:\/\/pewetools.de\/it\/\"},{\"@type\":\"ListItem\",\"position\":2,\"name\":\"Shop\",\"item\":\"https:\/\/pewetools.de\/it\/shop\/\"},{\"@type\":\"ListItem\",\"position\":3,\"name\":\"Set di avvio ED20100 come il sistema Multifix\"}]},{\"@type\":\"WebSite\",\"@id\":\"https:\/\/pewetools.de\/#website\",\"url\":\"https:\/\/pewetools.de\/\",\"name\":\"PeWeTools Schnellwechselhalter nach System Multifix\",\"description\":\"\",\"potentialAction\":[{\"@type\":\"SearchAction\",\"target\":{\"@type\":\"EntryPoint\",\"urlTemplate\":\"https:\/\/pewetools.de\/?s={search_term_string}\"},\"query-input\":{\"@type\":\"PropertyValueSpecification\",\"valueRequired\":true,\"valueName\":\"search_term_string\"}}],\"inLanguage\":\"it-IT\"}]}<\/script>\n<!-- \/ Yoast SEO plugin. -->","yoast_head_json":{"title":"Torretta portautensili a cambio rapido - pewetools limited","description":"Ogni portautensile prodotto per noi \u00e8 testato sul corpo originale dell'inventore J.F.Minder, quindi \u00e8 garantita un'ispezione di qualit\u00e0 al 100% + compatibilit\u00e0.","robots":{"index":"index","follow":"follow","max-snippet":"max-snippet:-1","max-image-preview":"max-image-preview:large","max-video-preview":"max-video-preview:-1"},"canonical":"https:\/\/pewetools.de\/shop\/categoria-prodotto\/starterset-e20100-nach-multifix-system\/","og_locale":"it_IT","og_type":"article","og_title":"Torretta portautensili a cambio rapido - pewetools limited","og_description":"Ogni portautensile prodotto per noi \u00e8 testato sul corpo originale dell'inventore J.F.Minder, quindi \u00e8 garantita un'ispezione di qualit\u00e0 al 100% + compatibilit\u00e0.","og_url":"https:\/\/pewetools.de\/shop\/categoria-prodotto\/starterset-e20100-nach-multifix-system\/","og_site_name":"PeWeTools Schnellwechselhalter nach System Multifix","article_modified_time":"2025-03-12T13:44:05+00:00","og_image":[{"width":1000,"height":1000,"url":"https:\/\/pewetools.de\/wp-content\/uploads\/2019\/01\/SET-Starterset-ED20100-Hauptbild.jpg","type":"image\/jpeg"}],"twitter_card":"summary_large_image","schema":{"@context":"https:\/\/schema.org","@graph":[{"@type":"WebPage","@id":"https:\/\/pewetools.de\/shop\/categoria-prodotto\/starterset-e20100-nach-multifix-system\/","url":"https:\/\/pewetools.de\/shop\/categoria-prodotto\/starterset-e20100-nach-multifix-system\/","name":"Torretta portautensili a cambio rapido - pewetools limited","isPartOf":{"@id":"https:\/\/pewetools.de\/#website"},"primaryImageOfPage":{"@id":"https:\/\/pewetools.de\/shop\/categoria-prodotto\/starterset-e20100-nach-multifix-system\/#primaryimage"},"image":{"@id":"https:\/\/pewetools.de\/shop\/categoria-prodotto\/starterset-e20100-nach-multifix-system\/#primaryimage"},"thumbnailUrl":"https:\/\/pewetools.de\/wp-content\/uploads\/2019\/01\/SET-Starterset-ED20100-Hauptbild.jpg","datePublished":"2019-01-04T09:13:03+00:00","dateModified":"2025-03-12T13:44:05+00:00","description":"Ogni portautensile prodotto per noi \u00e8 testato sul corpo originale dell'inventore J.F.Minder, quindi \u00e8 garantita un'ispezione di qualit\u00e0 al 100% + compatibilit\u00e0.","breadcrumb":{"@id":"https:\/\/pewetools.de\/shop\/categoria-prodotto\/starterset-e20100-nach-multifix-system\/#breadcrumb"},"inLanguage":"it-IT","potentialAction":[{"@type":"ReadAction","target":["https:\/\/pewetools.de\/shop\/categoria-prodotto\/starterset-e20100-nach-multifix-system\/"]}]},{"@type":"ImageObject","inLanguage":"it-IT","@id":"https:\/\/pewetools.de\/shop\/categoria-prodotto\/starterset-e20100-nach-multifix-system\/#primaryimage","url":"https:\/\/pewetools.de\/wp-content\/uploads\/2019\/01\/SET-Starterset-ED20100-Hauptbild.jpg","contentUrl":"https:\/\/pewetools.de\/wp-content\/uploads\/2019\/01\/SET-Starterset-ED20100-Hauptbild.jpg","width":1000,"height":1000},{"@type":"BreadcrumbList","@id":"https:\/\/pewetools.de\/shop\/categoria-prodotto\/starterset-e20100-nach-multifix-system\/#breadcrumb","itemListElement":[{"@type":"ListItem","position":1,"name":"casa","item":"https:\/\/pewetools.de\/it\/"},{"@type":"ListItem","position":2,"name":"Shop","item":"https:\/\/pewetools.de\/it\/shop\/"},{"@type":"ListItem","position":3,"name":"Set di avvio ED20100 come il sistema Multifix"}]},{"@type":"WebSite","@id":"https:\/\/pewetools.de\/#website","url":"https:\/\/pewetools.de\/","name":"PeWeTools Schnellwechselhalter nach System Multifix","description":"","potentialAction":[{"@type":"SearchAction","target":{"@type":"EntryPoint","urlTemplate":"https:\/\/pewetools.de\/?s={search_term_string}"},"query-input":{"@type":"PropertyValueSpecification","valueRequired":true,"valueName":"search_term_string"}}],"inLanguage":"it-IT"}]}},"_links":{"self":[{"href":"https:\/\/pewetools.de\/it\/wp-json\/wp\/v2\/product\/4199","targetHints":{"allow":["GET"]}}],"collection":[{"href":"https:\/\/pewetools.de\/it\/wp-json\/wp\/v2\/product"}],"about":[{"href":"https:\/\/pewetools.de\/it\/wp-json\/wp\/v2\/types\/product"}],"version-history":[{"count":1,"href":"https:\/\/pewetools.de\/it\/wp-json\/wp\/v2\/product\/4199\/revisions"}],"predecessor-version":[{"id":15557,"href":"https:\/\/pewetools.de\/it\/wp-json\/wp\/v2\/product\/4199\/revisions\/15557"}],"wp:featuredmedia":[{"embeddable":true,"href":"https:\/\/pewetools.de\/it\/wp-json\/wp\/v2\/media\/6866"}],"wp:attachment":[{"href":"https:\/\/pewetools.de\/it\/wp-json\/wp\/v2\/media?parent=4199"}],"wp:term":[{"taxonomy":"product_brand","embeddable":true,"href":"https:\/\/pewetools.de\/it\/wp-json\/wp\/v2\/product_brand?post=4199"},{"taxonomy":"product_cat","embeddable":true,"href":"https:\/\/pewetools.de\/it\/wp-json\/wp\/v2\/product_cat?post=4199"},{"taxonomy":"product_tag","embeddable":true,"href":"https:\/\/pewetools.de\/it\/wp-json\/wp\/v2\/product_tag?post=4199"}],"curies":[{"name":"wp","href":"https:\/\/api.w.org\/{rel}","templated":true}]}}