{"id":4312,"date":"2018-10-29T11:54:06","date_gmt":"2018-10-29T10:54:06","guid":{"rendered":"https:\/\/pewetools.de\/shop\/produkt-kategorie\/calibro-a-corsoio-digitale-sino-300-mm-ip54\/"},"modified":"2024-08-21T16:10:01","modified_gmt":"2024-08-21T14:10:01","slug":"calibro-a-corsoio-digitale-sino-300-mm-ip54","status":"publish","type":"product","link":"https:\/\/pewetools.de\/it\/shop\/categoria-prodotto\/calibro-a-corsoio-digitale-sino-300-mm-ip54\/","title":{"rendered":"calibro a corsoio digitale SINO 300 mm, IP54"},"content":{"rendered":"<p><strong><span style=\"color: #008080;\">Di solito, per ragioni di costo, viene inciso solo un materiale di cartone con una struttura a meandro (che si trova sotto il film plastico e si presenta come due pettini interbloccati) e serve come base per la generazione del segnale. \u00c8 diverso con noi: per la stabilizzazione del segnale e per migliorare la precisione, i nostri vetrini hanno una scala di vetro.<\/span><\/strong><\/p>\n<ul>\n<li>a prova di schizzi (IP54) secondo DIN40050 \/ IEC 60529<\/li>\n<li>uscita esterna (compatibile con Mitutoyo) per trasferire i dati di<\/li>\n<li>misurazione a un trasmettitore \/ ricevitore radio o decoder via cavo, ad es. Programmi Office del tuo PC<\/li>\n<li>migliore precisione rispetto alla DIN862 finge<br \/>\nMisurando le superfici finemente macinate e lappate<\/li>\n<li>adatto per misure interne, esterne e di profondit\u00e0<br \/>\nin quanto \u00e8 un sistema di misurazione assoluto, la velocit\u00e0 di spostamento \u00e8 illimitata<\/li>\n<\/ul>\n<p><strong><span style=\"color: #008080;\">incluso:<\/span><\/strong><\/p>\n<ul>\n<li>Calibri<\/li>\n<li>scatola di immagazzinaggio<\/li>\n<li>Batteria C2032<\/li>\n<li>Manuale utente tedesco<\/li>\n<\/ul>\n","protected":false},"excerpt":{"rendered":"<p>Di solito, per ragioni di costo, viene inciso solo un materiale di cartone con una struttura a meandro (che si trova sotto il film plastico e si presenta come due pettini interbloccati) e serve come base per la generazione del segnale. \u00c8 diverso con noi: per la stabilizzazione del segnale e per migliorare la precisione, [&hellip;]<\/p>\n","protected":false},"featured_media":6238,"template":"","meta":{"footnotes":""},"product_brand":[],"product_cat":[467],"product_tag":[1211,1212,1216],"class_list":{"0":"post-4312","1":"product","2":"type-product","3":"status-publish","4":"has-post-thumbnail","6":"product_cat-tecnologia-di-misurazione-e-collaudo","7":"product_tag-scivolo-di-misurazione","8":"product_tag-strumento-di-misura","9":"product_tag-vernier-pinza","10":"product_shipping_class-pacco","12":"first","13":"instock","14":"taxable","15":"shipping-taxable","16":"purchasable","17":"product-type-simple"},"yoast_head":"<!-- This site is optimized with the Yoast SEO plugin v27.4 - https:\/\/yoast.com\/product\/yoast-seo-wordpress\/ -->\n<title>calibro a corsoio digitale - pewetools limited<\/title>\n<meta name=\"robots\" content=\"index, follow, max-snippet:-1, max-image-preview:large, max-video-preview:-1\" \/>\n<link rel=\"canonical\" href=\"https:\/\/pewetools.de\/shop\/categoria-prodotto\/messschieber-schieblehre-sino-300-mm-ip54-geschuetzt\/\" \/>\n<meta property=\"og:locale\" content=\"it_IT\" \/>\n<meta property=\"og:type\" content=\"article\" \/>\n<meta property=\"og:title\" content=\"calibro a corsoio digitale - pewetools limited\" \/>\n<meta property=\"og:description\" content=\"Di solito, per ragioni di costo, viene inciso solo un materiale di cartone con una struttura a meandro (che si trova sotto il film plastico e si presenta come due pettini interbloccati) e serve come base per la generazione del segnale. \u00c8 diverso con noi: per la stabilizzazione del segnale e per migliorare la precisione, [&hellip;]\" \/>\n<meta property=\"og:url\" content=\"https:\/\/pewetools.de\/shop\/categoria-prodotto\/messschieber-schieblehre-sino-300-mm-ip54-geschuetzt\/\" \/>\n<meta property=\"og:site_name\" content=\"PeWeTools Schnellwechselhalter nach System Multifix\" \/>\n<meta property=\"article:modified_time\" content=\"2024-08-21T14:10:01+00:00\" \/>\n<meta property=\"og:image\" content=\"https:\/\/pewetools.de\/wp-content\/uploads\/2018\/10\/IP54Messschieber150-Abb.Hauptbild.jpg\" \/>\n\t<meta property=\"og:image:width\" content=\"1006\" \/>\n\t<meta property=\"og:image:height\" content=\"1006\" \/>\n\t<meta property=\"og:image:type\" content=\"image\/jpeg\" \/>\n<meta name=\"twitter:card\" content=\"summary_large_image\" \/>\n<meta name=\"twitter:label1\" content=\"Tempo di lettura stimato\" \/>\n\t<meta name=\"twitter:data1\" content=\"1 minuto\" \/>\n<script type=\"application\/ld+json\" class=\"yoast-schema-graph\">{\"@context\":\"https:\\\/\\\/schema.org\",\"@graph\":[{\"@type\":\"WebPage\",\"@id\":\"https:\\\/\\\/pewetools.de\\\/shop\\\/categoria-prodotto\\\/messschieber-schieblehre-sino-300-mm-ip54-geschuetzt\\\/\",\"url\":\"https:\\\/\\\/pewetools.de\\\/shop\\\/categoria-prodotto\\\/messschieber-schieblehre-sino-300-mm-ip54-geschuetzt\\\/\",\"name\":\"calibro a corsoio digitale - pewetools limited\",\"isPartOf\":{\"@id\":\"https:\\\/\\\/pewetools.de\\\/#website\"},\"primaryImageOfPage\":{\"@id\":\"https:\\\/\\\/pewetools.de\\\/shop\\\/categoria-prodotto\\\/messschieber-schieblehre-sino-300-mm-ip54-geschuetzt\\\/#primaryimage\"},\"image\":{\"@id\":\"https:\\\/\\\/pewetools.de\\\/shop\\\/categoria-prodotto\\\/messschieber-schieblehre-sino-300-mm-ip54-geschuetzt\\\/#primaryimage\"},\"thumbnailUrl\":\"https:\\\/\\\/pewetools.de\\\/wp-content\\\/uploads\\\/2018\\\/10\\\/IP54Messschieber150-Abb.Hauptbild.jpg\",\"datePublished\":\"2018-10-29T10:54:06+00:00\",\"dateModified\":\"2024-08-21T14:10:01+00:00\",\"breadcrumb\":{\"@id\":\"https:\\\/\\\/pewetools.de\\\/shop\\\/categoria-prodotto\\\/messschieber-schieblehre-sino-300-mm-ip54-geschuetzt\\\/#breadcrumb\"},\"inLanguage\":\"it-IT\",\"potentialAction\":[{\"@type\":\"ReadAction\",\"target\":[\"https:\\\/\\\/pewetools.de\\\/shop\\\/categoria-prodotto\\\/messschieber-schieblehre-sino-300-mm-ip54-geschuetzt\\\/\"]}]},{\"@type\":\"ImageObject\",\"inLanguage\":\"it-IT\",\"@id\":\"https:\\\/\\\/pewetools.de\\\/shop\\\/categoria-prodotto\\\/messschieber-schieblehre-sino-300-mm-ip54-geschuetzt\\\/#primaryimage\",\"url\":\"https:\\\/\\\/pewetools.de\\\/wp-content\\\/uploads\\\/2018\\\/10\\\/IP54Messschieber150-Abb.Hauptbild.jpg\",\"contentUrl\":\"https:\\\/\\\/pewetools.de\\\/wp-content\\\/uploads\\\/2018\\\/10\\\/IP54Messschieber150-Abb.Hauptbild.jpg\",\"width\":1006,\"height\":1006},{\"@type\":\"BreadcrumbList\",\"@id\":\"https:\\\/\\\/pewetools.de\\\/shop\\\/categoria-prodotto\\\/messschieber-schieblehre-sino-300-mm-ip54-geschuetzt\\\/#breadcrumb\",\"itemListElement\":[{\"@type\":\"ListItem\",\"position\":1,\"name\":\"casa\",\"item\":\"https:\\\/\\\/pewetools.de\\\/it\\\/\"},{\"@type\":\"ListItem\",\"position\":2,\"name\":\"Shop\",\"item\":\"https:\\\/\\\/pewetools.de\\\/it\\\/shop\\\/\"},{\"@type\":\"ListItem\",\"position\":3,\"name\":\"calibro a corsoio digitale SINO 300 mm, IP54\"}]},{\"@type\":\"WebSite\",\"@id\":\"https:\\\/\\\/pewetools.de\\\/#website\",\"url\":\"https:\\\/\\\/pewetools.de\\\/\",\"name\":\"PeWeTools Schnellwechselhalter nach System Multifix\",\"description\":\"\",\"potentialAction\":[{\"@type\":\"SearchAction\",\"target\":{\"@type\":\"EntryPoint\",\"urlTemplate\":\"https:\\\/\\\/pewetools.de\\\/?s={search_term_string}\"},\"query-input\":{\"@type\":\"PropertyValueSpecification\",\"valueRequired\":true,\"valueName\":\"search_term_string\"}}],\"inLanguage\":\"it-IT\"}]}<\/script>\n<!-- \/ Yoast SEO plugin. -->","yoast_head_json":{"title":"calibro a corsoio digitale - pewetools limited","robots":{"index":"index","follow":"follow","max-snippet":"max-snippet:-1","max-image-preview":"max-image-preview:large","max-video-preview":"max-video-preview:-1"},"canonical":"https:\/\/pewetools.de\/shop\/categoria-prodotto\/messschieber-schieblehre-sino-300-mm-ip54-geschuetzt\/","og_locale":"it_IT","og_type":"article","og_title":"calibro a corsoio digitale - pewetools limited","og_description":"Di solito, per ragioni di costo, viene inciso solo un materiale di cartone con una struttura a meandro (che si trova sotto il film plastico e si presenta come due pettini interbloccati) e serve come base per la generazione del segnale. \u00c8 diverso con noi: per la stabilizzazione del segnale e per migliorare la precisione, [&hellip;]","og_url":"https:\/\/pewetools.de\/shop\/categoria-prodotto\/messschieber-schieblehre-sino-300-mm-ip54-geschuetzt\/","og_site_name":"PeWeTools Schnellwechselhalter nach System Multifix","article_modified_time":"2024-08-21T14:10:01+00:00","og_image":[{"width":1006,"height":1006,"url":"https:\/\/pewetools.de\/wp-content\/uploads\/2018\/10\/IP54Messschieber150-Abb.Hauptbild.jpg","type":"image\/jpeg"}],"twitter_card":"summary_large_image","twitter_misc":{"Tempo di lettura stimato":"1 minuto"},"schema":{"@context":"https:\/\/schema.org","@graph":[{"@type":"WebPage","@id":"https:\/\/pewetools.de\/shop\/categoria-prodotto\/messschieber-schieblehre-sino-300-mm-ip54-geschuetzt\/","url":"https:\/\/pewetools.de\/shop\/categoria-prodotto\/messschieber-schieblehre-sino-300-mm-ip54-geschuetzt\/","name":"calibro a corsoio digitale - pewetools limited","isPartOf":{"@id":"https:\/\/pewetools.de\/#website"},"primaryImageOfPage":{"@id":"https:\/\/pewetools.de\/shop\/categoria-prodotto\/messschieber-schieblehre-sino-300-mm-ip54-geschuetzt\/#primaryimage"},"image":{"@id":"https:\/\/pewetools.de\/shop\/categoria-prodotto\/messschieber-schieblehre-sino-300-mm-ip54-geschuetzt\/#primaryimage"},"thumbnailUrl":"https:\/\/pewetools.de\/wp-content\/uploads\/2018\/10\/IP54Messschieber150-Abb.Hauptbild.jpg","datePublished":"2018-10-29T10:54:06+00:00","dateModified":"2024-08-21T14:10:01+00:00","breadcrumb":{"@id":"https:\/\/pewetools.de\/shop\/categoria-prodotto\/messschieber-schieblehre-sino-300-mm-ip54-geschuetzt\/#breadcrumb"},"inLanguage":"it-IT","potentialAction":[{"@type":"ReadAction","target":["https:\/\/pewetools.de\/shop\/categoria-prodotto\/messschieber-schieblehre-sino-300-mm-ip54-geschuetzt\/"]}]},{"@type":"ImageObject","inLanguage":"it-IT","@id":"https:\/\/pewetools.de\/shop\/categoria-prodotto\/messschieber-schieblehre-sino-300-mm-ip54-geschuetzt\/#primaryimage","url":"https:\/\/pewetools.de\/wp-content\/uploads\/2018\/10\/IP54Messschieber150-Abb.Hauptbild.jpg","contentUrl":"https:\/\/pewetools.de\/wp-content\/uploads\/2018\/10\/IP54Messschieber150-Abb.Hauptbild.jpg","width":1006,"height":1006},{"@type":"BreadcrumbList","@id":"https:\/\/pewetools.de\/shop\/categoria-prodotto\/messschieber-schieblehre-sino-300-mm-ip54-geschuetzt\/#breadcrumb","itemListElement":[{"@type":"ListItem","position":1,"name":"casa","item":"https:\/\/pewetools.de\/it\/"},{"@type":"ListItem","position":2,"name":"Shop","item":"https:\/\/pewetools.de\/it\/shop\/"},{"@type":"ListItem","position":3,"name":"calibro a corsoio digitale SINO 300 mm, IP54"}]},{"@type":"WebSite","@id":"https:\/\/pewetools.de\/#website","url":"https:\/\/pewetools.de\/","name":"PeWeTools Schnellwechselhalter nach System Multifix","description":"","potentialAction":[{"@type":"SearchAction","target":{"@type":"EntryPoint","urlTemplate":"https:\/\/pewetools.de\/?s={search_term_string}"},"query-input":{"@type":"PropertyValueSpecification","valueRequired":true,"valueName":"search_term_string"}}],"inLanguage":"it-IT"}]}},"_links":{"self":[{"href":"https:\/\/pewetools.de\/it\/wp-json\/wp\/v2\/product\/4312","targetHints":{"allow":["GET"]}}],"collection":[{"href":"https:\/\/pewetools.de\/it\/wp-json\/wp\/v2\/product"}],"about":[{"href":"https:\/\/pewetools.de\/it\/wp-json\/wp\/v2\/types\/product"}],"version-history":[{"count":1,"href":"https:\/\/pewetools.de\/it\/wp-json\/wp\/v2\/product\/4312\/revisions"}],"predecessor-version":[{"id":8402,"href":"https:\/\/pewetools.de\/it\/wp-json\/wp\/v2\/product\/4312\/revisions\/8402"}],"wp:featuredmedia":[{"embeddable":true,"href":"https:\/\/pewetools.de\/it\/wp-json\/wp\/v2\/media\/6238"}],"wp:attachment":[{"href":"https:\/\/pewetools.de\/it\/wp-json\/wp\/v2\/media?parent=4312"}],"wp:term":[{"taxonomy":"product_brand","embeddable":true,"href":"https:\/\/pewetools.de\/it\/wp-json\/wp\/v2\/product_brand?post=4312"},{"taxonomy":"product_cat","embeddable":true,"href":"https:\/\/pewetools.de\/it\/wp-json\/wp\/v2\/product_cat?post=4312"},{"taxonomy":"product_tag","embeddable":true,"href":"https:\/\/pewetools.de\/it\/wp-json\/wp\/v2\/product_tag?post=4312"}],"curies":[{"name":"wp","href":"https:\/\/api.w.org\/{rel}","templated":true}]}}