{"id":4336,"date":"2018-10-24T14:21:43","date_gmt":"2018-10-24T12:21:43","guid":{"rendered":"https:\/\/pewetools.de\/shop\/produkt-kategorie\/portautensile-piano-bd32120\/"},"modified":"2025-08-25T14:45:49","modified_gmt":"2025-08-25T12:45:49","slug":"portautensile-piano-bd32120","status":"publish","type":"product","link":"https:\/\/pewetools.de\/it\/shop\/categoria-prodotto\/portautensile-piano-bd32120\/","title":{"rendered":"Portautensile piano BD32120"},"content":{"rendered":"","protected":false},"excerpt":{"rendered":"","protected":false},"featured_media":6708,"template":"","meta":{"footnotes":""},"product_brand":[],"product_cat":[512],"product_tag":[1218],"class_list":{"0":"post-4336","1":"product","2":"type-product","3":"status-publish","4":"has-post-thumbnail","6":"product_cat-b","7":"product_tag-portutensile-cambio-rapido","8":"product_shipping_class-pacco","10":"first","11":"instock","12":"taxable","13":"shipping-taxable","14":"purchasable","15":"product-type-simple"},"yoast_head":"<!-- This site is optimized with the Yoast SEO plugin v27.1.1 - https:\/\/yoast.com\/product\/yoast-seo-wordpress\/ -->\n<title>Portautensile piano come Multifix System - pewetools limited<\/title>\n<meta name=\"description\" content=\"Ogni portautensile prodotto per noi \u00e8 testato sul corpo originale dell&#039;inventore J.F.Minder, quindi \u00e8 garantita un&#039;ispezione di qualit\u00e0 al 100% + compatibilit\u00e0.\" \/>\n<meta name=\"robots\" content=\"index, follow, max-snippet:-1, max-image-preview:large, max-video-preview:-1\" \/>\n<link rel=\"canonical\" href=\"https:\/\/pewetools.de\/it\/shop\/categoria-prodotto\/portautensile-piano-bd32120\/\" \/>\n<meta property=\"og:locale\" content=\"it_IT\" \/>\n<meta property=\"og:type\" content=\"article\" \/>\n<meta property=\"og:title\" content=\"Portautensile piano come Multifix System - pewetools limited\" \/>\n<meta property=\"og:description\" content=\"Ogni portautensile prodotto per noi \u00e8 testato sul corpo originale dell&#039;inventore J.F.Minder, quindi \u00e8 garantita un&#039;ispezione di qualit\u00e0 al 100% + compatibilit\u00e0.\" \/>\n<meta property=\"og:url\" content=\"https:\/\/pewetools.de\/it\/shop\/categoria-prodotto\/portautensile-piano-bd32120\/\" \/>\n<meta property=\"og:site_name\" content=\"PeWeTools Schnellwechselhalter nach System Multifix\" \/>\n<meta property=\"article:modified_time\" content=\"2025-08-25T12:45:49+00:00\" \/>\n<meta property=\"og:image\" content=\"https:\/\/pewetools.de\/wp-content\/uploads\/2018\/10\/BD32120-Hauptbild.jpg\" \/>\n\t<meta property=\"og:image:width\" content=\"1000\" \/>\n\t<meta property=\"og:image:height\" content=\"1000\" \/>\n\t<meta property=\"og:image:type\" content=\"image\/jpeg\" \/>\n<meta name=\"twitter:card\" content=\"summary_large_image\" \/>\n<script type=\"application\/ld+json\" class=\"yoast-schema-graph\">{\"@context\":\"https:\/\/schema.org\",\"@graph\":[{\"@type\":\"WebPage\",\"@id\":\"https:\/\/pewetools.de\/it\/shop\/categoria-prodotto\/portautensile-piano-bd32120\/\",\"url\":\"https:\/\/pewetools.de\/it\/shop\/categoria-prodotto\/portautensile-piano-bd32120\/\",\"name\":\"Portautensile piano come Multifix System - pewetools limited\",\"isPartOf\":{\"@id\":\"https:\/\/pewetools.de\/#website\"},\"primaryImageOfPage\":{\"@id\":\"https:\/\/pewetools.de\/it\/shop\/categoria-prodotto\/portautensile-piano-bd32120\/#primaryimage\"},\"image\":{\"@id\":\"https:\/\/pewetools.de\/it\/shop\/categoria-prodotto\/portautensile-piano-bd32120\/#primaryimage\"},\"thumbnailUrl\":\"https:\/\/pewetools.de\/wp-content\/uploads\/2018\/10\/BD32120-Hauptbild.jpg\",\"datePublished\":\"2018-10-24T12:21:43+00:00\",\"dateModified\":\"2025-08-25T12:45:49+00:00\",\"description\":\"Ogni portautensile prodotto per noi \u00e8 testato sul corpo originale dell'inventore J.F.Minder, quindi \u00e8 garantita un'ispezione di qualit\u00e0 al 100% + compatibilit\u00e0.\",\"breadcrumb\":{\"@id\":\"https:\/\/pewetools.de\/it\/shop\/categoria-prodotto\/portautensile-piano-bd32120\/#breadcrumb\"},\"inLanguage\":\"it-IT\",\"potentialAction\":[{\"@type\":\"ReadAction\",\"target\":[\"https:\/\/pewetools.de\/it\/shop\/categoria-prodotto\/portautensile-piano-bd32120\/\"]}]},{\"@type\":\"ImageObject\",\"inLanguage\":\"it-IT\",\"@id\":\"https:\/\/pewetools.de\/it\/shop\/categoria-prodotto\/portautensile-piano-bd32120\/#primaryimage\",\"url\":\"https:\/\/pewetools.de\/wp-content\/uploads\/2018\/10\/BD32120-Hauptbild.jpg\",\"contentUrl\":\"https:\/\/pewetools.de\/wp-content\/uploads\/2018\/10\/BD32120-Hauptbild.jpg\",\"width\":1000,\"height\":1000},{\"@type\":\"BreadcrumbList\",\"@id\":\"https:\/\/pewetools.de\/it\/shop\/categoria-prodotto\/portautensile-piano-bd32120\/#breadcrumb\",\"itemListElement\":[{\"@type\":\"ListItem\",\"position\":1,\"name\":\"casa\",\"item\":\"https:\/\/pewetools.de\/it\/\"},{\"@type\":\"ListItem\",\"position\":2,\"name\":\"Shop\",\"item\":\"https:\/\/pewetools.de\/it\/shop\/\"},{\"@type\":\"ListItem\",\"position\":3,\"name\":\"Portautensile piano BD32120\"}]},{\"@type\":\"WebSite\",\"@id\":\"https:\/\/pewetools.de\/#website\",\"url\":\"https:\/\/pewetools.de\/\",\"name\":\"PeWeTools Schnellwechselhalter nach System Multifix\",\"description\":\"\",\"potentialAction\":[{\"@type\":\"SearchAction\",\"target\":{\"@type\":\"EntryPoint\",\"urlTemplate\":\"https:\/\/pewetools.de\/?s={search_term_string}\"},\"query-input\":{\"@type\":\"PropertyValueSpecification\",\"valueRequired\":true,\"valueName\":\"search_term_string\"}}],\"inLanguage\":\"it-IT\"}]}<\/script>\n<!-- \/ Yoast SEO plugin. -->","yoast_head_json":{"title":"Portautensile piano come Multifix System - pewetools limited","description":"Ogni portautensile prodotto per noi \u00e8 testato sul corpo originale dell'inventore J.F.Minder, quindi \u00e8 garantita un'ispezione di qualit\u00e0 al 100% + compatibilit\u00e0.","robots":{"index":"index","follow":"follow","max-snippet":"max-snippet:-1","max-image-preview":"max-image-preview:large","max-video-preview":"max-video-preview:-1"},"canonical":"https:\/\/pewetools.de\/it\/shop\/categoria-prodotto\/portautensile-piano-bd32120\/","og_locale":"it_IT","og_type":"article","og_title":"Portautensile piano come Multifix System - pewetools limited","og_description":"Ogni portautensile prodotto per noi \u00e8 testato sul corpo originale dell'inventore J.F.Minder, quindi \u00e8 garantita un'ispezione di qualit\u00e0 al 100% + compatibilit\u00e0.","og_url":"https:\/\/pewetools.de\/it\/shop\/categoria-prodotto\/portautensile-piano-bd32120\/","og_site_name":"PeWeTools Schnellwechselhalter nach System Multifix","article_modified_time":"2025-08-25T12:45:49+00:00","og_image":[{"width":1000,"height":1000,"url":"https:\/\/pewetools.de\/wp-content\/uploads\/2018\/10\/BD32120-Hauptbild.jpg","type":"image\/jpeg"}],"twitter_card":"summary_large_image","schema":{"@context":"https:\/\/schema.org","@graph":[{"@type":"WebPage","@id":"https:\/\/pewetools.de\/it\/shop\/categoria-prodotto\/portautensile-piano-bd32120\/","url":"https:\/\/pewetools.de\/it\/shop\/categoria-prodotto\/portautensile-piano-bd32120\/","name":"Portautensile piano come Multifix System - pewetools limited","isPartOf":{"@id":"https:\/\/pewetools.de\/#website"},"primaryImageOfPage":{"@id":"https:\/\/pewetools.de\/it\/shop\/categoria-prodotto\/portautensile-piano-bd32120\/#primaryimage"},"image":{"@id":"https:\/\/pewetools.de\/it\/shop\/categoria-prodotto\/portautensile-piano-bd32120\/#primaryimage"},"thumbnailUrl":"https:\/\/pewetools.de\/wp-content\/uploads\/2018\/10\/BD32120-Hauptbild.jpg","datePublished":"2018-10-24T12:21:43+00:00","dateModified":"2025-08-25T12:45:49+00:00","description":"Ogni portautensile prodotto per noi \u00e8 testato sul corpo originale dell'inventore J.F.Minder, quindi \u00e8 garantita un'ispezione di qualit\u00e0 al 100% + compatibilit\u00e0.","breadcrumb":{"@id":"https:\/\/pewetools.de\/it\/shop\/categoria-prodotto\/portautensile-piano-bd32120\/#breadcrumb"},"inLanguage":"it-IT","potentialAction":[{"@type":"ReadAction","target":["https:\/\/pewetools.de\/it\/shop\/categoria-prodotto\/portautensile-piano-bd32120\/"]}]},{"@type":"ImageObject","inLanguage":"it-IT","@id":"https:\/\/pewetools.de\/it\/shop\/categoria-prodotto\/portautensile-piano-bd32120\/#primaryimage","url":"https:\/\/pewetools.de\/wp-content\/uploads\/2018\/10\/BD32120-Hauptbild.jpg","contentUrl":"https:\/\/pewetools.de\/wp-content\/uploads\/2018\/10\/BD32120-Hauptbild.jpg","width":1000,"height":1000},{"@type":"BreadcrumbList","@id":"https:\/\/pewetools.de\/it\/shop\/categoria-prodotto\/portautensile-piano-bd32120\/#breadcrumb","itemListElement":[{"@type":"ListItem","position":1,"name":"casa","item":"https:\/\/pewetools.de\/it\/"},{"@type":"ListItem","position":2,"name":"Shop","item":"https:\/\/pewetools.de\/it\/shop\/"},{"@type":"ListItem","position":3,"name":"Portautensile piano BD32120"}]},{"@type":"WebSite","@id":"https:\/\/pewetools.de\/#website","url":"https:\/\/pewetools.de\/","name":"PeWeTools Schnellwechselhalter nach System Multifix","description":"","potentialAction":[{"@type":"SearchAction","target":{"@type":"EntryPoint","urlTemplate":"https:\/\/pewetools.de\/?s={search_term_string}"},"query-input":{"@type":"PropertyValueSpecification","valueRequired":true,"valueName":"search_term_string"}}],"inLanguage":"it-IT"}]}},"_links":{"self":[{"href":"https:\/\/pewetools.de\/it\/wp-json\/wp\/v2\/product\/4336","targetHints":{"allow":["GET"]}}],"collection":[{"href":"https:\/\/pewetools.de\/it\/wp-json\/wp\/v2\/product"}],"about":[{"href":"https:\/\/pewetools.de\/it\/wp-json\/wp\/v2\/types\/product"}],"version-history":[{"count":1,"href":"https:\/\/pewetools.de\/it\/wp-json\/wp\/v2\/product\/4336\/revisions"}],"predecessor-version":[{"id":15615,"href":"https:\/\/pewetools.de\/it\/wp-json\/wp\/v2\/product\/4336\/revisions\/15615"}],"wp:featuredmedia":[{"embeddable":true,"href":"https:\/\/pewetools.de\/it\/wp-json\/wp\/v2\/media\/6708"}],"wp:attachment":[{"href":"https:\/\/pewetools.de\/it\/wp-json\/wp\/v2\/media?parent=4336"}],"wp:term":[{"taxonomy":"product_brand","embeddable":true,"href":"https:\/\/pewetools.de\/it\/wp-json\/wp\/v2\/product_brand?post=4336"},{"taxonomy":"product_cat","embeddable":true,"href":"https:\/\/pewetools.de\/it\/wp-json\/wp\/v2\/product_cat?post=4336"},{"taxonomy":"product_tag","embeddable":true,"href":"https:\/\/pewetools.de\/it\/wp-json\/wp\/v2\/product_tag?post=4336"}],"curies":[{"name":"wp","href":"https:\/\/api.w.org\/{rel}","templated":true}]}}