{"id":4417,"date":"2018-10-19T15:08:35","date_gmt":"2018-10-19T13:08:35","guid":{"rendered":"https:\/\/pewetools.de\/shop\/produkt-kategorie\/torretta-portautensili-a-cambio-rapido-set-aa1250\/"},"modified":"2025-08-25T14:45:50","modified_gmt":"2025-08-25T12:45:50","slug":"torretta-portautensili-a-cambio-rapido-set-aa1250","status":"publish","type":"product","link":"https:\/\/pewetools.de\/it\/shop\/categoria-prodotto\/torretta-portautensili-a-cambio-rapido-set-aa1250\/","title":{"rendered":"Torretta portautensili a cambio rapido Set Aa1250"},"content":{"rendered":"<p><span style=\"color: #008080;\"><strong>inclusi:<\/strong><\/span><\/p>\n<p>1x corpo a cambio rapido A (omologato per macchine con una potenza del motore di max. 1,2 kW)<br \/>\n1x leva di sollevamento<br \/>\n1x pin corrispondente<br \/>\n3x portautensili sede piana AaD1250 per tenere gli acciai da tornio rettangolare<br \/>\n1x portautensile sede prismatica AaH1250 per tenere gli acciai da tornio rotondi<br \/>\n1x chiave a bussola quadrata<\/p>\n","protected":false},"excerpt":{"rendered":"<p>inclusi: 1x corpo a cambio rapido A (omologato per macchine con una potenza del motore di max. 1,2 kW) 1x leva di sollevamento 1x pin corrispondente 3x portautensili sede piana AaD1250 per tenere gli acciai da tornio rettangolare 1x portautensile sede prismatica AaH1250 per tenere gli acciai da tornio rotondi 1x chiave a bussola quadrata<\/p>\n","protected":false},"featured_media":6791,"template":"","meta":{"footnotes":""},"product_brand":[],"product_cat":[469,486],"product_tag":[],"class_list":{"0":"post-4417","1":"product","2":"type-product","3":"status-publish","4":"has-post-thumbnail","6":"product_cat-portautensile-di-cambio-rapido","7":"product_cat-aa","8":"product_shipping_class-pacco","10":"first","11":"instock","12":"taxable","13":"shipping-taxable","14":"purchasable","15":"product-type-simple"},"yoast_head":"<!-- This site is optimized with the Yoast SEO plugin v27.1.1 - https:\/\/yoast.com\/product\/yoast-seo-wordpress\/ -->\n<title>Torretta portautensili a cambio rapido - pewetools limited<\/title>\n<meta name=\"description\" content=\"Ogni portautensile prodotto per noi \u00e8 testato sul corpo originale dell&#039;inventore J.F.Minder, quindi \u00e8 garantita un&#039;ispezione di qualit\u00e0 al 100% + compatibilit\u00e0.\" \/>\n<meta name=\"robots\" content=\"index, follow, max-snippet:-1, max-image-preview:large, max-video-preview:-1\" \/>\n<link rel=\"canonical\" href=\"https:\/\/pewetools.de\/it\/shop\/categoria-prodotto\/torretta-portautensili-a-cambio-rapido-set-aa1250\/\" \/>\n<meta property=\"og:locale\" content=\"it_IT\" \/>\n<meta property=\"og:type\" content=\"article\" \/>\n<meta property=\"og:title\" content=\"Torretta portautensili a cambio rapido - pewetools limited\" \/>\n<meta property=\"og:description\" content=\"Ogni portautensile prodotto per noi \u00e8 testato sul corpo originale dell&#039;inventore J.F.Minder, quindi \u00e8 garantita un&#039;ispezione di qualit\u00e0 al 100% + compatibilit\u00e0.\" \/>\n<meta property=\"og:url\" content=\"https:\/\/pewetools.de\/it\/shop\/categoria-prodotto\/torretta-portautensili-a-cambio-rapido-set-aa1250\/\" \/>\n<meta property=\"og:site_name\" content=\"PeWeTools Schnellwechselhalter nach System Multifix\" \/>\n<meta property=\"article:modified_time\" content=\"2025-08-25T12:45:50+00:00\" \/>\n<meta property=\"og:image\" content=\"https:\/\/pewetools.de\/wp-content\/uploads\/2018\/10\/Aa-set-new-design-2019-Hauptbid.jpg\" \/>\n\t<meta property=\"og:image:width\" content=\"1000\" \/>\n\t<meta property=\"og:image:height\" content=\"1000\" \/>\n\t<meta property=\"og:image:type\" content=\"image\/jpeg\" \/>\n<meta name=\"twitter:card\" content=\"summary_large_image\" \/>\n<meta name=\"twitter:label1\" content=\"Tempo di lettura stimato\" \/>\n\t<meta name=\"twitter:data1\" content=\"1 minuto\" \/>\n<script type=\"application\/ld+json\" class=\"yoast-schema-graph\">{\"@context\":\"https:\/\/schema.org\",\"@graph\":[{\"@type\":\"WebPage\",\"@id\":\"https:\/\/pewetools.de\/it\/shop\/categoria-prodotto\/torretta-portautensili-a-cambio-rapido-set-aa1250\/\",\"url\":\"https:\/\/pewetools.de\/it\/shop\/categoria-prodotto\/torretta-portautensili-a-cambio-rapido-set-aa1250\/\",\"name\":\"Torretta portautensili a cambio rapido - pewetools limited\",\"isPartOf\":{\"@id\":\"https:\/\/pewetools.de\/#website\"},\"primaryImageOfPage\":{\"@id\":\"https:\/\/pewetools.de\/it\/shop\/categoria-prodotto\/torretta-portautensili-a-cambio-rapido-set-aa1250\/#primaryimage\"},\"image\":{\"@id\":\"https:\/\/pewetools.de\/it\/shop\/categoria-prodotto\/torretta-portautensili-a-cambio-rapido-set-aa1250\/#primaryimage\"},\"thumbnailUrl\":\"https:\/\/pewetools.de\/wp-content\/uploads\/2018\/10\/Aa-set-new-design-2019-Hauptbid.jpg\",\"datePublished\":\"2018-10-19T13:08:35+00:00\",\"dateModified\":\"2025-08-25T12:45:50+00:00\",\"description\":\"Ogni portautensile prodotto per noi \u00e8 testato sul corpo originale dell'inventore J.F.Minder, quindi \u00e8 garantita un'ispezione di qualit\u00e0 al 100% + compatibilit\u00e0.\",\"breadcrumb\":{\"@id\":\"https:\/\/pewetools.de\/it\/shop\/categoria-prodotto\/torretta-portautensili-a-cambio-rapido-set-aa1250\/#breadcrumb\"},\"inLanguage\":\"it-IT\",\"potentialAction\":[{\"@type\":\"ReadAction\",\"target\":[\"https:\/\/pewetools.de\/it\/shop\/categoria-prodotto\/torretta-portautensili-a-cambio-rapido-set-aa1250\/\"]}]},{\"@type\":\"ImageObject\",\"inLanguage\":\"it-IT\",\"@id\":\"https:\/\/pewetools.de\/it\/shop\/categoria-prodotto\/torretta-portautensili-a-cambio-rapido-set-aa1250\/#primaryimage\",\"url\":\"https:\/\/pewetools.de\/wp-content\/uploads\/2018\/10\/Aa-set-new-design-2019-Hauptbid.jpg\",\"contentUrl\":\"https:\/\/pewetools.de\/wp-content\/uploads\/2018\/10\/Aa-set-new-design-2019-Hauptbid.jpg\",\"width\":1000,\"height\":1000},{\"@type\":\"BreadcrumbList\",\"@id\":\"https:\/\/pewetools.de\/it\/shop\/categoria-prodotto\/torretta-portautensili-a-cambio-rapido-set-aa1250\/#breadcrumb\",\"itemListElement\":[{\"@type\":\"ListItem\",\"position\":1,\"name\":\"casa\",\"item\":\"https:\/\/pewetools.de\/it\/\"},{\"@type\":\"ListItem\",\"position\":2,\"name\":\"Shop\",\"item\":\"https:\/\/pewetools.de\/it\/shop\/\"},{\"@type\":\"ListItem\",\"position\":3,\"name\":\"Torretta portautensili a cambio rapido Set Aa1250\"}]},{\"@type\":\"WebSite\",\"@id\":\"https:\/\/pewetools.de\/#website\",\"url\":\"https:\/\/pewetools.de\/\",\"name\":\"PeWeTools Schnellwechselhalter nach System Multifix\",\"description\":\"\",\"potentialAction\":[{\"@type\":\"SearchAction\",\"target\":{\"@type\":\"EntryPoint\",\"urlTemplate\":\"https:\/\/pewetools.de\/?s={search_term_string}\"},\"query-input\":{\"@type\":\"PropertyValueSpecification\",\"valueRequired\":true,\"valueName\":\"search_term_string\"}}],\"inLanguage\":\"it-IT\"}]}<\/script>\n<!-- \/ Yoast SEO plugin. -->","yoast_head_json":{"title":"Torretta portautensili a cambio rapido - pewetools limited","description":"Ogni portautensile prodotto per noi \u00e8 testato sul corpo originale dell'inventore J.F.Minder, quindi \u00e8 garantita un'ispezione di qualit\u00e0 al 100% + compatibilit\u00e0.","robots":{"index":"index","follow":"follow","max-snippet":"max-snippet:-1","max-image-preview":"max-image-preview:large","max-video-preview":"max-video-preview:-1"},"canonical":"https:\/\/pewetools.de\/it\/shop\/categoria-prodotto\/torretta-portautensili-a-cambio-rapido-set-aa1250\/","og_locale":"it_IT","og_type":"article","og_title":"Torretta portautensili a cambio rapido - pewetools limited","og_description":"Ogni portautensile prodotto per noi \u00e8 testato sul corpo originale dell'inventore J.F.Minder, quindi \u00e8 garantita un'ispezione di qualit\u00e0 al 100% + compatibilit\u00e0.","og_url":"https:\/\/pewetools.de\/it\/shop\/categoria-prodotto\/torretta-portautensili-a-cambio-rapido-set-aa1250\/","og_site_name":"PeWeTools Schnellwechselhalter nach System Multifix","article_modified_time":"2025-08-25T12:45:50+00:00","og_image":[{"width":1000,"height":1000,"url":"https:\/\/pewetools.de\/wp-content\/uploads\/2018\/10\/Aa-set-new-design-2019-Hauptbid.jpg","type":"image\/jpeg"}],"twitter_card":"summary_large_image","twitter_misc":{"Tempo di lettura stimato":"1 minuto"},"schema":{"@context":"https:\/\/schema.org","@graph":[{"@type":"WebPage","@id":"https:\/\/pewetools.de\/it\/shop\/categoria-prodotto\/torretta-portautensili-a-cambio-rapido-set-aa1250\/","url":"https:\/\/pewetools.de\/it\/shop\/categoria-prodotto\/torretta-portautensili-a-cambio-rapido-set-aa1250\/","name":"Torretta portautensili a cambio rapido - pewetools limited","isPartOf":{"@id":"https:\/\/pewetools.de\/#website"},"primaryImageOfPage":{"@id":"https:\/\/pewetools.de\/it\/shop\/categoria-prodotto\/torretta-portautensili-a-cambio-rapido-set-aa1250\/#primaryimage"},"image":{"@id":"https:\/\/pewetools.de\/it\/shop\/categoria-prodotto\/torretta-portautensili-a-cambio-rapido-set-aa1250\/#primaryimage"},"thumbnailUrl":"https:\/\/pewetools.de\/wp-content\/uploads\/2018\/10\/Aa-set-new-design-2019-Hauptbid.jpg","datePublished":"2018-10-19T13:08:35+00:00","dateModified":"2025-08-25T12:45:50+00:00","description":"Ogni portautensile prodotto per noi \u00e8 testato sul corpo originale dell'inventore J.F.Minder, quindi \u00e8 garantita un'ispezione di qualit\u00e0 al 100% + compatibilit\u00e0.","breadcrumb":{"@id":"https:\/\/pewetools.de\/it\/shop\/categoria-prodotto\/torretta-portautensili-a-cambio-rapido-set-aa1250\/#breadcrumb"},"inLanguage":"it-IT","potentialAction":[{"@type":"ReadAction","target":["https:\/\/pewetools.de\/it\/shop\/categoria-prodotto\/torretta-portautensili-a-cambio-rapido-set-aa1250\/"]}]},{"@type":"ImageObject","inLanguage":"it-IT","@id":"https:\/\/pewetools.de\/it\/shop\/categoria-prodotto\/torretta-portautensili-a-cambio-rapido-set-aa1250\/#primaryimage","url":"https:\/\/pewetools.de\/wp-content\/uploads\/2018\/10\/Aa-set-new-design-2019-Hauptbid.jpg","contentUrl":"https:\/\/pewetools.de\/wp-content\/uploads\/2018\/10\/Aa-set-new-design-2019-Hauptbid.jpg","width":1000,"height":1000},{"@type":"BreadcrumbList","@id":"https:\/\/pewetools.de\/it\/shop\/categoria-prodotto\/torretta-portautensili-a-cambio-rapido-set-aa1250\/#breadcrumb","itemListElement":[{"@type":"ListItem","position":1,"name":"casa","item":"https:\/\/pewetools.de\/it\/"},{"@type":"ListItem","position":2,"name":"Shop","item":"https:\/\/pewetools.de\/it\/shop\/"},{"@type":"ListItem","position":3,"name":"Torretta portautensili a cambio rapido Set Aa1250"}]},{"@type":"WebSite","@id":"https:\/\/pewetools.de\/#website","url":"https:\/\/pewetools.de\/","name":"PeWeTools Schnellwechselhalter nach System Multifix","description":"","potentialAction":[{"@type":"SearchAction","target":{"@type":"EntryPoint","urlTemplate":"https:\/\/pewetools.de\/?s={search_term_string}"},"query-input":{"@type":"PropertyValueSpecification","valueRequired":true,"valueName":"search_term_string"}}],"inLanguage":"it-IT"}]}},"_links":{"self":[{"href":"https:\/\/pewetools.de\/it\/wp-json\/wp\/v2\/product\/4417","targetHints":{"allow":["GET"]}}],"collection":[{"href":"https:\/\/pewetools.de\/it\/wp-json\/wp\/v2\/product"}],"about":[{"href":"https:\/\/pewetools.de\/it\/wp-json\/wp\/v2\/types\/product"}],"version-history":[{"count":1,"href":"https:\/\/pewetools.de\/it\/wp-json\/wp\/v2\/product\/4417\/revisions"}],"predecessor-version":[{"id":17260,"href":"https:\/\/pewetools.de\/it\/wp-json\/wp\/v2\/product\/4417\/revisions\/17260"}],"wp:featuredmedia":[{"embeddable":true,"href":"https:\/\/pewetools.de\/it\/wp-json\/wp\/v2\/media\/6791"}],"wp:attachment":[{"href":"https:\/\/pewetools.de\/it\/wp-json\/wp\/v2\/media?parent=4417"}],"wp:term":[{"taxonomy":"product_brand","embeddable":true,"href":"https:\/\/pewetools.de\/it\/wp-json\/wp\/v2\/product_brand?post=4417"},{"taxonomy":"product_cat","embeddable":true,"href":"https:\/\/pewetools.de\/it\/wp-json\/wp\/v2\/product_cat?post=4417"},{"taxonomy":"product_tag","embeddable":true,"href":"https:\/\/pewetools.de\/it\/wp-json\/wp\/v2\/product_tag?post=4417"}],"curies":[{"name":"wp","href":"https:\/\/api.w.org\/{rel}","templated":true}]}}