{"id":4624,"date":"2018-12-27T15:29:30","date_gmt":"2018-12-27T14:29:30","guid":{"rendered":"https:\/\/pewetools.de\/shop\/produkt-kategorie\/torretta-portautensili-a-cambio-rapido-set-aa1250-con-aat1250\/"},"modified":"2025-08-25T14:44:16","modified_gmt":"2025-08-25T12:44:16","slug":"torretta-portautensili-a-cambio-rapido-set-aa1250-con-aat1250","status":"publish","type":"product","link":"https:\/\/pewetools.de\/it\/shop\/categoria-prodotto\/torretta-portautensili-a-cambio-rapido-set-aa1250-con-aat1250\/","title":{"rendered":"Torretta portautensili a cambio rapido Set Aa1250 con AaT1250"},"content":{"rendered":"<p><span class=\"tlid-translation translation\"><span title=\"\">incluso<\/span><span title=\"\">:<\/span><\/span><\/p>\n<p><span title=\"\">1 corpo principale Aa<\/span><br \/>\n<span title=\"\">1 perno di riferimento<\/span><br \/>\n<span title=\"\">1 supporto AaH1250 per la tenuta di utensili rotanti con max.<\/span> <span title=\"\">Diametro 12mm<\/span><br \/>\n<span title=\"\">(Dato che la scanalatura a V non corrisponde all&#8217;intero supporto utensile di rotazione, qui \u00e8 possibile bloccare i supporti rettangolari con una larghezza minima di 8 mm)<\/span><br \/>\n<span title=\"\">2 supporti AaD1250 per la presa di utensili di tornitura rettangolari con max.<\/span> <span title=\"\">Altezza 12mm<\/span><br \/>\n<span title=\"\">1 supporto AaT1250 per il taglio.<\/span> <span class=\"\" title=\"\">La separazione \u00e8 il passaggio pi\u00f9 difficile nella tornitura e pertanto pone le massime esigenze su strumenti e operatori.<\/span> <span title=\"\">Il nostro supporto di nuova concezione \u00e8 caratterizzato da altissima stabilit\u00e0 e rigidit\u00e0.<\/span><br \/>\n<span title=\"\">1 lama HSS\u00a0 (vuota, deve essere levigata secondo le proprie esigenze)<\/span><br \/>\n<span title=\"\">1 chiave quadrata<\/span><br \/>\n<span class=\"\" title=\"\">1 vite secondo DIN 7984 M10x50 con testa bassa, se il bullone sulla macchina \u00e8 solo avvitato<\/span><\/p>\n","protected":false},"excerpt":{"rendered":"<p>incluso: 1 corpo principale Aa 1 perno di riferimento 1 supporto AaH1250 per la tenuta di utensili rotanti con max. Diametro 12mm (Dato che la scanalatura a V non corrisponde all&#8217;intero supporto utensile di rotazione, qui \u00e8 possibile bloccare i supporti rettangolari con una larghezza minima di 8 mm) 2 supporti AaD1250 per la presa [&hellip;]<\/p>\n","protected":false},"featured_media":6781,"template":"","meta":{"footnotes":""},"product_brand":[],"product_cat":[469,486],"product_tag":[],"class_list":{"0":"post-4624","1":"product","2":"type-product","3":"status-publish","4":"has-post-thumbnail","6":"product_cat-portautensile-di-cambio-rapido","7":"product_cat-aa","8":"product_shipping_class-pacco","10":"first","11":"outofstock","12":"taxable","13":"shipping-taxable","14":"purchasable","15":"product-type-simple"},"yoast_head":"<!-- This site is optimized with the Yoast SEO plugin v27.1.1 - https:\/\/yoast.com\/product\/yoast-seo-wordpress\/ -->\n<title>Torretta portautensili a cambio rapido - pewetools limited<\/title>\n<meta name=\"description\" content=\"Ogni portautensile prodotto per noi \u00e8 testato sul corpo originale dell&#039;inventore J.F.Minder, quindi \u00e8 garantita un&#039;ispezione di qualit\u00e0 al 100% + compatibilit\u00e0.\" \/>\n<meta name=\"robots\" content=\"index, follow, max-snippet:-1, max-image-preview:large, max-video-preview:-1\" \/>\n<link rel=\"canonical\" href=\"https:\/\/pewetools.de\/it\/shop\/categoria-prodotto\/torretta-portautensili-a-cambio-rapido-set-aa1250-con-aat1250\/\" \/>\n<meta property=\"og:locale\" content=\"it_IT\" \/>\n<meta property=\"og:type\" content=\"article\" \/>\n<meta property=\"og:title\" content=\"Torretta portautensili a cambio rapido - pewetools limited\" \/>\n<meta property=\"og:description\" content=\"Ogni portautensile prodotto per noi \u00e8 testato sul corpo originale dell&#039;inventore J.F.Minder, quindi \u00e8 garantita un&#039;ispezione di qualit\u00e0 al 100% + compatibilit\u00e0.\" \/>\n<meta property=\"og:url\" content=\"https:\/\/pewetools.de\/it\/shop\/categoria-prodotto\/torretta-portautensili-a-cambio-rapido-set-aa1250-con-aat1250\/\" \/>\n<meta property=\"og:site_name\" content=\"PeWeTools Schnellwechselhalter nach System Multifix\" \/>\n<meta property=\"article:modified_time\" content=\"2025-08-25T12:44:16+00:00\" \/>\n<meta property=\"og:image\" content=\"https:\/\/pewetools.de\/wp-content\/uploads\/2018\/12\/AaAaT-Hauptbild.jpg\" \/>\n\t<meta property=\"og:image:width\" content=\"1000\" \/>\n\t<meta property=\"og:image:height\" content=\"1000\" \/>\n\t<meta property=\"og:image:type\" content=\"image\/jpeg\" \/>\n<meta name=\"twitter:card\" content=\"summary_large_image\" \/>\n<meta name=\"twitter:label1\" content=\"Tempo di lettura stimato\" \/>\n\t<meta name=\"twitter:data1\" content=\"1 minuto\" \/>\n<script type=\"application\/ld+json\" class=\"yoast-schema-graph\">{\"@context\":\"https:\/\/schema.org\",\"@graph\":[{\"@type\":\"WebPage\",\"@id\":\"https:\/\/pewetools.de\/it\/shop\/categoria-prodotto\/torretta-portautensili-a-cambio-rapido-set-aa1250-con-aat1250\/\",\"url\":\"https:\/\/pewetools.de\/it\/shop\/categoria-prodotto\/torretta-portautensili-a-cambio-rapido-set-aa1250-con-aat1250\/\",\"name\":\"Torretta portautensili a cambio rapido - pewetools limited\",\"isPartOf\":{\"@id\":\"https:\/\/pewetools.de\/#website\"},\"primaryImageOfPage\":{\"@id\":\"https:\/\/pewetools.de\/it\/shop\/categoria-prodotto\/torretta-portautensili-a-cambio-rapido-set-aa1250-con-aat1250\/#primaryimage\"},\"image\":{\"@id\":\"https:\/\/pewetools.de\/it\/shop\/categoria-prodotto\/torretta-portautensili-a-cambio-rapido-set-aa1250-con-aat1250\/#primaryimage\"},\"thumbnailUrl\":\"https:\/\/pewetools.de\/wp-content\/uploads\/2018\/12\/AaAaT-Hauptbild.jpg\",\"datePublished\":\"2018-12-27T14:29:30+00:00\",\"dateModified\":\"2025-08-25T12:44:16+00:00\",\"description\":\"Ogni portautensile prodotto per noi \u00e8 testato sul corpo originale dell'inventore J.F.Minder, quindi \u00e8 garantita un'ispezione di qualit\u00e0 al 100% + compatibilit\u00e0.\",\"breadcrumb\":{\"@id\":\"https:\/\/pewetools.de\/it\/shop\/categoria-prodotto\/torretta-portautensili-a-cambio-rapido-set-aa1250-con-aat1250\/#breadcrumb\"},\"inLanguage\":\"it-IT\",\"potentialAction\":[{\"@type\":\"ReadAction\",\"target\":[\"https:\/\/pewetools.de\/it\/shop\/categoria-prodotto\/torretta-portautensili-a-cambio-rapido-set-aa1250-con-aat1250\/\"]}]},{\"@type\":\"ImageObject\",\"inLanguage\":\"it-IT\",\"@id\":\"https:\/\/pewetools.de\/it\/shop\/categoria-prodotto\/torretta-portautensili-a-cambio-rapido-set-aa1250-con-aat1250\/#primaryimage\",\"url\":\"https:\/\/pewetools.de\/wp-content\/uploads\/2018\/12\/AaAaT-Hauptbild.jpg\",\"contentUrl\":\"https:\/\/pewetools.de\/wp-content\/uploads\/2018\/12\/AaAaT-Hauptbild.jpg\",\"width\":1000,\"height\":1000},{\"@type\":\"BreadcrumbList\",\"@id\":\"https:\/\/pewetools.de\/it\/shop\/categoria-prodotto\/torretta-portautensili-a-cambio-rapido-set-aa1250-con-aat1250\/#breadcrumb\",\"itemListElement\":[{\"@type\":\"ListItem\",\"position\":1,\"name\":\"casa\",\"item\":\"https:\/\/pewetools.de\/it\/\"},{\"@type\":\"ListItem\",\"position\":2,\"name\":\"Shop\",\"item\":\"https:\/\/pewetools.de\/it\/shop\/\"},{\"@type\":\"ListItem\",\"position\":3,\"name\":\"Torretta portautensili a cambio rapido Set Aa1250 con AaT1250\"}]},{\"@type\":\"WebSite\",\"@id\":\"https:\/\/pewetools.de\/#website\",\"url\":\"https:\/\/pewetools.de\/\",\"name\":\"PeWeTools Schnellwechselhalter nach System Multifix\",\"description\":\"\",\"potentialAction\":[{\"@type\":\"SearchAction\",\"target\":{\"@type\":\"EntryPoint\",\"urlTemplate\":\"https:\/\/pewetools.de\/?s={search_term_string}\"},\"query-input\":{\"@type\":\"PropertyValueSpecification\",\"valueRequired\":true,\"valueName\":\"search_term_string\"}}],\"inLanguage\":\"it-IT\"}]}<\/script>\n<!-- \/ Yoast SEO plugin. -->","yoast_head_json":{"title":"Torretta portautensili a cambio rapido - pewetools limited","description":"Ogni portautensile prodotto per noi \u00e8 testato sul corpo originale dell'inventore J.F.Minder, quindi \u00e8 garantita un'ispezione di qualit\u00e0 al 100% + compatibilit\u00e0.","robots":{"index":"index","follow":"follow","max-snippet":"max-snippet:-1","max-image-preview":"max-image-preview:large","max-video-preview":"max-video-preview:-1"},"canonical":"https:\/\/pewetools.de\/it\/shop\/categoria-prodotto\/torretta-portautensili-a-cambio-rapido-set-aa1250-con-aat1250\/","og_locale":"it_IT","og_type":"article","og_title":"Torretta portautensili a cambio rapido - pewetools limited","og_description":"Ogni portautensile prodotto per noi \u00e8 testato sul corpo originale dell'inventore J.F.Minder, quindi \u00e8 garantita un'ispezione di qualit\u00e0 al 100% + compatibilit\u00e0.","og_url":"https:\/\/pewetools.de\/it\/shop\/categoria-prodotto\/torretta-portautensili-a-cambio-rapido-set-aa1250-con-aat1250\/","og_site_name":"PeWeTools Schnellwechselhalter nach System Multifix","article_modified_time":"2025-08-25T12:44:16+00:00","og_image":[{"width":1000,"height":1000,"url":"https:\/\/pewetools.de\/wp-content\/uploads\/2018\/12\/AaAaT-Hauptbild.jpg","type":"image\/jpeg"}],"twitter_card":"summary_large_image","twitter_misc":{"Tempo di lettura stimato":"1 minuto"},"schema":{"@context":"https:\/\/schema.org","@graph":[{"@type":"WebPage","@id":"https:\/\/pewetools.de\/it\/shop\/categoria-prodotto\/torretta-portautensili-a-cambio-rapido-set-aa1250-con-aat1250\/","url":"https:\/\/pewetools.de\/it\/shop\/categoria-prodotto\/torretta-portautensili-a-cambio-rapido-set-aa1250-con-aat1250\/","name":"Torretta portautensili a cambio rapido - pewetools limited","isPartOf":{"@id":"https:\/\/pewetools.de\/#website"},"primaryImageOfPage":{"@id":"https:\/\/pewetools.de\/it\/shop\/categoria-prodotto\/torretta-portautensili-a-cambio-rapido-set-aa1250-con-aat1250\/#primaryimage"},"image":{"@id":"https:\/\/pewetools.de\/it\/shop\/categoria-prodotto\/torretta-portautensili-a-cambio-rapido-set-aa1250-con-aat1250\/#primaryimage"},"thumbnailUrl":"https:\/\/pewetools.de\/wp-content\/uploads\/2018\/12\/AaAaT-Hauptbild.jpg","datePublished":"2018-12-27T14:29:30+00:00","dateModified":"2025-08-25T12:44:16+00:00","description":"Ogni portautensile prodotto per noi \u00e8 testato sul corpo originale dell'inventore J.F.Minder, quindi \u00e8 garantita un'ispezione di qualit\u00e0 al 100% + compatibilit\u00e0.","breadcrumb":{"@id":"https:\/\/pewetools.de\/it\/shop\/categoria-prodotto\/torretta-portautensili-a-cambio-rapido-set-aa1250-con-aat1250\/#breadcrumb"},"inLanguage":"it-IT","potentialAction":[{"@type":"ReadAction","target":["https:\/\/pewetools.de\/it\/shop\/categoria-prodotto\/torretta-portautensili-a-cambio-rapido-set-aa1250-con-aat1250\/"]}]},{"@type":"ImageObject","inLanguage":"it-IT","@id":"https:\/\/pewetools.de\/it\/shop\/categoria-prodotto\/torretta-portautensili-a-cambio-rapido-set-aa1250-con-aat1250\/#primaryimage","url":"https:\/\/pewetools.de\/wp-content\/uploads\/2018\/12\/AaAaT-Hauptbild.jpg","contentUrl":"https:\/\/pewetools.de\/wp-content\/uploads\/2018\/12\/AaAaT-Hauptbild.jpg","width":1000,"height":1000},{"@type":"BreadcrumbList","@id":"https:\/\/pewetools.de\/it\/shop\/categoria-prodotto\/torretta-portautensili-a-cambio-rapido-set-aa1250-con-aat1250\/#breadcrumb","itemListElement":[{"@type":"ListItem","position":1,"name":"casa","item":"https:\/\/pewetools.de\/it\/"},{"@type":"ListItem","position":2,"name":"Shop","item":"https:\/\/pewetools.de\/it\/shop\/"},{"@type":"ListItem","position":3,"name":"Torretta portautensili a cambio rapido Set Aa1250 con AaT1250"}]},{"@type":"WebSite","@id":"https:\/\/pewetools.de\/#website","url":"https:\/\/pewetools.de\/","name":"PeWeTools Schnellwechselhalter nach System Multifix","description":"","potentialAction":[{"@type":"SearchAction","target":{"@type":"EntryPoint","urlTemplate":"https:\/\/pewetools.de\/?s={search_term_string}"},"query-input":{"@type":"PropertyValueSpecification","valueRequired":true,"valueName":"search_term_string"}}],"inLanguage":"it-IT"}]}},"_links":{"self":[{"href":"https:\/\/pewetools.de\/it\/wp-json\/wp\/v2\/product\/4624","targetHints":{"allow":["GET"]}}],"collection":[{"href":"https:\/\/pewetools.de\/it\/wp-json\/wp\/v2\/product"}],"about":[{"href":"https:\/\/pewetools.de\/it\/wp-json\/wp\/v2\/types\/product"}],"version-history":[{"count":2,"href":"https:\/\/pewetools.de\/it\/wp-json\/wp\/v2\/product\/4624\/revisions"}],"predecessor-version":[{"id":15583,"href":"https:\/\/pewetools.de\/it\/wp-json\/wp\/v2\/product\/4624\/revisions\/15583"}],"wp:featuredmedia":[{"embeddable":true,"href":"https:\/\/pewetools.de\/it\/wp-json\/wp\/v2\/media\/6781"}],"wp:attachment":[{"href":"https:\/\/pewetools.de\/it\/wp-json\/wp\/v2\/media?parent=4624"}],"wp:term":[{"taxonomy":"product_brand","embeddable":true,"href":"https:\/\/pewetools.de\/it\/wp-json\/wp\/v2\/product_brand?post=4624"},{"taxonomy":"product_cat","embeddable":true,"href":"https:\/\/pewetools.de\/it\/wp-json\/wp\/v2\/product_cat?post=4624"},{"taxonomy":"product_tag","embeddable":true,"href":"https:\/\/pewetools.de\/it\/wp-json\/wp\/v2\/product_tag?post=4624"}],"curies":[{"name":"wp","href":"https:\/\/api.w.org\/{rel}","templated":true}]}}