{"id":9556,"date":"2021-04-20T10:33:13","date_gmt":"2021-04-20T08:33:13","guid":{"rendered":"https:\/\/pewetools.de\/?post_type=product&#038;p=9556"},"modified":"2026-01-22T10:37:54","modified_gmt":"2026-01-22T09:37:54","slug":"portautensili-per-separazione-bt25120-26","status":"publish","type":"product","link":"https:\/\/pewetools.de\/it\/shop\/categoria-prodotto\/portautensili-per-separazione-bt25120-26\/","title":{"rendered":"portautensili per separazione BT25120-26"},"content":{"rendered":"<p><strong><span style=\"color: #008080;\">incluso:<\/span><\/strong><\/p>\n<ul>\n<li>1x portautensile per il taglio BT25120-26<\/li>\n<\/ul>\n","protected":false},"excerpt":{"rendered":"<p>incluso: 1x portautensile per il taglio BT25120-26<\/p>\n","protected":false},"featured_media":9830,"template":"","meta":{"footnotes":""},"product_brand":[],"product_cat":[512],"product_tag":[1205,1218,1204],"class_list":{"0":"post-9556","1":"product","2":"type-product","3":"status-publish","4":"has-post-thumbnail","6":"product_cat-b","7":"product_tag-lama-di-separazione","8":"product_tag-portutensile-cambio-rapido","9":"product_tag-portutensile-da-separazione","10":"product_shipping_class-pacco","12":"first","13":"instock","14":"taxable","15":"shipping-taxable","16":"purchasable","17":"product-type-simple"},"yoast_head":"<!-- This site is optimized with the Yoast SEO plugin v27.1.1 - https:\/\/yoast.com\/product\/yoast-seo-wordpress\/ -->\n<title>portautensili per Separazione - pewetools limited<\/title>\n<meta name=\"description\" content=\"Ogni portautensile prodotto per noi \u00e8 testato sul corpo originale dell&#039;inventore J.F.Minder, quindi \u00e8 garantita un&#039;ispezione di qualit\u00e0 al 100% + compatibilit\u00e0.\" \/>\n<meta name=\"robots\" content=\"index, follow, max-snippet:-1, max-image-preview:large, max-video-preview:-1\" \/>\n<link rel=\"canonical\" href=\"https:\/\/pewetools.de\/it\/shop\/categoria-prodotto\/portautensili-per-separazione-bt25120-26\/\" \/>\n<meta property=\"og:locale\" content=\"it_IT\" \/>\n<meta property=\"og:type\" content=\"article\" \/>\n<meta property=\"og:title\" content=\"portautensili per Separazione - pewetools limited\" \/>\n<meta property=\"og:description\" content=\"Ogni portautensile prodotto per noi \u00e8 testato sul corpo originale dell&#039;inventore J.F.Minder, quindi \u00e8 garantita un&#039;ispezione di qualit\u00e0 al 100% + compatibilit\u00e0.\" \/>\n<meta property=\"og:url\" content=\"https:\/\/pewetools.de\/it\/shop\/categoria-prodotto\/portautensili-per-separazione-bt25120-26\/\" \/>\n<meta property=\"og:site_name\" content=\"PeWeTools Schnellwechselhalter nach System Multifix\" \/>\n<meta property=\"article:modified_time\" content=\"2026-01-22T09:37:54+00:00\" \/>\n<meta property=\"og:image\" content=\"https:\/\/pewetools.de\/wp-content\/uploads\/2021\/04\/BT25120-26-neu.jpg\" \/>\n\t<meta property=\"og:image:width\" content=\"1747\" \/>\n\t<meta property=\"og:image:height\" content=\"2440\" \/>\n\t<meta property=\"og:image:type\" content=\"image\/jpeg\" \/>\n<meta name=\"twitter:card\" content=\"summary_large_image\" \/>\n<meta name=\"twitter:label1\" content=\"Tempo di lettura stimato\" \/>\n\t<meta name=\"twitter:data1\" content=\"1 minuto\" \/>\n<script type=\"application\/ld+json\" class=\"yoast-schema-graph\">{\"@context\":\"https:\/\/schema.org\",\"@graph\":[{\"@type\":\"WebPage\",\"@id\":\"https:\/\/pewetools.de\/it\/shop\/categoria-prodotto\/portautensili-per-separazione-bt25120-26\/\",\"url\":\"https:\/\/pewetools.de\/it\/shop\/categoria-prodotto\/portautensili-per-separazione-bt25120-26\/\",\"name\":\"portautensili per Separazione - pewetools limited\",\"isPartOf\":{\"@id\":\"https:\/\/pewetools.de\/#website\"},\"primaryImageOfPage\":{\"@id\":\"https:\/\/pewetools.de\/it\/shop\/categoria-prodotto\/portautensili-per-separazione-bt25120-26\/#primaryimage\"},\"image\":{\"@id\":\"https:\/\/pewetools.de\/it\/shop\/categoria-prodotto\/portautensili-per-separazione-bt25120-26\/#primaryimage\"},\"thumbnailUrl\":\"https:\/\/pewetools.de\/wp-content\/uploads\/2021\/04\/BT25120-26-neu.jpg\",\"datePublished\":\"2021-04-20T08:33:13+00:00\",\"dateModified\":\"2026-01-22T09:37:54+00:00\",\"description\":\"Ogni portautensile prodotto per noi \u00e8 testato sul corpo originale dell'inventore J.F.Minder, quindi \u00e8 garantita un'ispezione di qualit\u00e0 al 100% + compatibilit\u00e0.\",\"breadcrumb\":{\"@id\":\"https:\/\/pewetools.de\/it\/shop\/categoria-prodotto\/portautensili-per-separazione-bt25120-26\/#breadcrumb\"},\"inLanguage\":\"it-IT\",\"potentialAction\":[{\"@type\":\"ReadAction\",\"target\":[\"https:\/\/pewetools.de\/it\/shop\/categoria-prodotto\/portautensili-per-separazione-bt25120-26\/\"]}]},{\"@type\":\"ImageObject\",\"inLanguage\":\"it-IT\",\"@id\":\"https:\/\/pewetools.de\/it\/shop\/categoria-prodotto\/portautensili-per-separazione-bt25120-26\/#primaryimage\",\"url\":\"https:\/\/pewetools.de\/wp-content\/uploads\/2021\/04\/BT25120-26-neu.jpg\",\"contentUrl\":\"https:\/\/pewetools.de\/wp-content\/uploads\/2021\/04\/BT25120-26-neu.jpg\",\"width\":1747,\"height\":2440},{\"@type\":\"BreadcrumbList\",\"@id\":\"https:\/\/pewetools.de\/it\/shop\/categoria-prodotto\/portautensili-per-separazione-bt25120-26\/#breadcrumb\",\"itemListElement\":[{\"@type\":\"ListItem\",\"position\":1,\"name\":\"casa\",\"item\":\"https:\/\/pewetools.de\/it\/\"},{\"@type\":\"ListItem\",\"position\":2,\"name\":\"Shop\",\"item\":\"https:\/\/pewetools.de\/it\/shop\/\"},{\"@type\":\"ListItem\",\"position\":3,\"name\":\"portautensili per separazione BT25120-26\"}]},{\"@type\":\"WebSite\",\"@id\":\"https:\/\/pewetools.de\/#website\",\"url\":\"https:\/\/pewetools.de\/\",\"name\":\"PeWeTools Schnellwechselhalter nach System Multifix\",\"description\":\"\",\"potentialAction\":[{\"@type\":\"SearchAction\",\"target\":{\"@type\":\"EntryPoint\",\"urlTemplate\":\"https:\/\/pewetools.de\/?s={search_term_string}\"},\"query-input\":{\"@type\":\"PropertyValueSpecification\",\"valueRequired\":true,\"valueName\":\"search_term_string\"}}],\"inLanguage\":\"it-IT\"}]}<\/script>\n<!-- \/ Yoast SEO plugin. -->","yoast_head_json":{"title":"portautensili per Separazione - pewetools limited","description":"Ogni portautensile prodotto per noi \u00e8 testato sul corpo originale dell'inventore J.F.Minder, quindi \u00e8 garantita un'ispezione di qualit\u00e0 al 100% + compatibilit\u00e0.","robots":{"index":"index","follow":"follow","max-snippet":"max-snippet:-1","max-image-preview":"max-image-preview:large","max-video-preview":"max-video-preview:-1"},"canonical":"https:\/\/pewetools.de\/it\/shop\/categoria-prodotto\/portautensili-per-separazione-bt25120-26\/","og_locale":"it_IT","og_type":"article","og_title":"portautensili per Separazione - pewetools limited","og_description":"Ogni portautensile prodotto per noi \u00e8 testato sul corpo originale dell'inventore J.F.Minder, quindi \u00e8 garantita un'ispezione di qualit\u00e0 al 100% + compatibilit\u00e0.","og_url":"https:\/\/pewetools.de\/it\/shop\/categoria-prodotto\/portautensili-per-separazione-bt25120-26\/","og_site_name":"PeWeTools Schnellwechselhalter nach System Multifix","article_modified_time":"2026-01-22T09:37:54+00:00","og_image":[{"width":1747,"height":2440,"url":"https:\/\/pewetools.de\/wp-content\/uploads\/2021\/04\/BT25120-26-neu.jpg","type":"image\/jpeg"}],"twitter_card":"summary_large_image","twitter_misc":{"Tempo di lettura stimato":"1 minuto"},"schema":{"@context":"https:\/\/schema.org","@graph":[{"@type":"WebPage","@id":"https:\/\/pewetools.de\/it\/shop\/categoria-prodotto\/portautensili-per-separazione-bt25120-26\/","url":"https:\/\/pewetools.de\/it\/shop\/categoria-prodotto\/portautensili-per-separazione-bt25120-26\/","name":"portautensili per Separazione - pewetools limited","isPartOf":{"@id":"https:\/\/pewetools.de\/#website"},"primaryImageOfPage":{"@id":"https:\/\/pewetools.de\/it\/shop\/categoria-prodotto\/portautensili-per-separazione-bt25120-26\/#primaryimage"},"image":{"@id":"https:\/\/pewetools.de\/it\/shop\/categoria-prodotto\/portautensili-per-separazione-bt25120-26\/#primaryimage"},"thumbnailUrl":"https:\/\/pewetools.de\/wp-content\/uploads\/2021\/04\/BT25120-26-neu.jpg","datePublished":"2021-04-20T08:33:13+00:00","dateModified":"2026-01-22T09:37:54+00:00","description":"Ogni portautensile prodotto per noi \u00e8 testato sul corpo originale dell'inventore J.F.Minder, quindi \u00e8 garantita un'ispezione di qualit\u00e0 al 100% + compatibilit\u00e0.","breadcrumb":{"@id":"https:\/\/pewetools.de\/it\/shop\/categoria-prodotto\/portautensili-per-separazione-bt25120-26\/#breadcrumb"},"inLanguage":"it-IT","potentialAction":[{"@type":"ReadAction","target":["https:\/\/pewetools.de\/it\/shop\/categoria-prodotto\/portautensili-per-separazione-bt25120-26\/"]}]},{"@type":"ImageObject","inLanguage":"it-IT","@id":"https:\/\/pewetools.de\/it\/shop\/categoria-prodotto\/portautensili-per-separazione-bt25120-26\/#primaryimage","url":"https:\/\/pewetools.de\/wp-content\/uploads\/2021\/04\/BT25120-26-neu.jpg","contentUrl":"https:\/\/pewetools.de\/wp-content\/uploads\/2021\/04\/BT25120-26-neu.jpg","width":1747,"height":2440},{"@type":"BreadcrumbList","@id":"https:\/\/pewetools.de\/it\/shop\/categoria-prodotto\/portautensili-per-separazione-bt25120-26\/#breadcrumb","itemListElement":[{"@type":"ListItem","position":1,"name":"casa","item":"https:\/\/pewetools.de\/it\/"},{"@type":"ListItem","position":2,"name":"Shop","item":"https:\/\/pewetools.de\/it\/shop\/"},{"@type":"ListItem","position":3,"name":"portautensili per separazione BT25120-26"}]},{"@type":"WebSite","@id":"https:\/\/pewetools.de\/#website","url":"https:\/\/pewetools.de\/","name":"PeWeTools Schnellwechselhalter nach System Multifix","description":"","potentialAction":[{"@type":"SearchAction","target":{"@type":"EntryPoint","urlTemplate":"https:\/\/pewetools.de\/?s={search_term_string}"},"query-input":{"@type":"PropertyValueSpecification","valueRequired":true,"valueName":"search_term_string"}}],"inLanguage":"it-IT"}]}},"_links":{"self":[{"href":"https:\/\/pewetools.de\/it\/wp-json\/wp\/v2\/product\/9556","targetHints":{"allow":["GET"]}}],"collection":[{"href":"https:\/\/pewetools.de\/it\/wp-json\/wp\/v2\/product"}],"about":[{"href":"https:\/\/pewetools.de\/it\/wp-json\/wp\/v2\/types\/product"}],"version-history":[{"count":1,"href":"https:\/\/pewetools.de\/it\/wp-json\/wp\/v2\/product\/9556\/revisions"}],"predecessor-version":[{"id":17711,"href":"https:\/\/pewetools.de\/it\/wp-json\/wp\/v2\/product\/9556\/revisions\/17711"}],"wp:featuredmedia":[{"embeddable":true,"href":"https:\/\/pewetools.de\/it\/wp-json\/wp\/v2\/media\/9830"}],"wp:attachment":[{"href":"https:\/\/pewetools.de\/it\/wp-json\/wp\/v2\/media?parent=9556"}],"wp:term":[{"taxonomy":"product_brand","embeddable":true,"href":"https:\/\/pewetools.de\/it\/wp-json\/wp\/v2\/product_brand?post=9556"},{"taxonomy":"product_cat","embeddable":true,"href":"https:\/\/pewetools.de\/it\/wp-json\/wp\/v2\/product_cat?post=9556"},{"taxonomy":"product_tag","embeddable":true,"href":"https:\/\/pewetools.de\/it\/wp-json\/wp\/v2\/product_tag?post=9556"}],"curies":[{"name":"wp","href":"https:\/\/api.w.org\/{rel}","templated":true}]}}