{"id":7235,"date":"2019-09-11T09:07:48","date_gmt":"2019-09-11T09:07:48","guid":{"rendered":"https:\/\/pewetools.de\/pewetools-limited-schnellwechselhalter-nach-dem-system-multifix\/"},"modified":"2025-07-14T16:44:49","modified_gmt":"2025-07-14T14:44:49","slug":"pewetools-limited-schnellwechselhalter-nach-dem-system-multifix","status":"publish","type":"page","link":"https:\/\/pewetools.de\/pl\/","title":{"rendered":"PeWeTools                                                                    Uchwyt szybkiej wymiany zgodnie z            systemem Multifix"},"content":{"rendered":"\n<h2 class=\"wp-block-heading\"><\/h2>\n\n\n\n<p><\/p>\n\n\n\n<p><\/p>\n\n\n\n<div style=\"height:50px\" aria-hidden=\"true\" class=\"wp-block-spacer\"><\/div>\n\n\n\n<hr class=\"wp-block-separator has-css-opacity\"\/>\n\n\n\n<p class=\"has-text-align-center has-very-dark-gray-color has-text-color\" style=\"font-size:18px\">Od lat specjalizujemy si\u0119 w systemach pomiarowych do obrabiarek (tokarki, frezarki, wiertarki, dr\u0105\u017carki) oraz w systemach szybkozmienych uchwyt\u00f3w no\u017cy tokarskich (wedlug systemu Multifix). Obs\u0142ugujemy naszych klient\u00f3w na ca\u0142ym \u015bwiecie w prawie wszystkich sektorach przemys\u0142u. W gronie naszych klientow znajduja sie zarowno przedsiebiorstwa z USA, kt\u00f3re produkuj\u0105 dla NASA i Air Force, jak i klienci indywidualni na wyjatkowych stanowiskach, jak na przyklad Dyrektor University Technology Centre for Solid Mechanics Department of Engineering Science University of Oxford (Dyrektor Wydzia\u0142u Nauk In\u017cynieryjnych Uniwersytetu Oksfordzkiego) w Wielkiej Brytanii&nbsp; &#8230; ale tak\u017ce oczywi\u015bcie osoby prywatne &#8220;jak ty i ja&#8221;.<\/p>\n\n\n\n<div class=\"wp-block-columns is-layout-flex wp-container-core-columns-is-layout-28f84493 wp-block-columns-is-layout-flex\">\n<div class=\"wp-block-column is-layout-flow wp-block-column-is-layout-flow\" style=\"flex-basis:66.66%\">\n<figure class=\"wp-block-pullquote alignfull has-border-color has-text-color\" style=\"border-color:#008080;color:#008080\"><blockquote><p>Cechy konstrukcyjne i specjalne naszych system\u00f3w szybkiej wymiany, kt\u00f3re odr\u00f3\u017cniaj\u0105 nasze produkty od reszty rynku.<\/p><cite><a href=\"https:\/\/pewetools.de\/unser-schnellwechselsystem\/\"><strong>&gt; <\/strong><\/a> <a href=\"https:\/\/de.pons.com\/\u00fcbersetzung\/polnisch-deutsch\/tutaj\">t<\/a>utaj mo\u017cesz dowiedzie\u0107 si\u0119 wi\u0119cej  <a href=\"https:\/\/pewetools.de\/unser-schnellwechselsystem\/\"><strong> &lt;<\/strong><\/a><\/cite><\/blockquote><\/figure>\n<\/div>\n\n\n\n<div class=\"wp-block-column is-layout-flow wp-block-column-is-layout-flow\" style=\"flex-basis:33.33%\">\n<h3 class=\"wp-block-heading has-text-color\" style=\"color:#008080\"><strong>DETERMINE SUITABLE HOLDER SIZE<\/strong><\/h3>\n\n\n\n<div class=\"wp-block-buttons is-layout-flex wp-block-buttons-is-layout-flex\">\n<div class=\"wp-block-button\"><a class=\"wp-block-button__link has-cyan-bluish-gray-background-color has-background has-small-font-size has-custom-font-size wp-element-button\" href=\"https:\/\/pewetools.de\/wp-content\/uploads\/2025\/02\/Schnellwechselhaltergrundkoerper-EN-Jan2025.pdf\" style=\"border-radius:45px\" target=\"_blank\" rel=\"noreferrer noopener\">Determine the appropriate size <br>(PDF)<br><\/a><\/div>\n<\/div>\n\n\n\n<div class=\"wp-block-buttons is-layout-flex wp-block-buttons-is-layout-flex\">\n<div class=\"wp-block-button\"><a class=\"wp-block-button__link has-small-font-size has-custom-font-size wp-element-button\" href=\"https:\/\/youtu.be\/UO2s1RI14WM\" style=\"border-radius:45px\">Determine the appropriate size&nbsp;<br>(Video)<\/a><\/div>\n<\/div>\n<\/div>\n<\/div>\n\n\n\n<div class=\"wp-block-columns has-3-columns is-layout-flex wp-container-core-columns-is-layout-28f84493 wp-block-columns-is-layout-flex\">\n<div class=\"wp-block-column is-layout-flow wp-block-column-is-layout-flow\"><div class=\"wp-block-image\">\n<figure class=\"aligncenter is-resized\"><img loading=\"lazy\" decoding=\"async\" width=\"150\" height=\"150\" src=\"https:\/\/pewetools.de\/wp-content\/uploads\/2019\/07\/10-150x150.jpg\" alt=\"\" class=\"wp-image-6291\" style=\"width:150px;height:150px\" srcset=\"https:\/\/pewetools.de\/wp-content\/uploads\/2019\/07\/10-150x150.jpg 150w, https:\/\/pewetools.de\/wp-content\/uploads\/2019\/07\/10-100x100.jpg 100w, https:\/\/pewetools.de\/wp-content\/uploads\/2019\/07\/10.jpg 250w\" sizes=\"auto, (max-width: 150px) 100vw, 150px\" \/><\/figure><\/div>\n\n\n<h3 class=\"wp-block-heading has-text-align-center\"><strong>Rozmiary systemu<\/strong><\/h3>\n\n\n\n<p style=\"font-size:15px;text-align:center\"><p>Od Aaa, najmniejszego na swiecie systemu uchwytow szybkozmiennych, poprzez Aa, As, A, E, B, C az do D1\/D2 zapewniamy wszystkie mo\u017cliwe rozmiary<\/p><\/p>\n<\/div>\n\n\n\n<div class=\"wp-block-column is-layout-flow wp-block-column-is-layout-flow\"><div class=\"wp-block-image\">\n<figure class=\"aligncenter size-full is-resized\"><a href=\"https:\/\/pewetools.de\/wp-content\/uploads\/2025\/07\/DOT164-1.jpg\"><img loading=\"lazy\" decoding=\"async\" width=\"250\" height=\"250\" src=\"https:\/\/pewetools.de\/wp-content\/uploads\/2025\/07\/DOT164-1.jpg\" alt=\"\" class=\"wp-image-17089\" style=\"width:150px;height:150px\" srcset=\"https:\/\/pewetools.de\/wp-content\/uploads\/2025\/07\/DOT164-1.jpg 250w, https:\/\/pewetools.de\/wp-content\/uploads\/2025\/07\/DOT164-1-150x150.jpg 150w, https:\/\/pewetools.de\/wp-content\/uploads\/2025\/07\/DOT164-1-100x100.jpg 100w\" sizes=\"auto, (max-width: 250px) 100vw, 250px\" \/><\/a><\/figure><\/div>\n\n\n<h3 class=\"wp-block-heading has-text-align-center\"> <strong>Warianty <\/strong><\/h3>\n\n\n\n<p class=\"has-text-align-center\">To dwa razy wi\u0119cej ni\u017c wszystkich innych dostawc\u00f3w na \u015bwiecie razem wzi\u0119tych.<\/p>\n\n\n\n<p style=\"font-size:15px;text-align:center\"><p>Od przecinaka, no\u017ca takorskiego, wytaczaka do dr\u0105\u017cka i wielu innych, oferujemy odpowiednie imaki szybkozmienne do prawie ka\u017cdego zastosowania.<\/p><\/p>\n<\/div>\n\n\n\n<div class=\"wp-block-column is-layout-flow wp-block-column-is-layout-flow\"><div class=\"wp-block-image\">\n<figure class=\"aligncenter is-resized\"><img loading=\"lazy\" decoding=\"async\" width=\"150\" height=\"150\" src=\"https:\/\/pewetools.de\/wp-content\/uploads\/2020\/04\/haertegarantie_42-46-150x150.jpg\" alt=\"\" class=\"wp-image-8098\" style=\"width:150px;height:150px\" srcset=\"https:\/\/pewetools.de\/wp-content\/uploads\/2020\/04\/haertegarantie_42-46-150x150.jpg 150w, https:\/\/pewetools.de\/wp-content\/uploads\/2020\/04\/haertegarantie_42-46-100x100.jpg 100w, https:\/\/pewetools.de\/wp-content\/uploads\/2020\/04\/haertegarantie_42-46.jpg 250w\" sizes=\"auto, (max-width: 150px) 100vw, 150px\" \/><\/figure><\/div>\n\n\n<h3 class=\"wp-block-heading has-text-align-center\"><strong>Gwarancja twardo\u015bci<\/strong><\/h3>\n\n\n\n<p style=\"font-size:15px;text-align:center\"><p>Do ka\u017cdego u nas zakupionego korpusu i uchwytu otrzymasz indywidualny przez nas wykonany protok\u00f3\u0142 testu twardo\u015bci.<\/p><\/p>\n<\/div>\n<\/div>\n\n\n\n<hr class=\"wp-block-separator has-css-opacity\"\/>\n\n\n\n<p><\/p>\n","protected":false},"excerpt":{"rendered":"<p>Od lat specjalizujemy si\u0119 w systemach pomiarowych do obrabiarek (tokarki, frezarki, wiertarki, dr\u0105\u017carki) oraz w systemach szybkozmienych uchwyt\u00f3w no\u017cy tokarskich (wedlug systemu Multifix). Obs\u0142ugujemy naszych klient\u00f3w na ca\u0142ym \u015bwiecie w prawie wszystkich sektorach przemys\u0142u. W gronie naszych klientow znajduja sie zarowno przedsiebiorstwa z USA, kt\u00f3re produkuj\u0105 dla NASA i Air Force, jak i klienci indywidualni [&hellip;]<\/p>\n","protected":false},"author":1,"featured_media":0,"parent":0,"menu_order":0,"comment_status":"closed","ping_status":"closed","template":"template-homepage.php","meta":{"footnotes":""},"class_list":["post-7235","page","type-page","status-publish","hentry"],"yoast_head":"<!-- This site is optimized with the Yoast SEO plugin v27.4 - https:\/\/yoast.com\/product\/yoast-seo-wordpress\/ -->\n<title>Schnellwechselhalter nach Multifix System<\/title>\n<meta name=\"description\" content=\"Wir haben uns hochgradig auf Messsysteme f\u00fcr Dreh-, Fr\u00e4s- Bohrmaschinen sowie auf Schnellwechselhaltersysteme (nach System Multifix) spezialisiert.\" \/>\n<meta name=\"robots\" content=\"index, follow, max-snippet:-1, max-image-preview:large, max-video-preview:-1\" \/>\n<link rel=\"canonical\" href=\"https:\/\/pewetools.de\/pl\/\" \/>\n<meta property=\"og:locale\" content=\"pl_PL\" \/>\n<meta property=\"og:type\" content=\"article\" \/>\n<meta property=\"og:title\" content=\"Schnellwechselhalter nach Multifix System\" \/>\n<meta property=\"og:description\" content=\"Wir haben uns hochgradig auf Messsysteme f\u00fcr Dreh-, Fr\u00e4s- Bohrmaschinen sowie auf Schnellwechselhaltersysteme (nach System Multifix) spezialisiert.\" \/>\n<meta property=\"og:url\" content=\"https:\/\/pewetools.de\/pl\/\" \/>\n<meta property=\"og:site_name\" content=\"PeWeTools Schnellwechselhalter nach System Multifix\" \/>\n<meta property=\"article:modified_time\" content=\"2025-07-14T14:44:49+00:00\" \/>\n<meta property=\"og:image\" content=\"https:\/\/pewetools.de\/wp-content\/uploads\/2019\/07\/10.jpg\" \/>\n\t<meta property=\"og:image:width\" content=\"250\" \/>\n\t<meta property=\"og:image:height\" content=\"250\" \/>\n\t<meta property=\"og:image:type\" content=\"image\/jpeg\" \/>\n<meta name=\"twitter:card\" content=\"summary_large_image\" \/>\n<meta name=\"twitter:label1\" content=\"Szacowany czas czytania\" \/>\n\t<meta name=\"twitter:data1\" content=\"2 minuty\" \/>\n<script type=\"application\/ld+json\" class=\"yoast-schema-graph\">{\"@context\":\"https:\\\/\\\/schema.org\",\"@graph\":[{\"@type\":\"WebPage\",\"@id\":\"https:\\\/\\\/pewetools.de\\\/pl\\\/\",\"url\":\"https:\\\/\\\/pewetools.de\\\/pl\\\/\",\"name\":\"Schnellwechselhalter nach Multifix System\",\"isPartOf\":{\"@id\":\"https:\\\/\\\/pewetools.de\\\/#website\"},\"primaryImageOfPage\":{\"@id\":\"https:\\\/\\\/pewetools.de\\\/pl\\\/#primaryimage\"},\"image\":{\"@id\":\"https:\\\/\\\/pewetools.de\\\/pl\\\/#primaryimage\"},\"thumbnailUrl\":\"https:\\\/\\\/pewetools.de\\\/wp-content\\\/uploads\\\/2019\\\/07\\\/10-150x150.jpg\",\"datePublished\":\"2019-09-11T09:07:48+00:00\",\"dateModified\":\"2025-07-14T14:44:49+00:00\",\"description\":\"Wir haben uns hochgradig auf Messsysteme f\u00fcr Dreh-, Fr\u00e4s- Bohrmaschinen sowie auf Schnellwechselhaltersysteme (nach System Multifix) spezialisiert.\",\"breadcrumb\":{\"@id\":\"https:\\\/\\\/pewetools.de\\\/pl\\\/#breadcrumb\"},\"inLanguage\":\"pl-PL\",\"potentialAction\":[{\"@type\":\"ReadAction\",\"target\":[\"https:\\\/\\\/pewetools.de\\\/pl\\\/\"]}]},{\"@type\":\"ImageObject\",\"inLanguage\":\"pl-PL\",\"@id\":\"https:\\\/\\\/pewetools.de\\\/pl\\\/#primaryimage\",\"url\":\"https:\\\/\\\/pewetools.de\\\/wp-content\\\/uploads\\\/2019\\\/07\\\/10-150x150.jpg\",\"contentUrl\":\"https:\\\/\\\/pewetools.de\\\/wp-content\\\/uploads\\\/2019\\\/07\\\/10-150x150.jpg\"},{\"@type\":\"BreadcrumbList\",\"@id\":\"https:\\\/\\\/pewetools.de\\\/pl\\\/#breadcrumb\",\"itemListElement\":[{\"@type\":\"ListItem\",\"position\":1,\"name\":\"dom\",\"item\":\"https:\\\/\\\/pewetools.de\\\/pl\\\/\"},{\"@type\":\"ListItem\",\"position\":2,\"name\":\"PeWeTools Uchwyt szybkiej wymiany zgodnie z systemem Multifix\"}]},{\"@type\":\"WebSite\",\"@id\":\"https:\\\/\\\/pewetools.de\\\/#website\",\"url\":\"https:\\\/\\\/pewetools.de\\\/\",\"name\":\"PeWeTools Schnellwechselhalter nach System Multifix\",\"description\":\"\",\"potentialAction\":[{\"@type\":\"SearchAction\",\"target\":{\"@type\":\"EntryPoint\",\"urlTemplate\":\"https:\\\/\\\/pewetools.de\\\/?s={search_term_string}\"},\"query-input\":{\"@type\":\"PropertyValueSpecification\",\"valueRequired\":true,\"valueName\":\"search_term_string\"}}],\"inLanguage\":\"pl-PL\"}]}<\/script>\n<!-- \/ Yoast SEO plugin. -->","yoast_head_json":{"title":"Schnellwechselhalter nach Multifix System","description":"Wir haben uns hochgradig auf Messsysteme f\u00fcr Dreh-, Fr\u00e4s- Bohrmaschinen sowie auf Schnellwechselhaltersysteme (nach System Multifix) spezialisiert.","robots":{"index":"index","follow":"follow","max-snippet":"max-snippet:-1","max-image-preview":"max-image-preview:large","max-video-preview":"max-video-preview:-1"},"canonical":"https:\/\/pewetools.de\/pl\/","og_locale":"pl_PL","og_type":"article","og_title":"Schnellwechselhalter nach Multifix System","og_description":"Wir haben uns hochgradig auf Messsysteme f\u00fcr Dreh-, Fr\u00e4s- Bohrmaschinen sowie auf Schnellwechselhaltersysteme (nach System Multifix) spezialisiert.","og_url":"https:\/\/pewetools.de\/pl\/","og_site_name":"PeWeTools Schnellwechselhalter nach System Multifix","article_modified_time":"2025-07-14T14:44:49+00:00","og_image":[{"width":250,"height":250,"url":"https:\/\/pewetools.de\/wp-content\/uploads\/2019\/07\/10.jpg","type":"image\/jpeg"}],"twitter_card":"summary_large_image","twitter_misc":{"Szacowany czas czytania":"2 minuty"},"schema":{"@context":"https:\/\/schema.org","@graph":[{"@type":"WebPage","@id":"https:\/\/pewetools.de\/pl\/","url":"https:\/\/pewetools.de\/pl\/","name":"Schnellwechselhalter nach Multifix System","isPartOf":{"@id":"https:\/\/pewetools.de\/#website"},"primaryImageOfPage":{"@id":"https:\/\/pewetools.de\/pl\/#primaryimage"},"image":{"@id":"https:\/\/pewetools.de\/pl\/#primaryimage"},"thumbnailUrl":"https:\/\/pewetools.de\/wp-content\/uploads\/2019\/07\/10-150x150.jpg","datePublished":"2019-09-11T09:07:48+00:00","dateModified":"2025-07-14T14:44:49+00:00","description":"Wir haben uns hochgradig auf Messsysteme f\u00fcr Dreh-, Fr\u00e4s- Bohrmaschinen sowie auf Schnellwechselhaltersysteme (nach System Multifix) spezialisiert.","breadcrumb":{"@id":"https:\/\/pewetools.de\/pl\/#breadcrumb"},"inLanguage":"pl-PL","potentialAction":[{"@type":"ReadAction","target":["https:\/\/pewetools.de\/pl\/"]}]},{"@type":"ImageObject","inLanguage":"pl-PL","@id":"https:\/\/pewetools.de\/pl\/#primaryimage","url":"https:\/\/pewetools.de\/wp-content\/uploads\/2019\/07\/10-150x150.jpg","contentUrl":"https:\/\/pewetools.de\/wp-content\/uploads\/2019\/07\/10-150x150.jpg"},{"@type":"BreadcrumbList","@id":"https:\/\/pewetools.de\/pl\/#breadcrumb","itemListElement":[{"@type":"ListItem","position":1,"name":"dom","item":"https:\/\/pewetools.de\/pl\/"},{"@type":"ListItem","position":2,"name":"PeWeTools Uchwyt szybkiej wymiany zgodnie z systemem Multifix"}]},{"@type":"WebSite","@id":"https:\/\/pewetools.de\/#website","url":"https:\/\/pewetools.de\/","name":"PeWeTools Schnellwechselhalter nach System Multifix","description":"","potentialAction":[{"@type":"SearchAction","target":{"@type":"EntryPoint","urlTemplate":"https:\/\/pewetools.de\/?s={search_term_string}"},"query-input":{"@type":"PropertyValueSpecification","valueRequired":true,"valueName":"search_term_string"}}],"inLanguage":"pl-PL"}]}},"_links":{"self":[{"href":"https:\/\/pewetools.de\/pl\/wp-json\/wp\/v2\/pages\/7235","targetHints":{"allow":["GET"]}}],"collection":[{"href":"https:\/\/pewetools.de\/pl\/wp-json\/wp\/v2\/pages"}],"about":[{"href":"https:\/\/pewetools.de\/pl\/wp-json\/wp\/v2\/types\/page"}],"author":[{"embeddable":true,"href":"https:\/\/pewetools.de\/pl\/wp-json\/wp\/v2\/users\/1"}],"replies":[{"embeddable":true,"href":"https:\/\/pewetools.de\/pl\/wp-json\/wp\/v2\/comments?post=7235"}],"version-history":[{"count":29,"href":"https:\/\/pewetools.de\/pl\/wp-json\/wp\/v2\/pages\/7235\/revisions"}],"predecessor-version":[{"id":17095,"href":"https:\/\/pewetools.de\/pl\/wp-json\/wp\/v2\/pages\/7235\/revisions\/17095"}],"wp:attachment":[{"href":"https:\/\/pewetools.de\/pl\/wp-json\/wp\/v2\/media?parent=7235"}],"curies":[{"name":"wp","href":"https:\/\/api.w.org\/{rel}","templated":true}]}}